{"id":12369,"date":"2022-02-25T16:01:30","date_gmt":"2022-02-25T15:01:30","guid":{"rendered":"https:\/\/www.nashira-hm.it\/prodotto\/insercao-mdmt0100-k30\/"},"modified":"2022-02-25T16:18:34","modified_gmt":"2022-02-25T15:18:34","slug":"insercao-mdmt0100-k30","status":"publish","type":"product","link":"https:\/\/www.nashira-hm.it\/pt-br\/produtos\/insercao-mdmt0100-k30\/","title":{"rendered":"INSER\u00c7\u00c3O MDMT0100 K30"},"content":{"rendered":"","protected":false},"excerpt":{"rendered":"<p>INSER\u00c7\u00c3O MDMT0100 K30<\/p>\n","protected":false},"featured_media":12077,"template":"","meta":[],"product_cat":[1512],"product_tag":[],"yoast_head":"<!-- This site is optimized with the Yoast SEO Premium plugin v23.8 (Yoast SEO v24.5) - https:\/\/yoast.com\/wordpress\/plugins\/seo\/ -->\n<title>INSER\u00c7\u00c3O MDMT0100 K30 - Nashira Hardmetals srl - Produttore Metallo Duro.<\/title>\n<meta name=\"robots\" content=\"index, follow, max-snippet:-1, max-image-preview:large, max-video-preview:-1\" \/>\n<link rel=\"canonical\" href=\"https:\/\/www.nashira-hm.it\/pt-br\/produtos\/insercao-mdmt0100-k30\/\" \/>\n<meta property=\"og:locale\" content=\"pt_BR\" \/>\n<meta property=\"og:type\" content=\"article\" \/>\n<meta property=\"og:title\" content=\"INSER\u00c7\u00c3O MDMT0100 K30\" \/>\n<meta property=\"og:description\" content=\"INSER\u00c7\u00c3O MDMT0100 K30\" \/>\n<meta property=\"og:url\" content=\"https:\/\/www.nashira-hm.it\/pt-br\/produtos\/insercao-mdmt0100-k30\/\" \/>\n<meta property=\"og:site_name\" content=\"Nashira Hardmetals srl - Produttore Metallo Duro.\" \/>\n<meta property=\"article:publisher\" content=\"https:\/\/www.facebook.com\/NashiraHardmetals\/\" \/>\n<meta property=\"article:modified_time\" content=\"2022-02-25T15:18:34+00:00\" \/>\n<meta property=\"og:image\" content=\"https:\/\/www.nashira-hm.it\/wp-content\/uploads\/2022\/02\/dentello.jpg\" \/>\n\t<meta property=\"og:image:width\" content=\"1000\" \/>\n\t<meta property=\"og:image:height\" content=\"831\" \/>\n\t<meta property=\"og:image:type\" content=\"image\/jpeg\" \/>\n<meta name=\"twitter:card\" content=\"summary_large_image\" \/>\n<script type=\"application\/ld+json\" class=\"yoast-schema-graph\">{\"@context\":\"https:\/\/schema.org\",\"@graph\":[{\"@type\":\"WebPage\",\"@id\":\"https:\/\/www.nashira-hm.it\/pt-br\/produtos\/insercao-mdmt0100-k30\/\",\"url\":\"https:\/\/www.nashira-hm.it\/pt-br\/produtos\/insercao-mdmt0100-k30\/\",\"name\":\"INSER\u00c7\u00c3O MDMT0100 K30 - Nashira Hardmetals srl - Produttore Metallo Duro.\",\"isPartOf\":{\"@id\":\"https:\/\/www.nashira-hm.it\/#website\"},\"primaryImageOfPage\":{\"@id\":\"https:\/\/www.nashira-hm.it\/pt-br\/produtos\/insercao-mdmt0100-k30\/#primaryimage\"},\"image\":{\"@id\":\"https:\/\/www.nashira-hm.it\/pt-br\/produtos\/insercao-mdmt0100-k30\/#primaryimage\"},\"thumbnailUrl\":\"https:\/\/www.nashira-hm.it\/wp-content\/uploads\/2022\/02\/dentello.jpg\",\"datePublished\":\"2022-02-25T15:01:30+00:00\",\"dateModified\":\"2022-02-25T15:18:34+00:00\",\"breadcrumb\":{\"@id\":\"https:\/\/www.nashira-hm.it\/pt-br\/produtos\/insercao-mdmt0100-k30\/#breadcrumb\"},\"inLanguage\":\"pt-BR\",\"potentialAction\":[{\"@type\":\"ReadAction\",\"target\":[\"https:\/\/www.nashira-hm.it\/pt-br\/produtos\/insercao-mdmt0100-k30\/\"]}]},{\"@type\":\"ImageObject\",\"inLanguage\":\"pt-BR\",\"@id\":\"https:\/\/www.nashira-hm.it\/pt-br\/produtos\/insercao-mdmt0100-k30\/#primaryimage\",\"url\":\"https:\/\/www.nashira-hm.it\/wp-content\/uploads\/2022\/02\/dentello.jpg\",\"contentUrl\":\"https:\/\/www.nashira-hm.it\/wp-content\/uploads\/2022\/02\/dentello.jpg\",\"width\":1000,\"height\":831},{\"@type\":\"BreadcrumbList\",\"@id\":\"https:\/\/www.nashira-hm.it\/pt-br\/produtos\/insercao-mdmt0100-k30\/#breadcrumb\",\"itemListElement\":[{\"@type\":\"ListItem\",\"position\":1,\"name\":\"Home\",\"item\":\"https:\/\/www.nashira-hm.it\/pt-br\/\"},{\"@type\":\"ListItem\",\"position\":2,\"name\":\"INSER\u00c7\u00c3O MDMT0100 K30\"}]},{\"@type\":\"WebSite\",\"@id\":\"https:\/\/www.nashira-hm.it\/#website\",\"url\":\"https:\/\/www.nashira-hm.it\/\",\"name\":\"Nashira Hardmetals srl - Produttore Metallo Duro\",\"description\":\"L&#039;arte del metallo duro\",\"publisher\":{\"@id\":\"https:\/\/www.nashira-hm.it\/#organization\"},\"potentialAction\":[{\"@type\":\"SearchAction\",\"target\":{\"@type\":\"EntryPoint\",\"urlTemplate\":\"https:\/\/www.nashira-hm.it\/?s={search_term_string}\"},\"query-input\":{\"@type\":\"PropertyValueSpecification\",\"valueRequired\":true,\"valueName\":\"search_term_string\"}}],\"inLanguage\":\"pt-BR\"},{\"@type\":\"Organization\",\"@id\":\"https:\/\/www.nashira-hm.it\/#organization\",\"name\":\"Nashira Hardmetals\",\"url\":\"https:\/\/www.nashira-hm.it\/\",\"logo\":{\"@type\":\"ImageObject\",\"inLanguage\":\"pt-BR\",\"@id\":\"https:\/\/www.nashira-hm.it\/#\/schema\/logo\/image\/\",\"url\":\"https:\/\/www.nashira-hm.it\/wp-content\/uploads\/2018\/01\/logo-nashira-positivo.png\",\"contentUrl\":\"https:\/\/www.nashira-hm.it\/wp-content\/uploads\/2018\/01\/logo-nashira-positivo.png\",\"width\":204,\"height\":70,\"caption\":\"Nashira Hardmetals\"},\"image\":{\"@id\":\"https:\/\/www.nashira-hm.it\/#\/schema\/logo\/image\/\"},\"sameAs\":[\"https:\/\/www.facebook.com\/NashiraHardmetals\/\",\"https:\/\/www.linkedin.com\/company\/nashira-hardmetals\/\"]}]}<\/script>\n<!-- \/ Yoast SEO Premium plugin. -->","yoast_head_json":{"title":"INSER\u00c7\u00c3O MDMT0100 K30 - Nashira Hardmetals srl - Produttore Metallo Duro.","robots":{"index":"index","follow":"follow","max-snippet":"max-snippet:-1","max-image-preview":"max-image-preview:large","max-video-preview":"max-video-preview:-1"},"canonical":"https:\/\/www.nashira-hm.it\/pt-br\/produtos\/insercao-mdmt0100-k30\/","og_locale":"pt_BR","og_type":"article","og_title":"INSER\u00c7\u00c3O MDMT0100 K30","og_description":"INSER\u00c7\u00c3O MDMT0100 K30","og_url":"https:\/\/www.nashira-hm.it\/pt-br\/produtos\/insercao-mdmt0100-k30\/","og_site_name":"Nashira Hardmetals srl - Produttore Metallo Duro.","article_publisher":"https:\/\/www.facebook.com\/NashiraHardmetals\/","article_modified_time":"2022-02-25T15:18:34+00:00","og_image":[{"width":1000,"height":831,"url":"https:\/\/www.nashira-hm.it\/wp-content\/uploads\/2022\/02\/dentello.jpg","type":"image\/jpeg"}],"twitter_card":"summary_large_image","schema":{"@context":"https:\/\/schema.org","@graph":[{"@type":"WebPage","@id":"https:\/\/www.nashira-hm.it\/pt-br\/produtos\/insercao-mdmt0100-k30\/","url":"https:\/\/www.nashira-hm.it\/pt-br\/produtos\/insercao-mdmt0100-k30\/","name":"INSER\u00c7\u00c3O MDMT0100 K30 - Nashira Hardmetals srl - Produttore Metallo Duro.","isPartOf":{"@id":"https:\/\/www.nashira-hm.it\/#website"},"primaryImageOfPage":{"@id":"https:\/\/www.nashira-hm.it\/pt-br\/produtos\/insercao-mdmt0100-k30\/#primaryimage"},"image":{"@id":"https:\/\/www.nashira-hm.it\/pt-br\/produtos\/insercao-mdmt0100-k30\/#primaryimage"},"thumbnailUrl":"https:\/\/www.nashira-hm.it\/wp-content\/uploads\/2022\/02\/dentello.jpg","datePublished":"2022-02-25T15:01:30+00:00","dateModified":"2022-02-25T15:18:34+00:00","breadcrumb":{"@id":"https:\/\/www.nashira-hm.it\/pt-br\/produtos\/insercao-mdmt0100-k30\/#breadcrumb"},"inLanguage":"pt-BR","potentialAction":[{"@type":"ReadAction","target":["https:\/\/www.nashira-hm.it\/pt-br\/produtos\/insercao-mdmt0100-k30\/"]}]},{"@type":"ImageObject","inLanguage":"pt-BR","@id":"https:\/\/www.nashira-hm.it\/pt-br\/produtos\/insercao-mdmt0100-k30\/#primaryimage","url":"https:\/\/www.nashira-hm.it\/wp-content\/uploads\/2022\/02\/dentello.jpg","contentUrl":"https:\/\/www.nashira-hm.it\/wp-content\/uploads\/2022\/02\/dentello.jpg","width":1000,"height":831},{"@type":"BreadcrumbList","@id":"https:\/\/www.nashira-hm.it\/pt-br\/produtos\/insercao-mdmt0100-k30\/#breadcrumb","itemListElement":[{"@type":"ListItem","position":1,"name":"Home","item":"https:\/\/www.nashira-hm.it\/pt-br\/"},{"@type":"ListItem","position":2,"name":"INSER\u00c7\u00c3O MDMT0100 K30"}]},{"@type":"WebSite","@id":"https:\/\/www.nashira-hm.it\/#website","url":"https:\/\/www.nashira-hm.it\/","name":"Nashira Hardmetals srl - Produttore Metallo Duro","description":"L&#039;arte del metallo duro","publisher":{"@id":"https:\/\/www.nashira-hm.it\/#organization"},"potentialAction":[{"@type":"SearchAction","target":{"@type":"EntryPoint","urlTemplate":"https:\/\/www.nashira-hm.it\/?s={search_term_string}"},"query-input":{"@type":"PropertyValueSpecification","valueRequired":true,"valueName":"search_term_string"}}],"inLanguage":"pt-BR"},{"@type":"Organization","@id":"https:\/\/www.nashira-hm.it\/#organization","name":"Nashira Hardmetals","url":"https:\/\/www.nashira-hm.it\/","logo":{"@type":"ImageObject","inLanguage":"pt-BR","@id":"https:\/\/www.nashira-hm.it\/#\/schema\/logo\/image\/","url":"https:\/\/www.nashira-hm.it\/wp-content\/uploads\/2018\/01\/logo-nashira-positivo.png","contentUrl":"https:\/\/www.nashira-hm.it\/wp-content\/uploads\/2018\/01\/logo-nashira-positivo.png","width":204,"height":70,"caption":"Nashira Hardmetals"},"image":{"@id":"https:\/\/www.nashira-hm.it\/#\/schema\/logo\/image\/"},"sameAs":["https:\/\/www.facebook.com\/NashiraHardmetals\/","https:\/\/www.linkedin.com\/company\/nashira-hardmetals\/"]}]}},"_links":{"self":[{"href":"https:\/\/www.nashira-hm.it\/pt-br\/wp-json\/wp\/v2\/product\/12369"}],"collection":[{"href":"https:\/\/www.nashira-hm.it\/pt-br\/wp-json\/wp\/v2\/product"}],"about":[{"href":"https:\/\/www.nashira-hm.it\/pt-br\/wp-json\/wp\/v2\/types\/product"}],"wp:featuredmedia":[{"embeddable":true,"href":"https:\/\/www.nashira-hm.it\/pt-br\/wp-json\/wp\/v2\/media\/12077"}],"wp:attachment":[{"href":"https:\/\/www.nashira-hm.it\/pt-br\/wp-json\/wp\/v2\/media?parent=12369"}],"wp:term":[{"taxonomy":"product_cat","embeddable":true,"href":"https:\/\/www.nashira-hm.it\/pt-br\/wp-json\/wp\/v2\/product_cat?post=12369"},{"taxonomy":"product_tag","embeddable":true,"href":"https:\/\/www.nashira-hm.it\/pt-br\/wp-json\/wp\/v2\/product_tag?post=12369"}],"curies":[{"name":"wp","href":"https:\/\/api.w.org\/{rel}","templated":true}]}}