{"id":5877,"date":"2018-01-09T16:48:28","date_gmt":"2018-01-09T15:48:28","guid":{"rendered":"https:\/\/www.nashira-hm.it\/?page_id=5877"},"modified":"2020-06-13T19:07:36","modified_gmt":"2020-06-13T17:07:36","slug":"le-caratteristiche-del-metallo-duro","status":"publish","type":"page","link":"https:\/\/www.nashira-hm.it\/pt-br\/le-caratteristiche-del-metallo-duro\/","title":{"rendered":"Le caratteristiche del metallo duro"},"content":{"rendered":"<div class=\"wpb-content-wrapper\"><p>[vc_row][vc_column][vc_column_text]<\/p>\n<h1>[\/vc_column_text][\/vc_column][\/vc_row][vc_row el_id=&#8221;caratteristiche&#8221;][\/vc_row][vc_column][\/vc_column]            <div class=\"skill-text\">\n                <h2>Caracter\u00edsticas do Metal<\/h2>\n                <p><\/p>\n            <\/div>\n    [vc_empty_space][vc_column_text css_animation=&#8221;fadeIn&#8221;]<\/h1>\n<h2>Caracter\u00edsticas do Metal<\/h2>\n<p>O metal duro ou widia tem caracter\u00edsticas t\u00e9cnicas verdadeiramente \u00fanicas.\u00a0Gra\u00e7as a elas, tem a\u00a0<strong>capacidade de resistir a a\u00e7\u00f5es provocadas por for\u00e7as externas<\/strong>\u00a0que tendem a deforma-lo.\u00a0Essas\u00a0<em>caracter\u00edsticas mec\u00e2nicas o<\/em>\u00a0tornam ideal para muitas aplica\u00e7\u00f5es.\u00a0Aqui vamos aprofundar esse assunto de um ponto de vista puramente t\u00e9cnico.<\/p>\n<h2>Metal duro, as caracter\u00edsticas t\u00e9cnicas:<\/h2>\n<h3><strong>Dureza<\/strong><\/h3>\n<p>A &#8220;dureza&#8221; da Widia certamente deve ser indicada como a sua caracter\u00edstica principal.\u00a0Os\u00a0metais e suas caracter\u00edsticas n\u00e3o podem ser separados de considerar essa\u00a0propriedade f\u00edsica uma das mais importantes para aplica\u00e7\u00f5es pr\u00e1ticas.<\/p>\n<p>Embora, como veremos, n\u00e3o seja a \u00fanica raz\u00e3o do seu sucesso, a sua\u00a0<strong>resist\u00eancia \u00e0 abras\u00e3o<\/strong>\u00a0\u00e9 extraordin\u00e1ria.\u00a0A dureza \u00e9 calculada usando uma amostra de entalhe de broca perfurada com um diamante de penetra\u00e7\u00e3o pela norma ASTM B-294.<\/p>\n<p>Os valores de dureza de\u00a0<a href=\"https:\/\/www.nashira-hm.it\/widia\">Widia<\/a>\u00a0s\u00e3o expressos em termos de Rockwell &#8220;A&#8221; ou valores de Vickers.\u00a0Na natureza, o \u00fanico material mais duro do que esse tipo de metal \u00e9 o diamante: somente o diamante \u00e9 capaz de riscar o carbonato de carboneto.\u00a0Prata e ouro, em compara\u00e7\u00e3o, s\u00e3o metais muito mais suaves. Essas s\u00e3o as caracter\u00edsticas do metal duro.<\/p>\n<h3><strong>Densidade<\/strong><\/h3>\n<p>Outra caracter\u00edstica t\u00e9cnica que o distingue \u00e9 a sua densidade.\u00a0Esta propriedade \u00e9 calculada utilizando as normas\u00a0<strong><a href=\"https:\/\/www.astm.org\/\">ASTM B311<\/a><\/strong>\u00a0.\u00a0A densidade do carboneto cimentado varia de acordo com sua composi\u00e7\u00e3o, uma vez que se trata de uma liga composta e, portanto, os seus gradientes constituintes t\u00eam densidades vari\u00e1veis \u00fanicas.<\/p>\n<p>A combina\u00e7\u00e3o desses materiais em diferentes propor\u00e7\u00f5es permite criar uma varia\u00e7\u00e3o na densidade do metal do material resultante.\u00a0Uma densidade de\u00a0<strong>14,5 g\/cc<\/strong>\u00a0\u00e9 t\u00edpica para uma mistura de 10% de cobalto.\u00a0Esse valor tem o dobro da densidade do ferro 1040: um elemento a ser lembrado, especialmente quando o peso \u00e9 um fator importante em uma aplica\u00e7\u00e3o pr\u00e1tica.<\/p>\n<h3><strong>Resist\u00eancia \u00e0 ruptura transversa<\/strong><\/h3>\n<p><img loading=\"lazy\" decoding=\"async\" class=\"alignright wp-image-5752\" title=\"Transverse rupture strength (TRS)\" src=\"https:\/\/www.nashira-hm.it\/wp-content\/uploads\/2017\/08\/resistenza_rottura.jpg\" alt=\"TRS\" width=\"155\" height=\"129\" \/><\/p>\n<p>A\u00a0<strong>resist\u00eancia mec\u00e2nica do carboneto cimentado<\/strong>\u00a0\u00e9 geralmente determinada pelo\u00a0<strong>m\u00e9todo de resist\u00eancia \u00e0 ruptura\u00a0<\/strong><\/p>\n<p><strong>transversal,<\/strong>\u00a0e n\u00e3o por um teste de tra\u00e7\u00e3o, como \u00e9 comumente feito para o a\u00e7o.<\/p>\n<p>Esse m\u00e9todo \u00e9 usado porque os materiais quebradi\u00e7os s\u00e3o muito sens\u00edveis ao desalinhamento dos testes de tra\u00e7\u00e3o e defeitos na superf\u00edcie, o que pode causar uma concentra\u00e7\u00e3o de tens\u00e3o e levar a resultados incorretos do teste.<\/p>\n<p>A resist\u00eancia \u00e0 ruptura transversal \u00e9 determinada colocando uma amostra padr\u00e3o (para ASTM B-406, ISO 3327) entre dois suportes e carregando-a at\u00e9 o ponto de ruptura.\u00a0O valor obtido \u00e9 chamado de resist\u00eancia de ruptura transversal ou resist\u00eancia de coes\u00e3o e \u00e9 medido em rela\u00e7\u00e3o ao peso que causou a ruptura.<\/p>\n<p>Este teste detecta a carga na \u00e1rea \u00fanica da unidade e \u00e9 expresso em psi ou N\/mm2, determinando uma das caracter\u00edsticas t\u00e9cnicas mais importantes do metal duro.\u00a0Como o carboneto cimentado possui uma gama de valores de fratura diferenciados pela exist\u00eancia de micro espa\u00e7os vazios, caracter\u00edstica de todos os materiais quebradi\u00e7os, esse teste \u00e9 realizado atrav\u00e9s da realiza\u00e7\u00e3o de v\u00e1rios testes: o valor de refer\u00eancia resultante \u00e9 avaliado com base na m\u00e9dia de todos os testes observado.<\/p>\n<p>Os valores da resist\u00eancia \u00e0 ruptura transversal que aparecem nos gr\u00e1ficos de propriedades fornecidos pelos fabricantes refletem a resist\u00eancia mec\u00e2nica operada apenas para uma \u00e1rea espec\u00edfica.<\/p>\n<p>Erroneamente, muitos engenheiros &#8211; mesmo aqueles que trabalham na ind\u00fastria metal\u00fargica &#8211; consideram esse valor como um valor forte do modelo.\u00a0Esses dados s\u00e3o usados \u200b\u200bpara avaliar em que grau a liga deve funcionar em uma aplica\u00e7\u00e3o espec\u00edfica, esperando uma correspond\u00eancia direta com esse valor.<\/p>\n<p>Na realidade, esses resultados diminuem \u00e0 medida que o tamanho da \u00e1rea em quest\u00e3o diminui: o valor da for\u00e7a do modelo deve ser calculado em rela\u00e7\u00e3o ao seu tamanho real.<\/p>\n<p>Outro fator que influencia as propriedades mec\u00e2nicas do metal duro, em particular a resist\u00eancia \u00e0 ruptura transversal, \u00e9 seu\u00a0<strong>tamanho granular<\/strong>\u00a0.\u00a0Quanto mais o tamanho do granulado aumenta, mais a resist\u00eancia \u00e0 ruptura transversal e a resist\u00eancia ao desgaste diminuem.<\/p>\n<h3><strong>Resist\u00eancia \u00e0 compress\u00e3o<\/strong><\/h3>\n<p>Este \u00e9 um dos atributos t\u00e9cnicos mais importantes do metal duro.\u00a0Os materiais d\u00facteis sob compress\u00e3o simplesmente incham ou expandem sem fraturas, mas um material fri\u00e1vel n\u00e3o sustentam esse tipo de teste para a ocorr\u00eancia de fraturas por corte, mais do que para a compress\u00e3o real.<\/p>\n<p>O carboneto cimentado exibe um\u00a0<strong>alto n\u00edvel de resist\u00eancia \u00e0 for\u00e7a de compress\u00e3o<\/strong>\u00a0quando comparado com a maioria dos outros materiais e o valor aumenta \u00e0 medida que o conte\u00fado da mistura e o tamanho do granulado diminuem.<\/p>\n<p>Em rela\u00e7\u00e3o ao tamanho do granulado e ao conte\u00fado da mistura, os valores entre\u00a0\u00a0<strong>400K-900K psi<\/strong>\u00a0(7kN \/ mm2) s\u00e3o t\u00edpicos para o carboneto cimentado.<\/p>\n<h3><strong>Resist\u00eancia ao impacto<\/strong><\/h3>\n<p>O metal duro <strong>revela<\/strong>\u00a0uma\u00a0<strong>resit\u00eancia ao impacto<\/strong>\u00a0surpreendente, especialmente em altas temperaturas, pois cont\u00e9m <strong>25%<\/strong>\u00a0de aglutinante de cobalto com uma estrutura granular grossa.<\/p>\n<p>A ruptura transversal \u00e9 frequentemente usada erroneamente como uma medida da resist\u00eancia ao impacto quando, na verdade, a resist\u00eancia \u00e0 fratura \u00e9 um indicador melhor da capacidade do metal duro de suportar qualquer choque ou impacto mec\u00e2nico.<\/p>\n<p>A resist\u00eancia \u00e0 fratura varia de acordo com o tamanho do granulado e o aglutinante contido.<\/p>\n<h3><strong>Resist\u00eancia \u00e0 fadiga<\/strong><\/h3>\n<p>Quando um material est\u00e1 sujeito a ciclos repedidos de flutua\u00e7\u00e3, v\u00e1rios danos podem ocorrer.\u00a0Esses problemas podem ocorrer, mesmo que o material sofra menos tens\u00e3o do que poderia ter sofrido se a tens\u00e3o de carga fosse constante.<\/p>\n<p>As caracter\u00edsticas t\u00e9cnicas do metal duro relacionadas \u00e0 fadiga s\u00e3o avaliadas submetendo algumas amostras a um ciclo de tens\u00e3o, calculando-se o n\u00famero de ciclos que ocorrem at\u00e9 a ocorr\u00eancia do dano.\u00a0V\u00e1rias grandes empresas realizaram esse tipo de teste sobre o carboneto cimentado e escreveram seus relat\u00f3rios sobre os mesmos.<\/p>\n<p>A empresa sueca Sandivik, por exemplo, verificou que\u00a0<strong>a resist\u00eancia \u00e0 fadiga do carboneto cimentado em uma compress\u00e3o de carga pode resultar entre 65% e 85% da for\u00e7a compressiva em 2 x 106 ciclos.\u00a0<\/strong>A resist\u00eancia \u00e0 fadiga aumenta com a diminui\u00e7\u00e3o do tamanho do granulado de carboneto de tungst\u00eanio e com a diminui\u00e7\u00e3o do teor de aglutinante.<\/p>\n<h3><strong>Resist\u00eancia \u00e0 corros\u00e3o<\/strong><\/h3>\n<p>As\u00a0<strong>part\u00edculas de<\/strong>\u00a0carboneto de\u00a0<strong>tungst\u00eanio<\/strong>\u00a0s\u00e3o resistentes \u00e0s subst\u00e2ncias mais corrosivas.\u00a0Trata-se de um material de liga\u00e7\u00e3o que\u00a0<strong>est\u00e1 sujeito a lixivia\u00e7\u00e3o<\/strong>\u00a0na presen\u00e7a de uma solu\u00e7\u00e3o \u00e1cida ou alcalina forte.\u00a0O material aglutinante ir\u00e1 lixiviar da superf\u00edcie do metal duro, deixando uma estrutura esquel\u00e9tica, que n\u00e3o tem suporte.<\/p>\n<p>As part\u00edculas de carboneto ser\u00e3o raspadas muito rapidamente, expondo uma nova \u00e1rea da superf\u00edcie que pode ser atacada.\u00a0<strong>Quando o ligante est\u00e1 baixo, o esqueleto do carboneto \u00e9 mais denso<\/strong>\u00a0\u00a0Um grau de ligante baixo apresenta uma combina\u00e7\u00e3o ligeiramente mais elevada de resist\u00eancia ao desgaste e \u00e0 corros\u00e3o do que aqueles com um grau de ligante mais elevado.<\/p>\n<p>Essas part\u00edculas tamb\u00e9m s\u00e3o dif\u00edceis de desintegrar ou soldar e s\u00e3o usadas em aplica\u00e7\u00f5es espec\u00edficas.\u00a0Onde a resist\u00eancia \u00e0 corros\u00e3o e ao desgaste \u00e9 uma necessidade indispens\u00e1vel e a resist\u00eancia \u00e0 for\u00e7a mec\u00e2nica e ao choque t\u00e9rmico s\u00e3o muito importantes.<\/p>\n<h3><strong>Propriedades t\u00e9rmicas<\/strong><\/h3>\n<p>O carboneto exibe um\u00a0<strong>coeficiente de expans\u00e3o linear muito baixo<\/strong>.\u00a0Cerca da metade do a\u00e7o.\u00a0Um metal duro com 8% de cobalto tem um coeficiente de dilata\u00e7\u00e3o linear de\u00a0<strong>5 * 10-6 \/ \u00b0 C<\/strong>\u00a0num intervalo de temperatura de\u00a0<strong>20<\/strong>\u00a0para\u00a0<strong>400 \u00b0 C<\/strong>\u00a0.<\/p>\n<p>A condutividade t\u00e9rmica \u00e9 aproximadamente o dobro do a\u00e7o n\u00e3o ligado e um ter\u00e7o da do cobre.\u00a0A capacidade t\u00e9rmica espec\u00edfica de um carboneto gen\u00e9rico \u00e9 de cerca de 150-350 J\/(Kg* \u00b0C), ou seja, cerca de metade da de um a\u00e7o n\u00e3o ligado.<\/p>\n<p><strong>Propriedades el\u00e9tricas e magn\u00e9ticas<\/strong><\/p>\n<p>O carboneto tem uma\u00a0<strong>baixa\u00a0<\/strong><strong><a href=\"https:\/\/it.wikipedia.org\/wiki\/Resistivit%C3%A0_elettrica\">resistividade el\u00e9trica<\/a><\/strong>\u00a0e uma resistividade de 20 \u00b5Ocm.\u00a0Como consequ\u00eancia da baixa resistividade, o carboneto \u00e9 um bom condutor, com um valor de condutividade de cerca de 10% \u00a0inferior ao do cobre.<\/p>\n<p>Devido ao teor de cobalto ou n\u00edquel, o carboneto tamb\u00e9m exibe propriedades ferromagn\u00e9ticas \u00e0 temperatura ambiente.\u00a0Portanto, a temperatura Curie est\u00e1 na faixa entre\u00a0<strong>950 e 1050 \u00b0 C<\/strong>\u00a0, dependendo da composi\u00e7\u00e3o do tipo.<\/p>\n<p>A\u00a0<strong>permeabilidade magn\u00e9tica \u00e9 muito baixa<\/strong>\u00a0e depende do teor de cobalto.\u00a0Aumenta com o teor de cobalto.\u00a0Um valor t\u00edpico situa-se no intervalo de 2 a 12 quando o valor do v\u00e1cuo \u00e9 igual a 1.<\/p>\n<p>[\/vc_column_text]<\/p>\n<\/div>","protected":false},"excerpt":{"rendered":"<p>[vc_row][vc_column][vc_column_text] [\/vc_column_text][\/vc_column][\/vc_row][vc_row el_id=&#8221;caratteristiche&#8221;][\/vc_row][vc_column][\/vc_column][vc_empty_space][vc_column_text css_animation=&#8221;fadeIn&#8221;] Caracter\u00edsticas do Metal O metal duro ou widia tem caracter\u00edsticas t\u00e9cnicas verdadeiramente \u00fanicas.\u00a0Gra\u00e7as a elas, tem a\u00a0capacidade de resistir a a\u00e7\u00f5es provocadas por for\u00e7as externas\u00a0que tendem a deforma-lo.\u00a0Essas\u00a0caracter\u00edsticas mec\u00e2nicas o\u00a0tornam ideal para muitas aplica\u00e7\u00f5es.\u00a0Aqui vamos aprofundar esse assunto de um ponto de vista puramente t\u00e9cnico. Metal duro, as caracter\u00edsticas t\u00e9cnicas: Dureza [&hellip;]<\/p>\n","protected":false},"author":2,"featured_media":5752,"parent":0,"menu_order":0,"comment_status":"closed","ping_status":"closed","template":"","meta":{"footnotes":""},"yoast_head":"<!-- This site is optimized with the Yoast SEO Premium plugin v23.8 (Yoast SEO v24.5) - https:\/\/yoast.com\/wordpress\/plugins\/seo\/ -->\n<title>Le Caratteristiche tecniche del metallo duro - Nashira Hard Metals<\/title>\n<meta name=\"description\" content=\"Il metallo duro presenta delle caratteristiche tecniche davvero uniche. Durezza, Densit\u00e0, Resistenza alla rottura, Resistenza alla fatica, ecc.\" \/>\n<meta name=\"robots\" content=\"index, follow, max-snippet:-1, max-image-preview:large, max-video-preview:-1\" \/>\n<link rel=\"canonical\" href=\"https:\/\/www.nashira-hm.it\/pt-br\/le-caratteristiche-del-metallo-duro\/\" \/>\n<meta property=\"og:locale\" content=\"pt_BR\" \/>\n<meta property=\"og:type\" content=\"article\" \/>\n<meta property=\"og:title\" content=\"Le caratteristiche del metallo duro\" \/>\n<meta property=\"og:description\" content=\"Il metallo duro presenta delle caratteristiche tecniche davvero uniche. Durezza, Densit\u00e0, Resistenza alla rottura, Resistenza alla fatica, ecc.\" \/>\n<meta property=\"og:url\" content=\"https:\/\/www.nashira-hm.it\/pt-br\/le-caratteristiche-del-metallo-duro\/\" \/>\n<meta property=\"og:site_name\" content=\"Nashira Hardmetals srl - Produttore Metallo Duro.\" \/>\n<meta property=\"article:publisher\" content=\"https:\/\/www.facebook.com\/NashiraHardmetals\/\" \/>\n<meta property=\"article:modified_time\" content=\"2020-06-13T17:07:36+00:00\" \/>\n<meta property=\"og:image\" content=\"https:\/\/www.nashira-hm.it\/wp-content\/uploads\/2017\/08\/resistenza_rottura.jpg\" \/>\n\t<meta property=\"og:image:width\" content=\"235\" \/>\n\t<meta property=\"og:image:height\" content=\"196\" \/>\n\t<meta property=\"og:image:type\" content=\"image\/jpeg\" \/>\n<meta name=\"twitter:card\" content=\"summary_large_image\" \/>\n<meta name=\"twitter:label1\" content=\"Est. tempo de leitura\" \/>\n\t<meta name=\"twitter:data1\" content=\"8 minutos\" \/>\n<script type=\"application\/ld+json\" class=\"yoast-schema-graph\">{\"@context\":\"https:\/\/schema.org\",\"@graph\":[{\"@type\":\"WebPage\",\"@id\":\"https:\/\/www.nashira-hm.it\/pt-br\/le-caratteristiche-del-metallo-duro\/\",\"url\":\"https:\/\/www.nashira-hm.it\/pt-br\/le-caratteristiche-del-metallo-duro\/\",\"name\":\"Le Caratteristiche tecniche del metallo duro - Nashira Hard Metals\",\"isPartOf\":{\"@id\":\"https:\/\/www.nashira-hm.it\/#website\"},\"primaryImageOfPage\":{\"@id\":\"https:\/\/www.nashira-hm.it\/pt-br\/le-caratteristiche-del-metallo-duro\/#primaryimage\"},\"image\":{\"@id\":\"https:\/\/www.nashira-hm.it\/pt-br\/le-caratteristiche-del-metallo-duro\/#primaryimage\"},\"thumbnailUrl\":\"https:\/\/www.nashira-hm.it\/wp-content\/uploads\/2017\/08\/resistenza_rottura.jpg\",\"datePublished\":\"2018-01-09T15:48:28+00:00\",\"dateModified\":\"2020-06-13T17:07:36+00:00\",\"description\":\"Il metallo duro presenta delle caratteristiche tecniche davvero uniche. Durezza, Densit\u00e0, Resistenza alla rottura, Resistenza alla fatica, ecc.\",\"breadcrumb\":{\"@id\":\"https:\/\/www.nashira-hm.it\/pt-br\/le-caratteristiche-del-metallo-duro\/#breadcrumb\"},\"inLanguage\":\"pt-BR\",\"potentialAction\":[{\"@type\":\"ReadAction\",\"target\":[\"https:\/\/www.nashira-hm.it\/pt-br\/le-caratteristiche-del-metallo-duro\/\"]}]},{\"@type\":\"ImageObject\",\"inLanguage\":\"pt-BR\",\"@id\":\"https:\/\/www.nashira-hm.it\/pt-br\/le-caratteristiche-del-metallo-duro\/#primaryimage\",\"url\":\"https:\/\/www.nashira-hm.it\/wp-content\/uploads\/2017\/08\/resistenza_rottura.jpg\",\"contentUrl\":\"https:\/\/www.nashira-hm.it\/wp-content\/uploads\/2017\/08\/resistenza_rottura.jpg\",\"width\":235,\"height\":196},{\"@type\":\"BreadcrumbList\",\"@id\":\"https:\/\/www.nashira-hm.it\/pt-br\/le-caratteristiche-del-metallo-duro\/#breadcrumb\",\"itemListElement\":[{\"@type\":\"ListItem\",\"position\":1,\"name\":\"Home\",\"item\":\"https:\/\/www.nashira-hm.it\/pt-br\/\"},{\"@type\":\"ListItem\",\"position\":2,\"name\":\"Le caratteristiche del metallo duro\"}]},{\"@type\":\"WebSite\",\"@id\":\"https:\/\/www.nashira-hm.it\/#website\",\"url\":\"https:\/\/www.nashira-hm.it\/\",\"name\":\"Nashira Hardmetals srl - Produttore Metallo Duro\",\"description\":\"L&#039;arte del metallo duro\",\"publisher\":{\"@id\":\"https:\/\/www.nashira-hm.it\/#organization\"},\"potentialAction\":[{\"@type\":\"SearchAction\",\"target\":{\"@type\":\"EntryPoint\",\"urlTemplate\":\"https:\/\/www.nashira-hm.it\/?s={search_term_string}\"},\"query-input\":{\"@type\":\"PropertyValueSpecification\",\"valueRequired\":true,\"valueName\":\"search_term_string\"}}],\"inLanguage\":\"pt-BR\"},{\"@type\":\"Organization\",\"@id\":\"https:\/\/www.nashira-hm.it\/#organization\",\"name\":\"Nashira Hardmetals\",\"url\":\"https:\/\/www.nashira-hm.it\/\",\"logo\":{\"@type\":\"ImageObject\",\"inLanguage\":\"pt-BR\",\"@id\":\"https:\/\/www.nashira-hm.it\/#\/schema\/logo\/image\/\",\"url\":\"https:\/\/www.nashira-hm.it\/wp-content\/uploads\/2018\/01\/logo-nashira-positivo.png\",\"contentUrl\":\"https:\/\/www.nashira-hm.it\/wp-content\/uploads\/2018\/01\/logo-nashira-positivo.png\",\"width\":204,\"height\":70,\"caption\":\"Nashira Hardmetals\"},\"image\":{\"@id\":\"https:\/\/www.nashira-hm.it\/#\/schema\/logo\/image\/\"},\"sameAs\":[\"https:\/\/www.facebook.com\/NashiraHardmetals\/\",\"https:\/\/www.linkedin.com\/company\/nashira-hardmetals\/\"]}]}<\/script>\n<!-- \/ Yoast SEO Premium plugin. -->","yoast_head_json":{"title":"Le Caratteristiche tecniche del metallo duro - Nashira Hard Metals","description":"Il metallo duro presenta delle caratteristiche tecniche davvero uniche. Durezza, Densit\u00e0, Resistenza alla rottura, Resistenza alla fatica, ecc.","robots":{"index":"index","follow":"follow","max-snippet":"max-snippet:-1","max-image-preview":"max-image-preview:large","max-video-preview":"max-video-preview:-1"},"canonical":"https:\/\/www.nashira-hm.it\/pt-br\/le-caratteristiche-del-metallo-duro\/","og_locale":"pt_BR","og_type":"article","og_title":"Le caratteristiche del metallo duro","og_description":"Il metallo duro presenta delle caratteristiche tecniche davvero uniche. Durezza, Densit\u00e0, Resistenza alla rottura, Resistenza alla fatica, ecc.","og_url":"https:\/\/www.nashira-hm.it\/pt-br\/le-caratteristiche-del-metallo-duro\/","og_site_name":"Nashira Hardmetals srl - Produttore Metallo Duro.","article_publisher":"https:\/\/www.facebook.com\/NashiraHardmetals\/","article_modified_time":"2020-06-13T17:07:36+00:00","og_image":[{"width":235,"height":196,"url":"https:\/\/www.nashira-hm.it\/wp-content\/uploads\/2017\/08\/resistenza_rottura.jpg","type":"image\/jpeg"}],"twitter_card":"summary_large_image","twitter_misc":{"Est. tempo de leitura":"8 minutos"},"schema":{"@context":"https:\/\/schema.org","@graph":[{"@type":"WebPage","@id":"https:\/\/www.nashira-hm.it\/pt-br\/le-caratteristiche-del-metallo-duro\/","url":"https:\/\/www.nashira-hm.it\/pt-br\/le-caratteristiche-del-metallo-duro\/","name":"Le Caratteristiche tecniche del metallo duro - Nashira Hard Metals","isPartOf":{"@id":"https:\/\/www.nashira-hm.it\/#website"},"primaryImageOfPage":{"@id":"https:\/\/www.nashira-hm.it\/pt-br\/le-caratteristiche-del-metallo-duro\/#primaryimage"},"image":{"@id":"https:\/\/www.nashira-hm.it\/pt-br\/le-caratteristiche-del-metallo-duro\/#primaryimage"},"thumbnailUrl":"https:\/\/www.nashira-hm.it\/wp-content\/uploads\/2017\/08\/resistenza_rottura.jpg","datePublished":"2018-01-09T15:48:28+00:00","dateModified":"2020-06-13T17:07:36+00:00","description":"Il metallo duro presenta delle caratteristiche tecniche davvero uniche. Durezza, Densit\u00e0, Resistenza alla rottura, Resistenza alla fatica, ecc.","breadcrumb":{"@id":"https:\/\/www.nashira-hm.it\/pt-br\/le-caratteristiche-del-metallo-duro\/#breadcrumb"},"inLanguage":"pt-BR","potentialAction":[{"@type":"ReadAction","target":["https:\/\/www.nashira-hm.it\/pt-br\/le-caratteristiche-del-metallo-duro\/"]}]},{"@type":"ImageObject","inLanguage":"pt-BR","@id":"https:\/\/www.nashira-hm.it\/pt-br\/le-caratteristiche-del-metallo-duro\/#primaryimage","url":"https:\/\/www.nashira-hm.it\/wp-content\/uploads\/2017\/08\/resistenza_rottura.jpg","contentUrl":"https:\/\/www.nashira-hm.it\/wp-content\/uploads\/2017\/08\/resistenza_rottura.jpg","width":235,"height":196},{"@type":"BreadcrumbList","@id":"https:\/\/www.nashira-hm.it\/pt-br\/le-caratteristiche-del-metallo-duro\/#breadcrumb","itemListElement":[{"@type":"ListItem","position":1,"name":"Home","item":"https:\/\/www.nashira-hm.it\/pt-br\/"},{"@type":"ListItem","position":2,"name":"Le caratteristiche del metallo duro"}]},{"@type":"WebSite","@id":"https:\/\/www.nashira-hm.it\/#website","url":"https:\/\/www.nashira-hm.it\/","name":"Nashira Hardmetals srl - Produttore Metallo Duro","description":"L&#039;arte del metallo duro","publisher":{"@id":"https:\/\/www.nashira-hm.it\/#organization"},"potentialAction":[{"@type":"SearchAction","target":{"@type":"EntryPoint","urlTemplate":"https:\/\/www.nashira-hm.it\/?s={search_term_string}"},"query-input":{"@type":"PropertyValueSpecification","valueRequired":true,"valueName":"search_term_string"}}],"inLanguage":"pt-BR"},{"@type":"Organization","@id":"https:\/\/www.nashira-hm.it\/#organization","name":"Nashira Hardmetals","url":"https:\/\/www.nashira-hm.it\/","logo":{"@type":"ImageObject","inLanguage":"pt-BR","@id":"https:\/\/www.nashira-hm.it\/#\/schema\/logo\/image\/","url":"https:\/\/www.nashira-hm.it\/wp-content\/uploads\/2018\/01\/logo-nashira-positivo.png","contentUrl":"https:\/\/www.nashira-hm.it\/wp-content\/uploads\/2018\/01\/logo-nashira-positivo.png","width":204,"height":70,"caption":"Nashira Hardmetals"},"image":{"@id":"https:\/\/www.nashira-hm.it\/#\/schema\/logo\/image\/"},"sameAs":["https:\/\/www.facebook.com\/NashiraHardmetals\/","https:\/\/www.linkedin.com\/company\/nashira-hardmetals\/"]}]}},"_links":{"self":[{"href":"https:\/\/www.nashira-hm.it\/pt-br\/wp-json\/wp\/v2\/pages\/5877"}],"collection":[{"href":"https:\/\/www.nashira-hm.it\/pt-br\/wp-json\/wp\/v2\/pages"}],"about":[{"href":"https:\/\/www.nashira-hm.it\/pt-br\/wp-json\/wp\/v2\/types\/page"}],"author":[{"embeddable":true,"href":"https:\/\/www.nashira-hm.it\/pt-br\/wp-json\/wp\/v2\/users\/2"}],"replies":[{"embeddable":true,"href":"https:\/\/www.nashira-hm.it\/pt-br\/wp-json\/wp\/v2\/comments?post=5877"}],"version-history":[{"count":6,"href":"https:\/\/www.nashira-hm.it\/pt-br\/wp-json\/wp\/v2\/pages\/5877\/revisions"}],"predecessor-version":[{"id":5884,"href":"https:\/\/www.nashira-hm.it\/pt-br\/wp-json\/wp\/v2\/pages\/5877\/revisions\/5884"}],"wp:featuredmedia":[{"embeddable":true,"href":"https:\/\/www.nashira-hm.it\/pt-br\/wp-json\/wp\/v2\/media\/5752"}],"wp:attachment":[{"href":"https:\/\/www.nashira-hm.it\/pt-br\/wp-json\/wp\/v2\/media?parent=5877"}],"curies":[{"name":"wp","href":"https:\/\/api.w.org\/{rel}","templated":true}]}}