{"id":5851,"date":"2017-08-07T12:10:43","date_gmt":"2017-08-07T10:10:43","guid":{"rendered":"https:\/\/www.nashira-hm.it\/?page_id=5851"},"modified":"2020-06-29T15:50:19","modified_gmt":"2020-06-29T13:50:19","slug":"produtos-para-madeira","status":"publish","type":"page","link":"https:\/\/www.nashira-hm.it\/pt-br\/produtos-para-madeira\/","title":{"rendered":"Madeira &#038; Papel"},"content":{"rendered":"<div class=\"wpb-content-wrapper\"><p>[vc_row][vc_column][vc_column_text]<\/p>\n<h1>[\/vc_column_text][\/vc_column][\/vc_row][vc_row el_id=&#8221;legno&#8221;][vc_column][vc_empty_space height=&#8221;60px&#8221;]            <div class=\"skill-text\">\n                <h2>Madeira &amp; Papel<\/h2>\n                <p><\/p>\n            <\/div>\n    [vc_column_text]<\/h1>\n<p>O carboneto cementado fornece aos fabricantes de ferramentas de madeira a ferramenta mais importante para uma melhor qualidade sem reduzir os par\u00e2metros de brasagem e de retifica\u00e7\u00e3o.<\/p>\n<p>Para o\u00a0<strong>setor de corte de madeira<\/strong>\u00a0, uma extensa pesquisa foi realizada sobre as diferentes capacidades das serras circulares.\u00a0Com\u00a0<strong>a introdu\u00e7\u00e3o<\/strong>\u00a0de\u00a0<strong>subst\u00e2ncias que melhoram a resist\u00eancia \u00e0 corros\u00e3o,<\/strong>\u00a0foi poss\u00edvel criar\u00a0<strong>produtos de madeira<\/strong>\u00a0com\u00a0<strong>excelente desempenho<\/strong>\u00a0em todas as condi\u00e7\u00f5es.[\/vc_column_text][vc_empty_space][\/vc_column][\/vc_row][vc_row][vc_column][vc_empty_space][vc_column_text css_animation=&#8221;fadeIn&#8221;]A experi\u00eancia adquirida neste setor nos permite resolver os problemas t\u00edpicos relacionados ao desgaste e \u00e0 resist\u00eancia \u00e0 abras\u00e3o.\u00a0No campo das ferramentas para o trabalho da madeira, produzimos facas de perfil e facas de aplainar em diferentes sistemas:<\/p>\n<ul>\n<li><strong>Tersa<\/strong>;<\/li>\n<li><strong>Escavadora<\/strong>;<\/li>\n<li><strong>Variplan<\/strong>;<\/li>\n<li><strong>Entalhes<\/strong>para serras circulares e\u00a0<strong>placas<\/strong>\u00a0especiais, bem como\u00a0<strong>cilindros<\/strong>\u00a0e<strong>\u00a0barras<\/strong>.<\/li>\n<\/ul>\n<p>As\u00a0<strong><a href=\"https:\/\/www.nashira-hm.it\/gradi-e-applicazioni-del-metallo-duro\/\">tipos de<\/a><\/strong>\u00a0metal duro oferecidas para produtos de madeira variam de\u00a0<strong>K05<\/strong>\u00a0a\u00a0<strong>K30<\/strong>\u00a0\u00a0para cobrir todos os tipos de processamento para as diferentes madeiras.<\/p>\n<p>No entanto, com as novas classes WCR55 e WCR60, s\u00e3o alcan\u00e7ados excelentes desempenhos no processamento de madeira macia e madeira dura.\u00a0Gra\u00e7as a um processo de pesquisa e desenvolvimento combinado a processos inovadores de prensagem, conseguimos uma tecnologia de ponta particularmente duradoura que minimiza o desgaste da superf\u00edcie de corte.\u00a0Os clientes apreciam o curto tempo de inatividade e a alta qualidade da superf\u00edcie.<\/p>\n<h2>Facas plaina MD<\/h2>\n<p>A Nashira Hardmetals \u00e9 uma empresa especializada na produ\u00e7\u00e3o <strong>de\u00a0l\u00e2minas industriais<\/strong>\u00a0para\u00a0o <strong><a href=\"https:\/\/it.wikipedia.org\/wiki\/Categoria:Macchine_utensili_per_falegnameria\">trabalho<\/a> <\/strong><strong>da madeira<\/strong>.\u00a0O carboneto da Nashira \u00e9 fabricado com mat\u00e9rias-primas de excelente qualidade e depois sinterizado com as mais avan\u00e7adas tecnologias.\u00a0Nossas facas para plaina de metal duro garantem o melhor desempenho em uso\u00a0<strong>industrial e profissional<\/strong>\u00a0para os sistemas Tersa, Bulldozer, Variplan, Centrolok, etc.\u00a0Oferecemos:<\/p>\n<ul>\n<li>Uma ampla gama de ligas e formas.<\/li>\n<li>Solu\u00e7\u00f5es personalizadas para todos os setores da madeira.<\/li>\n<li>Qualidade muito elevada do carboneto de partida e precis\u00e3o de corte.<\/li>\n<li>Fiabilidade, durabilidade e produtividade excepcionais.<\/li>\n<\/ul>\n<p>[\/vc_column_text][vc_btn title=&#8221;Pedir informa\u00e7\u00e3o&#8221; style=&#8221;custom&#8221; custom_background=&#8221;#f7a600&#8243; custom_text=&#8221;#ffffff&#8221; shape=&#8221;square&#8221; css_animation=&#8221;fadeIn&#8221; link=&#8221;url:https%3A%2F%2Fwww.nashira-hm.it%2Fen%2Fcontact%2F|||&#8221;][\/vc_column][\/vc_row]<\/p>\n<\/div>","protected":false},"excerpt":{"rendered":"<p>[vc_row][vc_column][vc_column_text] [\/vc_column_text][\/vc_column][\/vc_row][vc_row el_id=&#8221;legno&#8221;][vc_column][vc_empty_space height=&#8221;60px&#8221;][vc_column_text] O carboneto cementado fornece aos fabricantes de ferramentas de madeira a ferramenta mais importante para uma melhor qualidade sem reduzir os par\u00e2metros de brasagem e de retifica\u00e7\u00e3o. Para o\u00a0setor de corte de madeira\u00a0, uma extensa pesquisa foi realizada sobre as diferentes capacidades das serras circulares.\u00a0Com\u00a0a introdu\u00e7\u00e3o\u00a0de\u00a0subst\u00e2ncias que melhoram a resist\u00eancia \u00e0 [&hellip;]<\/p>\n","protected":false},"author":2,"featured_media":3837,"parent":0,"menu_order":0,"comment_status":"closed","ping_status":"closed","template":"","meta":{"footnotes":""},"yoast_head":"<!-- This site is optimized with the Yoast SEO Premium plugin v23.8 (Yoast SEO v24.5) - https:\/\/yoast.com\/wordpress\/plugins\/seo\/ -->\n<title>Madeira &amp; Papel - Nashira Hardmetals | Metal Duro<\/title>\n<meta name=\"description\" content=\"O carboneto cementado fornece aos fabricantes de ferramentas de madeira a ferramenta mais importante para uma melhor qualidade sem reduzir os par\u00e2metros\" \/>\n<meta name=\"robots\" content=\"index, follow, max-snippet:-1, max-image-preview:large, max-video-preview:-1\" \/>\n<link rel=\"canonical\" href=\"https:\/\/www.nashira-hm.it\/pt-br\/produtos-para-madeira\/\" \/>\n<meta property=\"og:locale\" content=\"pt_BR\" \/>\n<meta property=\"og:type\" content=\"article\" \/>\n<meta property=\"og:title\" content=\"Madeira &amp; Papel\" \/>\n<meta property=\"og:description\" content=\"O carboneto cementado fornece aos fabricantes de ferramentas de madeira a ferramenta mais importante para uma melhor qualidade sem reduzir os par\u00e2metros\" \/>\n<meta property=\"og:url\" content=\"https:\/\/www.nashira-hm.it\/pt-br\/produtos-para-madeira\/\" \/>\n<meta property=\"og:site_name\" content=\"Nashira Hardmetals srl - Produttore Metallo Duro.\" \/>\n<meta property=\"article:publisher\" content=\"https:\/\/www.facebook.com\/NashiraHardmetals\/\" \/>\n<meta property=\"article:modified_time\" content=\"2020-06-29T13:50:19+00:00\" \/>\n<meta property=\"og:image\" content=\"https:\/\/www.nashira-hm.it\/wp-content\/uploads\/2019\/12\/IMG_8733.jpg\" \/>\n\t<meta property=\"og:image:width\" content=\"1024\" \/>\n\t<meta property=\"og:image:height\" content=\"576\" \/>\n\t<meta property=\"og:image:type\" content=\"image\/jpeg\" \/>\n<meta name=\"twitter:card\" content=\"summary_large_image\" \/>\n<meta name=\"twitter:label1\" content=\"Est. tempo de leitura\" \/>\n\t<meta name=\"twitter:data1\" content=\"2 minutos\" \/>\n<script type=\"application\/ld+json\" class=\"yoast-schema-graph\">{\"@context\":\"https:\/\/schema.org\",\"@graph\":[{\"@type\":\"WebPage\",\"@id\":\"https:\/\/www.nashira-hm.it\/pt-br\/produtos-para-madeira\/\",\"url\":\"https:\/\/www.nashira-hm.it\/pt-br\/produtos-para-madeira\/\",\"name\":\"Madeira & Papel - Nashira Hardmetals | Metal Duro\",\"isPartOf\":{\"@id\":\"https:\/\/www.nashira-hm.it\/#website\"},\"primaryImageOfPage\":{\"@id\":\"https:\/\/www.nashira-hm.it\/pt-br\/produtos-para-madeira\/#primaryimage\"},\"image\":{\"@id\":\"https:\/\/www.nashira-hm.it\/pt-br\/produtos-para-madeira\/#primaryimage\"},\"thumbnailUrl\":\"https:\/\/www.nashira-hm.it\/wp-content\/uploads\/2019\/12\/IMG_8733.jpg\",\"datePublished\":\"2017-08-07T10:10:43+00:00\",\"dateModified\":\"2020-06-29T13:50:19+00:00\",\"description\":\"O carboneto cementado fornece aos fabricantes de ferramentas de madeira a ferramenta mais importante para uma melhor qualidade sem reduzir os par\u00e2metros\",\"breadcrumb\":{\"@id\":\"https:\/\/www.nashira-hm.it\/pt-br\/produtos-para-madeira\/#breadcrumb\"},\"inLanguage\":\"pt-BR\",\"potentialAction\":[{\"@type\":\"ReadAction\",\"target\":[\"https:\/\/www.nashira-hm.it\/pt-br\/produtos-para-madeira\/\"]}]},{\"@type\":\"ImageObject\",\"inLanguage\":\"pt-BR\",\"@id\":\"https:\/\/www.nashira-hm.it\/pt-br\/produtos-para-madeira\/#primaryimage\",\"url\":\"https:\/\/www.nashira-hm.it\/wp-content\/uploads\/2019\/12\/IMG_8733.jpg\",\"contentUrl\":\"https:\/\/www.nashira-hm.it\/wp-content\/uploads\/2019\/12\/IMG_8733.jpg\",\"width\":1024,\"height\":576,\"caption\":\"Pastilhas de metal duro para ferramentas de madeira\"},{\"@type\":\"BreadcrumbList\",\"@id\":\"https:\/\/www.nashira-hm.it\/pt-br\/produtos-para-madeira\/#breadcrumb\",\"itemListElement\":[{\"@type\":\"ListItem\",\"position\":1,\"name\":\"Home\",\"item\":\"https:\/\/www.nashira-hm.it\/pt-br\/\"},{\"@type\":\"ListItem\",\"position\":2,\"name\":\"Madeira &#038; Papel\"}]},{\"@type\":\"WebSite\",\"@id\":\"https:\/\/www.nashira-hm.it\/#website\",\"url\":\"https:\/\/www.nashira-hm.it\/\",\"name\":\"Nashira Hardmetals srl - Produttore Metallo Duro\",\"description\":\"L&#039;arte del metallo duro\",\"publisher\":{\"@id\":\"https:\/\/www.nashira-hm.it\/#organization\"},\"potentialAction\":[{\"@type\":\"SearchAction\",\"target\":{\"@type\":\"EntryPoint\",\"urlTemplate\":\"https:\/\/www.nashira-hm.it\/?s={search_term_string}\"},\"query-input\":{\"@type\":\"PropertyValueSpecification\",\"valueRequired\":true,\"valueName\":\"search_term_string\"}}],\"inLanguage\":\"pt-BR\"},{\"@type\":\"Organization\",\"@id\":\"https:\/\/www.nashira-hm.it\/#organization\",\"name\":\"Nashira Hardmetals\",\"url\":\"https:\/\/www.nashira-hm.it\/\",\"logo\":{\"@type\":\"ImageObject\",\"inLanguage\":\"pt-BR\",\"@id\":\"https:\/\/www.nashira-hm.it\/#\/schema\/logo\/image\/\",\"url\":\"https:\/\/www.nashira-hm.it\/wp-content\/uploads\/2018\/01\/logo-nashira-positivo.png\",\"contentUrl\":\"https:\/\/www.nashira-hm.it\/wp-content\/uploads\/2018\/01\/logo-nashira-positivo.png\",\"width\":204,\"height\":70,\"caption\":\"Nashira Hardmetals\"},\"image\":{\"@id\":\"https:\/\/www.nashira-hm.it\/#\/schema\/logo\/image\/\"},\"sameAs\":[\"https:\/\/www.facebook.com\/NashiraHardmetals\/\",\"https:\/\/www.linkedin.com\/company\/nashira-hardmetals\/\"]}]}<\/script>\n<!-- \/ Yoast SEO Premium plugin. -->","yoast_head_json":{"title":"Madeira & Papel - Nashira Hardmetals | Metal Duro","description":"O carboneto cementado fornece aos fabricantes de ferramentas de madeira a ferramenta mais importante para uma melhor qualidade sem reduzir os par\u00e2metros","robots":{"index":"index","follow":"follow","max-snippet":"max-snippet:-1","max-image-preview":"max-image-preview:large","max-video-preview":"max-video-preview:-1"},"canonical":"https:\/\/www.nashira-hm.it\/pt-br\/produtos-para-madeira\/","og_locale":"pt_BR","og_type":"article","og_title":"Madeira & Papel","og_description":"O carboneto cementado fornece aos fabricantes de ferramentas de madeira a ferramenta mais importante para uma melhor qualidade sem reduzir os par\u00e2metros","og_url":"https:\/\/www.nashira-hm.it\/pt-br\/produtos-para-madeira\/","og_site_name":"Nashira Hardmetals srl - Produttore Metallo Duro.","article_publisher":"https:\/\/www.facebook.com\/NashiraHardmetals\/","article_modified_time":"2020-06-29T13:50:19+00:00","og_image":[{"width":1024,"height":576,"url":"https:\/\/www.nashira-hm.it\/wp-content\/uploads\/2019\/12\/IMG_8733.jpg","type":"image\/jpeg"}],"twitter_card":"summary_large_image","twitter_misc":{"Est. tempo de leitura":"2 minutos"},"schema":{"@context":"https:\/\/schema.org","@graph":[{"@type":"WebPage","@id":"https:\/\/www.nashira-hm.it\/pt-br\/produtos-para-madeira\/","url":"https:\/\/www.nashira-hm.it\/pt-br\/produtos-para-madeira\/","name":"Madeira & Papel - Nashira Hardmetals | Metal Duro","isPartOf":{"@id":"https:\/\/www.nashira-hm.it\/#website"},"primaryImageOfPage":{"@id":"https:\/\/www.nashira-hm.it\/pt-br\/produtos-para-madeira\/#primaryimage"},"image":{"@id":"https:\/\/www.nashira-hm.it\/pt-br\/produtos-para-madeira\/#primaryimage"},"thumbnailUrl":"https:\/\/www.nashira-hm.it\/wp-content\/uploads\/2019\/12\/IMG_8733.jpg","datePublished":"2017-08-07T10:10:43+00:00","dateModified":"2020-06-29T13:50:19+00:00","description":"O carboneto cementado fornece aos fabricantes de ferramentas de madeira a ferramenta mais importante para uma melhor qualidade sem reduzir os par\u00e2metros","breadcrumb":{"@id":"https:\/\/www.nashira-hm.it\/pt-br\/produtos-para-madeira\/#breadcrumb"},"inLanguage":"pt-BR","potentialAction":[{"@type":"ReadAction","target":["https:\/\/www.nashira-hm.it\/pt-br\/produtos-para-madeira\/"]}]},{"@type":"ImageObject","inLanguage":"pt-BR","@id":"https:\/\/www.nashira-hm.it\/pt-br\/produtos-para-madeira\/#primaryimage","url":"https:\/\/www.nashira-hm.it\/wp-content\/uploads\/2019\/12\/IMG_8733.jpg","contentUrl":"https:\/\/www.nashira-hm.it\/wp-content\/uploads\/2019\/12\/IMG_8733.jpg","width":1024,"height":576,"caption":"Pastilhas de metal duro para ferramentas de madeira"},{"@type":"BreadcrumbList","@id":"https:\/\/www.nashira-hm.it\/pt-br\/produtos-para-madeira\/#breadcrumb","itemListElement":[{"@type":"ListItem","position":1,"name":"Home","item":"https:\/\/www.nashira-hm.it\/pt-br\/"},{"@type":"ListItem","position":2,"name":"Madeira &#038; Papel"}]},{"@type":"WebSite","@id":"https:\/\/www.nashira-hm.it\/#website","url":"https:\/\/www.nashira-hm.it\/","name":"Nashira Hardmetals srl - Produttore Metallo Duro","description":"L&#039;arte del metallo duro","publisher":{"@id":"https:\/\/www.nashira-hm.it\/#organization"},"potentialAction":[{"@type":"SearchAction","target":{"@type":"EntryPoint","urlTemplate":"https:\/\/www.nashira-hm.it\/?s={search_term_string}"},"query-input":{"@type":"PropertyValueSpecification","valueRequired":true,"valueName":"search_term_string"}}],"inLanguage":"pt-BR"},{"@type":"Organization","@id":"https:\/\/www.nashira-hm.it\/#organization","name":"Nashira Hardmetals","url":"https:\/\/www.nashira-hm.it\/","logo":{"@type":"ImageObject","inLanguage":"pt-BR","@id":"https:\/\/www.nashira-hm.it\/#\/schema\/logo\/image\/","url":"https:\/\/www.nashira-hm.it\/wp-content\/uploads\/2018\/01\/logo-nashira-positivo.png","contentUrl":"https:\/\/www.nashira-hm.it\/wp-content\/uploads\/2018\/01\/logo-nashira-positivo.png","width":204,"height":70,"caption":"Nashira Hardmetals"},"image":{"@id":"https:\/\/www.nashira-hm.it\/#\/schema\/logo\/image\/"},"sameAs":["https:\/\/www.facebook.com\/NashiraHardmetals\/","https:\/\/www.linkedin.com\/company\/nashira-hardmetals\/"]}]}},"_links":{"self":[{"href":"https:\/\/www.nashira-hm.it\/pt-br\/wp-json\/wp\/v2\/pages\/5851"}],"collection":[{"href":"https:\/\/www.nashira-hm.it\/pt-br\/wp-json\/wp\/v2\/pages"}],"about":[{"href":"https:\/\/www.nashira-hm.it\/pt-br\/wp-json\/wp\/v2\/types\/page"}],"author":[{"embeddable":true,"href":"https:\/\/www.nashira-hm.it\/pt-br\/wp-json\/wp\/v2\/users\/2"}],"replies":[{"embeddable":true,"href":"https:\/\/www.nashira-hm.it\/pt-br\/wp-json\/wp\/v2\/comments?post=5851"}],"version-history":[{"count":6,"href":"https:\/\/www.nashira-hm.it\/pt-br\/wp-json\/wp\/v2\/pages\/5851\/revisions"}],"predecessor-version":[{"id":6298,"href":"https:\/\/www.nashira-hm.it\/pt-br\/wp-json\/wp\/v2\/pages\/5851\/revisions\/6298"}],"wp:featuredmedia":[{"embeddable":true,"href":"https:\/\/www.nashira-hm.it\/pt-br\/wp-json\/wp\/v2\/media\/3837"}],"wp:attachment":[{"href":"https:\/\/www.nashira-hm.it\/pt-br\/wp-json\/wp\/v2\/media?parent=5851"}],"curies":[{"name":"wp","href":"https:\/\/api.w.org\/{rel}","templated":true}]}}