{"id":5847,"date":"2017-08-07T12:10:31","date_gmt":"2017-08-07T10:10:31","guid":{"rendered":"https:\/\/www.nashira-hm.it\/?page_id=5847"},"modified":"2020-06-29T16:10:50","modified_gmt":"2020-06-29T14:10:50","slug":"pedra","status":"publish","type":"page","link":"https:\/\/www.nashira-hm.it\/pt-br\/pedra\/","title":{"rendered":"Pedra"},"content":{"rendered":"<div class=\"wpb-content-wrapper\"><p>[vc_row][vc_column][vc_column_text]<\/p>\n<h1>[\/vc_column_text][\/vc_column][\/vc_row][vc_row el_id=&#8221;pietra&#8221;][vc_column][vc_empty_space height=&#8221;60px&#8221;]            <div class=\"skill-text\">\n                <h2>Pedras<\/h2>\n                <p><\/p>\n            <\/div>\n    [vc_column_text]<\/h1>\n<h2>Pedra &#8211;\u00a0<strong>setor extrativo<\/strong><\/h2>\n<p>No setor de pedra-minera\u00e7\u00e3o, as ferramentas de metal duro s\u00e3o o componente principal.<\/p>\n<p>Todas as m\u00e1quinas que escavam pedra utilizam ferramentas de <a href=\"https:\/\/www.nashira-hm.it\/gradi-e-applicazioni-del-metallo-duro\/\">metal duro<\/a>.\u00a0Por esse motivo, os t\u00faneis s\u00e3o perfurados com brocas com uma pe\u00e7a de trabalho em metal duro.\u00a0Por exemplo, a escava\u00e7\u00e3o do\u00a0<a href=\"https:\/\/it.wikipedia.org\/wiki\/Tunnel_della_Manica\">t\u00fanel da Mancha<\/a>\u00a0entre a Fran\u00e7a e a Inglaterra.<\/p>\n<h2>Dureza e resist\u00eancia ao desgaste para trabalhar pedra<\/h2>\n<p>Minera\u00e7\u00e3o ou perfura\u00e7\u00e3o de t\u00fanel s\u00e3o obras importantes.\u00a0\u00c9 preciso confiar em ferramentas de metal duro, que s\u00e3o o fator decisivo.<\/p>\n<p>Produzimos placas altamente resistentes ao desgaste pela simples raz\u00e3o de que a vida \u00fatil das ferramentas \u00e9 muito importante.<\/p>\n<p>A resist\u00eancia \u00e0 ruptura \u00e9 uma caracter\u00edstica muito importante, portanto, elas devem ser altamente tenazes e resistentes \u00e0 compress\u00e3o.[\/vc_column_text][vc_empty_space][\/vc_column][\/vc_row][vc_row][vc_column][vc_empty_space][vc_column_text css_animation=&#8221;fadeIn&#8221;]<\/p>\n<h3><strong>\u00danico e flex\u00edvel<\/strong><\/h3>\n<p>Como exemplo, para adaptar cada ferramenta de pedra-minera\u00e7\u00e3o a cada maquina, expandimos a gama de produtos.<\/p>\n<p>Para complet\u00e1r, fornecemos uma vasta sele\u00e7\u00e3o de tipos espec\u00edficos de metal duro para o processamento de pedra.<\/p>\n<p>A experi\u00eancia adquirida no setor de minera\u00e7\u00e3o e processamento de pedras nos permite usar tipos espec\u00edficos de metais duros.<\/p>\n<p>O resultado deste trabalho permite cobrir facilmente diferentes tipos de processamento:\u00a0<strong>rota\u00e7\u00e3o<\/strong>\u00a0,\u00a0<strong>percuss\u00e3o<\/strong>\u00a0,\u00a0<strong>roto-percuss\u00e3o<\/strong>\u00a0,\u00a0<strong>abras\u00e3o<\/strong>\u00a0, etc.<\/p>\n<p>Nossas pe\u00e7as para aplica\u00e7\u00f5es em minera\u00e7\u00e3o podem operar em diferentes tipos de solos\u00a0<strong>(arenitos<\/strong>,\u00a0<strong>concretos<\/strong>,\u00a0<strong>tufos<\/strong>,\u00a0<strong>quartzitos,\u00a0p\u00f3rfiros<\/strong>,\u00a0<strong>pedras de lava<\/strong>,\u00a0<strong>m\u00e1rmore,<\/strong>\u00a0etc.<strong>).<\/strong><\/p>\n<ul>\n<li><strong>prismas<\/strong>para coroas de sonda<\/li>\n<li><strong>bot\u00f5es<\/strong>e\u00a0<strong>placas<\/strong>\u00a0para ferramentas de perfura\u00e7\u00e3o<\/li>\n<li><strong>pastilhas<\/strong>para motosserras<\/li>\n<li><strong>dentes<\/strong>para motosserras<\/li>\n<li><strong>detalhes<\/strong>do desenho, etc.<\/li>\n<\/ul>\n<p>Eles s\u00e3o nossos produtos mais comuns.[\/vc_column_text][vc_btn title=&#8221;Solicitar informa\u00e7\u00f5es&#8221; style=&#8221;custom&#8221; custom_background=&#8221;#f7a600&#8243; custom_text=&#8221;#ffffff&#8221; shape=&#8221;square&#8221; css_animation=&#8221;fadeIn&#8221; link=&#8221;url:https%3A%2F%2Fwww.nashira-hm.it%2Fen%2Fcontact%2F|||&#8221;][\/vc_column][\/vc_row]<\/p>\n<\/div>","protected":false},"excerpt":{"rendered":"<p>[vc_row][vc_column][vc_column_text] [\/vc_column_text][\/vc_column][\/vc_row][vc_row el_id=&#8221;pietra&#8221;][vc_column][vc_empty_space height=&#8221;60px&#8221;][vc_column_text] Pedra &#8211;\u00a0setor extrativo No setor de pedra-minera\u00e7\u00e3o, as ferramentas de metal duro s\u00e3o o componente principal. Todas as m\u00e1quinas que escavam pedra utilizam ferramentas de metal duro.\u00a0Por esse motivo, os t\u00faneis s\u00e3o perfurados com brocas com uma pe\u00e7a de trabalho em metal duro.\u00a0Por exemplo, a escava\u00e7\u00e3o do\u00a0t\u00fanel da Mancha\u00a0entre a Fran\u00e7a [&hellip;]<\/p>\n","protected":false},"author":2,"featured_media":5711,"parent":0,"menu_order":0,"comment_status":"closed","ping_status":"closed","template":"","meta":{"footnotes":""},"yoast_head":"<!-- This site is optimized with the Yoast SEO Premium plugin v23.8 (Yoast SEO v24.5) - https:\/\/yoast.com\/wordpress\/plugins\/seo\/ -->\n<title>Pedra - Nashira Hardmetals - Italy | Metal Duro para pedra<\/title>\n<meta name=\"description\" content=\"Pedra - No setor de minera\u00e7\u00e3o, as ferramentas de metal duro s\u00e3o o componente principal. Todas as m\u00e1quinas que escavam rochas ferramentas de metal duro\" \/>\n<meta name=\"robots\" content=\"index, follow, max-snippet:-1, max-image-preview:large, max-video-preview:-1\" \/>\n<link rel=\"canonical\" href=\"https:\/\/www.nashira-hm.it\/pt-br\/pedra\/\" \/>\n<meta property=\"og:locale\" content=\"pt_BR\" \/>\n<meta property=\"og:type\" content=\"article\" \/>\n<meta property=\"og:title\" content=\"Pedra\" \/>\n<meta property=\"og:description\" content=\"Pedra - No setor de minera\u00e7\u00e3o, as ferramentas de metal duro s\u00e3o o componente principal. Todas as m\u00e1quinas que escavam rochas ferramentas de metal duro\" \/>\n<meta property=\"og:url\" content=\"https:\/\/www.nashira-hm.it\/pt-br\/pedra\/\" \/>\n<meta property=\"og:site_name\" content=\"Nashira Hardmetals srl - Produttore Metallo Duro.\" \/>\n<meta property=\"article:publisher\" content=\"https:\/\/www.facebook.com\/NashiraHardmetals\/\" \/>\n<meta property=\"article:modified_time\" content=\"2020-06-29T14:10:50+00:00\" \/>\n<meta property=\"og:image\" content=\"https:\/\/www.nashira-hm.it\/wp-content\/uploads\/2017\/06\/IGP2006.jpg\" \/>\n\t<meta property=\"og:image:width\" content=\"1000\" \/>\n\t<meta property=\"og:image:height\" content=\"1045\" \/>\n\t<meta property=\"og:image:type\" content=\"image\/jpeg\" \/>\n<meta name=\"twitter:card\" content=\"summary_large_image\" \/>\n<meta name=\"twitter:label1\" content=\"Est. tempo de leitura\" \/>\n\t<meta name=\"twitter:data1\" content=\"2 minutos\" \/>\n<script type=\"application\/ld+json\" class=\"yoast-schema-graph\">{\"@context\":\"https:\/\/schema.org\",\"@graph\":[{\"@type\":\"WebPage\",\"@id\":\"https:\/\/www.nashira-hm.it\/pt-br\/pedra\/\",\"url\":\"https:\/\/www.nashira-hm.it\/pt-br\/pedra\/\",\"name\":\"Pedra - Nashira Hardmetals - Italy | Metal Duro para pedra\",\"isPartOf\":{\"@id\":\"https:\/\/www.nashira-hm.it\/#website\"},\"primaryImageOfPage\":{\"@id\":\"https:\/\/www.nashira-hm.it\/pt-br\/pedra\/#primaryimage\"},\"image\":{\"@id\":\"https:\/\/www.nashira-hm.it\/pt-br\/pedra\/#primaryimage\"},\"thumbnailUrl\":\"https:\/\/www.nashira-hm.it\/wp-content\/uploads\/2017\/06\/IGP2006.jpg\",\"datePublished\":\"2017-08-07T10:10:31+00:00\",\"dateModified\":\"2020-06-29T14:10:50+00:00\",\"description\":\"Pedra - No setor de minera\u00e7\u00e3o, as ferramentas de metal duro s\u00e3o o componente principal. Todas as m\u00e1quinas que escavam rochas ferramentas de metal duro\",\"breadcrumb\":{\"@id\":\"https:\/\/www.nashira-hm.it\/pt-br\/pedra\/#breadcrumb\"},\"inLanguage\":\"pt-BR\",\"potentialAction\":[{\"@type\":\"ReadAction\",\"target\":[\"https:\/\/www.nashira-hm.it\/pt-br\/pedra\/\"]}]},{\"@type\":\"ImageObject\",\"inLanguage\":\"pt-BR\",\"@id\":\"https:\/\/www.nashira-hm.it\/pt-br\/pedra\/#primaryimage\",\"url\":\"https:\/\/www.nashira-hm.it\/wp-content\/uploads\/2017\/06\/IGP2006.jpg\",\"contentUrl\":\"https:\/\/www.nashira-hm.it\/wp-content\/uploads\/2017\/06\/IGP2006.jpg\",\"width\":1000,\"height\":1045,\"caption\":\"Ferramentas de metal duro para pedra\"},{\"@type\":\"BreadcrumbList\",\"@id\":\"https:\/\/www.nashira-hm.it\/pt-br\/pedra\/#breadcrumb\",\"itemListElement\":[{\"@type\":\"ListItem\",\"position\":1,\"name\":\"Home\",\"item\":\"https:\/\/www.nashira-hm.it\/pt-br\/\"},{\"@type\":\"ListItem\",\"position\":2,\"name\":\"Pedra\"}]},{\"@type\":\"WebSite\",\"@id\":\"https:\/\/www.nashira-hm.it\/#website\",\"url\":\"https:\/\/www.nashira-hm.it\/\",\"name\":\"Nashira Hardmetals srl - Produttore Metallo Duro\",\"description\":\"L&#039;arte del metallo duro\",\"publisher\":{\"@id\":\"https:\/\/www.nashira-hm.it\/#organization\"},\"potentialAction\":[{\"@type\":\"SearchAction\",\"target\":{\"@type\":\"EntryPoint\",\"urlTemplate\":\"https:\/\/www.nashira-hm.it\/?s={search_term_string}\"},\"query-input\":{\"@type\":\"PropertyValueSpecification\",\"valueRequired\":true,\"valueName\":\"search_term_string\"}}],\"inLanguage\":\"pt-BR\"},{\"@type\":\"Organization\",\"@id\":\"https:\/\/www.nashira-hm.it\/#organization\",\"name\":\"Nashira Hardmetals\",\"url\":\"https:\/\/www.nashira-hm.it\/\",\"logo\":{\"@type\":\"ImageObject\",\"inLanguage\":\"pt-BR\",\"@id\":\"https:\/\/www.nashira-hm.it\/#\/schema\/logo\/image\/\",\"url\":\"https:\/\/www.nashira-hm.it\/wp-content\/uploads\/2018\/01\/logo-nashira-positivo.png\",\"contentUrl\":\"https:\/\/www.nashira-hm.it\/wp-content\/uploads\/2018\/01\/logo-nashira-positivo.png\",\"width\":204,\"height\":70,\"caption\":\"Nashira Hardmetals\"},\"image\":{\"@id\":\"https:\/\/www.nashira-hm.it\/#\/schema\/logo\/image\/\"},\"sameAs\":[\"https:\/\/www.facebook.com\/NashiraHardmetals\/\",\"https:\/\/www.linkedin.com\/company\/nashira-hardmetals\/\"]}]}<\/script>\n<!-- \/ Yoast SEO Premium plugin. -->","yoast_head_json":{"title":"Pedra - Nashira Hardmetals - Italy | Metal Duro para pedra","description":"Pedra - No setor de minera\u00e7\u00e3o, as ferramentas de metal duro s\u00e3o o componente principal. Todas as m\u00e1quinas que escavam rochas ferramentas de metal duro","robots":{"index":"index","follow":"follow","max-snippet":"max-snippet:-1","max-image-preview":"max-image-preview:large","max-video-preview":"max-video-preview:-1"},"canonical":"https:\/\/www.nashira-hm.it\/pt-br\/pedra\/","og_locale":"pt_BR","og_type":"article","og_title":"Pedra","og_description":"Pedra - No setor de minera\u00e7\u00e3o, as ferramentas de metal duro s\u00e3o o componente principal. Todas as m\u00e1quinas que escavam rochas ferramentas de metal duro","og_url":"https:\/\/www.nashira-hm.it\/pt-br\/pedra\/","og_site_name":"Nashira Hardmetals srl - Produttore Metallo Duro.","article_publisher":"https:\/\/www.facebook.com\/NashiraHardmetals\/","article_modified_time":"2020-06-29T14:10:50+00:00","og_image":[{"width":1000,"height":1045,"url":"https:\/\/www.nashira-hm.it\/wp-content\/uploads\/2017\/06\/IGP2006.jpg","type":"image\/jpeg"}],"twitter_card":"summary_large_image","twitter_misc":{"Est. tempo de leitura":"2 minutos"},"schema":{"@context":"https:\/\/schema.org","@graph":[{"@type":"WebPage","@id":"https:\/\/www.nashira-hm.it\/pt-br\/pedra\/","url":"https:\/\/www.nashira-hm.it\/pt-br\/pedra\/","name":"Pedra - Nashira Hardmetals - Italy | Metal Duro para pedra","isPartOf":{"@id":"https:\/\/www.nashira-hm.it\/#website"},"primaryImageOfPage":{"@id":"https:\/\/www.nashira-hm.it\/pt-br\/pedra\/#primaryimage"},"image":{"@id":"https:\/\/www.nashira-hm.it\/pt-br\/pedra\/#primaryimage"},"thumbnailUrl":"https:\/\/www.nashira-hm.it\/wp-content\/uploads\/2017\/06\/IGP2006.jpg","datePublished":"2017-08-07T10:10:31+00:00","dateModified":"2020-06-29T14:10:50+00:00","description":"Pedra - No setor de minera\u00e7\u00e3o, as ferramentas de metal duro s\u00e3o o componente principal. Todas as m\u00e1quinas que escavam rochas ferramentas de metal duro","breadcrumb":{"@id":"https:\/\/www.nashira-hm.it\/pt-br\/pedra\/#breadcrumb"},"inLanguage":"pt-BR","potentialAction":[{"@type":"ReadAction","target":["https:\/\/www.nashira-hm.it\/pt-br\/pedra\/"]}]},{"@type":"ImageObject","inLanguage":"pt-BR","@id":"https:\/\/www.nashira-hm.it\/pt-br\/pedra\/#primaryimage","url":"https:\/\/www.nashira-hm.it\/wp-content\/uploads\/2017\/06\/IGP2006.jpg","contentUrl":"https:\/\/www.nashira-hm.it\/wp-content\/uploads\/2017\/06\/IGP2006.jpg","width":1000,"height":1045,"caption":"Ferramentas de metal duro para pedra"},{"@type":"BreadcrumbList","@id":"https:\/\/www.nashira-hm.it\/pt-br\/pedra\/#breadcrumb","itemListElement":[{"@type":"ListItem","position":1,"name":"Home","item":"https:\/\/www.nashira-hm.it\/pt-br\/"},{"@type":"ListItem","position":2,"name":"Pedra"}]},{"@type":"WebSite","@id":"https:\/\/www.nashira-hm.it\/#website","url":"https:\/\/www.nashira-hm.it\/","name":"Nashira Hardmetals srl - Produttore Metallo Duro","description":"L&#039;arte del metallo duro","publisher":{"@id":"https:\/\/www.nashira-hm.it\/#organization"},"potentialAction":[{"@type":"SearchAction","target":{"@type":"EntryPoint","urlTemplate":"https:\/\/www.nashira-hm.it\/?s={search_term_string}"},"query-input":{"@type":"PropertyValueSpecification","valueRequired":true,"valueName":"search_term_string"}}],"inLanguage":"pt-BR"},{"@type":"Organization","@id":"https:\/\/www.nashira-hm.it\/#organization","name":"Nashira Hardmetals","url":"https:\/\/www.nashira-hm.it\/","logo":{"@type":"ImageObject","inLanguage":"pt-BR","@id":"https:\/\/www.nashira-hm.it\/#\/schema\/logo\/image\/","url":"https:\/\/www.nashira-hm.it\/wp-content\/uploads\/2018\/01\/logo-nashira-positivo.png","contentUrl":"https:\/\/www.nashira-hm.it\/wp-content\/uploads\/2018\/01\/logo-nashira-positivo.png","width":204,"height":70,"caption":"Nashira Hardmetals"},"image":{"@id":"https:\/\/www.nashira-hm.it\/#\/schema\/logo\/image\/"},"sameAs":["https:\/\/www.facebook.com\/NashiraHardmetals\/","https:\/\/www.linkedin.com\/company\/nashira-hardmetals\/"]}]}},"_links":{"self":[{"href":"https:\/\/www.nashira-hm.it\/pt-br\/wp-json\/wp\/v2\/pages\/5847"}],"collection":[{"href":"https:\/\/www.nashira-hm.it\/pt-br\/wp-json\/wp\/v2\/pages"}],"about":[{"href":"https:\/\/www.nashira-hm.it\/pt-br\/wp-json\/wp\/v2\/types\/page"}],"author":[{"embeddable":true,"href":"https:\/\/www.nashira-hm.it\/pt-br\/wp-json\/wp\/v2\/users\/2"}],"replies":[{"embeddable":true,"href":"https:\/\/www.nashira-hm.it\/pt-br\/wp-json\/wp\/v2\/comments?post=5847"}],"version-history":[{"count":4,"href":"https:\/\/www.nashira-hm.it\/pt-br\/wp-json\/wp\/v2\/pages\/5847\/revisions"}],"predecessor-version":[{"id":6308,"href":"https:\/\/www.nashira-hm.it\/pt-br\/wp-json\/wp\/v2\/pages\/5847\/revisions\/6308"}],"wp:featuredmedia":[{"embeddable":true,"href":"https:\/\/www.nashira-hm.it\/pt-br\/wp-json\/wp\/v2\/media\/5711"}],"wp:attachment":[{"href":"https:\/\/www.nashira-hm.it\/pt-br\/wp-json\/wp\/v2\/media?parent=5847"}],"curies":[{"name":"wp","href":"https:\/\/api.w.org\/{rel}","templated":true}]}}