{"id":5843,"date":"2018-01-09T16:29:06","date_gmt":"2018-01-09T15:29:06","guid":{"rendered":"https:\/\/www.nashira-hm.it\/?page_id=5843"},"modified":"2021-01-26T13:11:31","modified_gmt":"2021-01-26T12:11:31","slug":"bicos","status":"publish","type":"page","link":"https:\/\/www.nashira-hm.it\/pt-br\/bicos\/","title":{"rendered":"Bicos"},"content":{"rendered":"<div class=\"wpb-content-wrapper\"><p>[vc_row][vc_column][vc_column_text]<\/p>\n<h1>[\/vc_column_text][\/vc_column][\/vc_row][vc_row el_id=&#8221;superfici&#8221;][vc_column][vc_empty_space height=&#8221;60px&#8221;]            <div class=\"skill-text\">\n                <h2>Bicos<\/h2>\n                <p><\/p>\n            <\/div>\n    [vc_column_text]A <strong>\u00e1rea de tratamento de superf\u00edcies<\/strong> e <a href=\"https:\/\/pt.wikipedia.org\/wiki\/Jateamento_abrasivo\" target=\"_blank\" rel=\"noopener\">bicos de jato de areia<\/a> requer alta produtividade e altos padr\u00f5es.[\/vc_column_text][vc_empty_space][\/vc_column][\/vc_row][vc_row][vc_column][vc_empty_space][vc_column_text css_animation=&#8221;fadeIn&#8221;]Portanto, nossos clientes sabem que podem confiar nos bicos de\u00a0<strong><a href=\"https:\/\/pt.wikipedia.org\/wiki\/Jateamento_abrasivo\">jateamento da<\/a><\/strong>\u00a0Nashira Hard Metals para resolver\u00a0<a href=\"https:\/\/www.nashira-hm.it\/pt-br\/le-caratteristiche-del-metallo-duro\/\">problemas de desgaste<\/a>.<br \/>\nNossos <a href=\"https:\/\/www.nashira-hm.it\/en\/grade-and-applications\/\">Tipos <\/a>espec\u00edficos\u00a0\u00a0<strong>de carboneto de tungst\u00eanio<\/strong>\u00a0\u00a0de alta resist\u00eancia s\u00e3o um ponto de refer\u00eancia em nosso setor de tratamento de superf\u00edcies.\u00a0A linha de produ\u00e7\u00e3o vai desde os bicos mais importantes para m\u00e1quinas de jato de areia aos bicos de venturi e a qualquer\u00a0bico especial de acordo com o projeto do cliente.\u00a0No entanto, placas e pe\u00e7as de desgaste s\u00e3o oferecidas para proteger as pe\u00e7as das m\u00e1quinas sujeitas a desgaste.<\/h1>\n<h2>O que \u00e9 jateamento de areia?<\/h2>\n<p>O\u00a0<strong>jateamento de areia<\/strong>\u00a0\u00e9 a\u00a0<strong>abras\u00e3o de uma superf\u00edcie por meio de um jato de ar e areia<\/strong>.\u00a0Por isso, serve para remover oxida\u00e7\u00f5es, calcifica\u00e7\u00f5es e tintas, tornando a superf\u00edcie lisa e livre de impurezas.\u00a0\u00c9 realizado em cabines de jateamento de areia e pode ser realizado em v\u00e1rias superf\u00edcies.\u00a0Nas superf\u00edcies mais delicadas, \u00e9 usado um tamanho de gr\u00e3o fino do abrasivo e uma leve press\u00e3o.\u00a0Enquanto os materiais resistentes s\u00e3o tratados com um jateamento de areia mais agressivo.<\/p>\n<p>O campo de jateamento de areia \u00e9 predominante no setor de\u00a0<strong>constru\u00e7\u00e3o<\/strong>\u00a0e\u00a0<strong>mec\u00e2nica<\/strong>.\u00a0\u00c9 freq\u00fcentemente usado para limpar paredes, tetos, postes, cisternas, port\u00f5es ou chapas industriais.\u00a0Em geral, existem duas op\u00e7\u00f5es:<\/p>\n<ul>\n<li>jateamento de ciclo aberto (ou convencional): n\u00e3o requer a remo\u00e7\u00e3o dos res\u00edduos gerados.<\/li>\n<li>ciclo fechado: envolve a suc\u00e7\u00e3o do p\u00f3 gerado pelo tratamento.<\/li>\n<\/ul>\n<h3><strong>Jateamento de metal<\/strong><\/h3>\n<p>Quanto ao <strong>jateamento<\/strong> <strong>de metal<\/strong>\u00a0, este pode ser feito em v\u00e1rios n\u00edveis:<\/p>\n<ul>\n<li>Metal branco: remove todos os produtos de corros\u00e3o.<\/li>\n<li>Quase branco: remove ferrugem, sujeira e incrusta\u00e7\u00f5es.<\/li>\n<li>Comercial: boa limpeza, mas n\u00e3o perfeita nem completamente homog\u00eanea.<\/li>\n<li>Grosso: simplesmente remove dep\u00f3sitos de ferrugem e res\u00edduos de tinta.<\/li>\n<\/ul>\n<h1><strong>Bicos para jateadores de areia<\/strong><\/h1>\n<p>A\u00a0<strong>cabine de<\/strong>\u00a0jateamento de areia \u00e9 usada\u00a0<strong>para jateamento de areia<\/strong> que funciona com ar comprimido.\u00a0Produzem um forte jato de ar e areia, que exerce uma a\u00e7\u00e3o abrasiva na superf\u00edcie a ser tratada.\u00a0Eles est\u00e3o equipados com um tanque, um tubo de transporte e um\u00a0<strong>bico de carboneto de tungst\u00eanio<\/strong>.\u00a0Este \u00faltimo serve para direcionar o jato e deve ser particularmente resistente, dada a alta abrasividade da mistura utilizada.\u00a0Portanto, para maior confiabilidade e durabilidade, s\u00e3o utilizados\u00a0<strong>bicos para jateadores de areia de carboneto de tungst\u00eanio<\/strong>.<\/p>\n<p>Os bicos de jateamento s\u00e3o um componente fundamental no processo de jateamento.<\/p>\n<p>Existem v\u00e1rios fatores a considerar para escolher o bico certo: composi\u00e7\u00e3o do material, forma, comprimento e tamanho.\u00a0Por exemplo, um bico menor permite concentrar mais o jato, aumentando o impacto na superf\u00edcie.\u00a0Em geral, uma escolha correta depende do tipo de superf\u00edcie a ser tratada e do resultado a ser obtido.<\/p>\n<h4><strong>\u00a0<\/strong><strong>Nossa oferta<\/strong><\/h4>\n<p><strong>\u00a0<\/strong><strong>A Nashira Hardmetals fornece bicos para jateadores de areia de todos os tipos e tamanhos,<\/strong>\u00a0feitos sob medida para todas as necessidades.\u00a0Nossos\u00a0<strong>bicos de jateamento<\/strong>\u00a0garantem:<\/p>\n<p>&nbsp;<\/p>\n<ul>\n<li>Alto desempenho<\/li>\n<li>Longa dura\u00e7\u00e3o<\/li>\n<li>Resultados uniformes<\/li>\n<\/ul>\n<p>[\/vc_column_text][vc_btn title=&#8221;Solicite informa\u00e7\u00f5es&#8221; style=&#8221;custom&#8221; custom_background=&#8221;#f7a600&#8243; custom_text=&#8221;#ffffff&#8221; shape=&#8221;square&#8221; css_animation=&#8221;fadeIn&#8221; link=&#8221;url:https%3A%2F%2Fwww.nashira-hm.it%2Fen%2Fcontact%2F|||&#8221;][\/vc_column][\/vc_row]<\/p>\n<\/div>","protected":false},"excerpt":{"rendered":"<p>[vc_row][vc_column][vc_column_text] [\/vc_column_text][\/vc_column][\/vc_row][vc_row el_id=&#8221;superfici&#8221;][vc_column][vc_empty_space height=&#8221;60px&#8221;][vc_column_text]A \u00e1rea de tratamento de superf\u00edcies e bicos de jato de areia requer alta produtividade e altos padr\u00f5es.[\/vc_column_text][vc_empty_space][\/vc_column][\/vc_row][vc_row][vc_column][vc_empty_space][vc_column_text css_animation=&#8221;fadeIn&#8221;]Portanto, nossos clientes sabem que podem confiar nos bicos de\u00a0jateamento da\u00a0Nashira Hard Metals para resolver\u00a0problemas de desgaste. Nossos Tipos espec\u00edficos\u00a0\u00a0de carboneto de tungst\u00eanio\u00a0\u00a0de alta resist\u00eancia s\u00e3o um ponto de refer\u00eancia em nosso setor de [&hellip;]<\/p>\n","protected":false},"author":2,"featured_media":3976,"parent":0,"menu_order":0,"comment_status":"closed","ping_status":"closed","template":"","meta":{"footnotes":""},"yoast_head":"<!-- This site is optimized with the Yoast SEO Premium plugin v23.8 (Yoast SEO v24.5) - https:\/\/yoast.com\/wordpress\/plugins\/seo\/ -->\n<title>Bicos - Nashira Hardmetals | Carboneto de Tungstenio | Metal Duro<\/title>\n<meta name=\"description\" content=\"Bicos para jateadores de areia Portanto, nossos clientes sabem que podem confiar nos bicos de\u00a0jateamento da\u00a0Nashira Hard Metals para resolver\u00a0problemas...\" \/>\n<meta name=\"robots\" content=\"index, follow, max-snippet:-1, max-image-preview:large, max-video-preview:-1\" \/>\n<link rel=\"canonical\" href=\"https:\/\/www.nashira-hm.it\/pt-br\/bicos\/\" \/>\n<meta property=\"og:locale\" content=\"pt_BR\" \/>\n<meta property=\"og:type\" content=\"article\" \/>\n<meta property=\"og:title\" content=\"Bicos\" \/>\n<meta property=\"og:description\" content=\"Bicos para jateadores de areia Portanto, nossos clientes sabem que podem confiar nos bicos de\u00a0jateamento da\u00a0Nashira Hard Metals para resolver\u00a0problemas...\" \/>\n<meta property=\"og:url\" content=\"https:\/\/www.nashira-hm.it\/pt-br\/bicos\/\" \/>\n<meta property=\"og:site_name\" content=\"Nashira Hardmetals srl - Produttore Metallo Duro.\" \/>\n<meta property=\"article:publisher\" content=\"https:\/\/www.facebook.com\/NashiraHardmetals\/\" \/>\n<meta property=\"article:modified_time\" content=\"2021-01-26T12:11:31+00:00\" \/>\n<meta name=\"twitter:card\" content=\"summary_large_image\" \/>\n<meta name=\"twitter:label1\" content=\"Est. tempo de leitura\" \/>\n\t<meta name=\"twitter:data1\" content=\"3 minutos\" \/>\n<script type=\"application\/ld+json\" class=\"yoast-schema-graph\">{\"@context\":\"https:\/\/schema.org\",\"@graph\":[{\"@type\":\"WebPage\",\"@id\":\"https:\/\/www.nashira-hm.it\/pt-br\/bicos\/\",\"url\":\"https:\/\/www.nashira-hm.it\/pt-br\/bicos\/\",\"name\":\"Bicos - Nashira Hardmetals | Carboneto de Tungstenio | Metal Duro\",\"isPartOf\":{\"@id\":\"https:\/\/www.nashira-hm.it\/#website\"},\"primaryImageOfPage\":{\"@id\":\"https:\/\/www.nashira-hm.it\/pt-br\/bicos\/#primaryimage\"},\"image\":{\"@id\":\"https:\/\/www.nashira-hm.it\/pt-br\/bicos\/#primaryimage\"},\"thumbnailUrl\":\"https:\/\/www.nashira-hm.it\/wp-content\/uploads\/2017\/08\/s2.jpg\",\"datePublished\":\"2018-01-09T15:29:06+00:00\",\"dateModified\":\"2021-01-26T12:11:31+00:00\",\"description\":\"Bicos para jateadores de areia Portanto, nossos clientes sabem que podem confiar nos bicos de\u00a0jateamento da\u00a0Nashira Hard Metals para resolver\u00a0problemas...\",\"breadcrumb\":{\"@id\":\"https:\/\/www.nashira-hm.it\/pt-br\/bicos\/#breadcrumb\"},\"inLanguage\":\"pt-BR\",\"potentialAction\":[{\"@type\":\"ReadAction\",\"target\":[\"https:\/\/www.nashira-hm.it\/pt-br\/bicos\/\"]}]},{\"@type\":\"ImageObject\",\"inLanguage\":\"pt-BR\",\"@id\":\"https:\/\/www.nashira-hm.it\/pt-br\/bicos\/#primaryimage\",\"url\":\"https:\/\/www.nashira-hm.it\/wp-content\/uploads\/2017\/08\/s2.jpg\",\"contentUrl\":\"https:\/\/www.nashira-hm.it\/wp-content\/uploads\/2017\/08\/s2.jpg\",\"width\":1024,\"height\":576,\"caption\":\"Panoramica di ugelli in carburo di tungsteno per sabbiatrici\"},{\"@type\":\"BreadcrumbList\",\"@id\":\"https:\/\/www.nashira-hm.it\/pt-br\/bicos\/#breadcrumb\",\"itemListElement\":[{\"@type\":\"ListItem\",\"position\":1,\"name\":\"Home\",\"item\":\"https:\/\/www.nashira-hm.it\/pt-br\/\"},{\"@type\":\"ListItem\",\"position\":2,\"name\":\"Bicos\"}]},{\"@type\":\"WebSite\",\"@id\":\"https:\/\/www.nashira-hm.it\/#website\",\"url\":\"https:\/\/www.nashira-hm.it\/\",\"name\":\"Nashira Hardmetals srl - Produttore Metallo Duro\",\"description\":\"L&#039;arte del metallo duro\",\"publisher\":{\"@id\":\"https:\/\/www.nashira-hm.it\/#organization\"},\"potentialAction\":[{\"@type\":\"SearchAction\",\"target\":{\"@type\":\"EntryPoint\",\"urlTemplate\":\"https:\/\/www.nashira-hm.it\/?s={search_term_string}\"},\"query-input\":{\"@type\":\"PropertyValueSpecification\",\"valueRequired\":true,\"valueName\":\"search_term_string\"}}],\"inLanguage\":\"pt-BR\"},{\"@type\":\"Organization\",\"@id\":\"https:\/\/www.nashira-hm.it\/#organization\",\"name\":\"Nashira Hardmetals\",\"url\":\"https:\/\/www.nashira-hm.it\/\",\"logo\":{\"@type\":\"ImageObject\",\"inLanguage\":\"pt-BR\",\"@id\":\"https:\/\/www.nashira-hm.it\/#\/schema\/logo\/image\/\",\"url\":\"https:\/\/www.nashira-hm.it\/wp-content\/uploads\/2018\/01\/logo-nashira-positivo.png\",\"contentUrl\":\"https:\/\/www.nashira-hm.it\/wp-content\/uploads\/2018\/01\/logo-nashira-positivo.png\",\"width\":204,\"height\":70,\"caption\":\"Nashira Hardmetals\"},\"image\":{\"@id\":\"https:\/\/www.nashira-hm.it\/#\/schema\/logo\/image\/\"},\"sameAs\":[\"https:\/\/www.facebook.com\/NashiraHardmetals\/\",\"https:\/\/www.linkedin.com\/company\/nashira-hardmetals\/\"]}]}<\/script>\n<!-- \/ Yoast SEO Premium plugin. -->","yoast_head_json":{"title":"Bicos - Nashira Hardmetals | Carboneto de Tungstenio | Metal Duro","description":"Bicos para jateadores de areia Portanto, nossos clientes sabem que podem confiar nos bicos de\u00a0jateamento da\u00a0Nashira Hard Metals para resolver\u00a0problemas...","robots":{"index":"index","follow":"follow","max-snippet":"max-snippet:-1","max-image-preview":"max-image-preview:large","max-video-preview":"max-video-preview:-1"},"canonical":"https:\/\/www.nashira-hm.it\/pt-br\/bicos\/","og_locale":"pt_BR","og_type":"article","og_title":"Bicos","og_description":"Bicos para jateadores de areia Portanto, nossos clientes sabem que podem confiar nos bicos de\u00a0jateamento da\u00a0Nashira Hard Metals para resolver\u00a0problemas...","og_url":"https:\/\/www.nashira-hm.it\/pt-br\/bicos\/","og_site_name":"Nashira Hardmetals srl - Produttore Metallo Duro.","article_publisher":"https:\/\/www.facebook.com\/NashiraHardmetals\/","article_modified_time":"2021-01-26T12:11:31+00:00","twitter_card":"summary_large_image","twitter_misc":{"Est. tempo de leitura":"3 minutos"},"schema":{"@context":"https:\/\/schema.org","@graph":[{"@type":"WebPage","@id":"https:\/\/www.nashira-hm.it\/pt-br\/bicos\/","url":"https:\/\/www.nashira-hm.it\/pt-br\/bicos\/","name":"Bicos - Nashira Hardmetals | Carboneto de Tungstenio | Metal Duro","isPartOf":{"@id":"https:\/\/www.nashira-hm.it\/#website"},"primaryImageOfPage":{"@id":"https:\/\/www.nashira-hm.it\/pt-br\/bicos\/#primaryimage"},"image":{"@id":"https:\/\/www.nashira-hm.it\/pt-br\/bicos\/#primaryimage"},"thumbnailUrl":"https:\/\/www.nashira-hm.it\/wp-content\/uploads\/2017\/08\/s2.jpg","datePublished":"2018-01-09T15:29:06+00:00","dateModified":"2021-01-26T12:11:31+00:00","description":"Bicos para jateadores de areia Portanto, nossos clientes sabem que podem confiar nos bicos de\u00a0jateamento da\u00a0Nashira Hard Metals para resolver\u00a0problemas...","breadcrumb":{"@id":"https:\/\/www.nashira-hm.it\/pt-br\/bicos\/#breadcrumb"},"inLanguage":"pt-BR","potentialAction":[{"@type":"ReadAction","target":["https:\/\/www.nashira-hm.it\/pt-br\/bicos\/"]}]},{"@type":"ImageObject","inLanguage":"pt-BR","@id":"https:\/\/www.nashira-hm.it\/pt-br\/bicos\/#primaryimage","url":"https:\/\/www.nashira-hm.it\/wp-content\/uploads\/2017\/08\/s2.jpg","contentUrl":"https:\/\/www.nashira-hm.it\/wp-content\/uploads\/2017\/08\/s2.jpg","width":1024,"height":576,"caption":"Panoramica di ugelli in carburo di tungsteno per sabbiatrici"},{"@type":"BreadcrumbList","@id":"https:\/\/www.nashira-hm.it\/pt-br\/bicos\/#breadcrumb","itemListElement":[{"@type":"ListItem","position":1,"name":"Home","item":"https:\/\/www.nashira-hm.it\/pt-br\/"},{"@type":"ListItem","position":2,"name":"Bicos"}]},{"@type":"WebSite","@id":"https:\/\/www.nashira-hm.it\/#website","url":"https:\/\/www.nashira-hm.it\/","name":"Nashira Hardmetals srl - Produttore Metallo Duro","description":"L&#039;arte del metallo duro","publisher":{"@id":"https:\/\/www.nashira-hm.it\/#organization"},"potentialAction":[{"@type":"SearchAction","target":{"@type":"EntryPoint","urlTemplate":"https:\/\/www.nashira-hm.it\/?s={search_term_string}"},"query-input":{"@type":"PropertyValueSpecification","valueRequired":true,"valueName":"search_term_string"}}],"inLanguage":"pt-BR"},{"@type":"Organization","@id":"https:\/\/www.nashira-hm.it\/#organization","name":"Nashira Hardmetals","url":"https:\/\/www.nashira-hm.it\/","logo":{"@type":"ImageObject","inLanguage":"pt-BR","@id":"https:\/\/www.nashira-hm.it\/#\/schema\/logo\/image\/","url":"https:\/\/www.nashira-hm.it\/wp-content\/uploads\/2018\/01\/logo-nashira-positivo.png","contentUrl":"https:\/\/www.nashira-hm.it\/wp-content\/uploads\/2018\/01\/logo-nashira-positivo.png","width":204,"height":70,"caption":"Nashira Hardmetals"},"image":{"@id":"https:\/\/www.nashira-hm.it\/#\/schema\/logo\/image\/"},"sameAs":["https:\/\/www.facebook.com\/NashiraHardmetals\/","https:\/\/www.linkedin.com\/company\/nashira-hardmetals\/"]}]}},"_links":{"self":[{"href":"https:\/\/www.nashira-hm.it\/pt-br\/wp-json\/wp\/v2\/pages\/5843"}],"collection":[{"href":"https:\/\/www.nashira-hm.it\/pt-br\/wp-json\/wp\/v2\/pages"}],"about":[{"href":"https:\/\/www.nashira-hm.it\/pt-br\/wp-json\/wp\/v2\/types\/page"}],"author":[{"embeddable":true,"href":"https:\/\/www.nashira-hm.it\/pt-br\/wp-json\/wp\/v2\/users\/2"}],"replies":[{"embeddable":true,"href":"https:\/\/www.nashira-hm.it\/pt-br\/wp-json\/wp\/v2\/comments?post=5843"}],"version-history":[{"count":5,"href":"https:\/\/www.nashira-hm.it\/pt-br\/wp-json\/wp\/v2\/pages\/5843\/revisions"}],"predecessor-version":[{"id":10764,"href":"https:\/\/www.nashira-hm.it\/pt-br\/wp-json\/wp\/v2\/pages\/5843\/revisions\/10764"}],"wp:featuredmedia":[{"embeddable":true,"href":"https:\/\/www.nashira-hm.it\/pt-br\/wp-json\/wp\/v2\/media\/3976"}],"wp:attachment":[{"href":"https:\/\/www.nashira-hm.it\/pt-br\/wp-json\/wp\/v2\/media?parent=5843"}],"curies":[{"name":"wp","href":"https:\/\/api.w.org\/{rel}","templated":true}]}}