{"id":5686,"date":"2017-08-07T12:09:41","date_gmt":"2017-08-07T10:09:41","guid":{"rendered":"https:\/\/www.nashira-hm.it\/?page_id=5686"},"modified":"2021-01-18T13:37:57","modified_gmt":"2021-01-18T12:37:57","slug":"tecnologias","status":"publish","type":"page","link":"https:\/\/www.nashira-hm.it\/pt-br\/tecnologias\/","title":{"rendered":"Tecnologias"},"content":{"rendered":"<div class=\"wpb-content-wrapper\"><p>[vc_row][vc_column][vc_column_text]<\/p>\n<h1>[\/vc_column_text][\/vc_column][\/vc_row][vc_row el_id=&#8221;macchinari&#8221;][vc_column width=&#8221;5\/12&#8243;]            <div class=\"skill-text\">\n                <h2>M\u00e1quinas<\/h2>\n                <p><\/p>\n            <\/div>\n    [vc_empty_space][vc_column_text css_animation=&#8221;fadeIn&#8221;]<\/h1>\n<p>A\u00a0\u00a0<strong>Nashira Hard Metals<\/strong>\u00a0utiliza tecnologia e m\u00e1quinas de \u00faltima gera\u00e7\u00e3o.\u00a0Portanto, com o uso de sistemas\u00a0<strong>CNC<\/strong>\u00a0e de uma\u00a0<strong>esta\u00e7\u00e3o\u00a0CAD<\/strong>\u00a0,\u00a0<strong>CAD-CAM<\/strong>\u00a0para\u00a0\u00a0programa\u00e7\u00e3o de m\u00e1quinas, podemos oferecer a devida assist\u00eancia aos nossos clientes no projeto de pe\u00e7as.\u00a0Portanto, um laborat\u00f3rio tecnologicamente avan\u00e7ado nos permite garantir qualidade\u00a0constante e controle adequado de produtos e processos.<\/p>\n<h1>[\/vc_column_text][\/vc_column][vc_column width=&#8221;2\/12&#8243;][\/vc_column][vc_column width=&#8221;5\/12&#8243; el_class=&#8221;video-area&#8221;]        <div class=\"video-area-text text-center wow bounceIn\">\n            <a href=\"https:\/\/www.nashira-hm.it\/wp-content\/uploads\/2017\/09\/Video-Nashira_def_1.mp4\" class=\"video-play mfp-iframe\">\n                <i class=\"fa fa-play\"><\/i>\n            <\/a>\n            <h2><\/h2>\n        <\/div>\n    [\/vc_column][\/vc_row][vc_row el_id=&#8221;innovazione&#8221;][vc_column]            <div class=\"skill-text\">\n                <h2>Inova\u00e7\u00e3o<\/h2>\n                <p><\/p>\n            <\/div>\n    [vc_empty_space][\/vc_column][\/vc_row][vc_row][vc_column width=&#8221;1\/2&#8243;][vc_column_text css_animation=&#8221;fadeIn&#8221;]<\/h1>\n<p>Com vista \u00e0 melhoria cont\u00ednua, ou seja, melhoria baseada em pequenos passos.\u00a0Essa abordagem envolve aspectos organizados e tecnol\u00f3gicos, al\u00e9m de treinamento para os funcion\u00e1rios, melhoria das condi\u00e7\u00f5es de trabalho.\u00a0Incentivamos as pessoas a fazer pequenas mudan\u00e7as todos os dias, que se traduzem em uma melhoria de toda a organiza\u00e7\u00e3o.<\/p>\n<p>As tecnologias organizacionais da Nashira utilizam a certifica\u00e7\u00e3o de qualidade ISO 9000, as atividades de produ\u00e7\u00e3o s\u00e3o gerenciadas por meio de um <strong>software<\/strong>\u00a0avan\u00e7ado de\u00a0<strong><a href=\"https:\/\/it.wikipedia.org\/wiki\/Enterprise_resource_planning\">ERP<\/a><\/strong>\u00a0e a\u00a0<strong><a href=\"https:\/\/it.wikipedia.org\/wiki\/5S_(metodologia)\">metologia 5S<\/a><\/strong> \u00e9 implementada nos nashira departamentos. .[\/vc_column_text][vc_column_text css_animation=&#8221;fadeIn&#8221;]<a href=\"https:\/\/www.nashira-hm.it\/wp-content\/uploads\/2017\/09\/5s-nashira-.pdf\" target=\"_blank\" rel=\"noopener\">Download da metodologia 5s<\/a>[\/vc_column_text][\/vc_column][vc_column width=&#8221;1\/2&#8243;][vc_row_inner][vc_column_inner width=&#8221;1\/2&#8243;][vc_single_image image=&#8221;5758&#8243; img_size=&#8221;large&#8221; alignment=&#8221;right&#8221;][\/vc_column_inner][vc_column_inner width=&#8221;1\/2&#8243;][vc_single_image image=&#8221;5757&#8243; img_size=&#8221;200&#215;200&#8243;][\/vc_column_inner][\/vc_row_inner][\/vc_column][\/vc_row][vc_row el_id=&#8221;ricercaesviluppo&#8221;][vc_column width=&#8221;1\/2&#8243;][vc_custom_heading text=&#8221;<strong>Pesquisa e Desenvolvimento<\/strong>&#8221; font_container=&#8221;tag:h2|font_size:40px|text_align:left|line_height:46px&#8221; use_theme_fonts=&#8221;yes&#8221; el_class=&#8221;skill-text&#8221;][vc_separator color=&#8221;custom&#8221; align=&#8221;align_left&#8221; border_width=&#8221;10&#8243; el_width=&#8221;20&#8243; accent_color=&#8221;#f7a600&#8243;][vc_empty_space][vc_column_text css_animation=&#8221;fadeIn&#8221;]<\/p>\n<p>Hoje, para n\u00f3s, a\u00a0<strong>pesquisa<\/strong> e o desenvolvimento de novos produtos e processos s\u00e3o a pedra angular da nossa empresa Nashira.<\/p>\n<p>Gra\u00e7as a uma\u00a0<strong>parceria<\/strong>\u00a0com a faculdade de\u00a0<strong>engenharia<\/strong>, recebemos jovens\u00a0<strong>graduados<\/strong>\u00a0em\u00a0<strong>engenharia mec\u00e2nica<\/strong>\u00a0em nossa empresa,\u00a0que estavam preparando uma tese experimental.\u00a0Colocamos nosso\u00a0<strong>know-how<\/strong>\u00a0e nossos\u00a0<strong>laborat\u00f3rios<\/strong>\u00a0\u00e0 disposi\u00e7\u00e3o\u00a0e eles compartilharam os resultados de suas\u00a0<strong>experi\u00eancias<\/strong>\u00a0conosco.<\/p>\n<p>Gra\u00e7as a uma dessas preciosas\u00a0<strong>colabora\u00e7\u00f5es<\/strong>, por exemplo, lan\u00e7amos<br \/>\nlan\u00e7ou uma\u00a0<strong>nova<\/strong>\u00a0linha de\u00a0<strong>produtos<\/strong> mais\u00a0<strong>resistentes ao desgaste.<\/strong><\/p>\n<p>[\/vc_column_text][\/vc_column][vc_column width=&#8221;1\/2&#8243;][vc_empty_space][vc_single_image image=&#8221;4221&#8243; img_size=&#8221;large&#8221; alignment=&#8221;center&#8221;][\/vc_column][\/vc_row]<\/p>\n<\/div>","protected":false},"excerpt":{"rendered":"<p>[vc_row][vc_column][vc_column_text] [\/vc_column_text][\/vc_column][\/vc_row][vc_row el_id=&#8221;macchinari&#8221;][vc_column width=&#8221;5\/12&#8243;][vc_empty_space][vc_column_text css_animation=&#8221;fadeIn&#8221;] A\u00a0\u00a0Nashira Hard Metals\u00a0utiliza tecnologia e m\u00e1quinas de \u00faltima gera\u00e7\u00e3o.\u00a0Portanto, com o uso de sistemas\u00a0CNC\u00a0e de uma\u00a0esta\u00e7\u00e3o\u00a0CAD\u00a0,\u00a0CAD-CAM\u00a0para\u00a0\u00a0programa\u00e7\u00e3o de m\u00e1quinas, podemos oferecer a devida assist\u00eancia aos nossos clientes no projeto de pe\u00e7as.\u00a0Portanto, um laborat\u00f3rio tecnologicamente avan\u00e7ado nos permite garantir qualidade\u00a0constante e controle adequado de produtos e processos. [\/vc_column_text][\/vc_column][vc_column width=&#8221;2\/12&#8243;][\/vc_column][vc_column width=&#8221;5\/12&#8243; el_class=&#8221;video-area&#8221;][\/vc_column][\/vc_row][vc_row el_id=&#8221;innovazione&#8221;][vc_column][vc_empty_space][\/vc_column][\/vc_row][vc_row][vc_column [&hellip;]<\/p>\n","protected":false},"author":2,"featured_media":5757,"parent":0,"menu_order":0,"comment_status":"closed","ping_status":"closed","template":"Full-width.php","meta":{"footnotes":""},"yoast_head":"<!-- This site is optimized with the Yoast SEO Premium plugin v23.8 (Yoast SEO v24.5) - https:\/\/yoast.com\/wordpress\/plugins\/seo\/ -->\n<title>Tecnologias - Nashira Hardmetals - Metal duro - Carboneto<\/title>\n<meta name=\"description\" content=\"As tecnologias organizacionais da Nashira utilizam a certifica\u00e7\u00e3o de qualidade ISO 9000, as atividades de produ\u00e7\u00e3o s\u00e3o gerenciadas por meio de um\u00a0software\" \/>\n<meta name=\"robots\" content=\"index, follow, max-snippet:-1, max-image-preview:large, max-video-preview:-1\" \/>\n<link rel=\"canonical\" href=\"https:\/\/www.nashira-hm.it\/pt-br\/tecnologias\/\" \/>\n<meta property=\"og:locale\" content=\"pt_BR\" \/>\n<meta property=\"og:type\" content=\"article\" \/>\n<meta property=\"og:title\" content=\"Tecnologias\" \/>\n<meta property=\"og:description\" content=\"As tecnologias organizacionais da Nashira utilizam a certifica\u00e7\u00e3o de qualidade ISO 9000, as atividades de produ\u00e7\u00e3o s\u00e3o gerenciadas por meio de um\u00a0software\" \/>\n<meta property=\"og:url\" content=\"https:\/\/www.nashira-hm.it\/pt-br\/tecnologias\/\" \/>\n<meta property=\"og:site_name\" content=\"Nashira Hardmetals srl - Produttore Metallo Duro.\" \/>\n<meta property=\"article:publisher\" content=\"https:\/\/www.facebook.com\/NashiraHardmetals\/\" \/>\n<meta property=\"article:modified_time\" content=\"2021-01-18T12:37:57+00:00\" \/>\n<meta property=\"og:image\" content=\"https:\/\/www.nashira-hm.it\/wp-content\/uploads\/2017\/08\/image004.jpg\" \/>\n\t<meta property=\"og:image:width\" content=\"183\" \/>\n\t<meta property=\"og:image:height\" content=\"103\" \/>\n\t<meta property=\"og:image:type\" content=\"image\/jpeg\" \/>\n<meta name=\"twitter:card\" content=\"summary_large_image\" \/>\n<meta name=\"twitter:label1\" content=\"Est. tempo de leitura\" \/>\n\t<meta name=\"twitter:data1\" content=\"2 minutos\" \/>\n<script type=\"application\/ld+json\" class=\"yoast-schema-graph\">{\"@context\":\"https:\/\/schema.org\",\"@graph\":[{\"@type\":\"WebPage\",\"@id\":\"https:\/\/www.nashira-hm.it\/pt-br\/tecnologias\/\",\"url\":\"https:\/\/www.nashira-hm.it\/pt-br\/tecnologias\/\",\"name\":\"Tecnologias - Nashira Hardmetals - Metal duro - Carboneto\",\"isPartOf\":{\"@id\":\"https:\/\/www.nashira-hm.it\/#website\"},\"primaryImageOfPage\":{\"@id\":\"https:\/\/www.nashira-hm.it\/pt-br\/tecnologias\/#primaryimage\"},\"image\":{\"@id\":\"https:\/\/www.nashira-hm.it\/pt-br\/tecnologias\/#primaryimage\"},\"thumbnailUrl\":\"https:\/\/www.nashira-hm.it\/wp-content\/uploads\/2017\/08\/image004.jpg\",\"datePublished\":\"2017-08-07T10:09:41+00:00\",\"dateModified\":\"2021-01-18T12:37:57+00:00\",\"description\":\"As tecnologias organizacionais da Nashira utilizam a certifica\u00e7\u00e3o de qualidade ISO 9000, as atividades de produ\u00e7\u00e3o s\u00e3o gerenciadas por meio de um\u00a0software\",\"breadcrumb\":{\"@id\":\"https:\/\/www.nashira-hm.it\/pt-br\/tecnologias\/#breadcrumb\"},\"inLanguage\":\"pt-BR\",\"potentialAction\":[{\"@type\":\"ReadAction\",\"target\":[\"https:\/\/www.nashira-hm.it\/pt-br\/tecnologias\/\"]}]},{\"@type\":\"ImageObject\",\"inLanguage\":\"pt-BR\",\"@id\":\"https:\/\/www.nashira-hm.it\/pt-br\/tecnologias\/#primaryimage\",\"url\":\"https:\/\/www.nashira-hm.it\/wp-content\/uploads\/2017\/08\/image004.jpg\",\"contentUrl\":\"https:\/\/www.nashira-hm.it\/wp-content\/uploads\/2017\/08\/image004.jpg\",\"width\":183,\"height\":103,\"caption\":\"5S\"},{\"@type\":\"BreadcrumbList\",\"@id\":\"https:\/\/www.nashira-hm.it\/pt-br\/tecnologias\/#breadcrumb\",\"itemListElement\":[{\"@type\":\"ListItem\",\"position\":1,\"name\":\"Home\",\"item\":\"https:\/\/www.nashira-hm.it\/pt-br\/\"},{\"@type\":\"ListItem\",\"position\":2,\"name\":\"Tecnologias\"}]},{\"@type\":\"WebSite\",\"@id\":\"https:\/\/www.nashira-hm.it\/#website\",\"url\":\"https:\/\/www.nashira-hm.it\/\",\"name\":\"Nashira Hardmetals srl - Produttore Metallo Duro\",\"description\":\"L&#039;arte del metallo duro\",\"publisher\":{\"@id\":\"https:\/\/www.nashira-hm.it\/#organization\"},\"potentialAction\":[{\"@type\":\"SearchAction\",\"target\":{\"@type\":\"EntryPoint\",\"urlTemplate\":\"https:\/\/www.nashira-hm.it\/?s={search_term_string}\"},\"query-input\":{\"@type\":\"PropertyValueSpecification\",\"valueRequired\":true,\"valueName\":\"search_term_string\"}}],\"inLanguage\":\"pt-BR\"},{\"@type\":\"Organization\",\"@id\":\"https:\/\/www.nashira-hm.it\/#organization\",\"name\":\"Nashira Hardmetals\",\"url\":\"https:\/\/www.nashira-hm.it\/\",\"logo\":{\"@type\":\"ImageObject\",\"inLanguage\":\"pt-BR\",\"@id\":\"https:\/\/www.nashira-hm.it\/#\/schema\/logo\/image\/\",\"url\":\"https:\/\/www.nashira-hm.it\/wp-content\/uploads\/2018\/01\/logo-nashira-positivo.png\",\"contentUrl\":\"https:\/\/www.nashira-hm.it\/wp-content\/uploads\/2018\/01\/logo-nashira-positivo.png\",\"width\":204,\"height\":70,\"caption\":\"Nashira Hardmetals\"},\"image\":{\"@id\":\"https:\/\/www.nashira-hm.it\/#\/schema\/logo\/image\/\"},\"sameAs\":[\"https:\/\/www.facebook.com\/NashiraHardmetals\/\",\"https:\/\/www.linkedin.com\/company\/nashira-hardmetals\/\"]}]}<\/script>\n<!-- \/ Yoast SEO Premium plugin. -->","yoast_head_json":{"title":"Tecnologias - Nashira Hardmetals - Metal duro - Carboneto","description":"As tecnologias organizacionais da Nashira utilizam a certifica\u00e7\u00e3o de qualidade ISO 9000, as atividades de produ\u00e7\u00e3o s\u00e3o gerenciadas por meio de um\u00a0software","robots":{"index":"index","follow":"follow","max-snippet":"max-snippet:-1","max-image-preview":"max-image-preview:large","max-video-preview":"max-video-preview:-1"},"canonical":"https:\/\/www.nashira-hm.it\/pt-br\/tecnologias\/","og_locale":"pt_BR","og_type":"article","og_title":"Tecnologias","og_description":"As tecnologias organizacionais da Nashira utilizam a certifica\u00e7\u00e3o de qualidade ISO 9000, as atividades de produ\u00e7\u00e3o s\u00e3o gerenciadas por meio de um\u00a0software","og_url":"https:\/\/www.nashira-hm.it\/pt-br\/tecnologias\/","og_site_name":"Nashira Hardmetals srl - Produttore Metallo Duro.","article_publisher":"https:\/\/www.facebook.com\/NashiraHardmetals\/","article_modified_time":"2021-01-18T12:37:57+00:00","og_image":[{"width":183,"height":103,"url":"https:\/\/www.nashira-hm.it\/wp-content\/uploads\/2017\/08\/image004.jpg","type":"image\/jpeg"}],"twitter_card":"summary_large_image","twitter_misc":{"Est. tempo de leitura":"2 minutos"},"schema":{"@context":"https:\/\/schema.org","@graph":[{"@type":"WebPage","@id":"https:\/\/www.nashira-hm.it\/pt-br\/tecnologias\/","url":"https:\/\/www.nashira-hm.it\/pt-br\/tecnologias\/","name":"Tecnologias - Nashira Hardmetals - Metal duro - Carboneto","isPartOf":{"@id":"https:\/\/www.nashira-hm.it\/#website"},"primaryImageOfPage":{"@id":"https:\/\/www.nashira-hm.it\/pt-br\/tecnologias\/#primaryimage"},"image":{"@id":"https:\/\/www.nashira-hm.it\/pt-br\/tecnologias\/#primaryimage"},"thumbnailUrl":"https:\/\/www.nashira-hm.it\/wp-content\/uploads\/2017\/08\/image004.jpg","datePublished":"2017-08-07T10:09:41+00:00","dateModified":"2021-01-18T12:37:57+00:00","description":"As tecnologias organizacionais da Nashira utilizam a certifica\u00e7\u00e3o de qualidade ISO 9000, as atividades de produ\u00e7\u00e3o s\u00e3o gerenciadas por meio de um\u00a0software","breadcrumb":{"@id":"https:\/\/www.nashira-hm.it\/pt-br\/tecnologias\/#breadcrumb"},"inLanguage":"pt-BR","potentialAction":[{"@type":"ReadAction","target":["https:\/\/www.nashira-hm.it\/pt-br\/tecnologias\/"]}]},{"@type":"ImageObject","inLanguage":"pt-BR","@id":"https:\/\/www.nashira-hm.it\/pt-br\/tecnologias\/#primaryimage","url":"https:\/\/www.nashira-hm.it\/wp-content\/uploads\/2017\/08\/image004.jpg","contentUrl":"https:\/\/www.nashira-hm.it\/wp-content\/uploads\/2017\/08\/image004.jpg","width":183,"height":103,"caption":"5S"},{"@type":"BreadcrumbList","@id":"https:\/\/www.nashira-hm.it\/pt-br\/tecnologias\/#breadcrumb","itemListElement":[{"@type":"ListItem","position":1,"name":"Home","item":"https:\/\/www.nashira-hm.it\/pt-br\/"},{"@type":"ListItem","position":2,"name":"Tecnologias"}]},{"@type":"WebSite","@id":"https:\/\/www.nashira-hm.it\/#website","url":"https:\/\/www.nashira-hm.it\/","name":"Nashira Hardmetals srl - Produttore Metallo Duro","description":"L&#039;arte del metallo duro","publisher":{"@id":"https:\/\/www.nashira-hm.it\/#organization"},"potentialAction":[{"@type":"SearchAction","target":{"@type":"EntryPoint","urlTemplate":"https:\/\/www.nashira-hm.it\/?s={search_term_string}"},"query-input":{"@type":"PropertyValueSpecification","valueRequired":true,"valueName":"search_term_string"}}],"inLanguage":"pt-BR"},{"@type":"Organization","@id":"https:\/\/www.nashira-hm.it\/#organization","name":"Nashira Hardmetals","url":"https:\/\/www.nashira-hm.it\/","logo":{"@type":"ImageObject","inLanguage":"pt-BR","@id":"https:\/\/www.nashira-hm.it\/#\/schema\/logo\/image\/","url":"https:\/\/www.nashira-hm.it\/wp-content\/uploads\/2018\/01\/logo-nashira-positivo.png","contentUrl":"https:\/\/www.nashira-hm.it\/wp-content\/uploads\/2018\/01\/logo-nashira-positivo.png","width":204,"height":70,"caption":"Nashira Hardmetals"},"image":{"@id":"https:\/\/www.nashira-hm.it\/#\/schema\/logo\/image\/"},"sameAs":["https:\/\/www.facebook.com\/NashiraHardmetals\/","https:\/\/www.linkedin.com\/company\/nashira-hardmetals\/"]}]}},"_links":{"self":[{"href":"https:\/\/www.nashira-hm.it\/pt-br\/wp-json\/wp\/v2\/pages\/5686"}],"collection":[{"href":"https:\/\/www.nashira-hm.it\/pt-br\/wp-json\/wp\/v2\/pages"}],"about":[{"href":"https:\/\/www.nashira-hm.it\/pt-br\/wp-json\/wp\/v2\/types\/page"}],"author":[{"embeddable":true,"href":"https:\/\/www.nashira-hm.it\/pt-br\/wp-json\/wp\/v2\/users\/2"}],"replies":[{"embeddable":true,"href":"https:\/\/www.nashira-hm.it\/pt-br\/wp-json\/wp\/v2\/comments?post=5686"}],"version-history":[{"count":24,"href":"https:\/\/www.nashira-hm.it\/pt-br\/wp-json\/wp\/v2\/pages\/5686\/revisions"}],"predecessor-version":[{"id":10486,"href":"https:\/\/www.nashira-hm.it\/pt-br\/wp-json\/wp\/v2\/pages\/5686\/revisions\/10486"}],"wp:featuredmedia":[{"embeddable":true,"href":"https:\/\/www.nashira-hm.it\/pt-br\/wp-json\/wp\/v2\/media\/5757"}],"wp:attachment":[{"href":"https:\/\/www.nashira-hm.it\/pt-br\/wp-json\/wp\/v2\/media?parent=5686"}],"curies":[{"name":"wp","href":"https:\/\/api.w.org\/{rel}","templated":true}]}}