{"id":5601,"date":"2017-08-07T12:09:31","date_gmt":"2017-08-07T10:09:31","guid":{"rendered":"https:\/\/www.nashira-hm.it\/?page_id=5601"},"modified":"2023-07-13T17:48:14","modified_gmt":"2023-07-13T15:48:14","slug":"quem-somos","status":"publish","type":"page","link":"https:\/\/www.nashira-hm.it\/pt-br\/quem-somos\/","title":{"rendered":"Empresa"},"content":{"rendered":"<div class=\"wpb-content-wrapper\"><p>[vc_row][vc_column][vc_column_text]<\/p>\n<h1>[\/vc_column_text][\/vc_column][\/vc_row][vc_row el_id=&#8221;aboutus&#8221;][vc_column]            <div class=\"skill-text\">\n                <h2>Quem Somos<\/h2>\n                <p><\/p>\n            <\/div>\n    [vc_empty_space][\/vc_column][\/vc_row][vc_row][vc_column width=&#8221;1\/2&#8243;][vc_column_text css_animation=&#8221;fadeIn&#8221;]<strong>Vito Campagnuolo<\/strong>\u00a0\u00e9 o fundador da\u00a0<strong>Nashira Hardmetals.<\/strong><br \/>\nSeus trinta anos de experi\u00eancia no setor de\u00a0<a href=\"https:\/\/it.wikipedia.org\/wiki\/Metallurgia\">metalurgia o<\/a>\u00a0qualificam como um dos principais especialistas na produ\u00e7\u00e3o de\u00a0<a href=\"https:\/\/www.nashira-hm.it\/pt-br\/metal-duro\/\">metal duro<\/a>\u00a0na It\u00e1lia.<br \/>\nSob sua dire\u00e7\u00e3o, a\u00a0<strong>Nashira Hardmetals<\/strong>\u00a0\u00e9 hoje uma empresa l\u00edder que se destaca como ponto de refer\u00eancia para a produ\u00e7\u00e3o de componentes de ferramentas.\u00a0Essa \u00e9 uma compet\u00eancia e profissionalismo que a equipe de Nashira est\u00e1 come\u00e7ando a desenvolver em um n\u00famero crescente de setores para uma clientela cada vez mais diferenciada.\u00a0Por esse motivo, o crescimento da Nashira \u00e9 gerenciado com grande aten\u00e7\u00e3o pela dire\u00e7\u00e3o desta empresa.<br \/>\n<strong>Nashira Hardmetals<\/strong>investe mais de 5% de sua receita anual em\u00a0<strong>treinamento e reciclagem<\/strong>\u00a0de seus funcion\u00e1rios;\u00a0esse esfor\u00e7o coloca Nashira na vanguarda, tanto na atualiza\u00e7\u00e3o tecnol\u00f3gica quanto como em modelo de gerenciamento de recursos.\u00a0Nesta perspectiva inovadora, o relacionamento com os clientes permanece tradicional.\u00a0Trabalhar com Nashira significa\u00a0<strong>estabelecer um relacionamento direto<\/strong>\u00a0com pessoas cujo principal recurso \u00e9 apenas um:\u00a0<strong>a paix\u00e3o pelo nosso trabalho.<\/strong>[\/vc_column_text][\/vc_column][vc_column width=&#8221;1\/2&#8243;][vc_single_image image=&#8221;5604&#8243; img_size=&#8221;300&#8243; alignment=&#8221;right&#8221;][\/vc_column][\/vc_row][vc_row el_id=&#8221;vision&#8221;][vc_column][vc_empty_space height=&#8221;55px&#8221;]            <div class=\"skill-text\">\n                <h2>Vis\u00e3o<\/h2>\n                <p><\/p>\n            <\/div>\n    [vc_empty_space][\/vc_column][\/vc_row][vc_row][vc_column width=&#8221;1\/2&#8243;][vc_column_text css_animation=&#8221;fadeIn&#8221;]<\/h1>\n<h3>Criar valor<\/h3>\n<p>Trabalhar com a Nashira significa criar uma nova <strong>sinergia<\/strong> e um momento de <strong>crescimento<\/strong> comum. Para n\u00f3s significa trabalhar em um projeto, em uma ideia ou mesmo no sonho de um cliente para criar um objeto mais resistente que o a\u00e7o, mais brilhante que a prata.[\/vc_column_text][\/vc_column][vc_column width=&#8221;1\/2&#8243;][vc_column_text css_animation=&#8221;fadeIn&#8221;]<\/p>\n<h3>Ser socialmente consciente<\/h3>\n<p>Todas as nossas escolhas levam em considera\u00e7\u00e3o as implica\u00e7\u00f5es sociais e ambientais.<br \/>\n\u00c9 importante\u00a0<strong>respeitar<\/strong>\u00a0as pessoas e sua diversidade e\u00a0<strong>proteger o meio ambiente<\/strong>, esses s\u00e3o elementos essenciais para n\u00f3s.[\/vc_column_text][\/vc_column][\/vc_row][vc_row][vc_column][vc_column_text css_animation=&#8221;fadeIn&#8221;]<\/p>\n<h3 style=\"text-align: center;\">A maior satisfa\u00e7\u00e3o da equipe da Nashira?<\/h3>\n<h3 style=\"text-align: center;\">Superar as expectativas\u00a0dos nossos clientes.<\/h3>\n<p>[\/vc_column_text][\/vc_column][\/vc_row][vc_row el_id=&#8221;ethic&#8221;][vc_column][vc_empty_space height=&#8221;55px&#8221;]            <div class=\"skill-text\">\n                <h2>\u00c9tica<\/h2>\n                <p><\/p>\n            <\/div>\n    [vc_empty_space][\/vc_column][\/vc_row][vc_row][vc_column width=&#8221;1\/3&#8243;][vc_column_text css_animation=&#8221;fadeIn&#8221;]<\/p>\n<h3>Fidelidade<\/h3>\n<p>Para n\u00f3s, existem alguns\u00a0<strong>princ\u00edpios<\/strong>\u00a0que devem ser absolutamente respeitados, como:<\/p>\n<ul>\n<li>Respeito pelas regras<\/li>\n<li>Ouvir ativamente as necessidades dos outros.<\/li>\n<li>Um interesse sincero no cliente.<\/li>\n<li>Ouvir ativamente as necessidades do cliente.<\/li>\n<\/ul>\n<p>[\/vc_column_text][\/vc_column][vc_column width=&#8221;1\/3&#8243;][vc_column_text css_animation=&#8221;fadeIn&#8221;]<\/p>\n<h3>Proatividade<\/h3>\n<p>Nossa empresa se baseia em\u00a0<strong>inova\u00e7\u00e3o<\/strong>\u00a0cont\u00ednua.<\/p>\n<p>Temos ideias claras:<\/p>\n<ul>\n<li>Substituir &#8220;Procurar&#8221; por &#8220;Eu vou encontrar&#8221;.<\/li>\n<li>Pergunte em vez de esperar.<\/li>\n<li>Propor ideias para melhorar o trabalho.<\/li>\n<\/ul>\n<p>[\/vc_column_text][\/vc_column][vc_column width=&#8221;1\/3&#8243;][vc_column_text css_animation=&#8221;fadeIn&#8221;]<\/p>\n<h3>Unidade de prop\u00f3sito<\/h3>\n<p>As pessoas que comp\u00f5em nossa\u00a0<strong>equipe<\/strong>\u00a0t\u00eam v\u00e1rias caracter\u00edsticas em comum:<\/p>\n<ul>\n<li>Troca de melhorias e aprecia\u00e7\u00f5es.<\/li>\n<li>Foco no trabalho em equipe.<\/li>\n<li>Apoiem os seus colegas com confian\u00e7a.<\/li>\n<\/ul>\n<p>[\/vc_column_text][\/vc_column][\/vc_row][vc_row][vc_column width=&#8221;1\/3&#8243;][vc_column_text css_animation=&#8221;fadeIn&#8221;]<\/p>\n<h3>Seguran\u00e7a e legalidade<\/h3>\n<p>Estamos\u00a0<strong>constantemente empenhados <\/strong>nestes aspectos da sociedade.<\/p>\n<ul>\n<li>A Nashira Hard Metals \u00e9 uma parte ativa da associa\u00e7\u00e3o ALILACCO Sannio para oferecer solidariedade e apoio \u00e0s v\u00edtimas de extors\u00e3o, usura e usurpa\u00e7\u00e3o.<\/li>\n<li>Aja de acordo com as regras.<\/li>\n<li>Um trabalho bem feito \u00e9 um trabalho sem riscos \u00e0 sa\u00fade<\/li>\n<\/ul>\n<p>[\/vc_column_text][\/vc_column][vc_column width=&#8221;1\/3&#8243;][vc_column_text css_animation=&#8221;fadeIn&#8221;]<\/p>\n<h3>Racionalidade na gest\u00e3o<\/h3>\n<p>\u00c9 <strong>importante<\/strong> para n\u00f3s termos sempre presentes certos aspectos no nosso trabalho:<\/p>\n<ul>\n<li>Adotar uma gest\u00e3o consciente do trabalho.<\/li>\n<li>Adotar o gerenciamento n\u00e3o reativo do trabalho.<\/li>\n<li>Otimizar o espa\u00e7o e o tempo.<\/li>\n<li>Ser transparente em nosso trabalho.<\/li>\n<\/ul>\n<p>[\/vc_column_text][\/vc_column][vc_column width=&#8221;1\/3&#8243;][vc_column_text css_animation=&#8221;fadeIn&#8221;]<\/p>\n<h3>Rapidez e pontualidade<\/h3>\n<p>Temos\u00a0<strong>qualidades<\/strong>\u00a0que nos\u00a0<strong>diferenciam <\/strong>dos outros:<\/p>\n<ul>\n<li>Cumprimento dos prazos.<\/li>\n<li>Resolver conflitos imediatamente.<\/li>\n<li>Impressionar os clientes com a pontualidade.<\/li>\n<li>Encurtamento dos prazo.<\/li>\n<\/ul>\n<p>[\/vc_column_text][\/vc_column][\/vc_row][vc_row el_id=&#8221;greenindustry&#8221;][vc_column][vc_empty_space height=&#8221;55px&#8221;]            <div class=\"skill-text\">\n                <h2>Ind\u00fastria Verde<\/h2>\n                <p><\/p>\n            <\/div>\n    [\/vc_column][\/vc_row][vc_row][vc_column width=&#8221;1\/2&#8243;][vc_empty_space][vc_column_text css_animation=&#8221;fadeIn&#8221;]A Nashira Hard Metals est\u00e1 comprometida em seguir uma pol\u00edtica que coloque o cliente e o meio ambiente no centro de suas atividades.\u00a0Por esse motivo, estabeleceu um sistema integrado de Qualidade \/ Meio Ambiente.\u00a0At\u00e9 o momento, recebemos as seguintes certifica\u00e7\u00f5es:[\/vc_column_text][\/vc_column][vc_column width=&#8221;1\/2&#8243;][vc_single_image image=&#8221;5605&#8243; img_size=&#8221;large&#8221;][\/vc_column][\/vc_row][vc_row][vc_column width=&#8221;1\/4&#8243;][vc_single_image image=&#8221;4058&#8243; img_size=&#8221;medium&#8221; alignment=&#8221;center&#8221; onclick=&#8221;custom_link&#8221; img_link_target=&#8221;_blank&#8221; css_animation=&#8221;fadeIn&#8221; link=&#8221;https:\/\/www.nashira-hm.it\/wp-content\/uploads\/2023\/05\/Dichiarazione-Ambientale-Certificato-EMAS_IT_001223.pdf&#8221;][vc_column_text css_animation=&#8221;fadeIn&#8221;]<\/p>\n<p class=\"p1\" style=\"text-align: center;\"><span class=\"s1\"><b>EMAS<\/b><\/span><\/p>\n<p><a href=\"https:\/\/www.nashira-hm.it\/wp-content\/uploads\/2023\/07\/dichiarazione_ambientale_nashira_hardmetals.pdf\" target=\"_blank\" rel=\"noopener\">Declara\u00e7\u00e3o ambiental<\/a>[\/vc_column_text][\/vc_column][vc_column width=&#8221;1\/4&#8243;][vc_single_image image=&#8221;4060&#8243; img_size=&#8221;medium&#8221; alignment=&#8221;center&#8221; onclick=&#8221;custom_link&#8221; img_link_target=&#8221;_blank&#8221; css_animation=&#8221;fadeIn&#8221; link=&#8221;https:\/\/www.nashira-hm.it\/wp-content\/uploads\/2023\/05\/NASHIRA-HARDMETALS-Srl-EMAS.pdf&#8221;][vc_column_text css_animation=&#8221;fadeIn&#8221;]<\/p>\n<p class=\"p1\" style=\"text-align: center;\"><span class=\"s1\"><b>EMAS<\/b><\/span><\/p>\n<p>[\/vc_column_text][\/vc_column][vc_column width=&#8221;1\/4&#8243;][vc_single_image image=&#8221;4059&#8243; img_size=&#8221;medium&#8221; alignment=&#8221;center&#8221; onclick=&#8221;custom_link&#8221; img_link_target=&#8221;_blank&#8221; css_animation=&#8221;fadeIn&#8221; link=&#8221;https:\/\/www.nashira-hm.it\/wp-content\/uploads\/2023\/06\/ISO-9001-158980-2014-AQ-ITA-ACCREDIA-4-en-US-20230622-20230622104852.pdf&#8221;][vc_column_text css_animation=&#8221;fadeIn&#8221;]<\/p>\n<p class=\"p1\" style=\"text-align: center;\"><span class=\"s1\"><b>ISO 9001:2015<\/b><\/span><\/p>\n<p>[\/vc_column_text][\/vc_column][vc_column width=&#8221;1\/4&#8243;][vc_single_image image=&#8221;4057&#8243; img_size=&#8221;medium&#8221; alignment=&#8221;center&#8221; onclick=&#8221;custom_link&#8221; img_link_target=&#8221;_blank&#8221; css_animation=&#8221;fadeIn&#8221; link=&#8221;https:\/\/www.nashira-hm.it\/wp-content\/uploads\/2023\/05\/ISO-14001-58627-2009-AE-ITA-SINCERT-5-it-IT-20210702-20210702122219.pdf&#8221;][vc_column_text css_animation=&#8221;fadeIn&#8221;]<\/p>\n<p class=\"p1\" style=\"text-align: center;\"><span class=\"s1\"><b>ISO 14001:2015<\/b><\/span><\/p>\n<p>[\/vc_column_text][\/vc_column][\/vc_row]<\/p>\n<\/div>","protected":false},"excerpt":{"rendered":"<p>[vc_row][vc_column][vc_column_text] [\/vc_column_text][\/vc_column][\/vc_row][vc_row el_id=&#8221;aboutus&#8221;][vc_column][vc_empty_space][\/vc_column][\/vc_row][vc_row][vc_column width=&#8221;1\/2&#8243;][vc_column_text css_animation=&#8221;fadeIn&#8221;]Vito Campagnuolo\u00a0\u00e9 o fundador da\u00a0Nashira Hardmetals. Seus trinta anos de experi\u00eancia no setor de\u00a0metalurgia o\u00a0qualificam como um dos principais especialistas na produ\u00e7\u00e3o de\u00a0metal duro\u00a0na It\u00e1lia. Sob sua dire\u00e7\u00e3o, a\u00a0Nashira Hardmetals\u00a0\u00e9 hoje uma empresa l\u00edder que se destaca como ponto de refer\u00eancia para a produ\u00e7\u00e3o de componentes de ferramentas.\u00a0Essa \u00e9 uma compet\u00eancia [&hellip;]<\/p>\n","protected":false},"author":2,"featured_media":5604,"parent":0,"menu_order":0,"comment_status":"closed","ping_status":"closed","template":"Full-width.php","meta":{"footnotes":""},"yoast_head":"<!-- This site is optimized with the Yoast SEO Premium plugin v23.8 (Yoast SEO v24.5) - https:\/\/yoast.com\/wordpress\/plugins\/seo\/ -->\n<title>Empresa - Nashira Hardmetals srl - Produttore Metallo Duro.<\/title>\n<meta name=\"robots\" content=\"index, follow, max-snippet:-1, max-image-preview:large, max-video-preview:-1\" \/>\n<link rel=\"canonical\" href=\"https:\/\/www.nashira-hm.it\/pt-br\/quem-somos\/\" \/>\n<meta property=\"og:locale\" content=\"pt_BR\" \/>\n<meta property=\"og:type\" content=\"article\" \/>\n<meta property=\"og:title\" content=\"Empresa\" \/>\n<meta property=\"og:description\" content=\"[vc_row][vc_column][vc_column_text] [\/vc_column_text][\/vc_column][\/vc_row][vc_row el_id=&#8221;aboutus&#8221;][vc_column][vc_empty_space][\/vc_column][\/vc_row][vc_row][vc_column width=&#8221;1\/2&#8243;][vc_column_text css_animation=&#8221;fadeIn&#8221;]Vito Campagnuolo\u00a0\u00e9 o fundador da\u00a0Nashira Hardmetals. Seus trinta anos de experi\u00eancia no setor de\u00a0metalurgia o\u00a0qualificam como um dos principais especialistas na produ\u00e7\u00e3o de\u00a0metal duro\u00a0na It\u00e1lia. Sob sua dire\u00e7\u00e3o, a\u00a0Nashira Hardmetals\u00a0\u00e9 hoje uma empresa l\u00edder que se destaca como ponto de refer\u00eancia para a produ\u00e7\u00e3o de componentes de ferramentas.\u00a0Essa \u00e9 uma compet\u00eancia [&hellip;]\" \/>\n<meta property=\"og:url\" content=\"https:\/\/www.nashira-hm.it\/pt-br\/quem-somos\/\" \/>\n<meta property=\"og:site_name\" content=\"Nashira Hardmetals srl - Produttore Metallo Duro.\" \/>\n<meta property=\"article:publisher\" content=\"https:\/\/www.facebook.com\/NashiraHardmetals\/\" \/>\n<meta property=\"article:modified_time\" content=\"2023-07-13T15:48:14+00:00\" \/>\n<meta property=\"og:image\" content=\"https:\/\/www.nashira-hm.it\/wp-content\/uploads\/2017\/08\/Vito-1.jpg\" \/>\n\t<meta property=\"og:image:width\" content=\"600\" \/>\n\t<meta property=\"og:image:height\" content=\"600\" \/>\n\t<meta property=\"og:image:type\" content=\"image\/jpeg\" \/>\n<meta name=\"twitter:card\" content=\"summary_large_image\" \/>\n<meta name=\"twitter:label1\" content=\"Est. tempo de leitura\" \/>\n\t<meta name=\"twitter:data1\" content=\"4 minutos\" \/>\n<script type=\"application\/ld+json\" class=\"yoast-schema-graph\">{\"@context\":\"https:\/\/schema.org\",\"@graph\":[{\"@type\":\"WebPage\",\"@id\":\"https:\/\/www.nashira-hm.it\/pt-br\/quem-somos\/\",\"url\":\"https:\/\/www.nashira-hm.it\/pt-br\/quem-somos\/\",\"name\":\"Empresa - Nashira Hardmetals srl - Produttore Metallo Duro.\",\"isPartOf\":{\"@id\":\"https:\/\/www.nashira-hm.it\/#website\"},\"primaryImageOfPage\":{\"@id\":\"https:\/\/www.nashira-hm.it\/pt-br\/quem-somos\/#primaryimage\"},\"image\":{\"@id\":\"https:\/\/www.nashira-hm.it\/pt-br\/quem-somos\/#primaryimage\"},\"thumbnailUrl\":\"https:\/\/www.nashira-hm.it\/wp-content\/uploads\/2017\/08\/Vito-1.jpg\",\"datePublished\":\"2017-08-07T10:09:31+00:00\",\"dateModified\":\"2023-07-13T15:48:14+00:00\",\"breadcrumb\":{\"@id\":\"https:\/\/www.nashira-hm.it\/pt-br\/quem-somos\/#breadcrumb\"},\"inLanguage\":\"pt-BR\",\"potentialAction\":[{\"@type\":\"ReadAction\",\"target\":[\"https:\/\/www.nashira-hm.it\/pt-br\/quem-somos\/\"]}]},{\"@type\":\"ImageObject\",\"inLanguage\":\"pt-BR\",\"@id\":\"https:\/\/www.nashira-hm.it\/pt-br\/quem-somos\/#primaryimage\",\"url\":\"https:\/\/www.nashira-hm.it\/wp-content\/uploads\/2017\/08\/Vito-1.jpg\",\"contentUrl\":\"https:\/\/www.nashira-hm.it\/wp-content\/uploads\/2017\/08\/Vito-1.jpg\",\"width\":600,\"height\":600},{\"@type\":\"BreadcrumbList\",\"@id\":\"https:\/\/www.nashira-hm.it\/pt-br\/quem-somos\/#breadcrumb\",\"itemListElement\":[{\"@type\":\"ListItem\",\"position\":1,\"name\":\"Home\",\"item\":\"https:\/\/www.nashira-hm.it\/pt-br\/\"},{\"@type\":\"ListItem\",\"position\":2,\"name\":\"Empresa\"}]},{\"@type\":\"WebSite\",\"@id\":\"https:\/\/www.nashira-hm.it\/#website\",\"url\":\"https:\/\/www.nashira-hm.it\/\",\"name\":\"Nashira Hardmetals srl - Produttore Metallo Duro\",\"description\":\"L&#039;arte del metallo duro\",\"publisher\":{\"@id\":\"https:\/\/www.nashira-hm.it\/#organization\"},\"potentialAction\":[{\"@type\":\"SearchAction\",\"target\":{\"@type\":\"EntryPoint\",\"urlTemplate\":\"https:\/\/www.nashira-hm.it\/?s={search_term_string}\"},\"query-input\":{\"@type\":\"PropertyValueSpecification\",\"valueRequired\":true,\"valueName\":\"search_term_string\"}}],\"inLanguage\":\"pt-BR\"},{\"@type\":\"Organization\",\"@id\":\"https:\/\/www.nashira-hm.it\/#organization\",\"name\":\"Nashira Hardmetals\",\"url\":\"https:\/\/www.nashira-hm.it\/\",\"logo\":{\"@type\":\"ImageObject\",\"inLanguage\":\"pt-BR\",\"@id\":\"https:\/\/www.nashira-hm.it\/#\/schema\/logo\/image\/\",\"url\":\"https:\/\/www.nashira-hm.it\/wp-content\/uploads\/2018\/01\/logo-nashira-positivo.png\",\"contentUrl\":\"https:\/\/www.nashira-hm.it\/wp-content\/uploads\/2018\/01\/logo-nashira-positivo.png\",\"width\":204,\"height\":70,\"caption\":\"Nashira Hardmetals\"},\"image\":{\"@id\":\"https:\/\/www.nashira-hm.it\/#\/schema\/logo\/image\/\"},\"sameAs\":[\"https:\/\/www.facebook.com\/NashiraHardmetals\/\",\"https:\/\/www.linkedin.com\/company\/nashira-hardmetals\/\"]}]}<\/script>\n<!-- \/ Yoast SEO Premium plugin. -->","yoast_head_json":{"title":"Empresa - Nashira Hardmetals srl - Produttore Metallo Duro.","robots":{"index":"index","follow":"follow","max-snippet":"max-snippet:-1","max-image-preview":"max-image-preview:large","max-video-preview":"max-video-preview:-1"},"canonical":"https:\/\/www.nashira-hm.it\/pt-br\/quem-somos\/","og_locale":"pt_BR","og_type":"article","og_title":"Empresa","og_description":"[vc_row][vc_column][vc_column_text] [\/vc_column_text][\/vc_column][\/vc_row][vc_row el_id=&#8221;aboutus&#8221;][vc_column][vc_empty_space][\/vc_column][\/vc_row][vc_row][vc_column width=&#8221;1\/2&#8243;][vc_column_text css_animation=&#8221;fadeIn&#8221;]Vito Campagnuolo\u00a0\u00e9 o fundador da\u00a0Nashira Hardmetals. Seus trinta anos de experi\u00eancia no setor de\u00a0metalurgia o\u00a0qualificam como um dos principais especialistas na produ\u00e7\u00e3o de\u00a0metal duro\u00a0na It\u00e1lia. Sob sua dire\u00e7\u00e3o, a\u00a0Nashira Hardmetals\u00a0\u00e9 hoje uma empresa l\u00edder que se destaca como ponto de refer\u00eancia para a produ\u00e7\u00e3o de componentes de ferramentas.\u00a0Essa \u00e9 uma compet\u00eancia [&hellip;]","og_url":"https:\/\/www.nashira-hm.it\/pt-br\/quem-somos\/","og_site_name":"Nashira Hardmetals srl - Produttore Metallo Duro.","article_publisher":"https:\/\/www.facebook.com\/NashiraHardmetals\/","article_modified_time":"2023-07-13T15:48:14+00:00","og_image":[{"width":600,"height":600,"url":"https:\/\/www.nashira-hm.it\/wp-content\/uploads\/2017\/08\/Vito-1.jpg","type":"image\/jpeg"}],"twitter_card":"summary_large_image","twitter_misc":{"Est. tempo de leitura":"4 minutos"},"schema":{"@context":"https:\/\/schema.org","@graph":[{"@type":"WebPage","@id":"https:\/\/www.nashira-hm.it\/pt-br\/quem-somos\/","url":"https:\/\/www.nashira-hm.it\/pt-br\/quem-somos\/","name":"Empresa - Nashira Hardmetals srl - Produttore Metallo Duro.","isPartOf":{"@id":"https:\/\/www.nashira-hm.it\/#website"},"primaryImageOfPage":{"@id":"https:\/\/www.nashira-hm.it\/pt-br\/quem-somos\/#primaryimage"},"image":{"@id":"https:\/\/www.nashira-hm.it\/pt-br\/quem-somos\/#primaryimage"},"thumbnailUrl":"https:\/\/www.nashira-hm.it\/wp-content\/uploads\/2017\/08\/Vito-1.jpg","datePublished":"2017-08-07T10:09:31+00:00","dateModified":"2023-07-13T15:48:14+00:00","breadcrumb":{"@id":"https:\/\/www.nashira-hm.it\/pt-br\/quem-somos\/#breadcrumb"},"inLanguage":"pt-BR","potentialAction":[{"@type":"ReadAction","target":["https:\/\/www.nashira-hm.it\/pt-br\/quem-somos\/"]}]},{"@type":"ImageObject","inLanguage":"pt-BR","@id":"https:\/\/www.nashira-hm.it\/pt-br\/quem-somos\/#primaryimage","url":"https:\/\/www.nashira-hm.it\/wp-content\/uploads\/2017\/08\/Vito-1.jpg","contentUrl":"https:\/\/www.nashira-hm.it\/wp-content\/uploads\/2017\/08\/Vito-1.jpg","width":600,"height":600},{"@type":"BreadcrumbList","@id":"https:\/\/www.nashira-hm.it\/pt-br\/quem-somos\/#breadcrumb","itemListElement":[{"@type":"ListItem","position":1,"name":"Home","item":"https:\/\/www.nashira-hm.it\/pt-br\/"},{"@type":"ListItem","position":2,"name":"Empresa"}]},{"@type":"WebSite","@id":"https:\/\/www.nashira-hm.it\/#website","url":"https:\/\/www.nashira-hm.it\/","name":"Nashira Hardmetals srl - Produttore Metallo Duro","description":"L&#039;arte del metallo duro","publisher":{"@id":"https:\/\/www.nashira-hm.it\/#organization"},"potentialAction":[{"@type":"SearchAction","target":{"@type":"EntryPoint","urlTemplate":"https:\/\/www.nashira-hm.it\/?s={search_term_string}"},"query-input":{"@type":"PropertyValueSpecification","valueRequired":true,"valueName":"search_term_string"}}],"inLanguage":"pt-BR"},{"@type":"Organization","@id":"https:\/\/www.nashira-hm.it\/#organization","name":"Nashira Hardmetals","url":"https:\/\/www.nashira-hm.it\/","logo":{"@type":"ImageObject","inLanguage":"pt-BR","@id":"https:\/\/www.nashira-hm.it\/#\/schema\/logo\/image\/","url":"https:\/\/www.nashira-hm.it\/wp-content\/uploads\/2018\/01\/logo-nashira-positivo.png","contentUrl":"https:\/\/www.nashira-hm.it\/wp-content\/uploads\/2018\/01\/logo-nashira-positivo.png","width":204,"height":70,"caption":"Nashira Hardmetals"},"image":{"@id":"https:\/\/www.nashira-hm.it\/#\/schema\/logo\/image\/"},"sameAs":["https:\/\/www.facebook.com\/NashiraHardmetals\/","https:\/\/www.linkedin.com\/company\/nashira-hardmetals\/"]}]}},"_links":{"self":[{"href":"https:\/\/www.nashira-hm.it\/pt-br\/wp-json\/wp\/v2\/pages\/5601"}],"collection":[{"href":"https:\/\/www.nashira-hm.it\/pt-br\/wp-json\/wp\/v2\/pages"}],"about":[{"href":"https:\/\/www.nashira-hm.it\/pt-br\/wp-json\/wp\/v2\/types\/page"}],"author":[{"embeddable":true,"href":"https:\/\/www.nashira-hm.it\/pt-br\/wp-json\/wp\/v2\/users\/2"}],"replies":[{"embeddable":true,"href":"https:\/\/www.nashira-hm.it\/pt-br\/wp-json\/wp\/v2\/comments?post=5601"}],"version-history":[{"count":24,"href":"https:\/\/www.nashira-hm.it\/pt-br\/wp-json\/wp\/v2\/pages\/5601\/revisions"}],"predecessor-version":[{"id":15707,"href":"https:\/\/www.nashira-hm.it\/pt-br\/wp-json\/wp\/v2\/pages\/5601\/revisions\/15707"}],"wp:featuredmedia":[{"embeddable":true,"href":"https:\/\/www.nashira-hm.it\/pt-br\/wp-json\/wp\/v2\/media\/5604"}],"wp:attachment":[{"href":"https:\/\/www.nashira-hm.it\/pt-br\/wp-json\/wp\/v2\/media?parent=5601"}],"curies":[{"name":"wp","href":"https:\/\/api.w.org\/{rel}","templated":true}]}}