{"id":3587,"date":"2018-01-09T16:46:15","date_gmt":"2018-01-09T15:46:15","guid":{"rendered":"https:\/\/www.nashira-hm.it\/?page_id=3587"},"modified":"2020-06-13T18:34:48","modified_gmt":"2020-06-13T16:34:48","slug":"metal-duro","status":"publish","type":"page","link":"https:\/\/www.nashira-hm.it\/pt-br\/metal-duro\/","title":{"rendered":"O que \u00e9 Metal Duro"},"content":{"rendered":"<div class=\"wpb-content-wrapper\"><p>[vc_row][vc_column][vc_column_text]<\/p>\n<h1>[\/vc_column_text][\/vc_column][\/vc_row][vc_row el_id=&#8221;metalloduro&#8221;][vc_column]            <div class=\"skill-text\">\n                <h2>Metal Duro<\/h2>\n                <p>O que \u00e9 Metal Duro<\/p>\n            <\/div>\n    [vc_empty_space][\/vc_column][\/vc_row][vc_row][vc_column width=&#8221;1\/2&#8243;][vc_column_text css_animation=&#8221;fadeIn&#8221;]<\/h1>\n<h2 class=\"p1\"><b>Metal duro<\/b><\/h2>\n<p class=\"p1\">tamb\u00e9m conhecido como Widea, Carboneto Cimentado ou Carboneto de Tungst\u00eanio \u00e9 um material utilizado em <span class=\"s1\">processamentos mec\u00e2nicos<\/span>\u00a0que consiste em\u00a0<b>part\u00edculas duras de <a href=\"https:\/\/www.nashira-hm.it\/pt-br\/carboneto-de-tungstenio\/\">Carboneto de Tungst\u00eanio<\/a><\/b>\u00a0incorporadas \u00e0 uma matriz met\u00e1lica (geralmente Cobalto).<\/p>\n<p class=\"p1\">O metal duro \u00e9 produzido gra\u00e7as ao processo de\u00a0<b>sinteriza\u00e7\u00e3o<\/b>; em outras palavras, os p\u00f3s dos componentes s\u00e3o misturados, compactados e em seguida aquecidos. A press\u00e3o se mant\u00e9m para que os gr\u00e2nulos de p\u00f3 se juntem de modo a formar uma \u00fanica pe\u00e7a. Isso significa que os metais duros n\u00e3o s\u00e3o metais reais, e sim carbonetos ligados por um metal.<\/p>\n<p class=\"p1\">Cerca de 50% dos carbonetos cimentados s\u00e3o produzidos com Carboneto de Tungst\u00eanio (70-95%) e Cobalto.<\/p>\n<p>[\/vc_column_text][\/vc_column][vc_column width=&#8221;1\/2&#8243;][vc_single_image image=&#8221;3837&#8243; img_size=&#8221;large&#8221; alignment=&#8221;right&#8221;][\/vc_column][\/vc_row][vc_row][vc_column][vc_column_text]<\/p>\n<h3 style=\"text-align: left;\"><a href=\"https:\/\/www.nashira-hm.it\/pt-br\/carboneto-de-tungstenio\/\">Carboneto de tungst\u00eanio<\/a><\/h3>\n<p class=\"p1\" style=\"text-align: left;\">Se assemelha a um\u00a0<b>p\u00f3 cinza escuro<\/b>.<\/p>\n<p class=\"p2\" style=\"text-align: left;\">Sua f\u00f3rmula molecular \u00e9 WC. Trata-se de um material muito duro, situado no grau 9 da escala de Mohs e em torno de 2600 na escala de Vickers.<\/p>\n<p class=\"p2\" style=\"text-align: left;\">Possui uma densidade de 15,63 g \/ cm3 na tabela de densidade met\u00e1lica. E requer temperaturas de fus\u00e3o ou sinteriza\u00e7\u00e3o muito elevadas para ser usado puro. Assim, finalidades pr\u00e1ticas, \u00e9 combinado com metais de transi\u00e7\u00e3o, tais como o cobalto ou o n\u00edquel.<\/p>\n<h3 style=\"text-align: left;\">Cobalto<\/h3>\n<p class=\"p1\" style=\"text-align: left;\">Trata-se de um excelente\u00a0<b>ligante<\/b>\u00a0para o metal duro.<\/p>\n<p class=\"p2\" style=\"text-align: left;\">Portanto, a resist\u00eancia \u00e0 ruptura transversal, a dureza e a densidade do carboneto cimentado devem ser melhoradas; por esse motivo, geralmente \u00e9 usado um p\u00f3 de cobalto com part\u00edculas muito finas.<\/p>\n<h3 style=\"text-align: left;\">Carboneto de Tungst\u00eanio cimentado (Metal Duro)<\/h3>\n<p class=\"p1\" style=\"text-align: left;\">Tungst\u00eanio possui um grau elevado de dureza; e um <b>alta resist\u00eancia \u00e0 press\u00e3o, deforma\u00e7\u00f5es<\/b>\u00a0e altas temperaturas. Estas caracter\u00edsticas f\u00edsicas s\u00e3o muito \u00fateis para aplica\u00e7\u00f5es no corte de metais.<\/p>\n<p class=\"p1\" style=\"text-align: left;\">O carboneto de tungst\u00eanio widia\u00a0<b>permite uma vida longa aos instrumentos<\/b>\u00a0que, se feitos com outros materiais, teriam um desgaste r\u00e1pido.<\/p>\n<p class=\"p1\" style=\"text-align: left;\">Para mais informa\u00e7\u00f5es, consulte a p\u00e1gina referente \u00e0s\u00a0<span class=\"s1\">caracter\u00edsticas t\u00e9cnicas<\/span>\u00a0do metal duro.<\/p>\n<h1 style=\"text-align: left;\"><!-- br--><\/h1>\n<h2 style=\"text-align: left;\">Produtoras de metal duro<\/h2>\n<p class=\"p1\" style=\"text-align: left;\">A\u00a0<span class=\"s1\">Nashira Hardmetals<\/span> se destaca entre as produtoras de metal duro por ser uma empresa com longa experi\u00eancia e grande engajamento em pesquisa e desenvolvimento.<\/p>\n<p class=\"p1\" style=\"text-align: left;\">N\u00f3s da Nashira oferecemos diversos tipos de metal duro a fim de\u00a0<b>atender aos requisitos de cada projeto e aplica\u00e7\u00e3o<\/b>.<\/p>\n<p class=\"p2\" style=\"text-align: left;\"><a href=\"https:\/\/www.nashira-hm.it\/contatti\/\"><span class=\"s2\">Entre em contato para mais informa\u00e7\u00f5es<\/span><\/a><\/p>\n<h1 style=\"text-align: left;\"><!-- br--><\/h1>\n<h2 style=\"text-align: left;\">A produ\u00e7\u00e3o do metal duro na Nashira<\/h2>\n<p class=\"p1\" style=\"text-align: left;\">Desde 1999 a Nashira produz componentes e produtos semi-acabados em metal duro.<\/p>\n<h3 style=\"text-align: left;\">As mat\u00e9rias-primas<\/h3>\n<p class=\"p1\" style=\"text-align: left;\">Primeiro compramos as mat\u00e9rias-primas: o\u00a0<b>p\u00f3s de carboneto, tungst\u00eanio e cobalto<\/b>. Suas part\u00edculas podem ter caracter\u00edsticas diferentes e um grau de pureza distinto segundo o processo pelo qual s\u00e3o obtidas. A uni\u00e3o de carboneto de tungst\u00eanio e cobalto permite criar uma\u00a0<b>liga de alta dureza<\/b>\u00a0e\u00a0<b>resistente ao desgaste<\/b>.<\/p>\n<p class=\"p2\" style=\"text-align: left;\">Em seguida, passamos \u00e0 produ\u00e7\u00e3o propriamente dita.<\/p>\n<h3 style=\"text-align: left;\">A mistura de p\u00f3s<\/h3>\n<p class=\"p1\" style=\"text-align: left;\">A produ\u00e7\u00e3o come\u00e7a na\u00a0<b>mistura de p\u00f3s<\/b>. Ela \u00e9 feita em tambores cil\u00edndricos ou de cone duplo; ou ainda em misturadores com parafusos ou p\u00e1s.<\/p>\n<p class=\"p2\" style=\"text-align: left;\">Dependendo do uso a que o metal duro se destina, \u00e9 necess\u00e1rio um composto espec\u00edfico. Por exemplo, empregando 10% de cobalto, obtemos uma dureza de cerca de 90 HRA, destinada \u00e0 fabrica\u00e7\u00e3o de produtos semi-acabados para empresas que produzem ferramentas acabadas para trabalhos em madeira. Por sua vez, uma mistura com 8% de cobalto se adequa \u00e0 produ\u00e7\u00e3o de ferramentas destinadas ao setor de metais.<\/p>\n<h3 style=\"text-align: left;\">Compacta\u00e7\u00e3o, prensagem e modelagem<\/h3>\n<p class=\"p1\" style=\"text-align: left;\">Uma vez obtida a mistura, passamos \u00e0\u00a0<b>compacta\u00e7\u00e3o<\/b>. Nesta fase, um elevado valor de press\u00e3o \u00e9 aplicado ao p\u00f3 a fim de reduzir os espa\u00e7os entre as part\u00edculas e obter a forma desejada.<\/p>\n<p class=\"p1\" style=\"text-align: left;\">O m\u00e9todo mais comum de compacta\u00e7\u00e3o \u00e9 a\u00a0<b>prensagem<\/b>. Nesse caso, dois perfuradores com movimentos opostos comprimem o p\u00f3 contido em um molde. \u00c9 poss\u00edvel produzir blocos semi-acabados nas formas solicitadas pelo cliente; ou o p\u00f3 pode ser prensado em moldes com uma geometria definida.<\/p>\n<p class=\"p1\" style=\"text-align: left;\">Em seguida o bloco \u00e9 submetido \u00e0\u00a0<b>modelagem<\/b>\u00a0e ao corte. Os blocos s\u00e3o processados por m\u00e1quinas e ferramentas para obter sua forma final. Sua dimens\u00e3o aumenta cerca de 20% a fim de compensar o efeito da retirada da mat\u00e9ria durante a sinteriza\u00e7\u00e3o.<\/p>\n<p class=\"p1\" style=\"text-align: left;\">O artefato obtido \u00e9 chamado de\u00a0<i>compactado verde<\/i>; isso significa que o processo ainda n\u00e3o foi conclu\u00eddo. De fato, cada part\u00edcula possui sua pr\u00f3pria superf\u00edcie. E o material ainda carece de dureza e resist\u00eancia.<\/p>\n<h3 style=\"text-align: left;\">Processo de sinteriza\u00e7\u00e3o<\/h3>\n<p class=\"p1\" style=\"text-align: left;\">Por fim, os produtos s\u00e3o submetidos ao processo\u00a0<b>sinteriza\u00e7\u00e3o<\/b>. Trata-se de um tratamento t\u00e9rmico que solda as part\u00edculas em um composto indivis\u00edvel: o\u00a0<i>metal sinterizado<\/i>. Gra\u00e7as ao calor, as porosidades s\u00e3o eliminadas, formando juntas e pontes entre as part\u00edculas; portanto, a superf\u00edcie total do material \u00e9 reduzida.<\/p>\n<p class=\"p2\" style=\"text-align: left;\">No processo de sinteriza\u00e7\u00e3o, em geral a temperatura permanece entre 1400-1500 \u00b0 C. Contudo, ela deve ser menor que o ponto de fus\u00e3o. Ela tamb\u00e9m \u00e9 definida de acordo com a porcentagem de cobalto utilizada.<\/p>\n<p class=\"p2\" style=\"text-align: left;\">Como resultado da sinteriza\u00e7\u00e3o, obt\u00e9m-se um material cer\u00e2mico-met\u00e1lico chamado carboneto cimentado, metal duro ou widia.<\/p>\n<h3 style=\"text-align: left;\">Sinteriza\u00e7\u00e3o de metais: tecnologias alternativas<\/h3>\n<p class=\"p1\" style=\"text-align: left;\">Outras tecnologias tamb\u00e9m s\u00e3o utilizadas para a obten\u00e7\u00e3o do metal duro, tamb\u00e9m chamadas de carboneto cimentado, widia sinterizado ou carboloy.<\/p>\n<h3 style=\"text-align: left;\">Compacta\u00e7\u00e3o isost\u00e1tica<\/h3>\n<p class=\"p1\" style=\"text-align: left;\">A <a href=\"https:\/\/pt.wikipedia.org\/wiki\/Compacta%C3%A7%C3%A3o_de_dados\">compacta\u00e7\u00e3o<\/a> isost\u00e1tica \u00e9 uma das t\u00e9cnicas utilizadas pela Nashira.<\/p>\n<p class=\"p1\" style=\"text-align: left;\">Neste caso, a press\u00e3o \u00e9 exercida uniformemente atrav\u00e9s de um l\u00edquido. A opera\u00e7\u00e3o pode ocorrer:<\/p>\n<ul class=\"ul1\" style=\"text-align: left;\">\n<li class=\"li2\">Quente (<i>hot isostatic pressing<\/i>)<\/li>\n<li class=\"li2\">Frio (<i>cold isostatic pressing<\/i>)<\/li>\n<\/ul>\n<p class=\"p2\" style=\"text-align: left;\">Usando esta tecnologia, a estrutura interna do metal duro ser\u00e1\u00a0<b>homog\u00eanea<\/b>. De outro modo, atrav\u00e9s de t\u00e9cnicas convencionais de compacta\u00e7\u00e3o, a press\u00e3o \u00e9 aplicada de forma uniaxial; e a estrutura do produto final ser\u00e1 heterog\u00eanea.<\/p>\n<h3 style=\"text-align: left;\">Extrus\u00e3o<\/h3>\n<p class=\"p1\" style=\"text-align: left;\">Trata-se de uma t\u00e9cnica recente de processamento aplicada ao metal duro. A Nashira j\u00e1 a utiliza.<\/p>\n<p class=\"p1\" style=\"text-align: left;\">Consiste em comprimir uma massa com p\u00f3s de carboneto de tungst\u00eanio e de cobalto com um fuso, atrav\u00e9s de um molde conhecido por &#8220;matriz&#8221; ou &#8220;fieira&#8221;. A se\u00e7\u00e3o da matriz tamb\u00e9m pode ser oca, neste caso ela \u00e9 utilizada na produ\u00e7\u00e3o de tubos ou cilindros. A massa \u00e9 empurrada em dire\u00e7\u00e3o \u00e0 cabe\u00e7a de extrus\u00e3o, produzindo a forma desejada. Ao sair da matriz, o material \u00e9 resfriado.<\/p>\n<p class=\"p1\" style=\"text-align: left;\">Sua vantagem consiste na possibilidade de criar perfis com uma se\u00e7\u00e3o constante de comprimento indefinido; sua \u00fanica limita\u00e7\u00e3o deriva da capacidade dos fornos de sinteriza\u00e7\u00e3o.<\/p>\n<p class=\"p1\" style=\"text-align: left;\">A gest\u00e3o deste m\u00e9todo de produ\u00e7\u00e3o demanda um not\u00e1vel know how. Por outro lado, \u00e9 uma t\u00e9cnica vers\u00e1til. E permite a produ\u00e7\u00e3o de formas e dimens\u00f5es que n\u00e3o seriam poss\u00edveis mediante outras tecnologias.<\/p>\n<h3 style=\"text-align: left;\">Moldagem por Inje\u00e7\u00e3o de Metal (MIM)<\/h3>\n<p class=\"p1\" style=\"text-align: left;\">Em breve esta t\u00e9cnica ser\u00e1 integrada \u00e0s tradicionais linhas de produ\u00e7\u00e3o da Nashira. Trata-se de um processo semelhante ao utilizado na modelagem de materiais pl\u00e1sticos. O metal finamente pulverizado \u00e9 misturado ao material aglutinante, criando assim uma mistura; em seguida ela \u00e9 modelada e solidificada atrav\u00e9s da\u00a0<b>modelagem<\/b>\u00a0por inje\u00e7\u00e3o.<\/p>\n<p class=\"p2\" style=\"text-align: left;\">Este processo permite modelar pe\u00e7as complexas e de grande volume em uma \u00fanica etapa. Ap\u00f3s a moldagem, a pe\u00e7a \u00e9 submetida a opera\u00e7\u00f5es de condicionamento a fim de remover o aglutinante e densificar os p\u00f3s.<\/p>\n<p class=\"p2\" style=\"text-align: left;\">Os produtos acabados s\u00e3o pequenos componentes utilizados em diversas ind\u00fastrias e aplica\u00e7\u00f5es.<\/p>\n<h1 style=\"text-align: left;\"><!-- br--><\/h1>\n<h2 style=\"text-align: left;\">Metal duro e consumo na It\u00e1lia<\/h2>\n<p class=\"p1\" style=\"text-align: left;\">Enquanto o consumo mundial de carboneto cimentado apresenta um crescimento moderado, na It\u00e1lia a situa\u00e7\u00e3o \u00e9 muito diferente. A It\u00e1lia possui uma das maiores\u00a0<b>tend\u00eancias de crescimento no uso de componentes sinterizados<\/b>.<\/p>\n<p class=\"p2\" style=\"text-align: left;\">Hoje, o metal duro \u00e9 indispens\u00e1vel em v\u00e1rios setores e processos produtivos. Atualmente ele \u00e9 usado nas ind\u00fastrias metal\u00fargica, mec\u00e2nica, aeron\u00e1utica, aeroespacial e de minera\u00e7\u00e3o. Tamb\u00e9m \u00e9 empregado nos setores m\u00e9dico, agr\u00edcola, t\u00eaxtil e alimentar.<\/p>\n<p class=\"p2\" style=\"text-align: left;\">Geralmente, \u00e9 a melhor escolha para fabricar v\u00e1lvulas, rolos, cilindros, placas, pinos, l\u00e2minas, bocais, engrenagens, etc. Em resumo, qualquer tipo de dispositivo, componente ou ferramenta. Sem sombra de d\u00favidas:<\/p>\n<ul class=\"ul1\" style=\"text-align: left;\">\n<li class=\"li1\">\u00c9 resistente ao desgaste<\/li>\n<li class=\"li1\">Possui elevada tenacidade<\/li>\n<li class=\"li1\">Garante uma vida longa e processos mais seguros<\/li>\n<\/ul>\n<h1 style=\"text-align: left;\"><!-- br--><\/h1>\n<h2 style=\"text-align: left;\">Voc\u00ea est\u00e1 em busca de produtores de metal duro?<\/h2>\n<h3 style=\"text-align: left;\">A Nashira Hardmetals \u00e9 a empresa que faz para voc\u00ea.<\/h3>\n<p class=\"p1\" style=\"text-align: left;\">Temos a solu\u00e7\u00e3o ideal para qualquer finalidade t\u00e9cnica.<\/p>\n<p class=\"p2\" style=\"text-align: left;\">Enquanto as grandes redes competem nos pre\u00e7os e est\u00e3o focadas na produ\u00e7\u00e3o em massa, n\u00f3s da Nashira Hard Metals nos diferenciamos devido ao nosso compromisso com a\u00a0<b>qualidade<\/b>\u00a0e a\u00a0<b>inova\u00e7\u00e3o<\/b>. Temos um setor exclusivamente destinado \u00e0 pesquisa e ao desenvolvimento. Al\u00e9m disso, somos capazes de criar produtos especiais a partir da solicita\u00e7\u00e3o de nossos clientes.<\/p>\n<p class=\"p1\" style=\"text-align: left;\">Dentre as vantagens que oferecemos:<\/p>\n<ul class=\"ul1\">\n<li class=\"li2\" style=\"text-align: left;\">Solu\u00e7\u00f5es direcionadas<\/li>\n<li class=\"li2\" style=\"text-align: left;\">Conhecimento t\u00e9cnico<\/li>\n<li class=\"li2\" style=\"text-align: left;\">Qualidade constante<\/li>\n<li class=\"li2\" style=\"text-align: left;\">Seguran\u00e7a<\/li>\n<li class=\"li2\" style=\"text-align: left;\">Assist\u00eancia<\/li>\n<\/ul>\n<p>[\/vc_column_text][\/vc_column][\/vc_row][vc_row][vc_column][vc_btn title=&#8221;Obter informa\u00e7\u00f5es&#8221; style=&#8221;custom&#8221; custom_background=&#8221;#f7a600&#8243; custom_text=&#8221;#ffffff&#8221; shape=&#8221;square&#8221; css_animation=&#8221;fadeIn&#8221; link=&#8221;url:https%3A%2F%2Fwww.nashira-hm.it%2Fcontatti%2F|||&#8221;][\/vc_column][\/vc_row]<\/p>\n<\/div>","protected":false},"excerpt":{"rendered":"<p>[vc_row][vc_column][vc_column_text] [\/vc_column_text][\/vc_column][\/vc_row][vc_row el_id=&#8221;metalloduro&#8221;][vc_column][vc_empty_space][\/vc_column][\/vc_row][vc_row][vc_column width=&#8221;1\/2&#8243;][vc_column_text css_animation=&#8221;fadeIn&#8221;] Metal duro tamb\u00e9m conhecido como Widea, Carboneto Cimentado ou Carboneto de Tungst\u00eanio \u00e9 um material utilizado em processamentos mec\u00e2nicos\u00a0que consiste em\u00a0part\u00edculas duras de Carboneto de Tungst\u00eanio\u00a0incorporadas \u00e0 uma matriz met\u00e1lica (geralmente Cobalto). O metal duro \u00e9 produzido gra\u00e7as ao processo de\u00a0sinteriza\u00e7\u00e3o; em outras palavras, os p\u00f3s dos componentes s\u00e3o misturados, [&hellip;]<\/p>\n","protected":false},"author":2,"featured_media":3569,"parent":0,"menu_order":0,"comment_status":"closed","ping_status":"closed","template":"","meta":{"footnotes":""},"yoast_head":"<!-- This site is optimized with the Yoast SEO Premium plugin v23.8 (Yoast SEO v24.5) - https:\/\/yoast.com\/wordpress\/plugins\/seo\/ -->\n<title>O que \u00e9 Metal Duro | Nashira Hardmetals | Carboneto de Tungstenio<\/title>\n<meta name=\"description\" content=\"Metal Duro sua f\u00f3rmula molecular \u00e9 WC. Trata-se de um material muito duro, situado no grau 9 da escala de Mohs e em torno de 2600 na escala de Vickers.\" \/>\n<meta name=\"robots\" content=\"index, follow, max-snippet:-1, max-image-preview:large, max-video-preview:-1\" \/>\n<link rel=\"canonical\" href=\"https:\/\/www.nashira-hm.it\/pt-br\/metal-duro\/\" \/>\n<meta property=\"og:locale\" content=\"pt_BR\" \/>\n<meta property=\"og:type\" content=\"article\" \/>\n<meta property=\"og:title\" content=\"O que \u00e9 Metal Duro\" \/>\n<meta property=\"og:description\" content=\"Metal Duro sua f\u00f3rmula molecular \u00e9 WC. Trata-se de um material muito duro, situado no grau 9 da escala de Mohs e em torno de 2600 na escala de Vickers.\" \/>\n<meta property=\"og:url\" content=\"https:\/\/www.nashira-hm.it\/pt-br\/metal-duro\/\" \/>\n<meta property=\"og:site_name\" content=\"Nashira Hardmetals srl - Produttore Metallo Duro.\" \/>\n<meta property=\"article:publisher\" content=\"https:\/\/www.facebook.com\/NashiraHardmetals\/\" \/>\n<meta property=\"article:modified_time\" content=\"2020-06-13T16:34:48+00:00\" \/>\n<meta property=\"og:image\" content=\"https:\/\/www.nashira-hm.it\/wp-content\/uploads\/2020\/02\/m14-1.jpg\" \/>\n\t<meta property=\"og:image:width\" content=\"1024\" \/>\n\t<meta property=\"og:image:height\" content=\"576\" \/>\n\t<meta property=\"og:image:type\" content=\"image\/jpeg\" \/>\n<meta name=\"twitter:card\" content=\"summary_large_image\" \/>\n<meta name=\"twitter:label1\" content=\"Est. tempo de leitura\" \/>\n\t<meta name=\"twitter:data1\" content=\"8 minutos\" \/>\n<script type=\"application\/ld+json\" class=\"yoast-schema-graph\">{\"@context\":\"https:\/\/schema.org\",\"@graph\":[{\"@type\":\"WebPage\",\"@id\":\"https:\/\/www.nashira-hm.it\/pt-br\/metal-duro\/\",\"url\":\"https:\/\/www.nashira-hm.it\/pt-br\/metal-duro\/\",\"name\":\"O que \u00e9 Metal Duro | Nashira Hardmetals | Carboneto de Tungstenio\",\"isPartOf\":{\"@id\":\"https:\/\/www.nashira-hm.it\/#website\"},\"primaryImageOfPage\":{\"@id\":\"https:\/\/www.nashira-hm.it\/pt-br\/metal-duro\/#primaryimage\"},\"image\":{\"@id\":\"https:\/\/www.nashira-hm.it\/pt-br\/metal-duro\/#primaryimage\"},\"thumbnailUrl\":\"https:\/\/www.nashira-hm.it\/wp-content\/uploads\/2020\/02\/m14-1.jpg\",\"datePublished\":\"2018-01-09T15:46:15+00:00\",\"dateModified\":\"2020-06-13T16:34:48+00:00\",\"description\":\"Metal Duro sua f\u00f3rmula molecular \u00e9 WC. Trata-se de um material muito duro, situado no grau 9 da escala de Mohs e em torno de 2600 na escala de Vickers.\",\"breadcrumb\":{\"@id\":\"https:\/\/www.nashira-hm.it\/pt-br\/metal-duro\/#breadcrumb\"},\"inLanguage\":\"pt-BR\",\"potentialAction\":[{\"@type\":\"ReadAction\",\"target\":[\"https:\/\/www.nashira-hm.it\/pt-br\/metal-duro\/\"]}]},{\"@type\":\"ImageObject\",\"inLanguage\":\"pt-BR\",\"@id\":\"https:\/\/www.nashira-hm.it\/pt-br\/metal-duro\/#primaryimage\",\"url\":\"https:\/\/www.nashira-hm.it\/wp-content\/uploads\/2020\/02\/m14-1.jpg\",\"contentUrl\":\"https:\/\/www.nashira-hm.it\/wp-content\/uploads\/2020\/02\/m14-1.jpg\",\"width\":1024,\"height\":576,\"caption\":\"Cilindretti in metallo duro per utensili antivibranti\"},{\"@type\":\"BreadcrumbList\",\"@id\":\"https:\/\/www.nashira-hm.it\/pt-br\/metal-duro\/#breadcrumb\",\"itemListElement\":[{\"@type\":\"ListItem\",\"position\":1,\"name\":\"Home\",\"item\":\"https:\/\/www.nashira-hm.it\/pt-br\/\"},{\"@type\":\"ListItem\",\"position\":2,\"name\":\"O que \u00e9 Metal Duro\"}]},{\"@type\":\"WebSite\",\"@id\":\"https:\/\/www.nashira-hm.it\/#website\",\"url\":\"https:\/\/www.nashira-hm.it\/\",\"name\":\"Nashira Hardmetals srl - Produttore Metallo Duro\",\"description\":\"L&#039;arte del metallo duro\",\"publisher\":{\"@id\":\"https:\/\/www.nashira-hm.it\/#organization\"},\"potentialAction\":[{\"@type\":\"SearchAction\",\"target\":{\"@type\":\"EntryPoint\",\"urlTemplate\":\"https:\/\/www.nashira-hm.it\/?s={search_term_string}\"},\"query-input\":{\"@type\":\"PropertyValueSpecification\",\"valueRequired\":true,\"valueName\":\"search_term_string\"}}],\"inLanguage\":\"pt-BR\"},{\"@type\":\"Organization\",\"@id\":\"https:\/\/www.nashira-hm.it\/#organization\",\"name\":\"Nashira Hardmetals\",\"url\":\"https:\/\/www.nashira-hm.it\/\",\"logo\":{\"@type\":\"ImageObject\",\"inLanguage\":\"pt-BR\",\"@id\":\"https:\/\/www.nashira-hm.it\/#\/schema\/logo\/image\/\",\"url\":\"https:\/\/www.nashira-hm.it\/wp-content\/uploads\/2018\/01\/logo-nashira-positivo.png\",\"contentUrl\":\"https:\/\/www.nashira-hm.it\/wp-content\/uploads\/2018\/01\/logo-nashira-positivo.png\",\"width\":204,\"height\":70,\"caption\":\"Nashira Hardmetals\"},\"image\":{\"@id\":\"https:\/\/www.nashira-hm.it\/#\/schema\/logo\/image\/\"},\"sameAs\":[\"https:\/\/www.facebook.com\/NashiraHardmetals\/\",\"https:\/\/www.linkedin.com\/company\/nashira-hardmetals\/\"]}]}<\/script>\n<!-- \/ Yoast SEO Premium plugin. -->","yoast_head_json":{"title":"O que \u00e9 Metal Duro | Nashira Hardmetals | Carboneto de Tungstenio","description":"Metal Duro sua f\u00f3rmula molecular \u00e9 WC. Trata-se de um material muito duro, situado no grau 9 da escala de Mohs e em torno de 2600 na escala de Vickers.","robots":{"index":"index","follow":"follow","max-snippet":"max-snippet:-1","max-image-preview":"max-image-preview:large","max-video-preview":"max-video-preview:-1"},"canonical":"https:\/\/www.nashira-hm.it\/pt-br\/metal-duro\/","og_locale":"pt_BR","og_type":"article","og_title":"O que \u00e9 Metal Duro","og_description":"Metal Duro sua f\u00f3rmula molecular \u00e9 WC. Trata-se de um material muito duro, situado no grau 9 da escala de Mohs e em torno de 2600 na escala de Vickers.","og_url":"https:\/\/www.nashira-hm.it\/pt-br\/metal-duro\/","og_site_name":"Nashira Hardmetals srl - Produttore Metallo Duro.","article_publisher":"https:\/\/www.facebook.com\/NashiraHardmetals\/","article_modified_time":"2020-06-13T16:34:48+00:00","og_image":[{"width":1024,"height":576,"url":"https:\/\/www.nashira-hm.it\/wp-content\/uploads\/2020\/02\/m14-1.jpg","type":"image\/jpeg"}],"twitter_card":"summary_large_image","twitter_misc":{"Est. tempo de leitura":"8 minutos"},"schema":{"@context":"https:\/\/schema.org","@graph":[{"@type":"WebPage","@id":"https:\/\/www.nashira-hm.it\/pt-br\/metal-duro\/","url":"https:\/\/www.nashira-hm.it\/pt-br\/metal-duro\/","name":"O que \u00e9 Metal Duro | Nashira Hardmetals | Carboneto de Tungstenio","isPartOf":{"@id":"https:\/\/www.nashira-hm.it\/#website"},"primaryImageOfPage":{"@id":"https:\/\/www.nashira-hm.it\/pt-br\/metal-duro\/#primaryimage"},"image":{"@id":"https:\/\/www.nashira-hm.it\/pt-br\/metal-duro\/#primaryimage"},"thumbnailUrl":"https:\/\/www.nashira-hm.it\/wp-content\/uploads\/2020\/02\/m14-1.jpg","datePublished":"2018-01-09T15:46:15+00:00","dateModified":"2020-06-13T16:34:48+00:00","description":"Metal Duro sua f\u00f3rmula molecular \u00e9 WC. Trata-se de um material muito duro, situado no grau 9 da escala de Mohs e em torno de 2600 na escala de Vickers.","breadcrumb":{"@id":"https:\/\/www.nashira-hm.it\/pt-br\/metal-duro\/#breadcrumb"},"inLanguage":"pt-BR","potentialAction":[{"@type":"ReadAction","target":["https:\/\/www.nashira-hm.it\/pt-br\/metal-duro\/"]}]},{"@type":"ImageObject","inLanguage":"pt-BR","@id":"https:\/\/www.nashira-hm.it\/pt-br\/metal-duro\/#primaryimage","url":"https:\/\/www.nashira-hm.it\/wp-content\/uploads\/2020\/02\/m14-1.jpg","contentUrl":"https:\/\/www.nashira-hm.it\/wp-content\/uploads\/2020\/02\/m14-1.jpg","width":1024,"height":576,"caption":"Cilindretti in metallo duro per utensili antivibranti"},{"@type":"BreadcrumbList","@id":"https:\/\/www.nashira-hm.it\/pt-br\/metal-duro\/#breadcrumb","itemListElement":[{"@type":"ListItem","position":1,"name":"Home","item":"https:\/\/www.nashira-hm.it\/pt-br\/"},{"@type":"ListItem","position":2,"name":"O que \u00e9 Metal Duro"}]},{"@type":"WebSite","@id":"https:\/\/www.nashira-hm.it\/#website","url":"https:\/\/www.nashira-hm.it\/","name":"Nashira Hardmetals srl - Produttore Metallo Duro","description":"L&#039;arte del metallo duro","publisher":{"@id":"https:\/\/www.nashira-hm.it\/#organization"},"potentialAction":[{"@type":"SearchAction","target":{"@type":"EntryPoint","urlTemplate":"https:\/\/www.nashira-hm.it\/?s={search_term_string}"},"query-input":{"@type":"PropertyValueSpecification","valueRequired":true,"valueName":"search_term_string"}}],"inLanguage":"pt-BR"},{"@type":"Organization","@id":"https:\/\/www.nashira-hm.it\/#organization","name":"Nashira Hardmetals","url":"https:\/\/www.nashira-hm.it\/","logo":{"@type":"ImageObject","inLanguage":"pt-BR","@id":"https:\/\/www.nashira-hm.it\/#\/schema\/logo\/image\/","url":"https:\/\/www.nashira-hm.it\/wp-content\/uploads\/2018\/01\/logo-nashira-positivo.png","contentUrl":"https:\/\/www.nashira-hm.it\/wp-content\/uploads\/2018\/01\/logo-nashira-positivo.png","width":204,"height":70,"caption":"Nashira Hardmetals"},"image":{"@id":"https:\/\/www.nashira-hm.it\/#\/schema\/logo\/image\/"},"sameAs":["https:\/\/www.facebook.com\/NashiraHardmetals\/","https:\/\/www.linkedin.com\/company\/nashira-hardmetals\/"]}]}},"_links":{"self":[{"href":"https:\/\/www.nashira-hm.it\/pt-br\/wp-json\/wp\/v2\/pages\/3587"}],"collection":[{"href":"https:\/\/www.nashira-hm.it\/pt-br\/wp-json\/wp\/v2\/pages"}],"about":[{"href":"https:\/\/www.nashira-hm.it\/pt-br\/wp-json\/wp\/v2\/types\/page"}],"author":[{"embeddable":true,"href":"https:\/\/www.nashira-hm.it\/pt-br\/wp-json\/wp\/v2\/users\/2"}],"replies":[{"embeddable":true,"href":"https:\/\/www.nashira-hm.it\/pt-br\/wp-json\/wp\/v2\/comments?post=3587"}],"version-history":[{"count":2,"href":"https:\/\/www.nashira-hm.it\/pt-br\/wp-json\/wp\/v2\/pages\/3587\/revisions"}],"predecessor-version":[{"id":5871,"href":"https:\/\/www.nashira-hm.it\/pt-br\/wp-json\/wp\/v2\/pages\/3587\/revisions\/5871"}],"wp:featuredmedia":[{"embeddable":true,"href":"https:\/\/www.nashira-hm.it\/pt-br\/wp-json\/wp\/v2\/media\/3569"}],"wp:attachment":[{"href":"https:\/\/www.nashira-hm.it\/pt-br\/wp-json\/wp\/v2\/media?parent=3587"}],"curies":[{"name":"wp","href":"https:\/\/api.w.org\/{rel}","templated":true}]}}