{"id":10972,"date":"2019-12-18T10:19:24","date_gmt":"2019-12-18T09:19:24","guid":{"rendered":"https:\/\/www.nashira-hm.it\/widia\/"},"modified":"2021-02-02T12:36:56","modified_gmt":"2021-02-02T11:36:56","slug":"widia","status":"publish","type":"page","link":"https:\/\/www.nashira-hm.it\/pt-br\/widia\/","title":{"rendered":"Widia"},"content":{"rendered":"<div class=\"wpb-content-wrapper\"><p>[vc_row][vc_column][vc_column_text]<\/p>\r\n<h1 class=\"wp-block-heading\">Widia: o que \u00e9<\/h1>\r\n<p>\u00a0<\/p><figure class=\"wp-block-image size-large\"><img loading=\"lazy\" decoding=\"async\" width=\"1024\" height=\"576\" class=\"wp-image-888\" src=\"https:\/\/www.nashira-hm.it\/wp-content\/uploads\/2017\/08\/mecc1-1024x576.jpg\" alt=\"widia\" srcset=\"https:\/\/www.nashira-hm.it\/wp-content\/uploads\/2017\/08\/mecc1.jpg 1024w, https:\/\/www.nashira-hm.it\/wp-content\/uploads\/2017\/08\/mecc1-300x169.jpg 300w, https:\/\/www.nashira-hm.it\/wp-content\/uploads\/2017\/08\/mecc1-600x338.jpg 600w, https:\/\/www.nashira-hm.it\/wp-content\/uploads\/2017\/08\/mecc1-768x432.jpg 768w\" sizes=\"(max-width: 1024px) 100vw, 1024px\" \/><\/figure>\r\n<p>O\u00a0<strong>Widia<\/strong>\u00a0\u00e9 um material com um\u00a0<strong>grau de dureza muito elevado<\/strong>\u00a0.<\/p>\r\n<p>Tamb\u00e9m conhecido como Carboneto Cimentado ou\u00a0<a href=\"https:\/\/t5gs3qye2ozae6a5znn2tl4lfu--www-nashira-hm-it.translate.goog\/cose-il-metallo-duro\/\">Metal Duro<\/a>\u00a0, \u00e9 usado principalmente na usinagem mec\u00e2nica.<\/p>\r\n<p>O termo deriva do alem\u00e3o\u00a0<i>wie Diamant<\/i>\u00a0ou &#8220;duro como diamante&#8221;.\u00a0Na verdade, \u00e9 uma liga muito dura, obtida pela adi\u00e7\u00e3o de carboneto de tungst\u00eanio a um metal de cimenta\u00e7\u00e3o, como o cobalto.\u00a0Foi o alem\u00e3o Krupp quem registrou o nome comercial Widia e usou o material pela primeira vez como ferramenta de corte em 1927.<\/p>\r\n<div class=\"wp-block-spacer\" aria-hidden=\"true\">\u00a0<\/div>\r\n<h2>Caracter\u00edsticas da Widia<\/h2>\r\n<p>As caracter\u00edsticas do Widia s\u00e3o dureza e alta densidade.<\/p>\r\n<p>Em outras palavras, o material \u00e9\u00a0<strong>resistente \u00e0<\/strong>\u00a0abras\u00e3o, press\u00e3o e deforma\u00e7\u00e3o.\u00a0Al\u00e9m disso, resiste \u00e0 corros\u00e3o, eros\u00e3o, gripagem met\u00e1lica e altas temperaturas.<\/p>\r\n<p>Resumindo, os componentes e ferramentas Widia n\u00e3o est\u00e3o sujeitos ao desgaste.\u00a0Eles s\u00e3o mais duros do que os de a\u00e7o.\u00a0E suportam as mais altas temperaturas de corte.<\/p>\r\n<div class=\"wp-block-spacer\" aria-hidden=\"true\">\u00a0<\/div>\r\n<h2>Produ\u00e7\u00e3o<\/h2>\r\n<p>O processo de produ\u00e7\u00e3o da Widia \u00e9 denominado\u00a0<strong>sinteriza\u00e7\u00e3o<\/strong>\u00a0.<\/p>\r\n<p>Sobre o que \u00e9 isso?<\/p>\r\n<p>Em primeiro lugar, os p\u00f3s de carboneto, tungst\u00eanio e cobalto s\u00e3o misturados.\u00a0Em seguida, eles s\u00e3o prensados \u200b\u200be expostos a altas temperaturas.<\/p>\r\n<p>Como resultado, as part\u00edculas de carboneto de tungst\u00eanio s\u00e3o incorporadas em uma matriz de cobalto met\u00e1lico.\u00a0At\u00e9 formar um \u00fanico bloco.<\/p>\r\n<div class=\"wp-block-spacer\" aria-hidden=\"true\">\u00a0<\/div>\r\n<p>Com Widia, os produtores de metal duro podem alcan\u00e7ar:<\/p>\r\n<ul>\r\n<li>Produtos exclusivos como engrenagens, ferramentas para usinagem ou componentes mec\u00e2nicos.<\/li>\r\n<li>Produtos semiacabados, como barras widia, cilindros e pastilhas \u00e1speras, que ser\u00e3o processados \u200b\u200bpara fazer ferramentas e ferramentas em metal duro.<\/li>\r\n<\/ul>\r\n<div class=\"wp-block-spacer\" aria-hidden=\"true\">\u00a0<\/div>\r\n<p>Gra\u00e7as ao\u00a0<strong><a href=\"https:\/\/translate.google.com\/website?sl=auto&amp;tl=pt&amp;u=https:\/\/it.wikipedia.org\/wiki\/Rettifica_(lavorazioni_meccaniche)\">desbaste<\/a><\/strong>\u00a0com discos diamantados ou pastas diamantadas para lixar, o metal duro \u00e9 refinado.\u00a0Assim obt\u00e9m a forma, tamanho e tipo de superf\u00edcie desejados.<\/p>\r\n<div class=\"wp-block-spacer\" aria-hidden=\"true\">\u00a0<\/div>\r\n<h2>Tipos de uso de Widia<\/h2>\r\n<p>Um material como Widia \u00e9 resistente e de dureza consider\u00e1vel.\u00a0Portanto, atende \u00e0s necessidades de m\u00faltiplas\u00a0<strong>aplica\u00e7\u00f5es industriais<\/strong>\u00a0.<\/p>\r\n<p>Entre outras coisas, \u00e9 utilizado nos seguintes setores industriais:<\/p>\r\n<ul>\r\n<li>Metal\u00fargico<\/li>\r\n<li>Mec\u00e2nico<\/li>\r\n<li>Minera\u00e7\u00e3o<\/li>\r\n<li>Aeron\u00e1utica<\/li>\r\n<li>Aeroespacial<\/li>\r\n<li>Agr\u00edcola<\/li>\r\n<li>Comida<\/li>\r\n<li>T\u00eaxtil<\/li>\r\n<\/ul>\r\n<div class=\"wp-block-spacer\" aria-hidden=\"true\">\u00a0<\/div>\r\n<p>Mas tamb\u00e9m \u00e9 usado no campo da engenharia civil.\u00a0E tamb\u00e9m em v\u00e1rios outros setores.<\/p>\r\n<p>Pelas suas caracter\u00edsticas, as ferramentas Widia s\u00e3o adequadas para a usinagem de diversos materiais.\u00a0Entre estes:<\/p>\r\n<ul>\r\n<li>Metais<\/li>\r\n<li>Tit\u00e2nio<\/li>\r\n<li>Pedra<\/li>\r\n<li>Madeira<\/li>\r\n<li>Vidro<\/li>\r\n<\/ul>\r\n<div class=\"wp-block-spacer\" aria-hidden=\"true\">\u00a0<\/div>\r\n<h2>Fabricantes: Nashira Hardmetals<\/h2>\r\n<p>Fabricantes de\u00a0<em>metal duro<\/em>\u00a0como a\u00a0<a href=\"https:\/\/t5gs3qye2ozae6a5znn2tl4lfu--www-nashira-hm-it.translate.goog\/\">Nashira<\/a>\u00a0realizam componentes e carboneto de tungst\u00eanio semiacabado e metais duros.<\/p>\r\n<p>Sem d\u00favida, as aplica\u00e7\u00f5es s\u00e3o muitas.\u00a0Entre estes:<\/p>\r\n<ul>\r\n<li>Componentes para motores, transmiss\u00e3o, chassis e outros acess\u00f3rios para ve\u00edculos<\/li>\r\n<li>Componentes para eletrodom\u00e9sticos<\/li>\r\n<li>Pe\u00e7as de apoio de helic\u00f3pteros<\/li>\r\n<li>Componentes para bombas de gasolina<\/li>\r\n<li>L\u00e2minas rotativas<\/li>\r\n<li>Insertos para processamento de madeira, metal e vidro<\/li>\r\n<li>Engrenagens e componentes resistentes ao desgaste<\/li>\r\n<li>V\u00e1lvulas e componentes para oleodutos e gasodutos<\/li>\r\n<li>Ferramentas para furar placas de circuito impresso<\/li>\r\n<li>Ferramentas de desenho<\/li>\r\n<li>Pe\u00e7as sobressalentes para m\u00e1quinas<\/li>\r\n<li>Componentes para produtos tecnol\u00f3gicos<\/li>\r\n<li>L\u00e2minas para joalharia e relojoaria<\/li>\r\n<li>Pin\u00e7a cir\u00fargica<\/li>\r\n<li>Ponta das canetas esferogr\u00e1ficas<\/li>\r\n<li>Dicas de m\u00e1quinas de perfura\u00e7\u00e3o de rocha<\/li>\r\n<li>Barras para processamento de cobre<\/li>\r\n<li>Moldagem de latas<\/li>\r\n<li>Ponta dos bast\u00f5es de trekking<\/li>\r\n<\/ul>\r\n<div class=\"wp-block-spacer\" aria-hidden=\"true\">\u00a0<\/div>\r\n<p>Por sua dureza e resist\u00eancia, Widia se presta a uma s\u00e9rie infinita de utiliza\u00e7\u00f5es.\u00a0Na Nashira, temos um processo interno que permite a produ\u00e7\u00e3o de produtos complexos da mais alta qualidade.\u00a0E tamb\u00e9m a um pre\u00e7o muito baixo.<\/p>\r\n<p>[\/vc_column_text][\/vc_column][\/vc_row][vc_row][vc_column][vc_btn title=&#8221;Pedir informa\u00e7\u00e3o&#8221; style=&#8221;custom&#8221; custom_background=&#8221;#f7a600&#8243; custom_text=&#8221;#ffffff&#8221; shape=&#8221;square&#8221; link=&#8221;url:https%3A%2F%2Fwww.nashira-hm.it%2Fpt-br%2Fcontatos%2F|title:Contatos&#8221;][\/vc_column][\/vc_row]<\/p><\/div>","protected":false},"excerpt":{"rendered":"<p>[vc_row][vc_column][vc_column_text] Widia: o que \u00e9 \u00a0 O\u00a0Widia\u00a0\u00e9 um material com um\u00a0grau de dureza muito elevado\u00a0. Tamb\u00e9m conhecido como Carboneto Cimentado ou\u00a0Metal Duro\u00a0, \u00e9 usado principalmente na usinagem mec\u00e2nica. O termo deriva do alem\u00e3o\u00a0wie Diamant\u00a0ou &#8220;duro como diamante&#8221;.\u00a0Na verdade, \u00e9 uma liga muito dura, obtida pela adi\u00e7\u00e3o de carboneto de tungst\u00eanio a um metal de cimenta\u00e7\u00e3o, [&hellip;]<\/p>\n","protected":false},"author":2,"featured_media":4077,"parent":0,"menu_order":0,"comment_status":"closed","ping_status":"closed","template":"","meta":{"footnotes":""},"yoast_head":"<!-- This site is optimized with the Yoast SEO Premium plugin v23.8 (Yoast SEO v24.5) - https:\/\/yoast.com\/wordpress\/plugins\/seo\/ -->\n<title>Widia: cos&#039;\u00e8, caratteristiche, produzione | Nashira Hardmetals<\/title>\n<meta name=\"description\" content=\"Widia deriva dal tedesco wie Diamant (duro come il diamante). \u00c8 una lega durissima che risponde alle esigenze di molteplici applicazioni industriali.\" \/>\n<meta name=\"robots\" content=\"index, follow, max-snippet:-1, max-image-preview:large, max-video-preview:-1\" \/>\n<link rel=\"canonical\" href=\"https:\/\/www.nashira-hm.it\/pt-br\/widia\/\" \/>\n<meta property=\"og:locale\" content=\"pt_BR\" \/>\n<meta property=\"og:type\" content=\"article\" \/>\n<meta property=\"og:title\" content=\"Widia\" \/>\n<meta property=\"og:description\" content=\"Widia deriva dal tedesco wie Diamant (duro come il diamante). \u00c8 una lega durissima che risponde alle esigenze di molteplici applicazioni industriali.\" \/>\n<meta property=\"og:url\" content=\"https:\/\/www.nashira-hm.it\/pt-br\/widia\/\" \/>\n<meta property=\"og:site_name\" content=\"Nashira Hardmetals srl - Produttore Metallo Duro.\" \/>\n<meta property=\"article:publisher\" content=\"https:\/\/www.facebook.com\/NashiraHardmetals\/\" \/>\n<meta property=\"article:modified_time\" content=\"2021-02-02T11:36:56+00:00\" \/>\n<meta property=\"og:image\" content=\"https:\/\/www.nashira-hm.it\/wp-content\/uploads\/2017\/08\/mecc1.jpg\" \/>\n\t<meta property=\"og:image:width\" content=\"1024\" \/>\n\t<meta property=\"og:image:height\" content=\"576\" \/>\n\t<meta property=\"og:image:type\" content=\"image\/jpeg\" \/>\n<meta name=\"twitter:card\" content=\"summary_large_image\" \/>\n<meta name=\"twitter:label1\" content=\"Est. tempo de leitura\" \/>\n\t<meta name=\"twitter:data1\" content=\"3 minutos\" \/>\n<script type=\"application\/ld+json\" class=\"yoast-schema-graph\">{\"@context\":\"https:\/\/schema.org\",\"@graph\":[{\"@type\":\"WebPage\",\"@id\":\"https:\/\/www.nashira-hm.it\/pt-br\/widia\/\",\"url\":\"https:\/\/www.nashira-hm.it\/pt-br\/widia\/\",\"name\":\"Widia: cos'\u00e8, caratteristiche, produzione | Nashira Hardmetals\",\"isPartOf\":{\"@id\":\"https:\/\/www.nashira-hm.it\/#website\"},\"primaryImageOfPage\":{\"@id\":\"https:\/\/www.nashira-hm.it\/pt-br\/widia\/#primaryimage\"},\"image\":{\"@id\":\"https:\/\/www.nashira-hm.it\/pt-br\/widia\/#primaryimage\"},\"thumbnailUrl\":\"https:\/\/www.nashira-hm.it\/wp-content\/uploads\/2017\/08\/mecc1.jpg\",\"datePublished\":\"2019-12-18T09:19:24+00:00\",\"dateModified\":\"2021-02-02T11:36:56+00:00\",\"description\":\"Widia deriva dal tedesco wie Diamant (duro come il diamante). \u00c8 una lega durissima che risponde alle esigenze di molteplici applicazioni industriali.\",\"breadcrumb\":{\"@id\":\"https:\/\/www.nashira-hm.it\/pt-br\/widia\/#breadcrumb\"},\"inLanguage\":\"pt-BR\",\"potentialAction\":[{\"@type\":\"ReadAction\",\"target\":[\"https:\/\/www.nashira-hm.it\/pt-br\/widia\/\"]}]},{\"@type\":\"ImageObject\",\"inLanguage\":\"pt-BR\",\"@id\":\"https:\/\/www.nashira-hm.it\/pt-br\/widia\/#primaryimage\",\"url\":\"https:\/\/www.nashira-hm.it\/wp-content\/uploads\/2017\/08\/mecc1.jpg\",\"contentUrl\":\"https:\/\/www.nashira-hm.it\/wp-content\/uploads\/2017\/08\/mecc1.jpg\",\"width\":1024,\"height\":576,\"caption\":\"Panoromica di frese a T grezze di sinterizzazione\"},{\"@type\":\"BreadcrumbList\",\"@id\":\"https:\/\/www.nashira-hm.it\/pt-br\/widia\/#breadcrumb\",\"itemListElement\":[{\"@type\":\"ListItem\",\"position\":1,\"name\":\"Home\",\"item\":\"https:\/\/www.nashira-hm.it\/pt-br\/\"},{\"@type\":\"ListItem\",\"position\":2,\"name\":\"Widia\"}]},{\"@type\":\"WebSite\",\"@id\":\"https:\/\/www.nashira-hm.it\/#website\",\"url\":\"https:\/\/www.nashira-hm.it\/\",\"name\":\"Nashira Hardmetals srl - Produttore Metallo Duro\",\"description\":\"L&#039;arte del metallo duro\",\"publisher\":{\"@id\":\"https:\/\/www.nashira-hm.it\/#organization\"},\"potentialAction\":[{\"@type\":\"SearchAction\",\"target\":{\"@type\":\"EntryPoint\",\"urlTemplate\":\"https:\/\/www.nashira-hm.it\/?s={search_term_string}\"},\"query-input\":{\"@type\":\"PropertyValueSpecification\",\"valueRequired\":true,\"valueName\":\"search_term_string\"}}],\"inLanguage\":\"pt-BR\"},{\"@type\":\"Organization\",\"@id\":\"https:\/\/www.nashira-hm.it\/#organization\",\"name\":\"Nashira Hardmetals\",\"url\":\"https:\/\/www.nashira-hm.it\/\",\"logo\":{\"@type\":\"ImageObject\",\"inLanguage\":\"pt-BR\",\"@id\":\"https:\/\/www.nashira-hm.it\/#\/schema\/logo\/image\/\",\"url\":\"https:\/\/www.nashira-hm.it\/wp-content\/uploads\/2018\/01\/logo-nashira-positivo.png\",\"contentUrl\":\"https:\/\/www.nashira-hm.it\/wp-content\/uploads\/2018\/01\/logo-nashira-positivo.png\",\"width\":204,\"height\":70,\"caption\":\"Nashira Hardmetals\"},\"image\":{\"@id\":\"https:\/\/www.nashira-hm.it\/#\/schema\/logo\/image\/\"},\"sameAs\":[\"https:\/\/www.facebook.com\/NashiraHardmetals\/\",\"https:\/\/www.linkedin.com\/company\/nashira-hardmetals\/\"]}]}<\/script>\n<!-- \/ Yoast SEO Premium plugin. -->","yoast_head_json":{"title":"Widia: cos'\u00e8, caratteristiche, produzione | Nashira Hardmetals","description":"Widia deriva dal tedesco wie Diamant (duro come il diamante). \u00c8 una lega durissima che risponde alle esigenze di molteplici applicazioni industriali.","robots":{"index":"index","follow":"follow","max-snippet":"max-snippet:-1","max-image-preview":"max-image-preview:large","max-video-preview":"max-video-preview:-1"},"canonical":"https:\/\/www.nashira-hm.it\/pt-br\/widia\/","og_locale":"pt_BR","og_type":"article","og_title":"Widia","og_description":"Widia deriva dal tedesco wie Diamant (duro come il diamante). \u00c8 una lega durissima che risponde alle esigenze di molteplici applicazioni industriali.","og_url":"https:\/\/www.nashira-hm.it\/pt-br\/widia\/","og_site_name":"Nashira Hardmetals srl - Produttore Metallo Duro.","article_publisher":"https:\/\/www.facebook.com\/NashiraHardmetals\/","article_modified_time":"2021-02-02T11:36:56+00:00","og_image":[{"width":1024,"height":576,"url":"https:\/\/www.nashira-hm.it\/wp-content\/uploads\/2017\/08\/mecc1.jpg","type":"image\/jpeg"}],"twitter_card":"summary_large_image","twitter_misc":{"Est. tempo de leitura":"3 minutos"},"schema":{"@context":"https:\/\/schema.org","@graph":[{"@type":"WebPage","@id":"https:\/\/www.nashira-hm.it\/pt-br\/widia\/","url":"https:\/\/www.nashira-hm.it\/pt-br\/widia\/","name":"Widia: cos'\u00e8, caratteristiche, produzione | Nashira Hardmetals","isPartOf":{"@id":"https:\/\/www.nashira-hm.it\/#website"},"primaryImageOfPage":{"@id":"https:\/\/www.nashira-hm.it\/pt-br\/widia\/#primaryimage"},"image":{"@id":"https:\/\/www.nashira-hm.it\/pt-br\/widia\/#primaryimage"},"thumbnailUrl":"https:\/\/www.nashira-hm.it\/wp-content\/uploads\/2017\/08\/mecc1.jpg","datePublished":"2019-12-18T09:19:24+00:00","dateModified":"2021-02-02T11:36:56+00:00","description":"Widia deriva dal tedesco wie Diamant (duro come il diamante). \u00c8 una lega durissima che risponde alle esigenze di molteplici applicazioni industriali.","breadcrumb":{"@id":"https:\/\/www.nashira-hm.it\/pt-br\/widia\/#breadcrumb"},"inLanguage":"pt-BR","potentialAction":[{"@type":"ReadAction","target":["https:\/\/www.nashira-hm.it\/pt-br\/widia\/"]}]},{"@type":"ImageObject","inLanguage":"pt-BR","@id":"https:\/\/www.nashira-hm.it\/pt-br\/widia\/#primaryimage","url":"https:\/\/www.nashira-hm.it\/wp-content\/uploads\/2017\/08\/mecc1.jpg","contentUrl":"https:\/\/www.nashira-hm.it\/wp-content\/uploads\/2017\/08\/mecc1.jpg","width":1024,"height":576,"caption":"Panoromica di frese a T grezze di sinterizzazione"},{"@type":"BreadcrumbList","@id":"https:\/\/www.nashira-hm.it\/pt-br\/widia\/#breadcrumb","itemListElement":[{"@type":"ListItem","position":1,"name":"Home","item":"https:\/\/www.nashira-hm.it\/pt-br\/"},{"@type":"ListItem","position":2,"name":"Widia"}]},{"@type":"WebSite","@id":"https:\/\/www.nashira-hm.it\/#website","url":"https:\/\/www.nashira-hm.it\/","name":"Nashira Hardmetals srl - Produttore Metallo Duro","description":"L&#039;arte del metallo duro","publisher":{"@id":"https:\/\/www.nashira-hm.it\/#organization"},"potentialAction":[{"@type":"SearchAction","target":{"@type":"EntryPoint","urlTemplate":"https:\/\/www.nashira-hm.it\/?s={search_term_string}"},"query-input":{"@type":"PropertyValueSpecification","valueRequired":true,"valueName":"search_term_string"}}],"inLanguage":"pt-BR"},{"@type":"Organization","@id":"https:\/\/www.nashira-hm.it\/#organization","name":"Nashira Hardmetals","url":"https:\/\/www.nashira-hm.it\/","logo":{"@type":"ImageObject","inLanguage":"pt-BR","@id":"https:\/\/www.nashira-hm.it\/#\/schema\/logo\/image\/","url":"https:\/\/www.nashira-hm.it\/wp-content\/uploads\/2018\/01\/logo-nashira-positivo.png","contentUrl":"https:\/\/www.nashira-hm.it\/wp-content\/uploads\/2018\/01\/logo-nashira-positivo.png","width":204,"height":70,"caption":"Nashira Hardmetals"},"image":{"@id":"https:\/\/www.nashira-hm.it\/#\/schema\/logo\/image\/"},"sameAs":["https:\/\/www.facebook.com\/NashiraHardmetals\/","https:\/\/www.linkedin.com\/company\/nashira-hardmetals\/"]}]}},"_links":{"self":[{"href":"https:\/\/www.nashira-hm.it\/pt-br\/wp-json\/wp\/v2\/pages\/10972"}],"collection":[{"href":"https:\/\/www.nashira-hm.it\/pt-br\/wp-json\/wp\/v2\/pages"}],"about":[{"href":"https:\/\/www.nashira-hm.it\/pt-br\/wp-json\/wp\/v2\/types\/page"}],"author":[{"embeddable":true,"href":"https:\/\/www.nashira-hm.it\/pt-br\/wp-json\/wp\/v2\/users\/2"}],"replies":[{"embeddable":true,"href":"https:\/\/www.nashira-hm.it\/pt-br\/wp-json\/wp\/v2\/comments?post=10972"}],"version-history":[{"count":4,"href":"https:\/\/www.nashira-hm.it\/pt-br\/wp-json\/wp\/v2\/pages\/10972\/revisions"}],"predecessor-version":[{"id":10976,"href":"https:\/\/www.nashira-hm.it\/pt-br\/wp-json\/wp\/v2\/pages\/10972\/revisions\/10976"}],"wp:featuredmedia":[{"embeddable":true,"href":"https:\/\/www.nashira-hm.it\/pt-br\/wp-json\/wp\/v2\/media\/4077"}],"wp:attachment":[{"href":"https:\/\/www.nashira-hm.it\/pt-br\/wp-json\/wp\/v2\/media?parent=10972"}],"curies":[{"name":"wp","href":"https:\/\/api.w.org\/{rel}","templated":true}]}}