{"id":10927,"date":"2017-08-07T12:10:02","date_gmt":"2017-08-07T10:10:02","guid":{"rendered":"https:\/\/www.nashira-hm.it\/produkte\/"},"modified":"2021-01-29T18:12:09","modified_gmt":"2021-01-29T17:12:09","slug":"produtos","status":"publish","type":"page","link":"https:\/\/www.nashira-hm.it\/pt-br\/produtos\/","title":{"rendered":"Produtos"},"content":{"rendered":"<div class=\"wpb-content-wrapper\"><p>[vc_row el_id=&#8221;superfici&#8221;][vc_column][vc_empty_space height=&#8221;60px&#8221;]            <div class=\"skill-text\">\n                <h2>Superf\u00edcies<\/h2>\n                <p><\/p>\n            <\/div>\n    [vc_column_text]O <strong>mundo do jato de areia e dos tratamentos<\/strong> de superf\u00edcie exige produtividade e padr\u00f5es elevados.[\/vc_column_text][vc_empty_space][\/vc_column][\/vc_row][vc_row][vc_column][vc_gallery interval=&#8221;3&#8243; images=&#8221;3977,3976,4005,3975,874,3974,3973,3972,3971,3949,3970,3969,3968,4004&#8243; img_size=&#8221;1024&#8243;][vc_column_text css_animation=&#8221;fadeIn&#8221;]<span class=\"s1\">Nossos clientes sabem que podem contar com os bicos de metais duros Nashira para resolver problemas de desgaste.\u00a0<\/span><br \/>\n<span class=\"s1\">Nossos\u00a0<a href=\"https:\/\/hvws2pjmwga7xisjickxvtlf34--www-nashira-hm-it.translate.goog\/gradi-e-applicazioni-del-metallo-duro\/\">graus<\/a>\u00a0espec\u00edficos de\u00a0\u00a0<b>carboneto de tungst\u00eanio de<\/b>\u00a0\u00a0alta resist\u00eancia s\u00e3o uma refer\u00eancia em nossa ind\u00fastria.\u00a0<\/span><span class=\"s1\">A gama de produ\u00e7\u00e3o vai dos bicos mais comuns aos Venturi e qualquer \u00a0\u00a0<\/span><span class=\"s1\">bico especial de acordo com o projeto do cliente.\u00a0Al\u00e9m disso, placas e pe\u00e7as antidesgaste s\u00e3o oferecidas para proteger as pe\u00e7as das m\u00e1quinas sujeitas ao desgaste.<\/span>[\/vc_column_text][vc_btn title=&#8221;Pedir informa\u00e7\u00e3o&#8221; style=&#8221;custom&#8221; custom_background=&#8221;#f7a600&#8243; custom_text=&#8221;#ffffff&#8221; shape=&#8221;square&#8221; css_animation=&#8221;fadeIn&#8221; link=&#8221;url:https%3A%2F%2Fwww.nashira-hm.it%2Fpt-br%2Fcontatos%2F|title:Contact&#8221;][\/vc_column][\/vc_row][vc_row el_id=&#8221;meccanica&#8221;][vc_column][vc_empty_space height=&#8221;60px&#8221;]            <div class=\"skill-text\">\n                <h2>Mec\u00e2nica<\/h2>\n                <p><\/p>\n            <\/div>\n    [vc_column_text]No setor da <strong>ind\u00fastria mec\u00e2nica<\/strong>, a import\u00e2ncia dos componentes de metal duro est\u00e1 em constante crescimento .<\/p>\n<p>As principais aplica\u00e7\u00f5es de componentes sinterizados na Europa dizem respeito a componentes do setor automotivo.<\/p>\n<p>Os componentes de metal duro melhoram a produtividade de aplica\u00e7\u00f5es para corte de metal , equipamentos nos setores de minera\u00e7\u00e3o, <strong>minera\u00e7\u00e3o, engenharia civil, agricultura, produ\u00e7\u00e3o de alimentos, t\u00eaxteis<\/strong> , entre outros.[\/vc_column_text][vc_empty_space][\/vc_column][\/vc_row][vc_row][vc_column][vc_gallery interval=&#8221;3&#8243; images=&#8221;5768,5770,4091,4090,4088,3632,4087,4086,4085,4084,4083,4075,4077,4078,4076&#8243; img_size=&#8221;large&#8221;][vc_column_text css_animation=&#8221;fadeIn&#8221;]<\/p>\n<p class=\"p1\" align=\"justify\"><span class=\"s1\">Nashira Hard Metals \u00e9 capaz de resolver qualquer problema relacionado ao desgaste e \u00e0 resist\u00eancia de pe\u00e7as cr\u00edticas em ferramentas de metal duro gra\u00e7as a uma produ\u00e7\u00e3o de alt\u00edssima qualidade.\u00a0<\/span><br \/>\n<span class=\"s1\">Entre nossos produtos mais vendidos:<\/span><\/p>\n<ul>\n<li class=\"p1\"><span class=\"s1\"><strong>casquilhos<\/strong>\u00a0e\u00a0<strong>porcas de<\/strong>\u00a0carboneto para aparafusamento e trefila\u00e7\u00e3o de metais com graus de metal duro;<\/span><\/li>\n<li class=\"p1\"><span class=\"s1\"><strong>Barras<\/strong>\u00a0e\u00a0<strong>cilindros de<\/strong>\u00a0metal duro em bruto e mo\u00eddo;<\/span><\/li>\n<li class=\"p1\"><span class=\"s1\"><strong>moldes<\/strong>\u00a0para ferramentas de metal duro e\u00a0<strong>inser\u00e7\u00f5es de moldes<\/strong>\u00a0;<\/span><\/li>\n<li class=\"p1\"><span class=\"s1\"><strong>inser\u00e7\u00f5es widia<\/strong>\u00a0\u00a0e\u00a0\u00a0<a href=\"https:\/\/hvws2pjmwga7xisjickxvtlf34--www-nashira-hm-it.translate.goog\/widia\"><strong>placas widia<\/strong><\/a>\u00a0;<\/span><\/li>\n<li class=\"p1\"><span class=\"s1\"><strong>barras de<\/strong>\u00a0metal duro;<\/span><\/li>\n<li class=\"p1\"><span class=\"s1\"><strong>discos<\/strong>\u00a0para cortadores circulares;<\/span><\/li>\n<li class=\"p1\"><span class=\"s1\"><strong>placas<\/strong>\u00a0para alargadores;<\/span><\/li>\n<li class=\"p1\"><span class=\"s1\">Guias de\u00a0<strong>fio de<\/strong>\u00a0metal duro;<\/span><\/li>\n<li class=\"p1\"><span class=\"s1\"><strong>inser\u00e7\u00f5es de<\/strong>\u00a0metal duro;<\/span><\/li>\n<li class=\"p1\"><span class=\"s1\"><strong>rolos<\/strong>\u00a0e\u00a0<strong>an\u00e9is<\/strong>.\u00a0<\/span><\/li>\n<\/ul>\n<p><span class=\"s1\">Estes s\u00e3o apenas alguns exemplos de nossa ampla gama de produ\u00e7\u00e3o de metal duro, customizada para as necessidades espec\u00edficas de nossos clientes.<\/span>[\/vc_column_text][vc_btn title=&#8221;Pedir informa\u00e7\u00e3o&#8221; style=&#8221;custom&#8221; custom_background=&#8221;#f7a600&#8243; custom_text=&#8221;#ffffff&#8221; shape=&#8221;square&#8221; css_animation=&#8221;fadeIn&#8221; link=&#8221;url:https%3A%2F%2Fwww.nashira-hm.it%2Fpt-br%2Fcontatos%2F|title:Contact&#8221;][\/vc_column][\/vc_row][vc_row el_id=&#8221;pietra&#8221;][vc_column][vc_empty_space height=&#8221;60px&#8221;]            <div class=\"skill-text\">\n                <h2>Pedra<\/h2>\n                <p><\/p>\n            <\/div>\n    [vc_column_text]No setor de minera\u00e7\u00e3o, o carboneto cimentado fica com a parte do le\u00e3o. Todas as m\u00e1quinas que escavam rochas usam metal duro. Os t\u00faneis s\u00e3o perfurados com pontas feitas desse material. Por exemplo, a escava\u00e7\u00e3o do T\u00fanel do Canal entre a Fran\u00e7a e a Inglaterra.[\/vc_column_text][vc_empty_space][\/vc_column][\/vc_row][vc_row][vc_column][vc_gallery interval=&#8221;3&#8243; images=&#8221;4189,4196,4195,4194,4193,4192,4191,4190,3694,4197,4072&#8243; img_size=&#8221;large&#8221;][vc_column_text css_animation=&#8221;fadeIn&#8221;]<\/p>\n<p class=\"p1\" align=\"justify\"><span class=\"s1\">A experi\u00eancia adquirida ao longo dos anos no setor de minera\u00e7\u00e3o e processamento de pedra nos permitiu desenvolver graus espec\u00edficos de metal duro que nos permitem cobrir facilmente diferentes tipos de processamento:\u00a0<strong>(rota\u00e7\u00e3o<\/strong>\u00a0,\u00a0<strong>percuss\u00e3o<\/strong>\u00a0,\u00a0<strong>roto-percuss\u00e3o<\/strong>\u00a0,\u00a0<strong>abras\u00e3o<\/strong>\u00a0, etc.\u00a0<strong>)<\/strong>\u00a0em diferentes tipos de rochas e solos:\u00a0<strong>(arenito<\/strong>\u00a0,\u00a0<strong>concreto<\/strong>\u00a0,\u00a0<strong>tufo<\/strong>\u00a0,\u00a0<strong>quartzito,\u00a0<\/strong><strong>p\u00f3rfiro<\/strong>\u00a0,\u00a0<a href=\"https:\/\/translate.google.com\/website?sl=it&amp;tl=pt&amp;u=https:\/\/it.wikipedia.org\/wiki\/Basalto\"><strong>pedra l\u00e1vica<\/strong><\/a>\u00a0,\u00a0<strong>m\u00e1rmore,<\/strong>\u00a0etc.\u00a0<strong>)<\/strong>\u00a0.<\/span><\/p>\n<p class=\"p1\"><span class=\"s1\">Produzimos todos os tipos de placas widia tanto para brasagem como para fixa\u00e7\u00e3o mec\u00e2nica, tais como:<br \/>\n<\/span><\/p>\n<ul>\n<li class=\"p1\"><span class=\"s1\"><strong>prismas<\/strong>\u00a0para coroas de sonda<\/span><\/li>\n<li class=\"p1\"><span class=\"s1\"><strong>bot\u00f5es<\/strong>\u00a0e\u00a0<strong>placas<\/strong>\u00a0para ferramentas de perfura\u00e7\u00e3o<\/span><\/li>\n<li class=\"p1\"><span class=\"s1\"><strong>inser\u00e7\u00f5es<\/strong>\u00a0para motosserras<\/span><\/li>\n<li class=\"p1\"><span class=\"s1\"><strong>dentes<\/strong>\u00a0para serras circulares<\/span><\/li>\n<li class=\"p1\"><span class=\"s1\"><strong>detalhes<\/strong>\u00a0sobre desenho etc.<\/span><\/li>\n<\/ul>\n<p>[\/vc_column_text][vc_btn title=&#8221;Pedir informa\u00e7\u00e3o&#8221; style=&#8221;custom&#8221; custom_background=&#8221;#f7a600&#8243; custom_text=&#8221;#ffffff&#8221; shape=&#8221;square&#8221; css_animation=&#8221;fadeIn&#8221; link=&#8221;url:https%3A%2F%2Fwww.nashira-hm.it%2Fpt-br%2Fcontatos%2F|title:Contact&#8221;][\/vc_column][\/vc_row][vc_row el_id=&#8221;legno&#8221;][vc_column][vc_empty_space height=&#8221;60px&#8221;]            <div class=\"skill-text\">\n                <h2>Madeira \/ Papel<\/h2>\n                <p><\/p>\n            <\/div>\n    [vc_column_text]<\/p>\n<div class=\"wpb_text_column wpb_content_element \">\n<div class=\"wpb_wrapper\">\n<p>O\u00a0<strong>metal duro<\/strong>\u00a0proporciona aos produtores de ferramentas de melhor qualidade sem\u00a0<strong>redu\u00e7\u00e3o<\/strong>\u00a0das\u00a0<strong>caracter\u00edsticas de\u00a0<\/strong><strong>brasagem<\/strong>\u00a0e\u00a0<strong>retifica\u00e7\u00e3o<\/strong>\u00a0.<\/p>\n<p>Para o\u00a0<strong>setor de corte de madeira<\/strong>\u00a0, uma extensa pesquisa foi feita sobre as diferentes caracter\u00edsticas das serras circulares.\u00a0Atrav\u00e9s\u00a0<strong>da introdu\u00e7\u00e3o<\/strong>\u00a0de\u00a0<strong>subst\u00e2ncias anticorrosivas<\/strong>\u00a0\u00a0foi poss\u00edvel criar\u00a0<strong>materiais<\/strong>\u00a0com\u00a0<strong>alt\u00edssima performance\u00a0<\/strong>\u00a0em qualquer condi\u00e7\u00e3o.<\/p>\n<\/div>\n<\/div>\n<p>[\/vc_column_text][vc_empty_space][\/vc_column][\/vc_row][vc_row][vc_column][vc_gallery interval=&#8221;3&#8243; images=&#8221;4198,4199,4200,4201,4202,4203,4204,4205,4206,4207,4208,4074&#8243; img_size=&#8221;large&#8221;][vc_column_text css_animation=&#8221;fadeIn&#8221;]<\/p>\n<p class=\"p2\"><span class=\"s1\">A experi\u00eancia adquirida neste setor permite-nos resolver os problemas\u00a0\u00a0<\/span><span class=\"s1\">t\u00edpicos relacionados com a resist\u00eancia ao desgaste e \u00e0 abras\u00e3o.\u00a0No campo da marcenaria, produzimos facas de perfil e facas planas em diferentes sistemas:<\/span><\/p>\n<ul>\n<li class=\"p2\"><span class=\"s1\"><strong>Tersa<\/strong>\u00a0;<\/span><\/li>\n<li class=\"p2\"><span class=\"s1\"><strong>Plannex<\/strong>\u00a0;<\/span><\/li>\n<li class=\"p2\"><span class=\"s1\"><strong>Buldozer<\/strong>\u00a0;<\/span><\/li>\n<li class=\"p2\"><span class=\"s1\"><strong>Variplan<\/strong>\u00a0;<\/span><\/li>\n<li class=\"p2\"><span class=\"s1\"><strong>Dentes<\/strong>\u00a0e\u00a0<strong>placas<\/strong>\u00a0especiais, bem como\u00a0<strong>cilindros<\/strong>\u00a0<\/span>\u00a0e<strong>\u00a0barras<\/strong>\u00a0.<\/li>\n<\/ul>\n<p><span class=\"s1\">As classes de metal duro oferecidas para esta aplica\u00e7\u00e3o variam de\u00a0<strong>K05<\/strong>\u00a0a\u00a0<strong>K30<\/strong>\u00a0<\/span>\u00a0para cobrir todos os tipos de usinagem para diferentes madeiras.[\/vc_column_text][vc_btn title=&#8221;Pedir informa\u00e7\u00e3o&#8221; style=&#8221;custom&#8221; custom_background=&#8221;#f7a600&#8243; custom_text=&#8221;#ffffff&#8221; shape=&#8221;square&#8221; css_animation=&#8221;fadeIn&#8221; link=&#8221;url:https%3A%2F%2Fwww.nashira-hm.it%2Fpt-br%2Fcontatos%2F|title:Contact&#8221;][\/vc_column][\/vc_row][vc_row el_id=&#8221;prodottirettificati&#8221;][vc_column][vc_empty_space height=&#8221;60px&#8221;]            <div class=\"skill-text\">\n                <h2>Produtos Retificados<\/h2>\n                <p><\/p>\n            <\/div>\n    [vc_column_text css_animation=&#8221;fadeIn&#8221;]O <strong>metal duro pode ser acabado de forma a obter a forma<\/strong>, tamanho e superf\u00edcie desejados gra\u00e7as ao desbaste com discos diamantados para o desbaste ou com pastas diamantadas para o polimento.[\/vc_column_text][vc_empty_space][\/vc_column][\/vc_row][vc_row][vc_column][vc_gallery interval=&#8221;3&#8243; images=&#8221;5766,5767,5769,4082,4081,4080,4212,760&#8243; img_size=&#8221;large&#8221;][vc_column_text css_animation=&#8221;fadeIn&#8221;]<\/p>\n<p class=\"p2\">Ap\u00f3s investimentos adequados em m\u00e1quinas modernas e pessoal qualificado, a Nashira agora tamb\u00e9m oferece o servi\u00e7o de retifica\u00e7\u00e3o de metal duro produzido em redondo e em plano at\u00e9 toler\u00e2ncias de\u00a0<strong>+\/- 0,005 mm<\/strong>.<\/p>\n<p>[\/vc_column_text][vc_btn title=&#8221;Pedir informa\u00e7\u00e3o&#8221; style=&#8221;custom&#8221; custom_background=&#8221;#f7a600&#8243; custom_text=&#8221;#ffffff&#8221; shape=&#8221;square&#8221; css_animation=&#8221;fadeIn&#8221; link=&#8221;url:https%3A%2F%2Fwww.nashira-hm.it%2Fpt-br%2Fcontatos%2F|title:Contact&#8221;][\/vc_column][\/vc_row]<\/p>\n<\/div>","protected":false},"excerpt":{"rendered":"<p>[vc_row el_id=&#8221;superfici&#8221;][vc_column][vc_empty_space height=&#8221;60px&#8221;][vc_column_text]O mundo do jato de areia e dos tratamentos de superf\u00edcie exige produtividade e padr\u00f5es elevados.[\/vc_column_text][vc_empty_space][\/vc_column][\/vc_row][vc_row][vc_column][vc_gallery interval=&#8221;3&#8243; images=&#8221;3977,3976,4005,3975,874,3974,3973,3972,3971,3949,3970,3969,3968,4004&#8243; img_size=&#8221;1024&#8243;][vc_column_text css_animation=&#8221;fadeIn&#8221;]Nossos clientes sabem que podem contar com os bicos de metais duros Nashira para resolver problemas de desgaste.\u00a0 Nossos\u00a0graus\u00a0espec\u00edficos de\u00a0\u00a0carboneto de tungst\u00eanio de\u00a0\u00a0alta resist\u00eancia s\u00e3o uma refer\u00eancia em nossa ind\u00fastria.\u00a0A gama de produ\u00e7\u00e3o vai [&hellip;]<\/p>\n","protected":false},"author":2,"featured_media":0,"parent":0,"menu_order":0,"comment_status":"closed","ping_status":"closed","template":"","meta":{"footnotes":""},"yoast_head":"<!-- This site is optimized with the Yoast SEO Premium plugin v23.8 (Yoast SEO v24.5) - https:\/\/yoast.com\/wordpress\/plugins\/seo\/ -->\n<title>Produtos - Nashira Hardmetals srl - Produttore Metallo Duro.<\/title>\n<meta name=\"description\" content=\"Prodotti - Produttore di metallo duro per i vari settori industriali: trattamento superfici, pietra e settore minerario, legno, lavorazioni meccanica, ecc.\" \/>\n<meta name=\"robots\" content=\"index, follow, max-snippet:-1, max-image-preview:large, max-video-preview:-1\" \/>\n<link rel=\"canonical\" href=\"https:\/\/www.nashira-hm.it\/pt-br\/produtos\/\" \/>\n<meta property=\"og:locale\" content=\"pt_BR\" \/>\n<meta property=\"og:type\" content=\"article\" \/>\n<meta property=\"og:title\" content=\"Produtos\" \/>\n<meta property=\"og:description\" content=\"Prodotti - Produttore di metallo duro per i vari settori industriali: trattamento superfici, pietra e settore minerario, legno, lavorazioni meccanica, ecc.\" \/>\n<meta property=\"og:url\" content=\"https:\/\/www.nashira-hm.it\/pt-br\/produtos\/\" \/>\n<meta property=\"og:site_name\" content=\"Nashira Hardmetals srl - Produttore Metallo Duro.\" \/>\n<meta property=\"article:publisher\" content=\"https:\/\/www.facebook.com\/NashiraHardmetals\/\" \/>\n<meta property=\"article:modified_time\" content=\"2021-01-29T17:12:09+00:00\" \/>\n<meta name=\"twitter:card\" content=\"summary_large_image\" \/>\n<meta name=\"twitter:label1\" content=\"Est. tempo de leitura\" \/>\n\t<meta name=\"twitter:data1\" content=\"3 minutos\" \/>\n<script type=\"application\/ld+json\" class=\"yoast-schema-graph\">{\"@context\":\"https:\/\/schema.org\",\"@graph\":[{\"@type\":\"WebPage\",\"@id\":\"https:\/\/www.nashira-hm.it\/pt-br\/produtos\/\",\"url\":\"https:\/\/www.nashira-hm.it\/pt-br\/produtos\/\",\"name\":\"Produtos - Nashira Hardmetals srl - Produttore Metallo Duro.\",\"isPartOf\":{\"@id\":\"https:\/\/www.nashira-hm.it\/#website\"},\"datePublished\":\"2017-08-07T10:10:02+00:00\",\"dateModified\":\"2021-01-29T17:12:09+00:00\",\"description\":\"Prodotti - Produttore di metallo duro per i vari settori industriali: trattamento superfici, pietra e settore minerario, legno, lavorazioni meccanica, ecc.\",\"breadcrumb\":{\"@id\":\"https:\/\/www.nashira-hm.it\/pt-br\/produtos\/#breadcrumb\"},\"inLanguage\":\"pt-BR\",\"potentialAction\":[{\"@type\":\"ReadAction\",\"target\":[\"https:\/\/www.nashira-hm.it\/pt-br\/produtos\/\"]}]},{\"@type\":\"BreadcrumbList\",\"@id\":\"https:\/\/www.nashira-hm.it\/pt-br\/produtos\/#breadcrumb\",\"itemListElement\":[{\"@type\":\"ListItem\",\"position\":1,\"name\":\"Home\",\"item\":\"https:\/\/www.nashira-hm.it\/pt-br\/\"},{\"@type\":\"ListItem\",\"position\":2,\"name\":\"Produtos\"}]},{\"@type\":\"WebSite\",\"@id\":\"https:\/\/www.nashira-hm.it\/#website\",\"url\":\"https:\/\/www.nashira-hm.it\/\",\"name\":\"Nashira Hardmetals srl - Produttore Metallo Duro\",\"description\":\"L&#039;arte del metallo duro\",\"publisher\":{\"@id\":\"https:\/\/www.nashira-hm.it\/#organization\"},\"potentialAction\":[{\"@type\":\"SearchAction\",\"target\":{\"@type\":\"EntryPoint\",\"urlTemplate\":\"https:\/\/www.nashira-hm.it\/?s={search_term_string}\"},\"query-input\":{\"@type\":\"PropertyValueSpecification\",\"valueRequired\":true,\"valueName\":\"search_term_string\"}}],\"inLanguage\":\"pt-BR\"},{\"@type\":\"Organization\",\"@id\":\"https:\/\/www.nashira-hm.it\/#organization\",\"name\":\"Nashira Hardmetals\",\"url\":\"https:\/\/www.nashira-hm.it\/\",\"logo\":{\"@type\":\"ImageObject\",\"inLanguage\":\"pt-BR\",\"@id\":\"https:\/\/www.nashira-hm.it\/#\/schema\/logo\/image\/\",\"url\":\"https:\/\/www.nashira-hm.it\/wp-content\/uploads\/2018\/01\/logo-nashira-positivo.png\",\"contentUrl\":\"https:\/\/www.nashira-hm.it\/wp-content\/uploads\/2018\/01\/logo-nashira-positivo.png\",\"width\":204,\"height\":70,\"caption\":\"Nashira Hardmetals\"},\"image\":{\"@id\":\"https:\/\/www.nashira-hm.it\/#\/schema\/logo\/image\/\"},\"sameAs\":[\"https:\/\/www.facebook.com\/NashiraHardmetals\/\",\"https:\/\/www.linkedin.com\/company\/nashira-hardmetals\/\"]}]}<\/script>\n<!-- \/ Yoast SEO Premium plugin. -->","yoast_head_json":{"title":"Produtos - Nashira Hardmetals srl - Produttore Metallo Duro.","description":"Prodotti - Produttore di metallo duro per i vari settori industriali: trattamento superfici, pietra e settore minerario, legno, lavorazioni meccanica, ecc.","robots":{"index":"index","follow":"follow","max-snippet":"max-snippet:-1","max-image-preview":"max-image-preview:large","max-video-preview":"max-video-preview:-1"},"canonical":"https:\/\/www.nashira-hm.it\/pt-br\/produtos\/","og_locale":"pt_BR","og_type":"article","og_title":"Produtos","og_description":"Prodotti - Produttore di metallo duro per i vari settori industriali: trattamento superfici, pietra e settore minerario, legno, lavorazioni meccanica, ecc.","og_url":"https:\/\/www.nashira-hm.it\/pt-br\/produtos\/","og_site_name":"Nashira Hardmetals srl - Produttore Metallo Duro.","article_publisher":"https:\/\/www.facebook.com\/NashiraHardmetals\/","article_modified_time":"2021-01-29T17:12:09+00:00","twitter_card":"summary_large_image","twitter_misc":{"Est. tempo de leitura":"3 minutos"},"schema":{"@context":"https:\/\/schema.org","@graph":[{"@type":"WebPage","@id":"https:\/\/www.nashira-hm.it\/pt-br\/produtos\/","url":"https:\/\/www.nashira-hm.it\/pt-br\/produtos\/","name":"Produtos - Nashira Hardmetals srl - Produttore Metallo Duro.","isPartOf":{"@id":"https:\/\/www.nashira-hm.it\/#website"},"datePublished":"2017-08-07T10:10:02+00:00","dateModified":"2021-01-29T17:12:09+00:00","description":"Prodotti - Produttore di metallo duro per i vari settori industriali: trattamento superfici, pietra e settore minerario, legno, lavorazioni meccanica, ecc.","breadcrumb":{"@id":"https:\/\/www.nashira-hm.it\/pt-br\/produtos\/#breadcrumb"},"inLanguage":"pt-BR","potentialAction":[{"@type":"ReadAction","target":["https:\/\/www.nashira-hm.it\/pt-br\/produtos\/"]}]},{"@type":"BreadcrumbList","@id":"https:\/\/www.nashira-hm.it\/pt-br\/produtos\/#breadcrumb","itemListElement":[{"@type":"ListItem","position":1,"name":"Home","item":"https:\/\/www.nashira-hm.it\/pt-br\/"},{"@type":"ListItem","position":2,"name":"Produtos"}]},{"@type":"WebSite","@id":"https:\/\/www.nashira-hm.it\/#website","url":"https:\/\/www.nashira-hm.it\/","name":"Nashira Hardmetals srl - Produttore Metallo Duro","description":"L&#039;arte del metallo duro","publisher":{"@id":"https:\/\/www.nashira-hm.it\/#organization"},"potentialAction":[{"@type":"SearchAction","target":{"@type":"EntryPoint","urlTemplate":"https:\/\/www.nashira-hm.it\/?s={search_term_string}"},"query-input":{"@type":"PropertyValueSpecification","valueRequired":true,"valueName":"search_term_string"}}],"inLanguage":"pt-BR"},{"@type":"Organization","@id":"https:\/\/www.nashira-hm.it\/#organization","name":"Nashira Hardmetals","url":"https:\/\/www.nashira-hm.it\/","logo":{"@type":"ImageObject","inLanguage":"pt-BR","@id":"https:\/\/www.nashira-hm.it\/#\/schema\/logo\/image\/","url":"https:\/\/www.nashira-hm.it\/wp-content\/uploads\/2018\/01\/logo-nashira-positivo.png","contentUrl":"https:\/\/www.nashira-hm.it\/wp-content\/uploads\/2018\/01\/logo-nashira-positivo.png","width":204,"height":70,"caption":"Nashira Hardmetals"},"image":{"@id":"https:\/\/www.nashira-hm.it\/#\/schema\/logo\/image\/"},"sameAs":["https:\/\/www.facebook.com\/NashiraHardmetals\/","https:\/\/www.linkedin.com\/company\/nashira-hardmetals\/"]}]}},"_links":{"self":[{"href":"https:\/\/www.nashira-hm.it\/pt-br\/wp-json\/wp\/v2\/pages\/10927"}],"collection":[{"href":"https:\/\/www.nashira-hm.it\/pt-br\/wp-json\/wp\/v2\/pages"}],"about":[{"href":"https:\/\/www.nashira-hm.it\/pt-br\/wp-json\/wp\/v2\/types\/page"}],"author":[{"embeddable":true,"href":"https:\/\/www.nashira-hm.it\/pt-br\/wp-json\/wp\/v2\/users\/2"}],"replies":[{"embeddable":true,"href":"https:\/\/www.nashira-hm.it\/pt-br\/wp-json\/wp\/v2\/comments?post=10927"}],"version-history":[{"count":5,"href":"https:\/\/www.nashira-hm.it\/pt-br\/wp-json\/wp\/v2\/pages\/10927\/revisions"}],"predecessor-version":[{"id":10932,"href":"https:\/\/www.nashira-hm.it\/pt-br\/wp-json\/wp\/v2\/pages\/10927\/revisions\/10932"}],"wp:attachment":[{"href":"https:\/\/www.nashira-hm.it\/pt-br\/wp-json\/wp\/v2\/media?parent=10927"}],"curies":[{"name":"wp","href":"https:\/\/api.w.org\/{rel}","templated":true}]}}