{"id":10911,"date":"2018-11-13T19:41:59","date_gmt":"2018-11-13T18:41:59","guid":{"rendered":"https:\/\/www.nashira-hm.it\/datenschutz-bestimmungen\/"},"modified":"2021-01-29T15:18:51","modified_gmt":"2021-01-29T14:18:51","slug":"politica-de-privacidade","status":"publish","type":"page","link":"https:\/\/www.nashira-hm.it\/pt-br\/politica-de-privacidade\/","title":{"rendered":"Pol\u00edtica de Privacidade"},"content":{"rendered":"<div class=\"wpb-content-wrapper\"><p>[vc_row][vc_column]            <div class=\"skill-text\">\n                <h2>Pol\u00edtica de Privacidade<\/h2>\n                <p><\/p>\n            <\/div>\n    [vc_empty_space][\/vc_column][\/vc_row][vc_row][vc_column][vc_column_text css_animation=&#8221;fadeIn&#8221;]<span class=\"\">Este documento descreve como administrar o site www.nashira-hm.it (Site), referindo-se ao tratamento de dados pessoais dos usu\u00e1rios (&#8220;Usu\u00e1rios \/ Usu\u00e1rios&#8221;) que o consultam.<\/span><\/p>\n<p>Trata-se de um aviso informativo nos termos do art.\u00a013 do Decreto Legislativo n\u00ba.\u00a0196\/2003, denominado C\u00f3digo relativo \u00e0 prote\u00e7\u00e3o de dados pessoais (&#8220;C\u00f3digo de Privacidade&#8221;) e artigos 13 e seguintes.\u00a0do Regulamento UE 679\/2016 (&#8220;GDPR&#8221;), a todos aqueles que visitam o Site e \/ ou se comunicam com a Nashira Hardmetals Srl preenchendo os formul\u00e1rios apropriados para solicita\u00e7\u00e3o de informa\u00e7\u00f5es, dispon\u00edveis no Site, ou enviando correio eletr\u00f4nico para o endere\u00e7os de e-mail no site.<\/p>\n<p>As informa\u00e7\u00f5es s\u00e3o fornecidas apenas para o Site e n\u00e3o para outros sites que possam ser consultados pelo Usu\u00e1rio por meio de links no Site.<\/p>\n<p>&nbsp;<\/p>\n<h3><strong>1. Controlador de dados<\/strong><\/h3>\n<p>A titular do tratamento de dados pessoais \u00e9 a NASHIRA HARDMETALS srl, com sede em Limatola (BN) via Campitello 13 &#8211; cap 82030, n\u00ba de IVA 01563180627 (&#8220;Titular&#8221;).<\/p>\n<p>&nbsp;<\/p>\n<h3><strong>2. Tipos de dados processados<\/strong><\/h3>\n<h4><strong>2.1 Dados de navega\u00e7\u00e3o<\/strong><\/h4>\n<p>Os sistemas inform\u00e1ticos e procedimentos de software utilizados para operar o Site adquirem, durante o seu funcionamento normal, alguns dados pessoais cuja transmiss\u00e3o est\u00e1 impl\u00edcita na utiliza\u00e7\u00e3o de protocolos de comunica\u00e7\u00e3o da Internet.<\/p>\n<p>S\u00e3o informa\u00e7\u00f5es que n\u00e3o s\u00e3o coletadas para serem associadas a assuntos identificados, mas que, por sua pr\u00f3pria natureza, podem permitir que os usu\u00e1rios sejam identificados.<\/p>\n<p>Esta categoria de dados inclui (i) os endere\u00e7os IP ou nomes de dom\u00ednio dos computadores usados \u200b\u200bpelos usu\u00e1rios que se conectam ao Site, (ii) os endere\u00e7os URI (Uniform Resource Identifier) \u200b\u200bdos recursos solicitados, (iii) o tempo de a solicita\u00e7\u00e3o, (iv) o m\u00e9todo usado para enviar a solicita\u00e7\u00e3o ao servidor, (v) o tamanho do arquivo obtido na resposta, (vi) o c\u00f3digo num\u00e9rico que indica o status da resposta dada pelo servidor (sucesso, erro) e (vii) outros par\u00e2metros relativos ao sistema operacional e ao ambiente de TI do usu\u00e1rio.\u00a0Esses dados s\u00e3o usados \u200b\u200bapenas para obter informa\u00e7\u00f5es estat\u00edsticas an\u00f4nimas sobre o uso do Site e para verificar o seu correto funcionamento e s\u00e3o exclu\u00eddos imediatamente ap\u00f3s o processamento.<\/p>\n<p>&nbsp;<\/p>\n<h4><strong>2.2 Cookies<\/strong><\/h4>\n<p>Para o tratamento de dados atrav\u00e9s de cookies, leia a pol\u00edtica relativa, dispon\u00edvel no site.<\/p>\n<p>&nbsp;<\/p>\n<h4><strong>2.3 Dados fornecidos voluntariamente pelo usu\u00e1rio<\/strong><\/h4>\n<p>O envio opcional, expl\u00edcito e volunt\u00e1rio de e-mails para os endere\u00e7os de e-mail indicados no Site e \/ ou pedidos de informa\u00e7\u00e3o enviados atrav\u00e9s da utiliza\u00e7\u00e3o dos diversos formul\u00e1rios presentes no pr\u00f3prio Site ou, ainda, a comunica\u00e7\u00e3o dos seus dados para O recebimento de comunica\u00e7\u00f5es promocionais e \/ ou boletins informativos, ou o envio da sua candidatura para vagas de emprego, envolvem a aquisi\u00e7\u00e3o e processamento pelo Controlador de Dados de tais dados e quaisquer outras informa\u00e7\u00f5es contidas em tais comunica\u00e7\u00f5es para os fins indicados no par\u00e1grafo seguinte.\u00a03 &#8211;<\/p>\n<p>&nbsp;<\/p>\n<h3><strong>3. Objetivo e base jur\u00eddica do processamento<\/strong><\/h3>\n<p>O tratamento dos dados pessoais do Usu\u00e1rio pelo Controlador de Dados visa:<\/p>\n<p>a) prosseguir, nos termos do art.\u00a06.1, lett.\u00a0f) do GDPR, seu pr\u00f3prio interesse leg\u00edtimo, que consiste em garantir a seguran\u00e7a do Site e das informa\u00e7\u00f5es nele trocadas, ou seja, a capacidade deste Site de resistir, em um determinado n\u00edvel de seguran\u00e7a, a eventos imprevistos ou atos ilegais ou maliciosos que comprometer a disponibilidade, autenticidade, integridade e confidencialidade dos dados pessoais armazenados ou transmitidos e a seguran\u00e7a dos servi\u00e7os relacionados oferecidos ou disponibilizados;<\/p>\n<p>b) com o consentimento do Usu\u00e1rio, nos termos do art.\u00a06.1, lett.\u00a0a) do GDPR, enviar comunica\u00e7\u00f5es promocionais e \/ ou boletins informativos por e-mail sobre os servi\u00e7os da zona;<\/p>\n<p>c) permitir ao Usu\u00e1rio solicitar informa\u00e7\u00f5es sobre os servi\u00e7os oferecidos pelo Controlador de Dados, enviar sua candidatura para as vagas abertas e disponibilizar ao pr\u00f3prio Usu\u00e1rio, nos termos do art.\u00a06.1, lett.\u00a0b) do GDPR, qualquer feedback e \/ ou or\u00e7amento solicitado.<\/p>\n<h3><strong>4. Consequ\u00eancias de uma poss\u00edvel recusa de resposta<\/strong><\/h3>\n<p>Para al\u00e9m do que se especifica relativamente aos dados de navega\u00e7\u00e3o, necess\u00e1rios para permitir o correcto funcionamento do Site, aos cookies, em rela\u00e7\u00e3o aos quais leia a pol\u00edtica de cookies relativa, e aos dados contidos nos pedidos de informa\u00e7\u00e3o, Utilizadores s\u00e3o livres para fornecer seus dados pessoais:<\/p>\n<p>(i) receber, por e-mail, comunica\u00e7\u00f5es promocionais e \/ ou newsletters informativas relativas a bens e \/ ou servi\u00e7os.<\/p>\n<p>O n\u00e3o fornecimento de tais dados impossibilita o usu\u00e1rio de se manter atualizado sobre as novidades e \/ ou servi\u00e7os.<\/p>\n<p>Em qualquer caso, o Controlador de Dados informa os Utilizadores da exist\u00eancia do direito de revogar o consentimento dado para o tratamento dos dados referidos na al\u00ednea (i) anterior a qualquer momento, sem preju\u00edzo da legalidade do tratamento com base no consentimento dada antes da revoga\u00e7\u00e3o.<\/p>\n<p>&nbsp;<\/p>\n<h3><strong>5. M\u00e9todos de processamento<\/strong><\/h3>\n<p>Os dados pessoais s\u00e3o processados \u200b\u200bcom sistemas manuais, informatizados e automatizados durante o tempo necess\u00e1rio para atingir os fins para os quais s\u00e3o recolhidos.\u00a0Especifica-se, em particular, que os dados pessoais do Utilizador s\u00e3o tratados por sujeitos devidamente nomeados para o desempenho dessas tarefas, constantemente identificados e \/ ou nomeados, devidamente formados e sensibilizados para os constrangimentos impostos por lei, bem como atrav\u00e9s da utiliza\u00e7\u00e3o de medidas de seguran\u00e7a para garantir a protec\u00e7\u00e3o da sua privacidade e evitar os riscos de perda ou destrui\u00e7\u00e3o, de acesso n\u00e3o autorizado, de processamento n\u00e3o permitido ou n\u00e3o conforme com os fins acima mencionados.<\/p>\n<p>&nbsp;<\/p>\n<h3><strong>6. Comunica\u00e7\u00e3o e dissemina\u00e7\u00e3o de dados<\/strong><\/h3>\n<p>Os dados pessoais recolhidos no Site n\u00e3o ser\u00e3o divulgados, vendidos ou transferidos a terceiros, salvo nos casos previstos em lei.<\/p>\n<p>Em qualquer caso, a comunica\u00e7\u00e3o de dados a empresas expressamente designadas para a presta\u00e7\u00e3o de determinados servi\u00e7os no \u00e2mbito da atividade desenvolvida pelo Controlador de Dados e \/ ou, em geral, a seu favor, que funcionar\u00e1 como propriet\u00e1rios independentes e \/ ou processadores de dados , bem como a comunica\u00e7\u00e3o e \/ ou divulga\u00e7\u00e3o de dados solicitados, nos termos da lei, por for\u00e7as policiais, autoridades judici\u00e1rias, \u00f3rg\u00e3os de informa\u00e7\u00e3o e seguran\u00e7a ou outras entidades p\u00fablicas para fins de defesa ou seguran\u00e7a do Estado ou preven\u00e7\u00e3o, detec\u00e7\u00e3o ou repress\u00e3o de crimes.<\/p>\n<p>&nbsp;<\/p>\n<h3><strong>7. Direitos da parte interessada<\/strong><\/h3>\n<p>De acordo com o art.\u00a07\u00ba do C\u00f3digo de Privacidade e art.\u00a015 e ss.\u00a0do GDPR, o usu\u00e1rio tem o direito de obter:<\/p>\n<p>1. confirma\u00e7\u00e3o da exist\u00eancia ou n\u00e3o de dados pessoais que lhe digam respeito, ainda que ainda n\u00e3o registados, e a sua comunica\u00e7\u00e3o de forma intelig\u00edvel;<\/p>\n<p>2. uma c\u00f3pia dos seus dados pessoais;<\/p>\n<p>3. a corre\u00e7\u00e3o de seus dados pessoais que possam ser imprecisos;<\/p>\n<p>4. o cancelamento de seus dados pessoais;<\/p>\n<p>5. a limita\u00e7\u00e3o do processamento de seus dados pessoais;<\/p>\n<p>6. os dados em um formato estruturado, comumente usado e leg\u00edvel por um dispositivo autom\u00e1tico<\/p>\n<p>dados pessoais que voc\u00ea nos forneceu ou que voc\u00ea mesmo criou &#8211; excluindo as opini\u00f5es criadas pelo Controlador de Dados e \/ ou pelos respons\u00e1veis \u200b\u200bnos termos do art.\u00a04 do C\u00f3digo de Privacidade \/ pelas pessoas autorizadas a processar os dados em nome e por conta do Controlador de Dados nos termos do art.\u00a04\u00ba do GDPR &#8211; e transmiti-los, diretamente ou atrav\u00e9s do Controlador de Dados, para outro controlador de dados;<\/p>\n<p>7. a indica\u00e7\u00e3o:<\/p>\n<p>a) a origem dos dados pessoais;<\/p>\n<p>b) as categorias de dados pessoais processados;<\/p>\n<p>c) das finalidades e m\u00e9todos do processamento;<\/p>\n<p>d) da l\u00f3gica aplicada em caso de tratamento realizado com o aux\u00edlio de instrumentos eletr\u00f4nicos;<\/p>\n<p>e) a identidade do propriet\u00e1rio e quaisquer administradores;<\/p>\n<p>f) o per\u00edodo de reten\u00e7\u00e3o de seus dados pessoais ou os crit\u00e9rios \u00fateis para determinar esse per\u00edodo;<\/p>\n<p>g) os sujeitos ou categorias de sujeitos a quem os dados pessoais podem ser comunicados ou que podem conhecer na qualidade de representante nomeado no Estado, dirigentes ou agentes nos termos do art.\u00a04 do C\u00f3digo de Privacidade \/ pessoas autorizadas a processar dados em nome e por conta do Controlador de Dados nos termos do art.\u00a04 do GDPR;<\/p>\n<p>h) atualiza\u00e7\u00e3o, retifica\u00e7\u00e3o ou, quando houver interesse, integra\u00e7\u00e3o de dados;<\/p>\n<p>i) a transforma\u00e7\u00e3o para a forma an\u00f4nima ou o bloqueio de dados tratados em viola\u00e7\u00e3o da lei, incluindo aqueles que n\u00e3o precisam ser mantidos para os fins para os quais os dados foram coletados ou posteriormente tratados;<\/p>\n<p>j) a comprova\u00e7\u00e3o de que as opera\u00e7\u00f5es referidas nas al\u00edneas a) eb) foram levadas ao conhecimento, tamb\u00e9m quanto ao seu conte\u00fado, daqueles a quem os dados foram comunicados ou divulgados, salvo nos casos em que esse cumprimento seja se mostre imposs\u00edvel ou envolva a utiliza\u00e7\u00e3o de meios manifestamente desproporcionais ao direito protegido.<\/p>\n<p>8. O usu\u00e1rio tamb\u00e9m tem o direito de se opor, no todo ou em parte:<\/p>\n<p>a) por motivos leg\u00edtimos, ao tratamento de dados pessoais que lhe digam respeito, ainda que pertinentes para a finalidade da recolha;<\/p>\n<p>b) ao tratamento de dados pessoais que lhe digam respeito, para fins de envio de publicidade ou material de venda direta ou para a realiza\u00e7\u00e3o de pesquisas de mercado ou comunica\u00e7\u00e3o comercial.<\/p>\n<p>Para exercer os direitos acima mencionados, o Usu\u00e1rio pode enviar uma comunica\u00e7\u00e3o para o endere\u00e7o de e-mail do Titular, conforme o art.\u00a01, indicando \u201cPrivacidade &#8211; exerc\u00edcio dos direitos nos termos do art.\u00a07\u00ba do Decreto Legislativo 196\/2003 e nos termos do art.\u00a015 e ss.\u00a0do GDPR &#8220;.<\/p>\n<p>Por fim, informamos que, se voc\u00ea acredita que seus direitos foram violados pelo Controlador de Dados e \/ ou um terceiro, voc\u00ea tem o direito de apresentar uma reclama\u00e7\u00e3o ao Fiador para a Prote\u00e7\u00e3o de Dados Pessoais e \/ ou outra autoridade supervisora \u200b\u200bcompetente for\u00e7a do GDPR.<\/p>\n<p>&nbsp;<\/p>\n<h3><strong>8. Dura\u00e7\u00e3o do processamento e armazenamento de dados pessoais<\/strong><\/h3>\n<p>Os dados pessoais do Utilizador ser\u00e3o processados \u200b\u200bpelo Controlador de Dados apenas durante o per\u00edodo de tempo necess\u00e1rio para atingir os fins do tratamento a que se refere o anterior artigo 3\u00ba, ap\u00f3s o qual ser\u00e3o mantidos apenas para cumprimento das obriga\u00e7\u00f5es legais em vigor no mat\u00e9ria, para fins administrativos e \/ ou para fazer valer ou defender direitos pr\u00f3prios, em caso de lit\u00edgio e pr\u00e9-contencioso. Os dados pessoais comunicados ao controlador de dados atrav\u00e9s do envio do seu CV ser\u00e3o guardados por um per\u00edodo m\u00e1ximo de 12 meses. Ap\u00f3s esse per\u00edodo, caso a inscri\u00e7\u00e3o n\u00e3o seja bem-sucedida, os mesmos ser\u00e3o cancelados. Os dados pessoais processados \u200b\u200bpara envio de newsletters, por outro lado, ser\u00e3o processados \u200b\u200bat\u00e9 que o Controlador de Dados receba a revoga\u00e7\u00e3o do consentimento que o Utilizador possa ter fornecido.<\/p>\n<p>Para exercer os direitos acima, voc\u00ea pode entrar em contato com o Controlador de Dados nos seguintes endere\u00e7os: Tel. 0823487074- Email:\u00a0\u00a0<a href=\"mailto:info@nashira-hm.it\">info@nashira-hm.it<\/a>[\/vc_column_text][\/vc_column][\/vc_row][vc_row][vc_column][vc_column_text]<\/p>\n<p class=\"p3\"><span class=\"s1\"><b>Ofertas conjuntas com outras empresas ou em co-branding<\/b><\/span><\/p>\n<p class=\"p1\"><span class=\"s1\">Podemos, de tempos em tempos, oferecer produtos e servi\u00e7os em conjunto com outras empresas ou em co-branding.<\/span><\/p>\n<p class=\"wp-block-code\"><code>Questo sito \u00e8 protetto da reCAPTCHA, il suo utilizzo \u00e8 soggetto alla<br \/>\n&lt;a rel=\"nofollow\" href=\"https:\/\/policies.google.com\/privacy\" target=\"_blank\"&gt;Privacy Policy&lt;\/a&gt; e ai<br \/>\n&lt;a rel=\"nofollow\" href=\"https:\/\/policies.google.com\/terms\" target=\"_blank\"&gt;termini di utilizzo&lt;\/a&gt; di Google.<\/code><\/p>\n<p>[\/vc_column_text][\/vc_column][\/vc_row]<\/p>\n<\/div>","protected":false},"excerpt":{"rendered":"<p>[vc_row][vc_column][vc_empty_space][\/vc_column][\/vc_row][vc_row][vc_column][vc_column_text css_animation=&#8221;fadeIn&#8221;]Este documento descreve como administrar o site www.nashira-hm.it (Site), referindo-se ao tratamento de dados pessoais dos usu\u00e1rios (&#8220;Usu\u00e1rios \/ Usu\u00e1rios&#8221;) que o consultam. Trata-se de um aviso informativo nos termos do art.\u00a013 do Decreto Legislativo n\u00ba.\u00a0196\/2003, denominado C\u00f3digo relativo \u00e0 prote\u00e7\u00e3o de dados pessoais (&#8220;C\u00f3digo de Privacidade&#8221;) e artigos 13 e seguintes.\u00a0do Regulamento UE [&hellip;]<\/p>\n","protected":false},"author":2,"featured_media":0,"parent":0,"menu_order":0,"comment_status":"closed","ping_status":"closed","template":"","meta":{"footnotes":""},"yoast_head":"<!-- This site is optimized with the Yoast SEO Premium plugin v23.8 (Yoast SEO v24.5) - https:\/\/yoast.com\/wordpress\/plugins\/seo\/ -->\n<title>Pol\u00edtica de Privacidade - Nashira Hardmetals srl - Produttore Metallo Duro.<\/title>\n<meta name=\"description\" content=\"Privacy - I sistemi informatici e le procedure software preposte al funzionamento del Sito acquisiscono, nel corso del loro normale esercizio...\" \/>\n<meta name=\"robots\" content=\"index, follow, max-snippet:-1, max-image-preview:large, max-video-preview:-1\" \/>\n<link rel=\"canonical\" href=\"https:\/\/www.nashira-hm.it\/pt-br\/politica-de-privacidade\/\" \/>\n<meta property=\"og:locale\" content=\"pt_BR\" \/>\n<meta property=\"og:type\" content=\"article\" \/>\n<meta property=\"og:title\" content=\"Pol\u00edtica de Privacidade\" \/>\n<meta property=\"og:description\" content=\"Privacy - I sistemi informatici e le procedure software preposte al funzionamento del Sito acquisiscono, nel corso del loro normale esercizio...\" \/>\n<meta property=\"og:url\" content=\"https:\/\/www.nashira-hm.it\/pt-br\/politica-de-privacidade\/\" \/>\n<meta property=\"og:site_name\" content=\"Nashira Hardmetals srl - Produttore Metallo Duro.\" \/>\n<meta property=\"article:publisher\" content=\"https:\/\/www.facebook.com\/NashiraHardmetals\/\" \/>\n<meta property=\"article:modified_time\" content=\"2021-01-29T14:18:51+00:00\" \/>\n<meta name=\"twitter:card\" content=\"summary_large_image\" \/>\n<meta name=\"twitter:label1\" content=\"Est. tempo de leitura\" \/>\n\t<meta name=\"twitter:data1\" content=\"8 minutos\" \/>\n<script type=\"application\/ld+json\" class=\"yoast-schema-graph\">{\"@context\":\"https:\/\/schema.org\",\"@graph\":[{\"@type\":\"WebPage\",\"@id\":\"https:\/\/www.nashira-hm.it\/pt-br\/politica-de-privacidade\/\",\"url\":\"https:\/\/www.nashira-hm.it\/pt-br\/politica-de-privacidade\/\",\"name\":\"Pol\u00edtica de Privacidade - Nashira Hardmetals srl - Produttore Metallo Duro.\",\"isPartOf\":{\"@id\":\"https:\/\/www.nashira-hm.it\/#website\"},\"datePublished\":\"2018-11-13T18:41:59+00:00\",\"dateModified\":\"2021-01-29T14:18:51+00:00\",\"description\":\"Privacy - I sistemi informatici e le procedure software preposte al funzionamento del Sito acquisiscono, nel corso del loro normale esercizio...\",\"breadcrumb\":{\"@id\":\"https:\/\/www.nashira-hm.it\/pt-br\/politica-de-privacidade\/#breadcrumb\"},\"inLanguage\":\"pt-BR\",\"potentialAction\":[{\"@type\":\"ReadAction\",\"target\":[\"https:\/\/www.nashira-hm.it\/pt-br\/politica-de-privacidade\/\"]}]},{\"@type\":\"BreadcrumbList\",\"@id\":\"https:\/\/www.nashira-hm.it\/pt-br\/politica-de-privacidade\/#breadcrumb\",\"itemListElement\":[{\"@type\":\"ListItem\",\"position\":1,\"name\":\"Home\",\"item\":\"https:\/\/www.nashira-hm.it\/pt-br\/\"},{\"@type\":\"ListItem\",\"position\":2,\"name\":\"Pol\u00edtica de Privacidade\"}]},{\"@type\":\"WebSite\",\"@id\":\"https:\/\/www.nashira-hm.it\/#website\",\"url\":\"https:\/\/www.nashira-hm.it\/\",\"name\":\"Nashira Hardmetals srl - Produttore Metallo Duro\",\"description\":\"L&#039;arte del metallo duro\",\"publisher\":{\"@id\":\"https:\/\/www.nashira-hm.it\/#organization\"},\"potentialAction\":[{\"@type\":\"SearchAction\",\"target\":{\"@type\":\"EntryPoint\",\"urlTemplate\":\"https:\/\/www.nashira-hm.it\/?s={search_term_string}\"},\"query-input\":{\"@type\":\"PropertyValueSpecification\",\"valueRequired\":true,\"valueName\":\"search_term_string\"}}],\"inLanguage\":\"pt-BR\"},{\"@type\":\"Organization\",\"@id\":\"https:\/\/www.nashira-hm.it\/#organization\",\"name\":\"Nashira Hardmetals\",\"url\":\"https:\/\/www.nashira-hm.it\/\",\"logo\":{\"@type\":\"ImageObject\",\"inLanguage\":\"pt-BR\",\"@id\":\"https:\/\/www.nashira-hm.it\/#\/schema\/logo\/image\/\",\"url\":\"https:\/\/www.nashira-hm.it\/wp-content\/uploads\/2018\/01\/logo-nashira-positivo.png\",\"contentUrl\":\"https:\/\/www.nashira-hm.it\/wp-content\/uploads\/2018\/01\/logo-nashira-positivo.png\",\"width\":204,\"height\":70,\"caption\":\"Nashira Hardmetals\"},\"image\":{\"@id\":\"https:\/\/www.nashira-hm.it\/#\/schema\/logo\/image\/\"},\"sameAs\":[\"https:\/\/www.facebook.com\/NashiraHardmetals\/\",\"https:\/\/www.linkedin.com\/company\/nashira-hardmetals\/\"]}]}<\/script>\n<!-- \/ Yoast SEO Premium plugin. -->","yoast_head_json":{"title":"Pol\u00edtica de Privacidade - Nashira Hardmetals srl - Produttore Metallo Duro.","description":"Privacy - I sistemi informatici e le procedure software preposte al funzionamento del Sito acquisiscono, nel corso del loro normale esercizio...","robots":{"index":"index","follow":"follow","max-snippet":"max-snippet:-1","max-image-preview":"max-image-preview:large","max-video-preview":"max-video-preview:-1"},"canonical":"https:\/\/www.nashira-hm.it\/pt-br\/politica-de-privacidade\/","og_locale":"pt_BR","og_type":"article","og_title":"Pol\u00edtica de Privacidade","og_description":"Privacy - I sistemi informatici e le procedure software preposte al funzionamento del Sito acquisiscono, nel corso del loro normale esercizio...","og_url":"https:\/\/www.nashira-hm.it\/pt-br\/politica-de-privacidade\/","og_site_name":"Nashira Hardmetals srl - Produttore Metallo Duro.","article_publisher":"https:\/\/www.facebook.com\/NashiraHardmetals\/","article_modified_time":"2021-01-29T14:18:51+00:00","twitter_card":"summary_large_image","twitter_misc":{"Est. tempo de leitura":"8 minutos"},"schema":{"@context":"https:\/\/schema.org","@graph":[{"@type":"WebPage","@id":"https:\/\/www.nashira-hm.it\/pt-br\/politica-de-privacidade\/","url":"https:\/\/www.nashira-hm.it\/pt-br\/politica-de-privacidade\/","name":"Pol\u00edtica de Privacidade - Nashira Hardmetals srl - Produttore Metallo Duro.","isPartOf":{"@id":"https:\/\/www.nashira-hm.it\/#website"},"datePublished":"2018-11-13T18:41:59+00:00","dateModified":"2021-01-29T14:18:51+00:00","description":"Privacy - I sistemi informatici e le procedure software preposte al funzionamento del Sito acquisiscono, nel corso del loro normale esercizio...","breadcrumb":{"@id":"https:\/\/www.nashira-hm.it\/pt-br\/politica-de-privacidade\/#breadcrumb"},"inLanguage":"pt-BR","potentialAction":[{"@type":"ReadAction","target":["https:\/\/www.nashira-hm.it\/pt-br\/politica-de-privacidade\/"]}]},{"@type":"BreadcrumbList","@id":"https:\/\/www.nashira-hm.it\/pt-br\/politica-de-privacidade\/#breadcrumb","itemListElement":[{"@type":"ListItem","position":1,"name":"Home","item":"https:\/\/www.nashira-hm.it\/pt-br\/"},{"@type":"ListItem","position":2,"name":"Pol\u00edtica de Privacidade"}]},{"@type":"WebSite","@id":"https:\/\/www.nashira-hm.it\/#website","url":"https:\/\/www.nashira-hm.it\/","name":"Nashira Hardmetals srl - Produttore Metallo Duro","description":"L&#039;arte del metallo duro","publisher":{"@id":"https:\/\/www.nashira-hm.it\/#organization"},"potentialAction":[{"@type":"SearchAction","target":{"@type":"EntryPoint","urlTemplate":"https:\/\/www.nashira-hm.it\/?s={search_term_string}"},"query-input":{"@type":"PropertyValueSpecification","valueRequired":true,"valueName":"search_term_string"}}],"inLanguage":"pt-BR"},{"@type":"Organization","@id":"https:\/\/www.nashira-hm.it\/#organization","name":"Nashira Hardmetals","url":"https:\/\/www.nashira-hm.it\/","logo":{"@type":"ImageObject","inLanguage":"pt-BR","@id":"https:\/\/www.nashira-hm.it\/#\/schema\/logo\/image\/","url":"https:\/\/www.nashira-hm.it\/wp-content\/uploads\/2018\/01\/logo-nashira-positivo.png","contentUrl":"https:\/\/www.nashira-hm.it\/wp-content\/uploads\/2018\/01\/logo-nashira-positivo.png","width":204,"height":70,"caption":"Nashira Hardmetals"},"image":{"@id":"https:\/\/www.nashira-hm.it\/#\/schema\/logo\/image\/"},"sameAs":["https:\/\/www.facebook.com\/NashiraHardmetals\/","https:\/\/www.linkedin.com\/company\/nashira-hardmetals\/"]}]}},"_links":{"self":[{"href":"https:\/\/www.nashira-hm.it\/pt-br\/wp-json\/wp\/v2\/pages\/10911"}],"collection":[{"href":"https:\/\/www.nashira-hm.it\/pt-br\/wp-json\/wp\/v2\/pages"}],"about":[{"href":"https:\/\/www.nashira-hm.it\/pt-br\/wp-json\/wp\/v2\/types\/page"}],"author":[{"embeddable":true,"href":"https:\/\/www.nashira-hm.it\/pt-br\/wp-json\/wp\/v2\/users\/2"}],"replies":[{"embeddable":true,"href":"https:\/\/www.nashira-hm.it\/pt-br\/wp-json\/wp\/v2\/comments?post=10911"}],"version-history":[{"count":2,"href":"https:\/\/www.nashira-hm.it\/pt-br\/wp-json\/wp\/v2\/pages\/10911\/revisions"}],"predecessor-version":[{"id":10913,"href":"https:\/\/www.nashira-hm.it\/pt-br\/wp-json\/wp\/v2\/pages\/10911\/revisions\/10913"}],"wp:attachment":[{"href":"https:\/\/www.nashira-hm.it\/pt-br\/wp-json\/wp\/v2\/media?parent=10911"}],"curies":[{"name":"wp","href":"https:\/\/api.w.org\/{rel}","templated":true}]}}