{"id":10879,"date":"2018-09-25T17:17:56","date_gmt":"2018-09-25T15:17:56","guid":{"rendered":"https:\/\/www.nashira-hm.it\/arbeite-mit-uns\/"},"modified":"2021-01-29T11:37:06","modified_gmt":"2021-01-29T10:37:06","slug":"trabalhe-conosco","status":"publish","type":"page","link":"https:\/\/www.nashira-hm.it\/pt-br\/trabalhe-conosco\/","title":{"rendered":"Trabalhe Conosco"},"content":{"rendered":"<div class=\"wpb-content-wrapper\"><p>[vc_row][vc_column][vc_column_text]<\/p>\n<h1>[\/vc_column_text][\/vc_column][\/vc_row][vc_row][vc_column]            <div class=\"skill-text\">\n                <h2>Posi\u00e7\u00f5es Abertas<\/h2>\n                <p><\/p>\n            <\/div>\n    [vc_empty_space][\/vc_column][\/vc_row][vc_row el_id=&#8221;AddettoLaboratorioControlloQualit\u00e0&#8221;][vc_column][vc_column_text]<\/h1>\n<h1><strong>Funcion\u00e1rio do laborat\u00f3rio de controle de qualidade<\/strong><\/h1>\n<p>Somos uma empresa que produz um dos materiais mais resistentes e duros do mundo, utilizado na ind\u00fastria automotiva, aeron\u00e1utica, marcenaria, pedra e em uma infinidade de novas aplica\u00e7\u00f5es.\u00a0Procuramos pessoas conscienciosas, apaixonadas e com vis\u00e3o de futuro que possam integrar a nossa equipa e contribuir para o nosso sucesso.<\/p>\n<p>&nbsp;<\/p>\n<h3><strong>Perfil e requisitos<\/strong><\/h3>\n<ul>\n<li>Gradua\u00e7\u00e3o curta em Engenharia Mec\u00e2nica<\/li>\n<li>Excelente conhecimento de Solidworks<\/li>\n<li>Bons conhecimentos da lingua Inglesa<\/li>\n<li>Habilidades de an\u00e1lise<\/li>\n<li>Senso de inova\u00e7\u00e3o, rapidez, interesse pelos aspectos t\u00e9cnicos<\/li>\n<li>Assertividade e capacidade de criar bons relacionamentos interpessoais<\/li>\n<li>Confiabilidade e foco nos objetivos.<\/li>\n<li>Resid\u00eancia nas prov\u00edncias de Caserta \/ Benevento<\/li>\n<\/ul>\n<h3><strong>Deveres &amp; Responsabilidades<\/strong><\/h3>\n<ul>\n<li>Testes de laborat\u00f3rio em amostras: dureza, densidade, metalografia, etc.<\/li>\n<li>Prepara\u00e7\u00e3o de esp\u00e9cimes de teste<\/li>\n<li>Registro de dados na gest\u00e3o da empresa<\/li>\n<li>Controle de qualidade do produto<\/li>\n<li>Controle do processo de produ\u00e7\u00e3o e an\u00e1lise do trabalho em processo<\/li>\n<li>Desenho t\u00e9cnico 3D<\/li>\n<\/ul>\n<h3><strong>O que n\u00f3s oferecemos<\/strong><\/h3>\n<ul>\n<li>Est\u00e1gio de 12 meses.<\/li>\n<li>Remunera\u00e7\u00e3o definitivamente superior ao m\u00ednimo legal<\/li>\n<li>Contrato permanente ap\u00f3s o est\u00e1gio<\/li>\n<\/ul>\n<p><strong>Local de trabalho: Limatola (BN)<\/strong><\/p>\n<p><em>A pesquisa \u00e9 dirigida a candidatos de ambos os sexos (L.903 \/ 77), leia a pol\u00edtica de privacidade (Artigo 13, Decreto Legislativo 196\/03)<\/em>[\/vc_column_text][\/vc_column][\/vc_row][vc_row][vc_column][vc_empty_space][\/vc_column][\/vc_row][vc_row][vc_column]            <div class=\"skill-text\">\n                <h2>Envie-Nos O Seu CV<\/h2>\n                <p><\/p>\n            <\/div>\n    [vc_empty_space][\/vc_column][\/vc_row][vc_row][vc_column]\n<div class=\"wpcf7 no-js\" id=\"wpcf7-f10878-o1\" lang=\"it-IT\" dir=\"ltr\">\n<div class=\"screen-reader-response\"><p role=\"status\" aria-live=\"polite\" aria-atomic=\"true\"><\/p> <ul><\/ul><\/div>\n<form action=\"\/pt-br\/wp-json\/wp\/v2\/pages\/10879#wpcf7-f10878-o1\" method=\"post\" class=\"wpcf7-form init\" aria-label=\"Modulo di contatto\" enctype=\"multipart\/form-data\" novalidate=\"novalidate\" data-status=\"init\">\n<div style=\"display: none;\">\n<input type=\"hidden\" name=\"_wpcf7\" value=\"10878\" \/>\n<input type=\"hidden\" name=\"_wpcf7_version\" value=\"5.9.8\" \/>\n<input type=\"hidden\" name=\"_wpcf7_locale\" value=\"it_IT\" \/>\n<input type=\"hidden\" name=\"_wpcf7_unit_tag\" value=\"wpcf7-f10878-o1\" \/>\n<input type=\"hidden\" name=\"_wpcf7_container_post\" value=\"0\" \/>\n<input type=\"hidden\" name=\"_wpcf7_posted_data_hash\" value=\"\" \/>\n<\/div>\n<p><label> Primeiro nome *<br \/>\n<span class=\"wpcf7-form-control-wrap\" data-name=\"Nome\"><input size=\"40\" maxlength=\"400\" class=\"wpcf7-form-control wpcf7-text wpcf7-validates-as-required\" aria-required=\"true\" aria-invalid=\"false\" placeholder=\"Insira seu nome\" value=\"\" type=\"text\" name=\"Nome\" \/><\/span> <\/label>\n<\/p>\n<p><label> Sobrenome *<br \/>\n<span class=\"wpcf7-form-control-wrap\" data-name=\"Cognome\"><input size=\"40\" maxlength=\"400\" class=\"wpcf7-form-control wpcf7-text wpcf7-validates-as-required\" aria-required=\"true\" aria-invalid=\"false\" placeholder=\"Por favor insira seu sobrenome\" value=\"\" type=\"text\" name=\"Cognome\" \/><\/span> <\/label>\n<\/p>\n<p><label> O e-mail *<br \/>\n<span class=\"wpcf7-form-control-wrap\" data-name=\"Email\"><input size=\"40\" maxlength=\"400\" class=\"wpcf7-form-control wpcf7-email wpcf7-validates-as-required wpcf7-text wpcf7-validates-as-email\" aria-required=\"true\" aria-invalid=\"false\" placeholder=\"Digite seu e-mail\" value=\"\" type=\"email\" name=\"Email\" \/><\/span> <\/label>\n<\/p>\n<p><label> Posi\u00e7\u00e3o *<br \/>\n<span class=\"wpcf7-form-control-wrap\" data-name=\"Oggetto\"><select class=\"wpcf7-form-control wpcf7-select wpcf7-validates-as-required\" aria-required=\"true\" aria-invalid=\"false\" name=\"Oggetto\"><option value=\"\">&#8212;Seleziona un&#039;opzione&#8212;<\/option><option value=\"Trabalhador de laborat\u00f3rio\">Trabalhador de laborat\u00f3rio<\/option><\/select><\/span> <\/label>\n<\/p>\n<p><label> Mensagem<br \/>\n<span class=\"wpcf7-form-control-wrap\" data-name=\"Messaggio\"><textarea cols=\"40\" rows=\"10\" maxlength=\"2000\" class=\"wpcf7-form-control wpcf7-textarea\" aria-invalid=\"false\" placeholder=\"Por favor insira a sua mensagem\" name=\"Messaggio\"><\/textarea><\/span><\/label>\n<\/p>\n<p><label> Anexe o seu CV * (PDF)<br \/>\n<span class=\"wpcf7-form-control-wrap\" data-name=\"Allegato\"><input size=\"40\" class=\"wpcf7-form-control wpcf7-file wpcf7-validates-as-required\" accept=\".pdf\" aria-required=\"true\" aria-invalid=\"false\" type=\"file\" name=\"Allegato\" \/><\/span> <\/label>\n<\/p>\n<p><span class=\"wpcf7-form-control-wrap\" data-name=\"checkbox-518\"><span class=\"wpcf7-form-control wpcf7-checkbox wpcf7-validates-as-required\"><span class=\"wpcf7-list-item first last\"><input type=\"checkbox\" name=\"checkbox-518[]\" value=\"Declaro que li as informa\u00e7\u00f5es emitidas nos termos do art. 13 Regulamento UE 679\/2016 e autorizo  o processamento dos meus dados.\" \/><span class=\"wpcf7-list-item-label\">Declaro que li as informa\u00e7\u00f5es emitidas nos termos do art. 13 Regulamento UE 679\/2016 e autorizo  o processamento dos meus dados.<\/span><\/span><\/span><\/span><a href=\"https:\/\/www.nashira-hm.it\/privacy-policy\/\">Pol\u00edtica de Privacidade<\/a>\n<\/p>\n<p><span class=\"wpcf7-form-control-wrap\" data-name=\"checkbox-519\"><span class=\"wpcf7-form-control wpcf7-checkbox\"><span class=\"wpcf7-list-item first last\"><input type=\"checkbox\" name=\"checkbox-519[]\" value=\"Autorizo  a Nashira Hardmetals Srl a me enviar comunica\u00e7\u00f5es comerciais e \/ ou boletins informativos\" \/><span class=\"wpcf7-list-item-label\">Autorizo  a Nashira Hardmetals Srl a me enviar comunica\u00e7\u00f5es comerciais e \/ ou boletins informativos<\/span><\/span><\/span><\/span>\n<\/p>\n<p><span class=\"wpcf7-form-control-wrap kc_captcha cf7ic-toggle\" data-name=\"kc_captcha\"><span class=\"wpcf7-form-control wpcf7-radio\"><span class=\"captcha-image\" style=\"display: none;\"><span class=\"cf7ic_instructions\">Dimostra di essere umano selezionando<span> auto<\/span>.<\/span><label><input aria-label=\"1\" type=\"radio\" name=\"kc_captcha\" value=\"bot\" \/><svg aria-hidden=\"true\" role=\"img\" xmlns=\"http:\/\/www.w3.org\/2000\/svg\" viewBox=\"0 0 576 512\"><path fill=\"currentColor\" d=\"M488 313v143c0 13-11 24-24 24H348c-7 0-12-5-12-12V356c0-7-5-12-12-12h-72c-7 0-12 5-12 12v112c0 7-5 12-12 12H112c-13 0-24-11-24-24V313c0-4 2-7 4-10l188-154c5-4 11-4 16 0l188 154c2 3 4 6 4 10zm84-61l-84-69V44c0-6-5-12-12-12h-56c-7 0-12 6-12 12v73l-89-74a48 48 0 00-61 0L4 252c-5 4-5 12-1 17l25 31c5 5 12 5 17 1l235-193c5-4 11-4 16 0l235 193c5 5 13 4 17-1l25-31c4-6 4-13-1-17z\"\/><\/svg><\/label><label><input aria-label=\"2\" type=\"radio\" name=\"kc_captcha\" value=\"bot\" \/><svg aria-hidden=\"true\" role=\"img\" xmlns=\"http:\/\/www.w3.org\/2000\/svg\" viewBox=\"0 0 576 512\"><path fill=\"currentColor\" d=\"M259 18l-65 132-146 22c-26 3-37 36-18 54l106 103-25 146c-5 26 23 46 46 33l131-68 131 68c23 13 51-7 46-33l-25-146 106-103c19-18 8-51-18-54l-146-22-65-132a32 32 0 00-58 0z\"\/><\/svg><\/label><label><input aria-label=\"3\" type=\"radio\" name=\"kc_captcha\" value=\"kc_human\" \/><svg aria-hidden=\"true\" role=\"img\" xmlns=\"http:\/\/www.w3.org\/2000\/svg\" viewBox=\"0 0 512 512\"><path fill=\"currentColor\" d=\"M500 168h-55l-8-21a127 127 0 00-120-83H195a127 127 0 00-120 83l-8 21H12c-8 0-14 8-11 16l8 24a12 12 0 0011 8h29a64 64 0 00-33 56v48c0 16 6 31 16 42v62c0 13 11 24 24 24h48c13 0 24-11 24-24v-40h256v40c0 13 11 24 24 24h48c13 0 24-11 24-24v-62c10-11 16-26 16-42v-48c0-24-13-45-33-56h29a12 12 0 0011-8l8-24c3-8-3-16-11-16zm-365 2c9-25 33-42 60-42h122c27 0 51 17 60 42l15 38H120l15-38zM88 328a32 32 0 010-64c18 0 48 30 48 48s-30 16-48 16zm336 0c-18 0-48 2-48-16s30-48 48-48 32 14 32 32-14 32-32 32z\"\/><\/svg><\/label>\r\n    <\/span>\r\n    <span style=\"display:none\">\r\n        <input type=\"text\" name=\"kc_honeypot\">\r\n    <\/span><\/span><\/span>\n<\/p>\n<p><label> <input class=\"wpcf7-form-control wpcf7-submit has-spinner\" type=\"submit\" value=\"Enviar\" \/><\/label>\n<\/p><div class=\"wpcf7-response-output\" aria-hidden=\"true\"><\/div>\n<\/form>\n<\/div>\n[\/vc_column][\/vc_row]<\/p>\n<\/div>","protected":false},"excerpt":{"rendered":"<p>[vc_row][vc_column][vc_column_text] [\/vc_column_text][\/vc_column][\/vc_row][vc_row][vc_column][vc_empty_space][\/vc_column][\/vc_row][vc_row el_id=&#8221;AddettoLaboratorioControlloQualit\u00e0&#8221;][vc_column][vc_column_text] Funcion\u00e1rio do laborat\u00f3rio de controle de qualidade Somos uma empresa que produz um dos materiais mais resistentes e duros do mundo, utilizado na ind\u00fastria automotiva, aeron\u00e1utica, marcenaria, pedra e em uma infinidade de novas aplica\u00e7\u00f5es.\u00a0Procuramos pessoas conscienciosas, apaixonadas e com vis\u00e3o de futuro que possam integrar a nossa equipa e contribuir para [&hellip;]<\/p>\n","protected":false},"author":2,"featured_media":0,"parent":0,"menu_order":0,"comment_status":"closed","ping_status":"closed","template":"","meta":{"footnotes":""},"yoast_head":"<!-- This site is optimized with the Yoast SEO Premium plugin v23.8 (Yoast SEO v24.5) - https:\/\/yoast.com\/wordpress\/plugins\/seo\/ -->\n<title>Addetto Laboratorio Controllo Qualit\u00e0 - Nashira hardmetals srl<\/title>\n<meta name=\"description\" content=\"Lavora Con Noi, per potenziare il nostro reparto di miscelazione stiamo cercando un addetto con spiccato senso del dovere, disciplina e meticolosit\u00e0\" \/>\n<meta name=\"robots\" content=\"index, follow, max-snippet:-1, max-image-preview:large, max-video-preview:-1\" \/>\n<link rel=\"canonical\" href=\"https:\/\/www.nashira-hm.it\/pt-br\/trabalhe-conosco\/\" \/>\n<meta property=\"og:locale\" content=\"pt_BR\" \/>\n<meta property=\"og:type\" content=\"article\" \/>\n<meta property=\"og:title\" content=\"Trabalhe Conosco\" \/>\n<meta property=\"og:description\" content=\"Lavora Con Noi, per potenziare il nostro reparto di miscelazione stiamo cercando un addetto con spiccato senso del dovere, disciplina e meticolosit\u00e0\" \/>\n<meta property=\"og:url\" content=\"https:\/\/www.nashira-hm.it\/pt-br\/trabalhe-conosco\/\" \/>\n<meta property=\"og:site_name\" content=\"Nashira Hardmetals srl - Produttore Metallo Duro.\" \/>\n<meta property=\"article:publisher\" content=\"https:\/\/www.facebook.com\/NashiraHardmetals\/\" \/>\n<meta property=\"article:modified_time\" content=\"2021-01-29T10:37:06+00:00\" \/>\n<meta name=\"twitter:card\" content=\"summary_large_image\" \/>\n<meta name=\"twitter:label1\" content=\"Est. tempo de leitura\" \/>\n\t<meta name=\"twitter:data1\" content=\"1 minuto\" \/>\n<script type=\"application\/ld+json\" class=\"yoast-schema-graph\">{\"@context\":\"https:\/\/schema.org\",\"@graph\":[{\"@type\":\"WebPage\",\"@id\":\"https:\/\/www.nashira-hm.it\/pt-br\/trabalhe-conosco\/\",\"url\":\"https:\/\/www.nashira-hm.it\/pt-br\/trabalhe-conosco\/\",\"name\":\"Addetto Laboratorio Controllo Qualit\u00e0 - Nashira hardmetals srl\",\"isPartOf\":{\"@id\":\"https:\/\/www.nashira-hm.it\/#website\"},\"datePublished\":\"2018-09-25T15:17:56+00:00\",\"dateModified\":\"2021-01-29T10:37:06+00:00\",\"description\":\"Lavora Con Noi, per potenziare il nostro reparto di miscelazione stiamo cercando un addetto con spiccato senso del dovere, disciplina e meticolosit\u00e0\",\"breadcrumb\":{\"@id\":\"https:\/\/www.nashira-hm.it\/pt-br\/trabalhe-conosco\/#breadcrumb\"},\"inLanguage\":\"pt-BR\",\"potentialAction\":[{\"@type\":\"ReadAction\",\"target\":[\"https:\/\/www.nashira-hm.it\/pt-br\/trabalhe-conosco\/\"]}]},{\"@type\":\"BreadcrumbList\",\"@id\":\"https:\/\/www.nashira-hm.it\/pt-br\/trabalhe-conosco\/#breadcrumb\",\"itemListElement\":[{\"@type\":\"ListItem\",\"position\":1,\"name\":\"Home\",\"item\":\"https:\/\/www.nashira-hm.it\/pt-br\/\"},{\"@type\":\"ListItem\",\"position\":2,\"name\":\"Trabalhe Conosco\"}]},{\"@type\":\"WebSite\",\"@id\":\"https:\/\/www.nashira-hm.it\/#website\",\"url\":\"https:\/\/www.nashira-hm.it\/\",\"name\":\"Nashira Hardmetals srl - Produttore Metallo Duro\",\"description\":\"L&#039;arte del metallo duro\",\"publisher\":{\"@id\":\"https:\/\/www.nashira-hm.it\/#organization\"},\"potentialAction\":[{\"@type\":\"SearchAction\",\"target\":{\"@type\":\"EntryPoint\",\"urlTemplate\":\"https:\/\/www.nashira-hm.it\/?s={search_term_string}\"},\"query-input\":{\"@type\":\"PropertyValueSpecification\",\"valueRequired\":true,\"valueName\":\"search_term_string\"}}],\"inLanguage\":\"pt-BR\"},{\"@type\":\"Organization\",\"@id\":\"https:\/\/www.nashira-hm.it\/#organization\",\"name\":\"Nashira Hardmetals\",\"url\":\"https:\/\/www.nashira-hm.it\/\",\"logo\":{\"@type\":\"ImageObject\",\"inLanguage\":\"pt-BR\",\"@id\":\"https:\/\/www.nashira-hm.it\/#\/schema\/logo\/image\/\",\"url\":\"https:\/\/www.nashira-hm.it\/wp-content\/uploads\/2018\/01\/logo-nashira-positivo.png\",\"contentUrl\":\"https:\/\/www.nashira-hm.it\/wp-content\/uploads\/2018\/01\/logo-nashira-positivo.png\",\"width\":204,\"height\":70,\"caption\":\"Nashira Hardmetals\"},\"image\":{\"@id\":\"https:\/\/www.nashira-hm.it\/#\/schema\/logo\/image\/\"},\"sameAs\":[\"https:\/\/www.facebook.com\/NashiraHardmetals\/\",\"https:\/\/www.linkedin.com\/company\/nashira-hardmetals\/\"]}]}<\/script>\n<!-- \/ Yoast SEO Premium plugin. -->","yoast_head_json":{"title":"Addetto Laboratorio Controllo Qualit\u00e0 - Nashira hardmetals srl","description":"Lavora Con Noi, per potenziare il nostro reparto di miscelazione stiamo cercando un addetto con spiccato senso del dovere, disciplina e meticolosit\u00e0","robots":{"index":"index","follow":"follow","max-snippet":"max-snippet:-1","max-image-preview":"max-image-preview:large","max-video-preview":"max-video-preview:-1"},"canonical":"https:\/\/www.nashira-hm.it\/pt-br\/trabalhe-conosco\/","og_locale":"pt_BR","og_type":"article","og_title":"Trabalhe Conosco","og_description":"Lavora Con Noi, per potenziare il nostro reparto di miscelazione stiamo cercando un addetto con spiccato senso del dovere, disciplina e meticolosit\u00e0","og_url":"https:\/\/www.nashira-hm.it\/pt-br\/trabalhe-conosco\/","og_site_name":"Nashira Hardmetals srl - Produttore Metallo Duro.","article_publisher":"https:\/\/www.facebook.com\/NashiraHardmetals\/","article_modified_time":"2021-01-29T10:37:06+00:00","twitter_card":"summary_large_image","twitter_misc":{"Est. tempo de leitura":"1 minuto"},"schema":{"@context":"https:\/\/schema.org","@graph":[{"@type":"WebPage","@id":"https:\/\/www.nashira-hm.it\/pt-br\/trabalhe-conosco\/","url":"https:\/\/www.nashira-hm.it\/pt-br\/trabalhe-conosco\/","name":"Addetto Laboratorio Controllo Qualit\u00e0 - Nashira hardmetals srl","isPartOf":{"@id":"https:\/\/www.nashira-hm.it\/#website"},"datePublished":"2018-09-25T15:17:56+00:00","dateModified":"2021-01-29T10:37:06+00:00","description":"Lavora Con Noi, per potenziare il nostro reparto di miscelazione stiamo cercando un addetto con spiccato senso del dovere, disciplina e meticolosit\u00e0","breadcrumb":{"@id":"https:\/\/www.nashira-hm.it\/pt-br\/trabalhe-conosco\/#breadcrumb"},"inLanguage":"pt-BR","potentialAction":[{"@type":"ReadAction","target":["https:\/\/www.nashira-hm.it\/pt-br\/trabalhe-conosco\/"]}]},{"@type":"BreadcrumbList","@id":"https:\/\/www.nashira-hm.it\/pt-br\/trabalhe-conosco\/#breadcrumb","itemListElement":[{"@type":"ListItem","position":1,"name":"Home","item":"https:\/\/www.nashira-hm.it\/pt-br\/"},{"@type":"ListItem","position":2,"name":"Trabalhe Conosco"}]},{"@type":"WebSite","@id":"https:\/\/www.nashira-hm.it\/#website","url":"https:\/\/www.nashira-hm.it\/","name":"Nashira Hardmetals srl - Produttore Metallo Duro","description":"L&#039;arte del metallo duro","publisher":{"@id":"https:\/\/www.nashira-hm.it\/#organization"},"potentialAction":[{"@type":"SearchAction","target":{"@type":"EntryPoint","urlTemplate":"https:\/\/www.nashira-hm.it\/?s={search_term_string}"},"query-input":{"@type":"PropertyValueSpecification","valueRequired":true,"valueName":"search_term_string"}}],"inLanguage":"pt-BR"},{"@type":"Organization","@id":"https:\/\/www.nashira-hm.it\/#organization","name":"Nashira Hardmetals","url":"https:\/\/www.nashira-hm.it\/","logo":{"@type":"ImageObject","inLanguage":"pt-BR","@id":"https:\/\/www.nashira-hm.it\/#\/schema\/logo\/image\/","url":"https:\/\/www.nashira-hm.it\/wp-content\/uploads\/2018\/01\/logo-nashira-positivo.png","contentUrl":"https:\/\/www.nashira-hm.it\/wp-content\/uploads\/2018\/01\/logo-nashira-positivo.png","width":204,"height":70,"caption":"Nashira Hardmetals"},"image":{"@id":"https:\/\/www.nashira-hm.it\/#\/schema\/logo\/image\/"},"sameAs":["https:\/\/www.facebook.com\/NashiraHardmetals\/","https:\/\/www.linkedin.com\/company\/nashira-hardmetals\/"]}]}},"_links":{"self":[{"href":"https:\/\/www.nashira-hm.it\/pt-br\/wp-json\/wp\/v2\/pages\/10879"}],"collection":[{"href":"https:\/\/www.nashira-hm.it\/pt-br\/wp-json\/wp\/v2\/pages"}],"about":[{"href":"https:\/\/www.nashira-hm.it\/pt-br\/wp-json\/wp\/v2\/types\/page"}],"author":[{"embeddable":true,"href":"https:\/\/www.nashira-hm.it\/pt-br\/wp-json\/wp\/v2\/users\/2"}],"replies":[{"embeddable":true,"href":"https:\/\/www.nashira-hm.it\/pt-br\/wp-json\/wp\/v2\/comments?post=10879"}],"version-history":[{"count":2,"href":"https:\/\/www.nashira-hm.it\/pt-br\/wp-json\/wp\/v2\/pages\/10879\/revisions"}],"predecessor-version":[{"id":10881,"href":"https:\/\/www.nashira-hm.it\/pt-br\/wp-json\/wp\/v2\/pages\/10879\/revisions\/10881"}],"wp:attachment":[{"href":"https:\/\/www.nashira-hm.it\/pt-br\/wp-json\/wp\/v2\/media?parent=10879"}],"curies":[{"name":"wp","href":"https:\/\/api.w.org\/{rel}","templated":true}]}}