{"id":1321,"date":"2017-08-08T11:58:55","date_gmt":"2017-08-08T09:58:55","guid":{"rendered":"https:\/\/www.nashirahardmetals.com\/?page_id=1321"},"modified":"2020-02-28T12:38:13","modified_gmt":"2020-02-28T11:38:13","slug":"das-glossar","status":"publish","type":"page","link":"https:\/\/www.nashira-hm.it\/de\/das-glossar\/","title":{"rendered":"Das Glossar"},"content":{"rendered":"<div class=\"wpb-content-wrapper\"><h1>[vc_row][vc_column][vc_column_text css_animation=&#8221;fadeIn&#8221;]Das Glossar<\/h1>\n<p>In diesem Glossar finden Sie die wichtigsten Fachbegriffe zur Verwendung von <a href=\"https:\/\/www.nashira-hm.it\/de\/was-ist-hartmetall\/\">Hartmetall<\/a><\/p>\n<h2>das Hartmetall-Glossar<\/h2>\n<p><strong>Abrieb<\/strong><\/p>\n<p>Entfernen von Oberfl\u00e4chenpartikeln durch Reibung.<\/p>\n<p><a href=\"https:\/\/www.nashira-hm.it\/de\/mechanik\/\"><strong>Riss\u00f6ffnung<\/strong><\/a><\/p>\n<p style=\"text-align: justify;\">Breite mit einem definierten Abstand zwischen den\u00a0beiden Seitenr\u00e4ndern des Risses.<\/p>\n<p><strong>Rissspitze<\/strong><\/p>\n<p>Scharfe und extreme Spitze der Spaltung.<\/p>\n<p><strong>Rissverhinderung<\/strong><\/p>\n<p>Punkt, wo der Riss aufh\u00f6rt voranzuschreiten.<\/p>\n<p><strong>Bruchaussehen<\/strong><\/p>\n<p>Form des Bruches, die bei der visuellen Untersuchung identifiziert wurde.<\/p>\n<p><strong>Erm\u00fcdungsb\u00e4nder<\/strong><\/p>\n<p>Satz B\u00e4nder, die den Stopp und den Fortschritt des Erm\u00fcdungsversagens aufzeigen.<\/p>\n<p><strong>Hartl\u00f6ten<\/strong><\/p>\n<p>Hartl\u00f6ten bedeutet, Metallst\u00fccke mit Hilfe eines F\u00fcllmetalls zu verbinden, ohne die zu montierenden Teile zu schmelzen. Das F\u00fcllmetall dringt durch Kapillarit\u00e4t zwischen die zu montierenden Teile ein.<\/p>\n<p><strong>Last<\/strong><\/p>\n<p>N\u00f6tige Kraft, um den Widerstand des Materials bis zu dem Punkt zu \u00fcberwinden, an dem es verformt oder gebrochen wird.<\/p>\n<p><a href=\"https:\/\/www.nashira-hm.it\/de\/2018\/03\/01\/universitaet-federico-ii\/\"><strong>Porosit\u00e4t<\/strong><\/a><\/p>\n<p>Mikrovakuum zwischen K\u00f6rnern.<\/p>\n<p><strong>Linearer Ausdehnungskoeffizient<\/strong><\/p>\n<p>Die thermische Ausdehnung der K\u00f6rper ist eine typische Eigenschaft von Materialien, die darin besteht, dass ihre Abmessungen mit steigender Temperatur variieren. Die W\u00e4rmeausdehnung wird durch einen geeigneten W\u00e4rmeAusdehnungskoeffizienten quantifiziert, der in Bezug auf die physikalische Ver\u00e4nderung des K\u00f6rpers Folgendes beruecksichtigt: Koeffizient der volumetrischen thermischen Ausdehnung; W\u00e4rmeausdehnungskoeffizient der Oberfl\u00e4che; Koeffizient der linearen thermischen Ausdehnung.<\/p>\n<p><strong>Isostatische Verdichtung (<a href=\"https:\/\/de.wikipedia.org\/wiki\/Hei%C3%9Fisostatisches_Pressen\">isostatisches Pressen<\/a>)<\/strong><\/p>\n<p>Bei herk\u00f6mmlichen Verdichtungstechniken wird der Druck uniaxial angelegt, so dass die resultierende Struktur inhomogen oder in allen Richtungen nicht gleichm\u00e4\u00dfig ist. Bei isostatischer Verdichtung ist der Druck hydrostatisch und wird bei Raumtemperatur (kaltisostatisches Pressen &#8211; CIP) oder Hitze (hei\u00dfisostatisches Pressen &#8211; HIP) angewendet. Die Herstellung funktioniert \u00fcber eine Fluessigkeit, die nicht mechanisch wirkt, sondern durch Druck, der in alle Richtungen ausge\u00fcbt wird.<\/p>\n<p><strong>Kathodische Korrosion<\/strong><\/p>\n<p style=\"text-align: justify;\">Eine Korrosion aufgrund eingeleiteter Str\u00f6me. Die Ver\u00e4nderungen am korrosiven Medium, welche aufgrund der Durchleitung von Strom vom korrosiven Medium zum metallischen Material (Kathode) ausgel\u00f6st werden, resultieren bei einer alkalischen Umgebung in einer spontanen Korrosion des Materials selbst.<\/p>\n<p><strong>Kontaktkorrosion<\/strong><\/p>\n<p>Lokalisierte Korrosion, die in dem Bereich auftritt, in dem zwei verschiedene Materialien miteinander in Kontakt stehen.<\/p>\n<p><strong>Diffusionskorrosion<\/strong><\/p>\n<p>Korrosion des Materials, die die gesamte Oberfl\u00e4che betrifft und f\u00fcr welche die Dicke des gel\u00f6sten Materials im Durchschnitt gleich ist.<\/p>\n<p><strong>Elektrolytische Korrosion<\/strong><\/p>\n<p>Chemische Zersetzung durch elektrischen Strom.<\/p>\n<p><strong>Galvanische Korrosion<\/strong><\/p>\n<p>Korrosion aufgrund der Verwendung eines kontinuierlichen elektrischen Stroms.<\/p>\n<p><strong>Lokalisierte Korrosion<\/strong><\/p>\n<p>Korrosion, die im makroskopischen Ma\u00dfstab nur einen Teil der Oberfl\u00e4che des metallischen Materials betrifft.<\/p>\n<p><strong>Trockene Korrosion<\/strong><\/p>\n<p>Korrosion eines metallischen Materials, das bei hohen Temperaturen in Abwesenheit von Wasser oder anderen L\u00f6sungsmitteln auftritt.<\/p>\n<p><strong>Nasskorrosion<\/strong><\/p>\n<p>Korrosion, die in Gegenwart von Wasser oder einem anderen L\u00f6sungsmittel im kondensierten Zustand auftritt.<\/p>\n<p><strong>Korrosion<\/strong><\/p>\n<p>Ph\u00e4nomen chemisch-physikalischer Natur, das den allm\u00e4hlichen Verfall der Eigenschaften des Materials verursacht, unter Mitwirkung der umgebenden Umwelt.<\/p>\n<p><strong>Anodische Korrosion<\/strong><\/p>\n<p>Korrosion durch elektrischen Strom, der auftritt, wenn die Dissoziation des metallischen Materials (Anode) in das korrosive Medium (Kathode) \u00fcbergeht.<\/p>\n<p><strong>Atmosph\u00e4rische Korrosion<\/strong><\/p>\n<p>Korrosion durch atmosph\u00e4rische Kondensation auf der Metalloberfl\u00e4che.<\/p>\n<p><strong>Gleichm\u00e4\u00dfige Korrosion<\/strong><\/p>\n<p>Diffuse Korrosion, die sich auf die gesamte Oberfl\u00e4che des Materials auswirkt und bei der die aufgel\u00f6ste Dicke in allen Punkten gleich ist.<\/p>\n<p><strong>Lochfrass<\/strong><\/p>\n<p>Werkzeugverschleiss aufgrund von Kriechen des bearbeiteten Materials.<\/p>\n<p><strong>Riss<\/strong><\/p>\n<p>Mikroskopische oder makroskopische Diskontinuit\u00e4t eines Metalls, bei dem zwei Dimensionen entschieden wichtiger sind als die Dritte (L\u00e4nge-Tiefe-Breite). Das Vorhandensein dieser Diskontinuit\u00e4t in einem betroffenen Artefakt impliziert die Zunahme lokaler Spannungen an der Spitze des Risses.<\/p>\n<p><strong>Kapillarsprung<\/strong><\/p>\n<p>Sehr d\u00fcnne Spalte.<\/p>\n<p><strong>Riss durch Schleifen<\/strong><\/p>\n<p>In der Regel in Spinnennetzform auftretende Risse, die durch das von den Scheiben ausgel\u00f6ste \u00dcberhitzen entstehen<\/p>\n<p><strong>Oberfl\u00e4chenriss<\/strong><\/p>\n<p>Riss, der an der Oberfl\u00e4che auftritt und begrenzte \u00e4u\u00dfere Schichten beeinflusst.<\/p>\n<p><strong>Thermoschockrisse<\/strong><\/p>\n<p>Risse aufgrund von Temperatur\u00e4nderungen (zu drastische Abkuehlung oder zu schnelle Erw\u00e4rmung).<\/p>\n<p><strong>Entkohlung<\/strong><\/p>\n<p>Verfahren (normalerweise unfreiwillig und unerw\u00fcnscht) der Kohlenstoffentfernung von dem Carbid, falls es in Kontakt mit bestimmten Atmosph\u00e4ren gebracht wird, im Allgemeinen bei hoher Temperatur. Die Entkohlung beinhaltet einen schwerwiegenden Metalldefekt, der als Phase-Eta bezeichnet wird.<\/p>\n<p><strong>Deformation<\/strong><\/p>\n<p>Form\u00e4nderung aufgrund mechanischer oder thermischer Ursachen.<\/p>\n<p><strong>Dichte<\/strong><\/p>\n<p>Die Dichte (korrekt als spezifische Masse bezeichnet) eines K\u00f6rpers ist definiert als die Beziehung zwischen der Masse des K\u00f6rpers und dem Volumen desselben K\u00f6rpers.<\/p>\n<p><strong>Gebrauchsdefekt<\/strong><\/p>\n<p>Anomalie durch eine falsche Verwendung des Teils.<\/p>\n<p><strong>Abschlussfehler<\/strong><\/p>\n<p>Eine Anomalie, normalerweise dimensional, die durch die letzten Verarbeitungsschritte verursacht wird.<\/p>\n<p><strong>H\u00e4rte<\/strong><\/p>\n<p>Die <a href=\"https:\/\/www.nashira-hm.it\/de\/2018\/03\/01\/nashira-expandiert\/\">H\u00e4rte<\/a> wird metallurgisch als der Widerstand eines Materials gegen das Eindringen eines h\u00e4rteren Materials definiert. Der H\u00e4rtetest ist ein herk\u00f6mmlicher, statischer und zerst\u00f6rungsfreier Test, der durch die Stressaussetzung einer nicht-einheitlichen Probe (mit parallelen Seiten!) durchgef\u00fchrt wird.<\/p>\n<p><strong>EDM<\/strong><\/p>\n<p>EDM ist der Prozess, bei dem ein Teil mit den erosiven Eigenschaften von Elektroschocks geschliffen wird.<\/p>\n<p><a href=\"https:\/\/www.nashira-hm.it\/de\/geschichte\/\"><strong>Erosion<\/strong><\/a><\/p>\n<p>Partikelentfernung von der Metalloberfl\u00e4che aufgrund der abrasiven Wirkung einer Fl\u00fcssigkeit oder eines Gases.<\/p>\n<p><strong>Querbruchkraft<\/strong><\/p>\n<p>Die Querbruchfestigkeit wird bestimmt, indem eine Standardprobe (nach ASTM B-406, ISO 3327) zwischen zwei St\u00fctzen platziert und bis zum Bruchpunkt beansprucht wird. Der erhaltene Wert wird als Querbruch- oder Koh\u00e4sionskraft bezeichnet und in Relation zum Gewicht gemessen, welches zum Bruch gef\u00fchrt hat. Dieser Test erfasst die Belastung des einzelnen Bereichs der Einheit und wird in psi oder N \/ mm2 ausgedr\u00fcckt.<\/p>\n<p><strong>Zerbrechlichkeit<\/strong><\/p>\n<p>Unzureichende Z\u00e4higkeit des Materials in Bezug auf seine \u00fcblichen Eigenschaften.<\/p>\n<p><strong>Bruch<\/strong><\/p>\n<p>Aussehen von Oberfl\u00e4chen, die das Brechen eines St\u00fcckes begrenzen.<\/p>\n<p><strong>Erm\u00fcdungsbruch<\/strong><\/p>\n<p>Bruch durch Erm\u00fcdungsbeanspruchung. Er zeichnet sich durch konzentrische Ruhelinien am Ausl\u00f6sepunkt und durch eine kulminierende Crashzone aus.<\/p>\n<p><strong>Kolbenfresser<\/strong><\/p>\n<p>Pl\u00f6tzliche Zunahme der Gleitreibung zwischen zwei mechanischen Teilen in relativer Bewegung, die Blockieren und manchmal Schwei\u00dfen verursacht.<\/p>\n<p><strong>Unreinheit<\/strong><\/p>\n<p>Anwesenheit eines unerw\u00fcnschten Prozentsatzes unerw\u00fcnschter Elemente im Metall.<\/p>\n<p><strong>Kornvergr\u00f6\u00dferung<\/strong><\/p>\n<p>Formzunahme der K\u00f6rner, aus denen die Hartmetallmatrix besteht. Die Anomalie wird oft durch eine \u00fcberm\u00e4\u00dfige Sintertemperatur oder l\u00e4ngeres Erhitzen verursacht.<\/p>\n<p><strong>Pore<\/strong><\/p>\n<p>Kleine rundliche \u00d6ffnung nach aussen.<\/p>\n<p><strong>Widerstand gegen Erm\u00fcdung<\/strong><\/p>\n<p>Die mechanischen Elemente unterliegen h\u00e4ufig Beanspruchungen, die im Verlauf der Zeit zyklisch variieren, welche in einer Folge von alternierenden Maxima (Spitzen) und Minima (T\u00e4lern) Intensit\u00e4ten identifiziert werden.<\/p>\n<p><strong>R\u00fcckzug<\/strong><\/p>\n<p>Kontraktion der metallischen Masse nach dem Sintern.<\/p>\n<p><strong>Bruch<\/strong><\/p>\n<p>Freisetzung innerer Bindungen der molekularen Koh\u00e4sion mit einer Abl\u00f6sung von Teilen bestimmter Oberfl\u00e4chen.<\/p>\n<p><strong>Kompressionsbruch<\/strong><\/p>\n<p>Durch eine mechanische Wirkung verursachter Bruch, der dazu neigt die Gr\u00f6\u00dfe eines K\u00f6rpers zu ver\u00e4ndern, indem das Volumen durch eine Verdichtung seiner Partikel reduziert wird.<\/p>\n<p><strong>Abplatzen<\/strong><\/p>\n<p>Bruch mit Splittern (scharfe oder spitze Fragmente).<\/p>\n<p><a href=\"https:\/\/www.nashira-hm.it\/de\/die-eigenschaften-des-hartmetalls\/\"><strong>Sintern<\/strong><\/a><\/p>\n<p>Sintern bezieht sich auf die Verdichtung und Umwandlung von zu Pulver zermahlenen Materialien in eine unteilbare Verbindung. Diese W\u00e4rmebehandlung wird bei einer Temperatur durchgef\u00fchrt, die niedriger als der Schmelzpunkt des Materials ist. Dieser Vorgang (auch Sinter-, Metallkeramik- oder Pulvermetallurgie genannt) wird durchgef\u00fchrt, um kompakte Produkte zu erhalten. Dank des Sinterns ist es m\u00f6glich, ausgehend von Pulvermaterialien Objekte mit spezifischen Formen und Gr\u00f6\u00dfen zu erhalten, die mechanischen und thermischen Behandlungen unterzogen werden k\u00f6nnen.<\/p>\n<p><strong>Entkarbonisierte Schicht<\/strong><\/p>\n<p>Kohlenstoffverarmung an der Oberfl\u00e4che eines Metalls beim Erhitzen in einer oxidierenden Atmosph\u00e4re.<\/p>\n<p><strong>Spannung<\/strong><\/p>\n<p>Einfache Beanspruchung, die im \u00fcbergeordneten Abschnitt eines Strukturelements unter Einwirkung zweier Kr\u00e4fte auf die orthogonale Ebene zu seiner geometrischen Achse auftritt, woraus ein Drehmoment resultiert.<\/p>\n<p><a href=\"https:\/\/www.nashira-hm.it\/de\/holz-papier\/\"><strong>Abtragung<\/strong><\/a><\/p>\n<p>Progressive mechanische Verschlechterung einer metallischen Oberfl\u00e4che in beweglichem Kontakt mit einem anderem festen Material, das eine Abl\u00f6sung von metallischen Partikeln bewirkt.<\/p>\n<p><strong>Widia<\/strong><\/p>\n<p>Der Begriff stammt vom Handelsnamen einer Reihe von Hartlegierungen: das Wort bildet sich aus den ersten Buchstaben des deutschen Ausdrucks \u201ewie Diamant\u201c oder \u201ehart wie Diamant\u201c.<\/p>\n<p>[\/vc_column_text][\/vc_column][\/vc_row]<\/p>\n<\/div>","protected":false},"excerpt":{"rendered":"<p>[vc_row][vc_column][vc_column_text css_animation=&#8221;fadeIn&#8221;]Das Glossar In diesem Glossar finden Sie die wichtigsten Fachbegriffe zur Verwendung von Hartmetall das Hartmetall-Glossar Abrieb Entfernen von Oberfl\u00e4chenpartikeln durch Reibung. Riss\u00f6ffnung Breite mit einem definierten Abstand zwischen den\u00a0beiden Seitenr\u00e4ndern des Risses. Rissspitze Scharfe und extreme Spitze der Spaltung. Rissverhinderung Punkt, wo der Riss aufh\u00f6rt voranzuschreiten. Bruchaussehen Form des Bruches, die bei der [&hellip;]<\/p>\n","protected":false},"author":2,"featured_media":3503,"parent":0,"menu_order":0,"comment_status":"closed","ping_status":"closed","template":"","meta":{"footnotes":""},"yoast_head":"<!-- This site is optimized with the Yoast SEO Premium plugin v23.8 (Yoast SEO v24.5) - https:\/\/yoast.com\/wordpress\/plugins\/seo\/ -->\n<title>Das Glossar - Die Fachbegriffe von Hartmetall | Nashira Hardmetal srl<\/title>\n<meta name=\"description\" content=\"Das Glossar, Die Fachbegriffe von Hartmetall, Riss\u00f6ffnung - Breite mit einem definierten Abstand zwischen den\u00a0beiden Seitenr\u00e4ndern des Risses.\" \/>\n<meta name=\"robots\" content=\"index, follow, max-snippet:-1, max-image-preview:large, max-video-preview:-1\" \/>\n<link rel=\"canonical\" href=\"https:\/\/www.nashira-hm.it\/de\/das-glossar\/\" \/>\n<meta property=\"og:locale\" content=\"de_DE\" \/>\n<meta property=\"og:type\" content=\"article\" \/>\n<meta property=\"og:title\" content=\"Das Glossar\" \/>\n<meta property=\"og:description\" content=\"Das Glossar, Die Fachbegriffe von Hartmetall, Riss\u00f6ffnung - Breite mit einem definierten Abstand zwischen den\u00a0beiden Seitenr\u00e4ndern des Risses.\" \/>\n<meta property=\"og:url\" content=\"https:\/\/www.nashira-hm.it\/de\/das-glossar\/\" \/>\n<meta property=\"og:site_name\" content=\"Nashira Hardmetals srl - Produttore Metallo Duro.\" \/>\n<meta property=\"article:publisher\" content=\"https:\/\/www.facebook.com\/NashiraHardmetals\/\" \/>\n<meta property=\"article:modified_time\" content=\"2020-02-28T11:38:13+00:00\" \/>\n<meta property=\"og:image\" content=\"https:\/\/www.nashira-hm.it\/wp-content\/uploads\/2018\/03\/gradi-e-applicazioni-tedesco.jpg\" \/>\n\t<meta property=\"og:image:width\" content=\"5906\" \/>\n\t<meta property=\"og:image:height\" content=\"4134\" \/>\n\t<meta property=\"og:image:type\" content=\"image\/jpeg\" \/>\n<meta name=\"twitter:card\" content=\"summary_large_image\" \/>\n<meta name=\"twitter:label1\" content=\"Gesch\u00e4tzte Lesezeit\" \/>\n\t<meta name=\"twitter:data1\" content=\"6\u00a0Minuten\" \/>\n<script type=\"application\/ld+json\" class=\"yoast-schema-graph\">{\"@context\":\"https:\/\/schema.org\",\"@graph\":[{\"@type\":\"WebPage\",\"@id\":\"https:\/\/www.nashira-hm.it\/de\/das-glossar\/\",\"url\":\"https:\/\/www.nashira-hm.it\/de\/das-glossar\/\",\"name\":\"Das Glossar - Die Fachbegriffe von Hartmetall | Nashira Hardmetal srl\",\"isPartOf\":{\"@id\":\"https:\/\/www.nashira-hm.it\/#website\"},\"primaryImageOfPage\":{\"@id\":\"https:\/\/www.nashira-hm.it\/de\/das-glossar\/#primaryimage\"},\"image\":{\"@id\":\"https:\/\/www.nashira-hm.it\/de\/das-glossar\/#primaryimage\"},\"thumbnailUrl\":\"https:\/\/www.nashira-hm.it\/wp-content\/uploads\/2018\/03\/gradi-e-applicazioni-tedesco-scaled.jpg\",\"datePublished\":\"2017-08-08T09:58:55+00:00\",\"dateModified\":\"2020-02-28T11:38:13+00:00\",\"description\":\"Das Glossar, Die Fachbegriffe von Hartmetall, Riss\u00f6ffnung - Breite mit einem definierten Abstand zwischen den\u00a0beiden Seitenr\u00e4ndern des Risses.\",\"breadcrumb\":{\"@id\":\"https:\/\/www.nashira-hm.it\/de\/das-glossar\/#breadcrumb\"},\"inLanguage\":\"de\",\"potentialAction\":[{\"@type\":\"ReadAction\",\"target\":[\"https:\/\/www.nashira-hm.it\/de\/das-glossar\/\"]}]},{\"@type\":\"ImageObject\",\"inLanguage\":\"de\",\"@id\":\"https:\/\/www.nashira-hm.it\/de\/das-glossar\/#primaryimage\",\"url\":\"https:\/\/www.nashira-hm.it\/wp-content\/uploads\/2018\/03\/gradi-e-applicazioni-tedesco-scaled.jpg\",\"contentUrl\":\"https:\/\/www.nashira-hm.it\/wp-content\/uploads\/2018\/03\/gradi-e-applicazioni-tedesco-scaled.jpg\",\"width\":2560,\"height\":1792,\"caption\":\"gradi e applicazioni-tedesco\"},{\"@type\":\"BreadcrumbList\",\"@id\":\"https:\/\/www.nashira-hm.it\/de\/das-glossar\/#breadcrumb\",\"itemListElement\":[{\"@type\":\"ListItem\",\"position\":1,\"name\":\"Home\",\"item\":\"https:\/\/www.nashira-hm.it\/de\/\"},{\"@type\":\"ListItem\",\"position\":2,\"name\":\"Das Glossar\"}]},{\"@type\":\"WebSite\",\"@id\":\"https:\/\/www.nashira-hm.it\/#website\",\"url\":\"https:\/\/www.nashira-hm.it\/\",\"name\":\"Nashira Hardmetals srl - Produttore Metallo Duro\",\"description\":\"L&#039;arte del metallo duro\",\"publisher\":{\"@id\":\"https:\/\/www.nashira-hm.it\/#organization\"},\"potentialAction\":[{\"@type\":\"SearchAction\",\"target\":{\"@type\":\"EntryPoint\",\"urlTemplate\":\"https:\/\/www.nashira-hm.it\/?s={search_term_string}\"},\"query-input\":{\"@type\":\"PropertyValueSpecification\",\"valueRequired\":true,\"valueName\":\"search_term_string\"}}],\"inLanguage\":\"de\"},{\"@type\":\"Organization\",\"@id\":\"https:\/\/www.nashira-hm.it\/#organization\",\"name\":\"Nashira Hardmetals\",\"url\":\"https:\/\/www.nashira-hm.it\/\",\"logo\":{\"@type\":\"ImageObject\",\"inLanguage\":\"de\",\"@id\":\"https:\/\/www.nashira-hm.it\/#\/schema\/logo\/image\/\",\"url\":\"https:\/\/www.nashira-hm.it\/wp-content\/uploads\/2018\/01\/logo-nashira-positivo.png\",\"contentUrl\":\"https:\/\/www.nashira-hm.it\/wp-content\/uploads\/2018\/01\/logo-nashira-positivo.png\",\"width\":204,\"height\":70,\"caption\":\"Nashira Hardmetals\"},\"image\":{\"@id\":\"https:\/\/www.nashira-hm.it\/#\/schema\/logo\/image\/\"},\"sameAs\":[\"https:\/\/www.facebook.com\/NashiraHardmetals\/\",\"https:\/\/www.linkedin.com\/company\/nashira-hardmetals\/\"]}]}<\/script>\n<!-- \/ Yoast SEO Premium plugin. -->","yoast_head_json":{"title":"Das Glossar - Die Fachbegriffe von Hartmetall | Nashira Hardmetal srl","description":"Das Glossar, Die Fachbegriffe von Hartmetall, Riss\u00f6ffnung - Breite mit einem definierten Abstand zwischen den\u00a0beiden Seitenr\u00e4ndern des Risses.","robots":{"index":"index","follow":"follow","max-snippet":"max-snippet:-1","max-image-preview":"max-image-preview:large","max-video-preview":"max-video-preview:-1"},"canonical":"https:\/\/www.nashira-hm.it\/de\/das-glossar\/","og_locale":"de_DE","og_type":"article","og_title":"Das Glossar","og_description":"Das Glossar, Die Fachbegriffe von Hartmetall, Riss\u00f6ffnung - Breite mit einem definierten Abstand zwischen den\u00a0beiden Seitenr\u00e4ndern des Risses.","og_url":"https:\/\/www.nashira-hm.it\/de\/das-glossar\/","og_site_name":"Nashira Hardmetals srl - Produttore Metallo Duro.","article_publisher":"https:\/\/www.facebook.com\/NashiraHardmetals\/","article_modified_time":"2020-02-28T11:38:13+00:00","og_image":[{"width":5906,"height":4134,"url":"https:\/\/www.nashira-hm.it\/wp-content\/uploads\/2018\/03\/gradi-e-applicazioni-tedesco.jpg","type":"image\/jpeg"}],"twitter_card":"summary_large_image","twitter_misc":{"Gesch\u00e4tzte Lesezeit":"6\u00a0Minuten"},"schema":{"@context":"https:\/\/schema.org","@graph":[{"@type":"WebPage","@id":"https:\/\/www.nashira-hm.it\/de\/das-glossar\/","url":"https:\/\/www.nashira-hm.it\/de\/das-glossar\/","name":"Das Glossar - Die Fachbegriffe von Hartmetall | Nashira Hardmetal srl","isPartOf":{"@id":"https:\/\/www.nashira-hm.it\/#website"},"primaryImageOfPage":{"@id":"https:\/\/www.nashira-hm.it\/de\/das-glossar\/#primaryimage"},"image":{"@id":"https:\/\/www.nashira-hm.it\/de\/das-glossar\/#primaryimage"},"thumbnailUrl":"https:\/\/www.nashira-hm.it\/wp-content\/uploads\/2018\/03\/gradi-e-applicazioni-tedesco-scaled.jpg","datePublished":"2017-08-08T09:58:55+00:00","dateModified":"2020-02-28T11:38:13+00:00","description":"Das Glossar, Die Fachbegriffe von Hartmetall, Riss\u00f6ffnung - Breite mit einem definierten Abstand zwischen den\u00a0beiden Seitenr\u00e4ndern des Risses.","breadcrumb":{"@id":"https:\/\/www.nashira-hm.it\/de\/das-glossar\/#breadcrumb"},"inLanguage":"de","potentialAction":[{"@type":"ReadAction","target":["https:\/\/www.nashira-hm.it\/de\/das-glossar\/"]}]},{"@type":"ImageObject","inLanguage":"de","@id":"https:\/\/www.nashira-hm.it\/de\/das-glossar\/#primaryimage","url":"https:\/\/www.nashira-hm.it\/wp-content\/uploads\/2018\/03\/gradi-e-applicazioni-tedesco-scaled.jpg","contentUrl":"https:\/\/www.nashira-hm.it\/wp-content\/uploads\/2018\/03\/gradi-e-applicazioni-tedesco-scaled.jpg","width":2560,"height":1792,"caption":"gradi e applicazioni-tedesco"},{"@type":"BreadcrumbList","@id":"https:\/\/www.nashira-hm.it\/de\/das-glossar\/#breadcrumb","itemListElement":[{"@type":"ListItem","position":1,"name":"Home","item":"https:\/\/www.nashira-hm.it\/de\/"},{"@type":"ListItem","position":2,"name":"Das Glossar"}]},{"@type":"WebSite","@id":"https:\/\/www.nashira-hm.it\/#website","url":"https:\/\/www.nashira-hm.it\/","name":"Nashira Hardmetals srl - Produttore Metallo Duro","description":"L&#039;arte del metallo duro","publisher":{"@id":"https:\/\/www.nashira-hm.it\/#organization"},"potentialAction":[{"@type":"SearchAction","target":{"@type":"EntryPoint","urlTemplate":"https:\/\/www.nashira-hm.it\/?s={search_term_string}"},"query-input":{"@type":"PropertyValueSpecification","valueRequired":true,"valueName":"search_term_string"}}],"inLanguage":"de"},{"@type":"Organization","@id":"https:\/\/www.nashira-hm.it\/#organization","name":"Nashira Hardmetals","url":"https:\/\/www.nashira-hm.it\/","logo":{"@type":"ImageObject","inLanguage":"de","@id":"https:\/\/www.nashira-hm.it\/#\/schema\/logo\/image\/","url":"https:\/\/www.nashira-hm.it\/wp-content\/uploads\/2018\/01\/logo-nashira-positivo.png","contentUrl":"https:\/\/www.nashira-hm.it\/wp-content\/uploads\/2018\/01\/logo-nashira-positivo.png","width":204,"height":70,"caption":"Nashira Hardmetals"},"image":{"@id":"https:\/\/www.nashira-hm.it\/#\/schema\/logo\/image\/"},"sameAs":["https:\/\/www.facebook.com\/NashiraHardmetals\/","https:\/\/www.linkedin.com\/company\/nashira-hardmetals\/"]}]}},"_links":{"self":[{"href":"https:\/\/www.nashira-hm.it\/de\/wp-json\/wp\/v2\/pages\/1321"}],"collection":[{"href":"https:\/\/www.nashira-hm.it\/de\/wp-json\/wp\/v2\/pages"}],"about":[{"href":"https:\/\/www.nashira-hm.it\/de\/wp-json\/wp\/v2\/types\/page"}],"author":[{"embeddable":true,"href":"https:\/\/www.nashira-hm.it\/de\/wp-json\/wp\/v2\/users\/2"}],"replies":[{"embeddable":true,"href":"https:\/\/www.nashira-hm.it\/de\/wp-json\/wp\/v2\/comments?post=1321"}],"version-history":[{"count":0,"href":"https:\/\/www.nashira-hm.it\/de\/wp-json\/wp\/v2\/pages\/1321\/revisions"}],"wp:featuredmedia":[{"embeddable":true,"href":"https:\/\/www.nashira-hm.it\/de\/wp-json\/wp\/v2\/media\/3503"}],"wp:attachment":[{"href":"https:\/\/www.nashira-hm.it\/de\/wp-json\/wp\/v2\/media?parent=1321"}],"curies":[{"name":"wp","href":"https:\/\/api.w.org\/{rel}","templated":true}]}}