{"id":1313,"date":"2018-01-09T16:47:39","date_gmt":"2018-01-09T15:47:39","guid":{"rendered":"https:\/\/www.nashirahardmetals.com\/?page_id=1313"},"modified":"2020-04-03T15:03:38","modified_gmt":"2020-04-03T13:03:38","slug":"hartmetall-geschichte","status":"publish","type":"page","link":"https:\/\/www.nashira-hm.it\/de\/hartmetall-geschichte\/","title":{"rendered":"Geschichte"},"content":{"rendered":"<div class=\"wpb-content-wrapper\"><h1>[vc_row el_id=&#8221;storia&#8221;][vc_column]            <div class=\"skill-text\">\n                <h2>Geschichte<\/h2>\n                <p><\/p>\n            <\/div>\n    [vc_empty_space][vc_column_text css_animation=&#8221;fadeIn&#8221;]<\/h1>\n<p style=\"text-align: justify;\"><img loading=\"lazy\" decoding=\"async\" class=\"size-medium wp-image-602 alignright\" src=\"https:\/\/www.nashira-hm.it\/wp-content\/uploads\/2017\/08\/henri-moissan-1-298x300.jpg\" alt=\"\" width=\"298\" height=\"300\" srcset=\"https:\/\/www.nashira-hm.it\/wp-content\/uploads\/2017\/08\/henri-moissan-1-298x300.jpg 298w, https:\/\/www.nashira-hm.it\/wp-content\/uploads\/2017\/08\/henri-moissan-1-300x302.jpg 300w, https:\/\/www.nashira-hm.it\/wp-content\/uploads\/2017\/08\/henri-moissan-1-100x100.jpg 100w, https:\/\/www.nashira-hm.it\/wp-content\/uploads\/2017\/08\/henri-moissan-1-150x150.jpg 150w, https:\/\/www.nashira-hm.it\/wp-content\/uploads\/2017\/08\/henri-moissan-1.jpg 335w\" sizes=\"(max-width: 298px) 100vw, 298px\" \/><\/p>\n<p>Im sp\u00e4ten 19. Jahrhundert machte der franz\u00f6sische Chemiker und Nobelpreistr\u00e4ger f\u00fcr Chemie (1906), Henri Moissan, eine interessante Entdeckung. Die Geschichte des Hard Metal beginnt.<\/p>\n<h2>Hartmetall Geschichte<\/h2>\n<p>Der Chemiker entdeckte, dass sich durch Mischen der Wolfram- und Kohlenstoffpulver eine neue Verbindung bildet. Eine Verbindung, die, wenn sie bei hoher Temperatur in einem eigens konstruierten Elektrolichtbogenofen erhitzt wird, ein sehr hartes und verschlei\u00dffestes Material bildet. Es war jedoch ein zu <a href=\"https:\/\/de.wikipedia.org\/wiki\/Wolframcarbid\">fragiles Material<\/a>, als dass es in den heutigen typischen Hartmetallanwendungen verwendet werden k\u00f6nnte. Dieses Problem wurde 1914 von Karl Schr\u00f6ter analysiert und gel\u00f6st. Schr\u00f6ter war zu dieser Zeit bei Osram als Forscher t\u00e4tig.<\/p>\n<p style=\"text-align: justify;\">Seine Forschungen waren sehr spezifisch und betrafen die M\u00f6glichkeit, neue Materialien zum Ziehen der Gl\u00fchf\u00e4den von Gl\u00fchbirnen zu finden. Der Draht in der Gl\u00fchbirne bestand aus einer Stahlkette, die sich im Laufe der Zeit aufweitete, wenn die Drahtmatrix verschliss. Mit anderen Worten, zu Beginn der Prozedur war der Draht kleiner und wurde w\u00e4hrend der Beanspruchung immer gr\u00f6\u00dfer.<\/p>\n<h3>Hartmetall Geschichte: Die Wende<\/h3>\n<p>Schroter war angewiesen worden, ein widerstandsf\u00e4higeres Material als Stahl zu finden, um den Wolframdraht zu ziehen.<\/p>\n<p>Der Chemiker machte mehrere Versuche. Bei dieser Forschung fand er die L\u00f6sung durch <a href=\"https:\/\/www.nashira-hm.it\/de\/technologie\/\">Mischen<\/a> von Wolfram und Kobalt: eine Intuition, die ihn zu einem neuen Material f\u00fchrte. Er entdeckte, dass es m\u00f6glich war, Wolframcarbidpulver mit einem Metallbindemittel, wie Nickel oder Kobalt, zu mischen. Dann konnte das Gemisch bei einer Temperatur von etwa 1500 \u00b0 C gesintert werden. Auf diese Weise wurde ein Produkt mit geringer <a href=\"https:\/\/www.nashira-hm.it\/de\/das-glossar\/\">Porosit\u00e4t<\/a>, sehr hoher H\u00e4rte und guter Z\u00e4higkeit gewonnen.<\/p>\n<p>So kam es dazu, dass der Chemiker eine neue Legierung enteckte, als er ein praktisches Problem im Zusammenhang mit der Herstellung von Gl\u00fchbirnen l\u00f6ste. Dieses Material wurde erstmals 1927 von Krupp unter dem eingetragenen Namen &#8220;Widia&#8221; (wie Diamant) als Schneidewerkzeug eingef\u00fchrt.<\/p>\n<h3>Hartmetall Geschichte: Industrialisierung<\/h3>\n<p>Dessen kommerzieller Werdegang ist jedoch komplexer. In Deutschland erwarb Friedrich Krupp das urspr\u00fcngliche Patent und f\u00fchrte ein Produktionsprogramm mit Widia durch, das haupts\u00e4chlich aus Carbid-Wolframpartikeln bestand, in welche eine Kobaltmatrix bestehend aus 5 bis 15% der Gesamtzusammensetzung eingestreut wurde. Nach z\u00e4hen Verhandlungen mit Krupp gingen alle Rechte an die Amerikaner von General Electric \u00fcber, w\u00e4hrend Krupp das Recht behielt, <a href=\"https:\/\/www.nashira-hm.it\/de\/was-ist-hartmetall\/\">Hartmetall<\/a> in die Vereinigten Staaten zu exportieren. General Electric gr\u00fcndete die Carboloy Company, die ihre Tochtergesellschaften Firth-Sterling Steel Company und Ludlum Steel Company er\u00f6ffnete. Zu dieser Zeit war das Hartmetall in Amerika unter den Bezeichnungen Carboloy, Dimondite und Strass Metal bekannt.<\/p>\n<p>Obwohl schon 1922 die ersten Produktionstests in den Laboratorien in Essen durchgef\u00fchrt wurden, begann Krupp erst 1926 mit dem Widia-Handel in Deutschland.<\/p>\n<p><strong>War es ein teures Material?<\/strong><\/p>\n<p>In den 20er und 30er Jahren war das Hartmetall sehr teuer, mit einem Preis von heute umgerechnet mehr als 450 Euro pro Unze. Aber selbst zu diesem Preis konnte seine Verwendung wirtschaftlich gerechtfertigt sein.<\/p>\n<p style=\"text-align: justify;\">In der Tat stammt der Brauch, nur die Spitzen der Instrumente aus Hartmetall zu machen, aus wirtschaftlichen \u00dcberlegungen. Auf alle F\u00e4lle wurden im Jahre 1928 die Instrumente aus Widia bei General Electric getestet und von da an der \u00d6ffentlichkeit bekannt gemacht.<\/p>\n<p>[\/vc_column_text][\/vc_column][\/vc_row]<\/p>\n<\/div>","protected":false},"excerpt":{"rendered":"<p>[vc_row el_id=&#8221;storia&#8221;][vc_column][vc_empty_space][vc_column_text css_animation=&#8221;fadeIn&#8221;] Im sp\u00e4ten 19. Jahrhundert machte der franz\u00f6sische Chemiker und Nobelpreistr\u00e4ger f\u00fcr Chemie (1906), Henri Moissan, eine interessante Entdeckung. Die Geschichte des Hard Metal beginnt. Hartmetall Geschichte Der Chemiker entdeckte, dass sich durch Mischen der Wolfram- und Kohlenstoffpulver eine neue Verbindung bildet. Eine Verbindung, die, wenn sie bei hoher Temperatur in einem eigens [&hellip;]<\/p>\n","protected":false},"author":2,"featured_media":2637,"parent":0,"menu_order":0,"comment_status":"closed","ping_status":"closed","template":"","meta":{"footnotes":""},"yoast_head":"<!-- This site is optimized with the Yoast SEO Premium plugin v23.8 (Yoast SEO v24.5) - https:\/\/yoast.com\/wordpress\/plugins\/seo\/ -->\n<title>Geschichte - Wie Hartmetall geboren wurde | Nashira Hardmetals<\/title>\n<meta name=\"description\" content=\"Hartmetall Geschichte - Im sp\u00e4ten 19. Jahrhundert machte der franz\u00f6sische Chemiker und Nobelpreistr\u00e4ger f\u00fcr Chemie (1906), Henri Moissan...\" \/>\n<meta name=\"robots\" content=\"index, follow, max-snippet:-1, max-image-preview:large, max-video-preview:-1\" \/>\n<link rel=\"canonical\" href=\"https:\/\/www.nashira-hm.it\/de\/hartmetall-geschichte\/\" \/>\n<meta property=\"og:locale\" content=\"de_DE\" \/>\n<meta property=\"og:type\" content=\"article\" \/>\n<meta property=\"og:title\" content=\"Geschichte\" \/>\n<meta property=\"og:description\" content=\"Hartmetall Geschichte - Im sp\u00e4ten 19. Jahrhundert machte der franz\u00f6sische Chemiker und Nobelpreistr\u00e4ger f\u00fcr Chemie (1906), Henri Moissan...\" \/>\n<meta property=\"og:url\" content=\"https:\/\/www.nashira-hm.it\/de\/hartmetall-geschichte\/\" \/>\n<meta property=\"og:site_name\" content=\"Nashira Hardmetals srl - Produttore Metallo Duro.\" \/>\n<meta property=\"article:publisher\" content=\"https:\/\/www.facebook.com\/NashiraHardmetals\/\" \/>\n<meta property=\"article:modified_time\" content=\"2020-04-03T13:03:38+00:00\" \/>\n<meta property=\"og:image\" content=\"https:\/\/www.nashira-hm.it\/wp-content\/uploads\/2017\/08\/henri-moissan-1.jpg\" \/>\n\t<meta property=\"og:image:width\" content=\"335\" \/>\n\t<meta property=\"og:image:height\" content=\"337\" \/>\n\t<meta property=\"og:image:type\" content=\"image\/jpeg\" \/>\n<meta name=\"twitter:card\" content=\"summary_large_image\" \/>\n<meta name=\"twitter:label1\" content=\"Gesch\u00e4tzte Lesezeit\" \/>\n\t<meta name=\"twitter:data1\" content=\"3\u00a0Minuten\" \/>\n<script type=\"application\/ld+json\" class=\"yoast-schema-graph\">{\"@context\":\"https:\/\/schema.org\",\"@graph\":[{\"@type\":\"WebPage\",\"@id\":\"https:\/\/www.nashira-hm.it\/de\/hartmetall-geschichte\/\",\"url\":\"https:\/\/www.nashira-hm.it\/de\/hartmetall-geschichte\/\",\"name\":\"Geschichte - Wie Hartmetall geboren wurde | Nashira Hardmetals\",\"isPartOf\":{\"@id\":\"https:\/\/www.nashira-hm.it\/#website\"},\"primaryImageOfPage\":{\"@id\":\"https:\/\/www.nashira-hm.it\/de\/hartmetall-geschichte\/#primaryimage\"},\"image\":{\"@id\":\"https:\/\/www.nashira-hm.it\/de\/hartmetall-geschichte\/#primaryimage\"},\"thumbnailUrl\":\"https:\/\/www.nashira-hm.it\/wp-content\/uploads\/2017\/08\/henri-moissan-1.jpg\",\"datePublished\":\"2018-01-09T15:47:39+00:00\",\"dateModified\":\"2020-04-03T13:03:38+00:00\",\"description\":\"Hartmetall Geschichte - Im sp\u00e4ten 19. Jahrhundert machte der franz\u00f6sische Chemiker und Nobelpreistr\u00e4ger f\u00fcr Chemie (1906), Henri Moissan...\",\"breadcrumb\":{\"@id\":\"https:\/\/www.nashira-hm.it\/de\/hartmetall-geschichte\/#breadcrumb\"},\"inLanguage\":\"de\",\"potentialAction\":[{\"@type\":\"ReadAction\",\"target\":[\"https:\/\/www.nashira-hm.it\/de\/hartmetall-geschichte\/\"]}]},{\"@type\":\"ImageObject\",\"inLanguage\":\"de\",\"@id\":\"https:\/\/www.nashira-hm.it\/de\/hartmetall-geschichte\/#primaryimage\",\"url\":\"https:\/\/www.nashira-hm.it\/wp-content\/uploads\/2017\/08\/henri-moissan-1.jpg\",\"contentUrl\":\"https:\/\/www.nashira-hm.it\/wp-content\/uploads\/2017\/08\/henri-moissan-1.jpg\",\"width\":335,\"height\":337,\"caption\":\"Henri Moissan beginnt die Hartmetallgeschichte\"},{\"@type\":\"BreadcrumbList\",\"@id\":\"https:\/\/www.nashira-hm.it\/de\/hartmetall-geschichte\/#breadcrumb\",\"itemListElement\":[{\"@type\":\"ListItem\",\"position\":1,\"name\":\"Home\",\"item\":\"https:\/\/www.nashira-hm.it\/de\/\"},{\"@type\":\"ListItem\",\"position\":2,\"name\":\"Geschichte\"}]},{\"@type\":\"WebSite\",\"@id\":\"https:\/\/www.nashira-hm.it\/#website\",\"url\":\"https:\/\/www.nashira-hm.it\/\",\"name\":\"Nashira Hardmetals srl - Produttore Metallo Duro\",\"description\":\"L&#039;arte del metallo duro\",\"publisher\":{\"@id\":\"https:\/\/www.nashira-hm.it\/#organization\"},\"potentialAction\":[{\"@type\":\"SearchAction\",\"target\":{\"@type\":\"EntryPoint\",\"urlTemplate\":\"https:\/\/www.nashira-hm.it\/?s={search_term_string}\"},\"query-input\":{\"@type\":\"PropertyValueSpecification\",\"valueRequired\":true,\"valueName\":\"search_term_string\"}}],\"inLanguage\":\"de\"},{\"@type\":\"Organization\",\"@id\":\"https:\/\/www.nashira-hm.it\/#organization\",\"name\":\"Nashira Hardmetals\",\"url\":\"https:\/\/www.nashira-hm.it\/\",\"logo\":{\"@type\":\"ImageObject\",\"inLanguage\":\"de\",\"@id\":\"https:\/\/www.nashira-hm.it\/#\/schema\/logo\/image\/\",\"url\":\"https:\/\/www.nashira-hm.it\/wp-content\/uploads\/2018\/01\/logo-nashira-positivo.png\",\"contentUrl\":\"https:\/\/www.nashira-hm.it\/wp-content\/uploads\/2018\/01\/logo-nashira-positivo.png\",\"width\":204,\"height\":70,\"caption\":\"Nashira Hardmetals\"},\"image\":{\"@id\":\"https:\/\/www.nashira-hm.it\/#\/schema\/logo\/image\/\"},\"sameAs\":[\"https:\/\/www.facebook.com\/NashiraHardmetals\/\",\"https:\/\/www.linkedin.com\/company\/nashira-hardmetals\/\"]}]}<\/script>\n<!-- \/ Yoast SEO Premium plugin. -->","yoast_head_json":{"title":"Geschichte - Wie Hartmetall geboren wurde | Nashira Hardmetals","description":"Hartmetall Geschichte - Im sp\u00e4ten 19. Jahrhundert machte der franz\u00f6sische Chemiker und Nobelpreistr\u00e4ger f\u00fcr Chemie (1906), Henri Moissan...","robots":{"index":"index","follow":"follow","max-snippet":"max-snippet:-1","max-image-preview":"max-image-preview:large","max-video-preview":"max-video-preview:-1"},"canonical":"https:\/\/www.nashira-hm.it\/de\/hartmetall-geschichte\/","og_locale":"de_DE","og_type":"article","og_title":"Geschichte","og_description":"Hartmetall Geschichte - Im sp\u00e4ten 19. Jahrhundert machte der franz\u00f6sische Chemiker und Nobelpreistr\u00e4ger f\u00fcr Chemie (1906), Henri Moissan...","og_url":"https:\/\/www.nashira-hm.it\/de\/hartmetall-geschichte\/","og_site_name":"Nashira Hardmetals srl - Produttore Metallo Duro.","article_publisher":"https:\/\/www.facebook.com\/NashiraHardmetals\/","article_modified_time":"2020-04-03T13:03:38+00:00","og_image":[{"width":335,"height":337,"url":"https:\/\/www.nashira-hm.it\/wp-content\/uploads\/2017\/08\/henri-moissan-1.jpg","type":"image\/jpeg"}],"twitter_card":"summary_large_image","twitter_misc":{"Gesch\u00e4tzte Lesezeit":"3\u00a0Minuten"},"schema":{"@context":"https:\/\/schema.org","@graph":[{"@type":"WebPage","@id":"https:\/\/www.nashira-hm.it\/de\/hartmetall-geschichte\/","url":"https:\/\/www.nashira-hm.it\/de\/hartmetall-geschichte\/","name":"Geschichte - Wie Hartmetall geboren wurde | Nashira Hardmetals","isPartOf":{"@id":"https:\/\/www.nashira-hm.it\/#website"},"primaryImageOfPage":{"@id":"https:\/\/www.nashira-hm.it\/de\/hartmetall-geschichte\/#primaryimage"},"image":{"@id":"https:\/\/www.nashira-hm.it\/de\/hartmetall-geschichte\/#primaryimage"},"thumbnailUrl":"https:\/\/www.nashira-hm.it\/wp-content\/uploads\/2017\/08\/henri-moissan-1.jpg","datePublished":"2018-01-09T15:47:39+00:00","dateModified":"2020-04-03T13:03:38+00:00","description":"Hartmetall Geschichte - Im sp\u00e4ten 19. Jahrhundert machte der franz\u00f6sische Chemiker und Nobelpreistr\u00e4ger f\u00fcr Chemie (1906), Henri Moissan...","breadcrumb":{"@id":"https:\/\/www.nashira-hm.it\/de\/hartmetall-geschichte\/#breadcrumb"},"inLanguage":"de","potentialAction":[{"@type":"ReadAction","target":["https:\/\/www.nashira-hm.it\/de\/hartmetall-geschichte\/"]}]},{"@type":"ImageObject","inLanguage":"de","@id":"https:\/\/www.nashira-hm.it\/de\/hartmetall-geschichte\/#primaryimage","url":"https:\/\/www.nashira-hm.it\/wp-content\/uploads\/2017\/08\/henri-moissan-1.jpg","contentUrl":"https:\/\/www.nashira-hm.it\/wp-content\/uploads\/2017\/08\/henri-moissan-1.jpg","width":335,"height":337,"caption":"Henri Moissan beginnt die Hartmetallgeschichte"},{"@type":"BreadcrumbList","@id":"https:\/\/www.nashira-hm.it\/de\/hartmetall-geschichte\/#breadcrumb","itemListElement":[{"@type":"ListItem","position":1,"name":"Home","item":"https:\/\/www.nashira-hm.it\/de\/"},{"@type":"ListItem","position":2,"name":"Geschichte"}]},{"@type":"WebSite","@id":"https:\/\/www.nashira-hm.it\/#website","url":"https:\/\/www.nashira-hm.it\/","name":"Nashira Hardmetals srl - Produttore Metallo Duro","description":"L&#039;arte del metallo duro","publisher":{"@id":"https:\/\/www.nashira-hm.it\/#organization"},"potentialAction":[{"@type":"SearchAction","target":{"@type":"EntryPoint","urlTemplate":"https:\/\/www.nashira-hm.it\/?s={search_term_string}"},"query-input":{"@type":"PropertyValueSpecification","valueRequired":true,"valueName":"search_term_string"}}],"inLanguage":"de"},{"@type":"Organization","@id":"https:\/\/www.nashira-hm.it\/#organization","name":"Nashira Hardmetals","url":"https:\/\/www.nashira-hm.it\/","logo":{"@type":"ImageObject","inLanguage":"de","@id":"https:\/\/www.nashira-hm.it\/#\/schema\/logo\/image\/","url":"https:\/\/www.nashira-hm.it\/wp-content\/uploads\/2018\/01\/logo-nashira-positivo.png","contentUrl":"https:\/\/www.nashira-hm.it\/wp-content\/uploads\/2018\/01\/logo-nashira-positivo.png","width":204,"height":70,"caption":"Nashira Hardmetals"},"image":{"@id":"https:\/\/www.nashira-hm.it\/#\/schema\/logo\/image\/"},"sameAs":["https:\/\/www.facebook.com\/NashiraHardmetals\/","https:\/\/www.linkedin.com\/company\/nashira-hardmetals\/"]}]}},"_links":{"self":[{"href":"https:\/\/www.nashira-hm.it\/de\/wp-json\/wp\/v2\/pages\/1313"}],"collection":[{"href":"https:\/\/www.nashira-hm.it\/de\/wp-json\/wp\/v2\/pages"}],"about":[{"href":"https:\/\/www.nashira-hm.it\/de\/wp-json\/wp\/v2\/types\/page"}],"author":[{"embeddable":true,"href":"https:\/\/www.nashira-hm.it\/de\/wp-json\/wp\/v2\/users\/2"}],"replies":[{"embeddable":true,"href":"https:\/\/www.nashira-hm.it\/de\/wp-json\/wp\/v2\/comments?post=1313"}],"version-history":[{"count":0,"href":"https:\/\/www.nashira-hm.it\/de\/wp-json\/wp\/v2\/pages\/1313\/revisions"}],"wp:featuredmedia":[{"embeddable":true,"href":"https:\/\/www.nashira-hm.it\/de\/wp-json\/wp\/v2\/media\/2637"}],"wp:attachment":[{"href":"https:\/\/www.nashira-hm.it\/de\/wp-json\/wp\/v2\/media?parent=1313"}],"curies":[{"name":"wp","href":"https:\/\/api.w.org\/{rel}","templated":true}]}}