{"id":1310,"date":"2018-01-09T16:46:15","date_gmt":"2018-01-09T15:46:15","guid":{"rendered":"https:\/\/www.nashirahardmetals.com\/?page_id=1310"},"modified":"2020-05-12T11:49:17","modified_gmt":"2020-05-12T09:49:17","slug":"was-ist-hartmetall","status":"publish","type":"page","link":"https:\/\/www.nashira-hm.it\/de\/was-ist-hartmetall\/","title":{"rendered":"Was ist Hartmetall"},"content":{"rendered":"<div class=\"wpb-content-wrapper\"><p>[vc_row][vc_column][vc_column_text]<\/p>\n<h1>[\/vc_column_text][\/vc_column][\/vc_row][vc_row el_id=&#8221;metalloduro&#8221;][vc_column]            <div class=\"section-title\">\n                <h2><\/h2>\n                <p><\/p>\n            <\/div>\n    [vc_empty_space][\/vc_column][\/vc_row][vc_row][vc_column width=&#8221;1\/2&#8243;][vc_column_text css_animation=&#8221;fadeIn&#8221;]<\/h1>\n<p>&nbsp;<\/p>\n<p><strong>Hartmetall<\/strong>\u00a0(auch bekannt als Widia, Sinterkarbid oder <a href=\"https:\/\/www.nashira-hm.it\/de\/hartmetall-geschichte\/\">Wolframkarbid<\/a>) ist ein Material, das bei\u00a0<a href=\"https:\/\/www.nashira-hm.it\/de\/mechanik\/\">mechanischen Verarbeitungen<\/a>\u00a0verwendet wird und aus\u00a0<strong>harten Partikeln aus Wolframkarbid<\/strong>\u00a0besteht, die in eine Metallmatrix (h\u00e4ufig Kobalt) eingearbeitet sind.<\/p>\n<h2>Was ist Hartmetall?<\/h2>\n<p>Hartmetall wird in einem\u00a0<a href=\"https:\/\/www.nashira-hm.it\/de\/die-eigenschaften-des-hartmetalls\/\"><strong>Sinterprozess<\/strong><\/a> hergestellt; mit anderen Worten, die feingemahlenen Pulver der Komponenten werden gemischt, gepresst und dann erhitzt. Der Druck wird hoch gehalten, so dass das Pulvergranulat sich zu einem St\u00fcck formt. Dies bedeutet, dass Hartmetalle keine echten Metalle sind, sondern Carbide, di durch ein Metall gebunden werden. <span class=\"tlid-translation translation\" lang=\"de\"><span class=\"\" title=\"\">Das ist Hartmetall!<\/span><\/span><\/p>\n<p>Etwa 50 % der Sinterkarbide werden mit Wolframkarbid (70-95 %) und <a href=\"https:\/\/de.wikipedia.org\/wiki\/Cobalt\">Kobalt<\/a> hergestellt.<\/p>\n<p>&nbsp;<\/p>\n<h2>Wolframcarbid<\/h2>\n<p>Was sind hartmetalle, ist ein <strong>dunkelgraues Pulver<\/strong>.<\/p>\n<p>Seine Molekularformel lautet WC. Es handelt sich hierbei um ein sehr hartes Material, das sich auf der Mohs H\u00e4rteskala bei etwa 9 und auf der Vickers H\u00e4rteskala bei etwa 2600 befindet.<\/p>\n<p>In der Metalldichtetabelle ist es mit einer Dichte von 15,63 g \/ cm\u00b3 aufgef\u00fchrt. Es kann nicht in seinem Reinzustand bearbeitet werden, da zu hohe Schmelz- oder Sintertemperaturen angewendet werden m\u00fcssten. Aus praktischen Gr\u00fcnden wird es mit \u00dcbergangsmetallen wie Kobalt oder Nickel kombiniert.<\/p>\n<h2>Kobalt<\/h2>\n<p>Ist ein\u00a0<strong>ausgezeichnetes<\/strong>\u00a0Bindematerial f\u00fcr Hartmetalle.<\/p>\n<p>Zur Verbesserung der Querfestigkeit, H\u00e4rte und Dichte des Hartmetalls wird ein Kobaltpulver mit sehr feinen Partikeln verwendet.<\/p>\n<p>Zementiertes Wolframcarbid (Hartmetall)<\/p>\n<p>Besitzt einen hohen H\u00e4rtegrad; und eine gro\u00dfe<strong> Druckbest\u00e4ndigkeit, bei Verformung<\/strong>\u00a0und hohen Temperaturen. Dies sind sehr n\u00fctzliche physikalische Eigenschaften f\u00fcr die Zerspanung.<\/p>\n<p>Werkzeuge aus Widia-Wolframcarbid\u00a0sind <strong>\u00e4u\u00dferst verschlei\u00dffest<\/strong>,\u00a0w\u00e4hrend andere Materialien sich sehr schnell abnutzen w\u00fcrden.<\/p>\n<p>Weitere Informationen finden Sie auf der Seite zu den\u00a0<a href=\"https:\/\/www.nashira-hm.it\/de\/die-eigenschaften-des-hartmetalls\/\">technischen Eigenschaften<\/a>\u00a0von Hartmetall.<\/p>\n<h2>Hartmetallhersteller<\/h2>\n<p>Zu den Herstellern von Hartmetall geh\u00f6rt\u00a0<a href=\"https:\/\/www.nashira-hm.it\/de\/\">Nashira Hardmetals<\/a>, ein Unternehmen mit langj\u00e4hriger Erfahrung, das in Forschung und Entwicklung t\u00e4tig ist.<\/p>\n<p>Wir bei Nashira bieten viele verschiedenen Sorten von Hartmetallen an,\u00a0<strong>um den Anforderungen an jedes Projekts und an jede Anwendung gen\u00fcgen<\/strong>.<\/p>\n<p><a href=\"https:\/\/www.nashira-hm.it\/de\/kontakt\/\">Kontaktieren Sie uns, wenn Sie weitere Fragen haben<\/a><\/p>\n<p>Herstellung von Hartmetall bei Nashira<\/p>\n<p>Seit 1999 stellen wir bei Nashira Komponenten und Halbzeuge aus Hartmetall her.<\/p>\n<h3>Rohstoffe<\/h3>\n<p>Zuerst kaufen wir die Rohstoffe:\u00a0<strong>Hartmetall-, Wolfram- und Kobaltpulver<\/strong>. Deren Partikel k\u00f6nnen je nach dem Verfahren, durch das sie gewonnen werden, unterschiedliche Eigenschaften und Reinheitsgrade aufweisen. Durch die Verbindung von Wolframcarbid und Kobalt entsteht <strong>eine\u00a0sehr harte<\/strong>\u00a0und\u00a0<strong>verschlei\u00dffeste Legierung<\/strong>.<\/p>\n<p>Dann fahren wir mit der eigentlichen Produktion fort.<\/p>\n<h3>Mischung der Pulver<\/h3>\n<p>Was ist Hartmetall? Die Herstellung beginnt mit dem <strong>Mischen der Pulver<\/strong>. Dies geschieht in zylindrischen Trommeln oder Doppelkegeltrommeln; oder in Schrauben- oder Schaufelmischern.<\/p>\n<p>Je nach Verwendungszweck des Carbids wird eine bestimmte Verbindung ben\u00f6tigt. Zum Beispiel erhalten wir mit 10 % Kobalt eine H\u00e4rte von etwa 90 HRA, die f\u00fcr die Herstellung von Halbzeugen f\u00fcr Unternehmen geeignet ist, die fertige Werkzeuge f\u00fcr die Arbeit mit Holz herstellen. Stattdessen eignet sich eine 8 % ige Kobaltverbindung f\u00fcr Werkzeuge f\u00fcr den Metallbereich.<\/p>\n<p>Verdichten, Pressen und Formen<\/p>\n<p>Wenn die Mischung fertig ist, fahren wir mit der\u00a0<strong>Befestigung<\/strong> fort. In dieser Phase wird ein hoher Druckwert auf das Pulver ausge\u00fcbt, um die Zwischenr\u00e4ume zwischen den Partikeln zu verringern und das Metall in die gew\u00fcnschte Form zu bringen.<\/p>\n<p>Die gebr\u00e4uchlichste Verdichtungsmethode ist das\u00a0<strong>Pressen<\/strong>. In diesem Fall komprimieren zwei gegen\u00fcberliegende motorbetriebene Stanzen das in einer Form enthaltene Pulver. Wir k\u00f6nnen Halbzeuge in den vom Kunden gew\u00fcnschten Formen herstellen; oder das Pulver in Formen einer definierten Geometrie pressen.<\/p>\n<p>Es folgen die\u00a0<strong>Formgebung<\/strong>\u00a0und der Schnitt. Die Bl\u00f6cke werden von Werkzeugmaschinen bearbeitet, damit sie die endg\u00fcltige Form erhalten. Die Abmessungen werden um ungef\u00e4hr 20 % erh\u00f6ht, um den Schrumpfeffekt des Materials zu kompensieren, der w\u00e4hrend des Sinterns auftritt.<\/p>\n<p>Das hierdurch entstehende Produkt wird als\u00a0<em>Gr\u00fcnling<\/em> bezeichnet; der Prozess ist also noch nicht abgeschlossen. Tats\u00e4chlich hat jedes Teilchen seine eigene Oberfl\u00e4che. Und dem Material mangelt es immer noch an Festigkeit und H\u00e4rte.<\/p>\n<h3>Sinterprozess<\/h3>\n<p>Am Ende werden die St\u00fccke dem Sinterprozess\u00a0<strong>Sinterprozess<\/strong> unterzogen. Es handelt sich hiermbei um eine Hitzebehandlung, bei der die Partikel zu einer unteilbaren Verbindung verschwei\u00dft werden: dem\u00a0<em>Sintermetall<\/em>. Dank der Hitze werden Unebenheiten beseitigt und Fugen und Br\u00fccken zwischen den Partikeln erzeugt. Folglich reduziert sich die Gesamtoberfl\u00e4che des Materials.<\/p>\n<p>Normalerweise betr\u00e4gt die Temperatur beim Sintern 1400-1500 \u00b0 C. Sie muss jedoch unter dem Schmelzpunkt liegen und wird au\u00dferdem je nach Prozentsatz des verwendeten Kobalts definiert.<\/p>\n<p>Das Ergebnis des Sinterns ist ein keramisch-metallisches Material, das als Hartmetall, Sintermetall oder Widia bezeichnet wird.<\/p>\n<p>Sintern von Metallen: alternative Technologien<\/p>\n<p>Es gibt andere Technologien zur Gewinnung von Carbid, auch bezeichnet als Hartmetall, Wolframcarbid oder Widia.<\/p>\n<h3>Isostatische Verdichtung<\/h3>\n<p>Die isostatische Verdichtung geh\u00f6rt zu den Techniken, die bei Nashira verwendet werden.<\/p>\n<p>In diesem Fall mittels einer Fl\u00fcssigkeit ein gleichm\u00e4\u00dfiger Druck ausge\u00fcbt. Dies kann folgenderma\u00dfen geschehen:<\/p>\n<ul>\n<li>Mit Hitze (<em>hei\u00dfisostatisches Pressen<\/em>)<\/li>\n<li>Mit K\u00e4lte (<em>kaltisostatisches Pressen<\/em>)<\/li>\n<\/ul>\n<p>Diese Technik macht die innere Struktur des Metalls\u00a0<strong>homogen<\/strong>. Umgekehrt wird bei herk\u00f6mmlichen Verdichtungstechniken einachsiger Druck ausge\u00fcbt; die Struktur des Endprodukts ist ungleichm\u00e4\u00dfig.<\/p>\n<h3><a href=\"https:\/\/www.nashira-hm.it\/de\/2009\/01\/14\/produktion-von-teilen-mit-konstantem-querschnitt\/\">Extrusion<\/a><\/h3>\n<p>Es handelt sich um eine neuere Verarbeitungstechnik f\u00fcr Hartmetall. Bei Nashira verwenden wir sie bereits.<\/p>\n<p>Sie besteht darin, eine Mischung aus Wolframcarbid und Kobaltpulvern mit einem Kolben \u00fcber eine Form, die als \u201eMatrix&#8221; oder \u201eD\u00fcse&#8221; bezeichnet wird, zu komprimieren. In die Matrix kann zudem ein Hohlraum eingef\u00fcgt werden; sie wird zum Beispiel f\u00fcr Rohre oder Zylinder benutzt. Die Mischung wird in Richtung des Extrusionskopfes geschoben, wodurch die gew\u00fcnschte Form erzeugt wird. Beim Verlassen der Matrix wird das Material abgek\u00fchlt.<\/p>\n<p>Der Vorteil liegt darin, dass Profile mit konstanten St\u00fccken mit unbestimmter L\u00e4nge hergestellt werden k\u00f6nnen. Die einzige Grenze ist die L\u00e4nge der Sinter\u00f6fen.<\/p>\n<p>F\u00fcr diese Produktionsmethode wird ein betr\u00e4chtliches Knowhow ben\u00f6tigt. Andererseits ist sie sehr vielseitig. Diese Technik erm\u00f6glicht die Realisierung von Formen und Dimensionen, die mit anderen <a href=\"https:\/\/www.nashira-hm.it\/de\/2011\/01\/02\/universitaet-federico-ii\/\">Technologien<\/a> unm\u00f6glich zu bew\u00e4ltigen w\u00e4ren.<\/p>\n<h3>Metallspritzguss (MIM)<\/h3>\n<p>Er wird in K\u00fcrze in die traditionellen Produktionslinien von Nashira integriert. Der Prozess verl\u00e4uft \u00e4hnlich wie beim Modellieren von Kunststoffen. Das feingemahlene Metallpulver wird mit Bindematerial vermischt, wodurch eine Paste entsteht; diese wird dann durch\u00a0<strong>Spritzguss<\/strong>\u00a0geformt und verfestigt.<\/p>\n<p>Mit diesem Verfahren k\u00f6nnen komplexe und gro\u00dfvolumige Teile in einem Schritt geformt werden. Nach dem Formen wird das St\u00fcck Aufbereitungsvorg\u00e4ngen unterzogen, um das Bindemittel zu entfernen und die Pulver zu komprimieren.<\/p>\n<p>Die Endprodukte sind kleine Komponenten, die in zahlreichen Branchen und Anwendungen eingesetzt werden.<\/p>\n<p>Hartmetall und der Verbrauch in Italien<\/p>\n<p>W\u00e4hrend die weltweite Verwendung von Hartmetallen moderat w\u00e4chst, ist die Situation in Italien anders. Hier zeigt sich ein deutlich\u00a0<strong>wachsender Trend zur Verwendung von Sinterbauteilen<\/strong>.<\/p>\n<p>Hartmetall ist heute in verschiedenen Branchen und Produktionsprozessen unverzichtbar. Beispielsweise wird es in der Metall-, Mechanik-, Bergbau-, Luftfahrt- und Luftfahrtindustrie eingesetzt. Und es wird in den Bereichen Medizin, Landwirtschaft, Textilien und Lebensmittel eingesetzt.<\/p>\n<p>Es ist oft die beste Wahl f\u00fcr die Herstellung von Ventilen, Rollen, Zylindern, Platten, Stiften, Schaufeln, D\u00fcsen, Zahnr\u00e4dern usw. Zusammenfassend f\u00fcr jede Art von Ger\u00e4ten, Komponenten oder Werkzeugen. Denn:<\/p>\n<ul>\n<li>verschlei\u00dffest<\/li>\n<li>sehr robust<\/li>\n<li>garantiert eine lange Lebensdauer und sicherere Prozesse<\/li>\n<\/ul>\n<h4>Was ist Hartmetall? Suchen Sie Hersteller von Hartmetall?<\/h4>\n<p>Dann ist <strong>Nashira Hardmetals<\/strong> der richtige Partner f\u00fcr Sie.<\/p>\n<p>Wir haben die passende L\u00f6sung f\u00fcr jeden technischen Einsatz.<\/p>\n<p>W\u00e4hrend die gro\u00dfen Ketten um Preise konkurrieren und sich an der Serienproduktion orientieren, heben wir von Nashira Hard Metals uns durch den Fokus auf\u00a0<strong>Qualit\u00e4t<\/strong>\u00a0und\u00a0<strong>Innovation<\/strong> hervor. Wir haben einen Bereich f\u00fcr Forschung und Entwicklung. Und wir sind in der Lage, Spezialst\u00fccke auf Kundenwunsch herzustellen.<\/p>\n<p>Unsere Vorteile:<\/p>\n<ul>\n<li>Gezielte L\u00f6sungen<\/li>\n<li>Fachkompetenz<\/li>\n<li>Konstante Qualit\u00e4t<\/li>\n<li>Sicherheit<\/li>\n<\/ul>\n<p>Unterst\u00fctzung<\/p>\n<p>&nbsp;<\/p>\n<p align=\"justify\">\u00a0 Finden Sie hier, was ist Hartmetall\u00a0 <a href=\"https:\/\/www.nashira-hm.it\/de\/das-glossar\/\">Gehe zum Glossar<\/a><\/p>\n<p>[\/vc_column_text][\/vc_column][vc_column width=&#8221;1\/2&#8243;][vc_single_image image=&#8221;2948&#8243; img_size=&#8221;large&#8221; alignment=&#8221;right&#8221;][vc_single_image image=&#8221;2668&#8243; alignment=&#8221;center&#8221;][vc_single_image image=&#8221;3465&#8243; alignment=&#8221;center&#8221;][\/vc_column][\/vc_row]<\/p>\n<\/div>","protected":false},"excerpt":{"rendered":"<p>[vc_row][vc_column][vc_column_text] [\/vc_column_text][\/vc_column][\/vc_row][vc_row el_id=&#8221;metalloduro&#8221;][vc_column][vc_empty_space][\/vc_column][\/vc_row][vc_row][vc_column width=&#8221;1\/2&#8243;][vc_column_text css_animation=&#8221;fadeIn&#8221;] &nbsp; Hartmetall\u00a0(auch bekannt als Widia, Sinterkarbid oder Wolframkarbid) ist ein Material, das bei\u00a0mechanischen Verarbeitungen\u00a0verwendet wird und aus\u00a0harten Partikeln aus Wolframkarbid\u00a0besteht, die in eine Metallmatrix (h\u00e4ufig Kobalt) eingearbeitet sind. Was ist Hartmetall? Hartmetall wird in einem\u00a0Sinterprozess hergestellt; mit anderen Worten, die feingemahlenen Pulver der Komponenten werden gemischt, gepresst und dann erhitzt. [&hellip;]<\/p>\n","protected":false},"author":2,"featured_media":2668,"parent":0,"menu_order":0,"comment_status":"closed","ping_status":"closed","template":"","meta":{"footnotes":""},"yoast_head":"<!-- This site is optimized with the Yoast SEO Premium plugin v23.8 (Yoast SEO v24.5) - https:\/\/yoast.com\/wordpress\/plugins\/seo\/ -->\n<title>Was ist Hartmetall - Nashira Hardmetals - widia produktion<\/title>\n<meta name=\"description\" content=\"Was ist Hartmetall (auch bekannt als Widia oder Wolframcarbid) ist ein Material, das bei der mechanischen Bearbeitung verwendet wird und aus...\" \/>\n<meta name=\"robots\" content=\"index, follow, max-snippet:-1, max-image-preview:large, max-video-preview:-1\" \/>\n<link rel=\"canonical\" href=\"https:\/\/www.nashira-hm.it\/de\/was-ist-hartmetall\/\" \/>\n<meta property=\"og:locale\" content=\"de_DE\" \/>\n<meta property=\"og:type\" content=\"article\" \/>\n<meta property=\"og:title\" content=\"Was ist Hartmetall\" \/>\n<meta property=\"og:description\" content=\"Was ist Hartmetall (auch bekannt als Widia oder Wolframcarbid) ist ein Material, das bei der mechanischen Bearbeitung verwendet wird und aus...\" \/>\n<meta property=\"og:url\" content=\"https:\/\/www.nashira-hm.it\/de\/was-ist-hartmetall\/\" \/>\n<meta property=\"og:site_name\" content=\"Nashira Hardmetals srl - Produttore Metallo Duro.\" \/>\n<meta property=\"article:publisher\" content=\"https:\/\/www.facebook.com\/NashiraHardmetals\/\" \/>\n<meta property=\"article:modified_time\" content=\"2020-05-12T09:49:17+00:00\" \/>\n<meta property=\"og:image\" content=\"https:\/\/www.nashira-hm.it\/wp-content\/uploads\/2017\/08\/mecc1.jpg\" \/>\n\t<meta property=\"og:image:width\" content=\"1024\" \/>\n\t<meta property=\"og:image:height\" content=\"576\" \/>\n\t<meta property=\"og:image:type\" content=\"image\/jpeg\" \/>\n<meta name=\"twitter:card\" content=\"summary_large_image\" \/>\n<meta name=\"twitter:label1\" content=\"Gesch\u00e4tzte Lesezeit\" \/>\n\t<meta name=\"twitter:data1\" content=\"7\u00a0Minuten\" \/>\n<script type=\"application\/ld+json\" class=\"yoast-schema-graph\">{\"@context\":\"https:\/\/schema.org\",\"@graph\":[{\"@type\":\"WebPage\",\"@id\":\"https:\/\/www.nashira-hm.it\/de\/was-ist-hartmetall\/\",\"url\":\"https:\/\/www.nashira-hm.it\/de\/was-ist-hartmetall\/\",\"name\":\"Was ist Hartmetall - Nashira Hardmetals - widia produktion\",\"isPartOf\":{\"@id\":\"https:\/\/www.nashira-hm.it\/#website\"},\"primaryImageOfPage\":{\"@id\":\"https:\/\/www.nashira-hm.it\/de\/was-ist-hartmetall\/#primaryimage\"},\"image\":{\"@id\":\"https:\/\/www.nashira-hm.it\/de\/was-ist-hartmetall\/#primaryimage\"},\"thumbnailUrl\":\"https:\/\/www.nashira-hm.it\/wp-content\/uploads\/2017\/08\/mecc1.jpg\",\"datePublished\":\"2018-01-09T15:46:15+00:00\",\"dateModified\":\"2020-05-12T09:49:17+00:00\",\"description\":\"Was ist Hartmetall (auch bekannt als Widia oder Wolframcarbid) ist ein Material, das bei der mechanischen Bearbeitung verwendet wird und aus...\",\"breadcrumb\":{\"@id\":\"https:\/\/www.nashira-hm.it\/de\/was-ist-hartmetall\/#breadcrumb\"},\"inLanguage\":\"de\",\"potentialAction\":[{\"@type\":\"ReadAction\",\"target\":[\"https:\/\/www.nashira-hm.it\/de\/was-ist-hartmetall\/\"]}]},{\"@type\":\"ImageObject\",\"inLanguage\":\"de\",\"@id\":\"https:\/\/www.nashira-hm.it\/de\/was-ist-hartmetall\/#primaryimage\",\"url\":\"https:\/\/www.nashira-hm.it\/wp-content\/uploads\/2017\/08\/mecc1.jpg\",\"contentUrl\":\"https:\/\/www.nashira-hm.it\/wp-content\/uploads\/2017\/08\/mecc1.jpg\",\"width\":1024,\"height\":576,\"caption\":\"\u00dcbersicht der Rohsinter-T-Fr\u00e4ser\"},{\"@type\":\"BreadcrumbList\",\"@id\":\"https:\/\/www.nashira-hm.it\/de\/was-ist-hartmetall\/#breadcrumb\",\"itemListElement\":[{\"@type\":\"ListItem\",\"position\":1,\"name\":\"Home\",\"item\":\"https:\/\/www.nashira-hm.it\/de\/\"},{\"@type\":\"ListItem\",\"position\":2,\"name\":\"Was ist Hartmetall\"}]},{\"@type\":\"WebSite\",\"@id\":\"https:\/\/www.nashira-hm.it\/#website\",\"url\":\"https:\/\/www.nashira-hm.it\/\",\"name\":\"Nashira Hardmetals srl - Produttore Metallo Duro\",\"description\":\"L&#039;arte del metallo duro\",\"publisher\":{\"@id\":\"https:\/\/www.nashira-hm.it\/#organization\"},\"potentialAction\":[{\"@type\":\"SearchAction\",\"target\":{\"@type\":\"EntryPoint\",\"urlTemplate\":\"https:\/\/www.nashira-hm.it\/?s={search_term_string}\"},\"query-input\":{\"@type\":\"PropertyValueSpecification\",\"valueRequired\":true,\"valueName\":\"search_term_string\"}}],\"inLanguage\":\"de\"},{\"@type\":\"Organization\",\"@id\":\"https:\/\/www.nashira-hm.it\/#organization\",\"name\":\"Nashira Hardmetals\",\"url\":\"https:\/\/www.nashira-hm.it\/\",\"logo\":{\"@type\":\"ImageObject\",\"inLanguage\":\"de\",\"@id\":\"https:\/\/www.nashira-hm.it\/#\/schema\/logo\/image\/\",\"url\":\"https:\/\/www.nashira-hm.it\/wp-content\/uploads\/2018\/01\/logo-nashira-positivo.png\",\"contentUrl\":\"https:\/\/www.nashira-hm.it\/wp-content\/uploads\/2018\/01\/logo-nashira-positivo.png\",\"width\":204,\"height\":70,\"caption\":\"Nashira Hardmetals\"},\"image\":{\"@id\":\"https:\/\/www.nashira-hm.it\/#\/schema\/logo\/image\/\"},\"sameAs\":[\"https:\/\/www.facebook.com\/NashiraHardmetals\/\",\"https:\/\/www.linkedin.com\/company\/nashira-hardmetals\/\"]}]}<\/script>\n<!-- \/ Yoast SEO Premium plugin. -->","yoast_head_json":{"title":"Was ist Hartmetall - Nashira Hardmetals - widia produktion","description":"Was ist Hartmetall (auch bekannt als Widia oder Wolframcarbid) ist ein Material, das bei der mechanischen Bearbeitung verwendet wird und aus...","robots":{"index":"index","follow":"follow","max-snippet":"max-snippet:-1","max-image-preview":"max-image-preview:large","max-video-preview":"max-video-preview:-1"},"canonical":"https:\/\/www.nashira-hm.it\/de\/was-ist-hartmetall\/","og_locale":"de_DE","og_type":"article","og_title":"Was ist Hartmetall","og_description":"Was ist Hartmetall (auch bekannt als Widia oder Wolframcarbid) ist ein Material, das bei der mechanischen Bearbeitung verwendet wird und aus...","og_url":"https:\/\/www.nashira-hm.it\/de\/was-ist-hartmetall\/","og_site_name":"Nashira Hardmetals srl - Produttore Metallo Duro.","article_publisher":"https:\/\/www.facebook.com\/NashiraHardmetals\/","article_modified_time":"2020-05-12T09:49:17+00:00","og_image":[{"width":1024,"height":576,"url":"https:\/\/www.nashira-hm.it\/wp-content\/uploads\/2017\/08\/mecc1.jpg","type":"image\/jpeg"}],"twitter_card":"summary_large_image","twitter_misc":{"Gesch\u00e4tzte Lesezeit":"7\u00a0Minuten"},"schema":{"@context":"https:\/\/schema.org","@graph":[{"@type":"WebPage","@id":"https:\/\/www.nashira-hm.it\/de\/was-ist-hartmetall\/","url":"https:\/\/www.nashira-hm.it\/de\/was-ist-hartmetall\/","name":"Was ist Hartmetall - Nashira Hardmetals - widia produktion","isPartOf":{"@id":"https:\/\/www.nashira-hm.it\/#website"},"primaryImageOfPage":{"@id":"https:\/\/www.nashira-hm.it\/de\/was-ist-hartmetall\/#primaryimage"},"image":{"@id":"https:\/\/www.nashira-hm.it\/de\/was-ist-hartmetall\/#primaryimage"},"thumbnailUrl":"https:\/\/www.nashira-hm.it\/wp-content\/uploads\/2017\/08\/mecc1.jpg","datePublished":"2018-01-09T15:46:15+00:00","dateModified":"2020-05-12T09:49:17+00:00","description":"Was ist Hartmetall (auch bekannt als Widia oder Wolframcarbid) ist ein Material, das bei der mechanischen Bearbeitung verwendet wird und aus...","breadcrumb":{"@id":"https:\/\/www.nashira-hm.it\/de\/was-ist-hartmetall\/#breadcrumb"},"inLanguage":"de","potentialAction":[{"@type":"ReadAction","target":["https:\/\/www.nashira-hm.it\/de\/was-ist-hartmetall\/"]}]},{"@type":"ImageObject","inLanguage":"de","@id":"https:\/\/www.nashira-hm.it\/de\/was-ist-hartmetall\/#primaryimage","url":"https:\/\/www.nashira-hm.it\/wp-content\/uploads\/2017\/08\/mecc1.jpg","contentUrl":"https:\/\/www.nashira-hm.it\/wp-content\/uploads\/2017\/08\/mecc1.jpg","width":1024,"height":576,"caption":"\u00dcbersicht der Rohsinter-T-Fr\u00e4ser"},{"@type":"BreadcrumbList","@id":"https:\/\/www.nashira-hm.it\/de\/was-ist-hartmetall\/#breadcrumb","itemListElement":[{"@type":"ListItem","position":1,"name":"Home","item":"https:\/\/www.nashira-hm.it\/de\/"},{"@type":"ListItem","position":2,"name":"Was ist Hartmetall"}]},{"@type":"WebSite","@id":"https:\/\/www.nashira-hm.it\/#website","url":"https:\/\/www.nashira-hm.it\/","name":"Nashira Hardmetals srl - Produttore Metallo Duro","description":"L&#039;arte del metallo duro","publisher":{"@id":"https:\/\/www.nashira-hm.it\/#organization"},"potentialAction":[{"@type":"SearchAction","target":{"@type":"EntryPoint","urlTemplate":"https:\/\/www.nashira-hm.it\/?s={search_term_string}"},"query-input":{"@type":"PropertyValueSpecification","valueRequired":true,"valueName":"search_term_string"}}],"inLanguage":"de"},{"@type":"Organization","@id":"https:\/\/www.nashira-hm.it\/#organization","name":"Nashira Hardmetals","url":"https:\/\/www.nashira-hm.it\/","logo":{"@type":"ImageObject","inLanguage":"de","@id":"https:\/\/www.nashira-hm.it\/#\/schema\/logo\/image\/","url":"https:\/\/www.nashira-hm.it\/wp-content\/uploads\/2018\/01\/logo-nashira-positivo.png","contentUrl":"https:\/\/www.nashira-hm.it\/wp-content\/uploads\/2018\/01\/logo-nashira-positivo.png","width":204,"height":70,"caption":"Nashira Hardmetals"},"image":{"@id":"https:\/\/www.nashira-hm.it\/#\/schema\/logo\/image\/"},"sameAs":["https:\/\/www.facebook.com\/NashiraHardmetals\/","https:\/\/www.linkedin.com\/company\/nashira-hardmetals\/"]}]}},"_links":{"self":[{"href":"https:\/\/www.nashira-hm.it\/de\/wp-json\/wp\/v2\/pages\/1310"}],"collection":[{"href":"https:\/\/www.nashira-hm.it\/de\/wp-json\/wp\/v2\/pages"}],"about":[{"href":"https:\/\/www.nashira-hm.it\/de\/wp-json\/wp\/v2\/types\/page"}],"author":[{"embeddable":true,"href":"https:\/\/www.nashira-hm.it\/de\/wp-json\/wp\/v2\/users\/2"}],"replies":[{"embeddable":true,"href":"https:\/\/www.nashira-hm.it\/de\/wp-json\/wp\/v2\/comments?post=1310"}],"version-history":[{"count":11,"href":"https:\/\/www.nashira-hm.it\/de\/wp-json\/wp\/v2\/pages\/1310\/revisions"}],"predecessor-version":[{"id":4923,"href":"https:\/\/www.nashira-hm.it\/de\/wp-json\/wp\/v2\/pages\/1310\/revisions\/4923"}],"wp:featuredmedia":[{"embeddable":true,"href":"https:\/\/www.nashira-hm.it\/de\/wp-json\/wp\/v2\/media\/2668"}],"wp:attachment":[{"href":"https:\/\/www.nashira-hm.it\/de\/wp-json\/wp\/v2\/media?parent=1310"}],"curies":[{"name":"wp","href":"https:\/\/api.w.org\/{rel}","templated":true}]}}