{"id":1298,"date":"2017-08-07T12:10:43","date_gmt":"2017-08-07T10:10:43","guid":{"rendered":"https:\/\/www.nashirahardmetals.com\/?page_id=1298"},"modified":"2020-11-18T12:30:35","modified_gmt":"2020-11-18T11:30:35","slug":"holz-papier","status":"publish","type":"page","link":"https:\/\/www.nashira-hm.it\/de\/holz-papier\/","title":{"rendered":"Holz &#038; Papier"},"content":{"rendered":"<div class=\"wpb-content-wrapper\"><p>[vc_row][vc_column][vc_column_text]<\/p>\n<h1>[\/vc_column_text][\/vc_column][\/vc_row][vc_row el_id=&#8221;legno&#8221;][vc_column][vc_empty_space height=&#8221;60px&#8221;]            <div class=\"skill-text\">\n                <h2>Holz\/Papier<\/h2>\n                <p><\/p>\n            <\/div>\n    [vc_column_text]<\/h1>\n<h2>Hartmetallwerkzeuge f\u00fcr die Holzindustrie<\/h2>\n<p><strong>Hartmetall<\/strong> bietet Herstellern bessere Werkzeuge <strong>ohne<\/strong> die <strong>L\u00f6t<\/strong>&#8211; und <strong>Schleifeigenschaften<\/strong> zu <strong>verschlechtern<\/strong>.<\/p>\n<p>F\u00fcr den <strong>Holzschnittbereich<\/strong> wurden umfangreiche Untersuchungen zu den unterschiedlichen Eigenschaften von <a href=\"https:\/\/de.wikipedia.org\/wiki\/Kreiss%C3%A4ge\">Kreiss\u00e4gen<\/a> durchgef\u00fchrt. Durch die <strong>Einf\u00fchrung<\/strong> von <strong>Korrosionsschutzmitteln<\/strong> war es m\u00f6glich, <strong>Materialien<\/strong> mit sehr <strong>hohen<\/strong> <strong>Leistungen<\/strong> f\u00fcr jede Beanspruchung zu realisieren.[\/vc_column_text][vc_empty_space][\/vc_column][\/vc_row][vc_row][vc_column][vc_empty_space][vc_column_text css_animation=&#8221;fadeIn&#8221;]Die in diesem Bereich gesammelten Erfahrungen erm\u00f6glichen es uns, die typischen Probleme in Bezug auf Verschlei\u00df und Abriebfestigkeit zu l\u00f6sen. Im Bereich der Holzbearbeitung produzieren wir Profilmesser und Hobelmesser in verschiedenen Systemen:<\/p>\n<ul>\n<li><strong>Tersa<\/strong>;<\/li>\n<li><strong>Plannex<\/strong>;<\/li>\n<li><strong>Bulldozer<\/strong>;<\/li>\n<li><strong>Variplan<\/strong>;<\/li>\n<li>Spezielle <strong>Z\u00e4hne<\/strong> und <strong>Platten<\/strong> sowie kleine <strong>Zylinder<\/strong> und <strong>Stangen<\/strong>.<\/li>\n<\/ul>\n<p>Die f\u00fcr diese Anwendung angebotenen Hartmetallgrade reichen von <a href=\"https:\/\/www.nashira-hm.it\/de\/grade-und-anwendung\/\"><strong>K05<\/strong> bis <strong>K30<\/strong><\/a> und decken alle Arten der Bearbeitung f\u00fcr verschiedene H\u00f6lzer ab.[\/vc_column_text][vc_btn title=&#8221;Informationen anfordern&#8221; style=&#8221;custom&#8221; custom_background=&#8221;#f7a600&#8243; custom_text=&#8221;#ffffff&#8221; shape=&#8221;square&#8221; css_animation=&#8221;fadeIn&#8221; link=&#8221;url:https%3A%2F%2Fwww.nashira-hm.it%2Fde%2Fkontakt%2F|||&#8221;][\/vc_column][\/vc_row]<\/p>\n<\/div>","protected":false},"excerpt":{"rendered":"<p>[vc_row][vc_column][vc_column_text] [\/vc_column_text][\/vc_column][\/vc_row][vc_row el_id=&#8221;legno&#8221;][vc_column][vc_empty_space height=&#8221;60px&#8221;][vc_column_text] Hartmetallwerkzeuge f\u00fcr die Holzindustrie Hartmetall bietet Herstellern bessere Werkzeuge ohne die L\u00f6t&#8211; und Schleifeigenschaften zu verschlechtern. F\u00fcr den Holzschnittbereich wurden umfangreiche Untersuchungen zu den unterschiedlichen Eigenschaften von Kreiss\u00e4gen durchgef\u00fchrt. Durch die Einf\u00fchrung von Korrosionsschutzmitteln war es m\u00f6glich, Materialien mit sehr hohen Leistungen f\u00fcr jede Beanspruchung zu realisieren.[\/vc_column_text][vc_empty_space][\/vc_column][\/vc_row][vc_row][vc_column][vc_empty_space][vc_column_text css_animation=&#8221;fadeIn&#8221;]Die in diesem Bereich [&hellip;]<\/p>\n","protected":false},"author":2,"featured_media":2721,"parent":0,"menu_order":0,"comment_status":"closed","ping_status":"closed","template":"","meta":{"footnotes":""},"yoast_head":"<!-- This site is optimized with the Yoast SEO Premium plugin v23.8 (Yoast SEO v24.5) - https:\/\/yoast.com\/wordpress\/plugins\/seo\/ -->\n<title>Hartmetallwerkzeuge f\u00fcr die Holzindustrie - Nashira Hartmetall<\/title>\n<meta name=\"description\" content=\"Breites Sortiment an speziellen Hartmetalleins\u00e4tzen auf Design und Rohlingen f\u00fcr Werkzeuge, die f\u00fcr die Holz- und Papierverarbeitung geeigne\" \/>\n<meta name=\"robots\" content=\"index, follow, max-snippet:-1, max-image-preview:large, max-video-preview:-1\" \/>\n<link rel=\"canonical\" href=\"https:\/\/www.nashira-hm.it\/de\/holz-papier\/\" \/>\n<meta property=\"og:locale\" content=\"de_DE\" \/>\n<meta property=\"og:type\" content=\"article\" \/>\n<meta property=\"og:title\" content=\"Holz &amp; Papier\" \/>\n<meta property=\"og:description\" content=\"Breites Sortiment an speziellen Hartmetalleins\u00e4tzen auf Design und Rohlingen f\u00fcr Werkzeuge, die f\u00fcr die Holz- und Papierverarbeitung geeigne\" \/>\n<meta property=\"og:url\" content=\"https:\/\/www.nashira-hm.it\/de\/holz-papier\/\" \/>\n<meta property=\"og:site_name\" content=\"Nashira Hardmetals srl - Produttore Metallo Duro.\" \/>\n<meta property=\"article:publisher\" content=\"https:\/\/www.facebook.com\/NashiraHardmetals\/\" \/>\n<meta property=\"article:modified_time\" content=\"2020-11-18T11:30:35+00:00\" \/>\n<meta property=\"og:image\" content=\"https:\/\/www.nashira-hm.it\/wp-content\/uploads\/2019\/12\/IMG_8733.jpg\" \/>\n\t<meta property=\"og:image:width\" content=\"1024\" \/>\n\t<meta property=\"og:image:height\" content=\"576\" \/>\n\t<meta property=\"og:image:type\" content=\"image\/jpeg\" \/>\n<meta name=\"twitter:card\" content=\"summary_large_image\" \/>\n<meta name=\"twitter:label1\" content=\"Gesch\u00e4tzte Lesezeit\" \/>\n\t<meta name=\"twitter:data1\" content=\"1\u00a0Minute\" \/>\n<script type=\"application\/ld+json\" class=\"yoast-schema-graph\">{\"@context\":\"https:\/\/schema.org\",\"@graph\":[{\"@type\":\"WebPage\",\"@id\":\"https:\/\/www.nashira-hm.it\/de\/holz-papier\/\",\"url\":\"https:\/\/www.nashira-hm.it\/de\/holz-papier\/\",\"name\":\"Hartmetallwerkzeuge f\u00fcr die Holzindustrie - Nashira Hartmetall\",\"isPartOf\":{\"@id\":\"https:\/\/www.nashira-hm.it\/#website\"},\"primaryImageOfPage\":{\"@id\":\"https:\/\/www.nashira-hm.it\/de\/holz-papier\/#primaryimage\"},\"image\":{\"@id\":\"https:\/\/www.nashira-hm.it\/de\/holz-papier\/#primaryimage\"},\"thumbnailUrl\":\"https:\/\/www.nashira-hm.it\/wp-content\/uploads\/2019\/12\/IMG_8733.jpg\",\"datePublished\":\"2017-08-07T10:10:43+00:00\",\"dateModified\":\"2020-11-18T11:30:35+00:00\",\"description\":\"Breites Sortiment an speziellen Hartmetalleins\u00e4tzen auf Design und Rohlingen f\u00fcr Werkzeuge, die f\u00fcr die Holz- und Papierverarbeitung geeigne\",\"breadcrumb\":{\"@id\":\"https:\/\/www.nashira-hm.it\/de\/holz-papier\/#breadcrumb\"},\"inLanguage\":\"de\",\"potentialAction\":[{\"@type\":\"ReadAction\",\"target\":[\"https:\/\/www.nashira-hm.it\/de\/holz-papier\/\"]}]},{\"@type\":\"ImageObject\",\"inLanguage\":\"de\",\"@id\":\"https:\/\/www.nashira-hm.it\/de\/holz-papier\/#primaryimage\",\"url\":\"https:\/\/www.nashira-hm.it\/wp-content\/uploads\/2019\/12\/IMG_8733.jpg\",\"contentUrl\":\"https:\/\/www.nashira-hm.it\/wp-content\/uploads\/2019\/12\/IMG_8733.jpg\",\"width\":1024,\"height\":576,\"caption\":\"Hartmetallwerkzeuge f\u00fcr die Holzindustrie\"},{\"@type\":\"BreadcrumbList\",\"@id\":\"https:\/\/www.nashira-hm.it\/de\/holz-papier\/#breadcrumb\",\"itemListElement\":[{\"@type\":\"ListItem\",\"position\":1,\"name\":\"Home\",\"item\":\"https:\/\/www.nashira-hm.it\/de\/\"},{\"@type\":\"ListItem\",\"position\":2,\"name\":\"Holz &#038; Papier\"}]},{\"@type\":\"WebSite\",\"@id\":\"https:\/\/www.nashira-hm.it\/#website\",\"url\":\"https:\/\/www.nashira-hm.it\/\",\"name\":\"Nashira Hardmetals srl - Produttore Metallo Duro\",\"description\":\"L&#039;arte del metallo duro\",\"publisher\":{\"@id\":\"https:\/\/www.nashira-hm.it\/#organization\"},\"potentialAction\":[{\"@type\":\"SearchAction\",\"target\":{\"@type\":\"EntryPoint\",\"urlTemplate\":\"https:\/\/www.nashira-hm.it\/?s={search_term_string}\"},\"query-input\":{\"@type\":\"PropertyValueSpecification\",\"valueRequired\":true,\"valueName\":\"search_term_string\"}}],\"inLanguage\":\"de\"},{\"@type\":\"Organization\",\"@id\":\"https:\/\/www.nashira-hm.it\/#organization\",\"name\":\"Nashira Hardmetals\",\"url\":\"https:\/\/www.nashira-hm.it\/\",\"logo\":{\"@type\":\"ImageObject\",\"inLanguage\":\"de\",\"@id\":\"https:\/\/www.nashira-hm.it\/#\/schema\/logo\/image\/\",\"url\":\"https:\/\/www.nashira-hm.it\/wp-content\/uploads\/2018\/01\/logo-nashira-positivo.png\",\"contentUrl\":\"https:\/\/www.nashira-hm.it\/wp-content\/uploads\/2018\/01\/logo-nashira-positivo.png\",\"width\":204,\"height\":70,\"caption\":\"Nashira Hardmetals\"},\"image\":{\"@id\":\"https:\/\/www.nashira-hm.it\/#\/schema\/logo\/image\/\"},\"sameAs\":[\"https:\/\/www.facebook.com\/NashiraHardmetals\/\",\"https:\/\/www.linkedin.com\/company\/nashira-hardmetals\/\"]}]}<\/script>\n<!-- \/ Yoast SEO Premium plugin. -->","yoast_head_json":{"title":"Hartmetallwerkzeuge f\u00fcr die Holzindustrie - Nashira Hartmetall","description":"Breites Sortiment an speziellen Hartmetalleins\u00e4tzen auf Design und Rohlingen f\u00fcr Werkzeuge, die f\u00fcr die Holz- und Papierverarbeitung geeigne","robots":{"index":"index","follow":"follow","max-snippet":"max-snippet:-1","max-image-preview":"max-image-preview:large","max-video-preview":"max-video-preview:-1"},"canonical":"https:\/\/www.nashira-hm.it\/de\/holz-papier\/","og_locale":"de_DE","og_type":"article","og_title":"Holz & Papier","og_description":"Breites Sortiment an speziellen Hartmetalleins\u00e4tzen auf Design und Rohlingen f\u00fcr Werkzeuge, die f\u00fcr die Holz- und Papierverarbeitung geeigne","og_url":"https:\/\/www.nashira-hm.it\/de\/holz-papier\/","og_site_name":"Nashira Hardmetals srl - Produttore Metallo Duro.","article_publisher":"https:\/\/www.facebook.com\/NashiraHardmetals\/","article_modified_time":"2020-11-18T11:30:35+00:00","og_image":[{"width":1024,"height":576,"url":"https:\/\/www.nashira-hm.it\/wp-content\/uploads\/2019\/12\/IMG_8733.jpg","type":"image\/jpeg"}],"twitter_card":"summary_large_image","twitter_misc":{"Gesch\u00e4tzte Lesezeit":"1\u00a0Minute"},"schema":{"@context":"https:\/\/schema.org","@graph":[{"@type":"WebPage","@id":"https:\/\/www.nashira-hm.it\/de\/holz-papier\/","url":"https:\/\/www.nashira-hm.it\/de\/holz-papier\/","name":"Hartmetallwerkzeuge f\u00fcr die Holzindustrie - Nashira Hartmetall","isPartOf":{"@id":"https:\/\/www.nashira-hm.it\/#website"},"primaryImageOfPage":{"@id":"https:\/\/www.nashira-hm.it\/de\/holz-papier\/#primaryimage"},"image":{"@id":"https:\/\/www.nashira-hm.it\/de\/holz-papier\/#primaryimage"},"thumbnailUrl":"https:\/\/www.nashira-hm.it\/wp-content\/uploads\/2019\/12\/IMG_8733.jpg","datePublished":"2017-08-07T10:10:43+00:00","dateModified":"2020-11-18T11:30:35+00:00","description":"Breites Sortiment an speziellen Hartmetalleins\u00e4tzen auf Design und Rohlingen f\u00fcr Werkzeuge, die f\u00fcr die Holz- und Papierverarbeitung geeigne","breadcrumb":{"@id":"https:\/\/www.nashira-hm.it\/de\/holz-papier\/#breadcrumb"},"inLanguage":"de","potentialAction":[{"@type":"ReadAction","target":["https:\/\/www.nashira-hm.it\/de\/holz-papier\/"]}]},{"@type":"ImageObject","inLanguage":"de","@id":"https:\/\/www.nashira-hm.it\/de\/holz-papier\/#primaryimage","url":"https:\/\/www.nashira-hm.it\/wp-content\/uploads\/2019\/12\/IMG_8733.jpg","contentUrl":"https:\/\/www.nashira-hm.it\/wp-content\/uploads\/2019\/12\/IMG_8733.jpg","width":1024,"height":576,"caption":"Hartmetallwerkzeuge f\u00fcr die Holzindustrie"},{"@type":"BreadcrumbList","@id":"https:\/\/www.nashira-hm.it\/de\/holz-papier\/#breadcrumb","itemListElement":[{"@type":"ListItem","position":1,"name":"Home","item":"https:\/\/www.nashira-hm.it\/de\/"},{"@type":"ListItem","position":2,"name":"Holz &#038; Papier"}]},{"@type":"WebSite","@id":"https:\/\/www.nashira-hm.it\/#website","url":"https:\/\/www.nashira-hm.it\/","name":"Nashira Hardmetals srl - Produttore Metallo Duro","description":"L&#039;arte del metallo duro","publisher":{"@id":"https:\/\/www.nashira-hm.it\/#organization"},"potentialAction":[{"@type":"SearchAction","target":{"@type":"EntryPoint","urlTemplate":"https:\/\/www.nashira-hm.it\/?s={search_term_string}"},"query-input":{"@type":"PropertyValueSpecification","valueRequired":true,"valueName":"search_term_string"}}],"inLanguage":"de"},{"@type":"Organization","@id":"https:\/\/www.nashira-hm.it\/#organization","name":"Nashira Hardmetals","url":"https:\/\/www.nashira-hm.it\/","logo":{"@type":"ImageObject","inLanguage":"de","@id":"https:\/\/www.nashira-hm.it\/#\/schema\/logo\/image\/","url":"https:\/\/www.nashira-hm.it\/wp-content\/uploads\/2018\/01\/logo-nashira-positivo.png","contentUrl":"https:\/\/www.nashira-hm.it\/wp-content\/uploads\/2018\/01\/logo-nashira-positivo.png","width":204,"height":70,"caption":"Nashira Hardmetals"},"image":{"@id":"https:\/\/www.nashira-hm.it\/#\/schema\/logo\/image\/"},"sameAs":["https:\/\/www.facebook.com\/NashiraHardmetals\/","https:\/\/www.linkedin.com\/company\/nashira-hardmetals\/"]}]}},"_links":{"self":[{"href":"https:\/\/www.nashira-hm.it\/de\/wp-json\/wp\/v2\/pages\/1298"}],"collection":[{"href":"https:\/\/www.nashira-hm.it\/de\/wp-json\/wp\/v2\/pages"}],"about":[{"href":"https:\/\/www.nashira-hm.it\/de\/wp-json\/wp\/v2\/types\/page"}],"author":[{"embeddable":true,"href":"https:\/\/www.nashira-hm.it\/de\/wp-json\/wp\/v2\/users\/2"}],"replies":[{"embeddable":true,"href":"https:\/\/www.nashira-hm.it\/de\/wp-json\/wp\/v2\/comments?post=1298"}],"version-history":[{"count":2,"href":"https:\/\/www.nashira-hm.it\/de\/wp-json\/wp\/v2\/pages\/1298\/revisions"}],"predecessor-version":[{"id":8881,"href":"https:\/\/www.nashira-hm.it\/de\/wp-json\/wp\/v2\/pages\/1298\/revisions\/8881"}],"wp:featuredmedia":[{"embeddable":true,"href":"https:\/\/www.nashira-hm.it\/de\/wp-json\/wp\/v2\/media\/2721"}],"wp:attachment":[{"href":"https:\/\/www.nashira-hm.it\/de\/wp-json\/wp\/v2\/media?parent=1298"}],"curies":[{"name":"wp","href":"https:\/\/api.w.org\/{rel}","templated":true}]}}