{"id":1285,"date":"2018-01-09T16:29:06","date_gmt":"2018-01-09T15:29:06","guid":{"rendered":"https:\/\/www.nashirahardmetals.com\/?page_id=1285"},"modified":"2020-04-03T15:39:18","modified_gmt":"2020-04-03T13:39:18","slug":"duesen-fuer-sandstrahler","status":"publish","type":"page","link":"https:\/\/www.nashira-hm.it\/de\/duesen-fuer-sandstrahler\/","title":{"rendered":"Oberfl\u00e4chen"},"content":{"rendered":"<div class=\"wpb-content-wrapper\"><p>[vc_row el_id=&#8221;superfici&#8221;][vc_column][vc_empty_space height=&#8221;60px&#8221;]            <div class=\"skill-text\">\n                <h2>Oberfl\u00e4chen<\/h2>\n                <p><\/p>\n            <\/div>\n    [vc_column_text]Die <strong>Vielfalt<\/strong> <strong>der<\/strong> <strong>Sandstrahltechniken<\/strong> <strong>und<\/strong> <strong>Oberfl\u00e4chenbehandlungen<\/strong> erfordert hohe Produktivit\u00e4t und Standards.[\/vc_column_text][vc_empty_space][\/vc_column][\/vc_row][vc_row][vc_column][vc_empty_space][vc_column_text css_animation=&#8221;fadeIn&#8221;]Unsere Kunden wissen, dass sie sich auf die Nashira Hartmetalld\u00fcsen verlassen k\u00f6nnen, um Verschlei\u00dfprobleme zu l\u00f6sen.<\/p>\n<p>&nbsp;<\/p>\n<p class=\"p2\">D\u00fcsen f\u00fcr Sandstrahler, unsere speziellen <a href=\"https:\/\/www.nashira-hm.it\/de\/grade-und-anwendung\/\">Sorten<\/a> von hochfestem Wolframkarbid sind ein Bezugspunkt in unserer Branche. Die Produktpalette reicht von den gebr\u00e4uchlichsten D\u00fcsen bis hin zu den <a href=\"https:\/\/de.wikipedia.org\/wiki\/Venturi-D%C3%BCse\">Venturid\u00fcsen<\/a> und speziellen D\u00fcsen, die auf dem Design des Kunden basieren. Dar\u00fcber hinaus werden Platten und Verschlei\u00dfteile zum Schutz der Verschlei\u00dfteile von Maschinen angeboten.<\/p>\n<p>[\/vc_column_text][vc_btn title=&#8221;Informationen anfordern&#8221; style=&#8221;custom&#8221; custom_background=&#8221;#f7a600&#8243; custom_text=&#8221;#ffffff&#8221; shape=&#8221;square&#8221; css_animation=&#8221;fadeIn&#8221; link=&#8221;url:https%3A%2F%2Fwww.nashira-hm.it%2Fde%2Fkontakt%2F|||&#8221;][\/vc_column][\/vc_row]<\/p>\n<\/div>","protected":false},"excerpt":{"rendered":"<p>[vc_row el_id=&#8221;superfici&#8221;][vc_column][vc_empty_space height=&#8221;60px&#8221;][vc_column_text]Die Vielfalt der Sandstrahltechniken und Oberfl\u00e4chenbehandlungen erfordert hohe Produktivit\u00e4t und Standards.[\/vc_column_text][vc_empty_space][\/vc_column][\/vc_row][vc_row][vc_column][vc_empty_space][vc_column_text css_animation=&#8221;fadeIn&#8221;]Unsere Kunden wissen, dass sie sich auf die Nashira Hartmetalld\u00fcsen verlassen k\u00f6nnen, um Verschlei\u00dfprobleme zu l\u00f6sen. &nbsp; D\u00fcsen f\u00fcr Sandstrahler, unsere speziellen Sorten von hochfestem Wolframkarbid sind ein Bezugspunkt in unserer Branche. Die Produktpalette reicht von den gebr\u00e4uchlichsten D\u00fcsen bis hin zu [&hellip;]<\/p>\n","protected":false},"author":2,"featured_media":3373,"parent":0,"menu_order":0,"comment_status":"closed","ping_status":"closed","template":"","meta":{"footnotes":""},"yoast_head":"<!-- This site is optimized with the Yoast SEO Premium plugin v23.8 (Yoast SEO v24.5) - https:\/\/yoast.com\/wordpress\/plugins\/seo\/ -->\n<title>D\u00fcsen f\u00fcr Sandstrahler - Oberfl\u00e4chen NASHIRA HARDMETALS<\/title>\n<meta name=\"description\" content=\"D\u00fcsen f\u00fcr Sandstrahler - Unsere speziellen Sorten von hochfestem Wolframkarbid sind ein Bezugspunkt in unserer Branche. Die Produktpalette reicht...\" \/>\n<meta name=\"robots\" content=\"index, follow, max-snippet:-1, max-image-preview:large, max-video-preview:-1\" \/>\n<link rel=\"canonical\" href=\"https:\/\/www.nashira-hm.it\/de\/duesen-fuer-sandstrahler\/\" \/>\n<meta property=\"og:locale\" content=\"de_DE\" \/>\n<meta property=\"og:type\" content=\"article\" \/>\n<meta property=\"og:title\" content=\"Oberfl\u00e4chen\" \/>\n<meta property=\"og:description\" content=\"D\u00fcsen f\u00fcr Sandstrahler - Unsere speziellen Sorten von hochfestem Wolframkarbid sind ein Bezugspunkt in unserer Branche. Die Produktpalette reicht...\" \/>\n<meta property=\"og:url\" content=\"https:\/\/www.nashira-hm.it\/de\/duesen-fuer-sandstrahler\/\" \/>\n<meta property=\"og:site_name\" content=\"Nashira Hardmetals srl - Produttore Metallo Duro.\" \/>\n<meta property=\"article:publisher\" content=\"https:\/\/www.facebook.com\/NashiraHardmetals\/\" \/>\n<meta property=\"article:modified_time\" content=\"2020-04-03T13:39:18+00:00\" \/>\n<meta property=\"og:image\" content=\"https:\/\/www.nashira-hm.it\/wp-content\/uploads\/2017\/08\/s11.jpg\" \/>\n\t<meta property=\"og:image:width\" content=\"1024\" \/>\n\t<meta property=\"og:image:height\" content=\"576\" \/>\n\t<meta property=\"og:image:type\" content=\"image\/jpeg\" \/>\n<meta name=\"twitter:card\" content=\"summary_large_image\" \/>\n<meta name=\"twitter:label1\" content=\"Gesch\u00e4tzte Lesezeit\" \/>\n\t<meta name=\"twitter:data1\" content=\"1\u00a0Minute\" \/>\n<script type=\"application\/ld+json\" class=\"yoast-schema-graph\">{\"@context\":\"https:\/\/schema.org\",\"@graph\":[{\"@type\":\"WebPage\",\"@id\":\"https:\/\/www.nashira-hm.it\/de\/duesen-fuer-sandstrahler\/\",\"url\":\"https:\/\/www.nashira-hm.it\/de\/duesen-fuer-sandstrahler\/\",\"name\":\"D\u00fcsen f\u00fcr Sandstrahler - Oberfl\u00e4chen NASHIRA HARDMETALS\",\"isPartOf\":{\"@id\":\"https:\/\/www.nashira-hm.it\/#website\"},\"primaryImageOfPage\":{\"@id\":\"https:\/\/www.nashira-hm.it\/de\/duesen-fuer-sandstrahler\/#primaryimage\"},\"image\":{\"@id\":\"https:\/\/www.nashira-hm.it\/de\/duesen-fuer-sandstrahler\/#primaryimage\"},\"thumbnailUrl\":\"https:\/\/www.nashira-hm.it\/wp-content\/uploads\/2017\/08\/s11.jpg\",\"datePublished\":\"2018-01-09T15:29:06+00:00\",\"dateModified\":\"2020-04-03T13:39:18+00:00\",\"description\":\"D\u00fcsen f\u00fcr Sandstrahler - Unsere speziellen Sorten von hochfestem Wolframkarbid sind ein Bezugspunkt in unserer Branche. Die Produktpalette reicht...\",\"breadcrumb\":{\"@id\":\"https:\/\/www.nashira-hm.it\/de\/duesen-fuer-sandstrahler\/#breadcrumb\"},\"inLanguage\":\"de\",\"potentialAction\":[{\"@type\":\"ReadAction\",\"target\":[\"https:\/\/www.nashira-hm.it\/de\/duesen-fuer-sandstrahler\/\"]}]},{\"@type\":\"ImageObject\",\"inLanguage\":\"de\",\"@id\":\"https:\/\/www.nashira-hm.it\/de\/duesen-fuer-sandstrahler\/#primaryimage\",\"url\":\"https:\/\/www.nashira-hm.it\/wp-content\/uploads\/2017\/08\/s11.jpg\",\"contentUrl\":\"https:\/\/www.nashira-hm.it\/wp-content\/uploads\/2017\/08\/s11.jpg\",\"width\":1024,\"height\":576,\"caption\":\"D\u00fcse zum Sandstrahlen in Wolframcarbid\"},{\"@type\":\"BreadcrumbList\",\"@id\":\"https:\/\/www.nashira-hm.it\/de\/duesen-fuer-sandstrahler\/#breadcrumb\",\"itemListElement\":[{\"@type\":\"ListItem\",\"position\":1,\"name\":\"Home\",\"item\":\"https:\/\/www.nashira-hm.it\/de\/\"},{\"@type\":\"ListItem\",\"position\":2,\"name\":\"Oberfl\u00e4chen\"}]},{\"@type\":\"WebSite\",\"@id\":\"https:\/\/www.nashira-hm.it\/#website\",\"url\":\"https:\/\/www.nashira-hm.it\/\",\"name\":\"Nashira Hardmetals srl - Produttore Metallo Duro\",\"description\":\"L&#039;arte del metallo duro\",\"publisher\":{\"@id\":\"https:\/\/www.nashira-hm.it\/#organization\"},\"potentialAction\":[{\"@type\":\"SearchAction\",\"target\":{\"@type\":\"EntryPoint\",\"urlTemplate\":\"https:\/\/www.nashira-hm.it\/?s={search_term_string}\"},\"query-input\":{\"@type\":\"PropertyValueSpecification\",\"valueRequired\":true,\"valueName\":\"search_term_string\"}}],\"inLanguage\":\"de\"},{\"@type\":\"Organization\",\"@id\":\"https:\/\/www.nashira-hm.it\/#organization\",\"name\":\"Nashira Hardmetals\",\"url\":\"https:\/\/www.nashira-hm.it\/\",\"logo\":{\"@type\":\"ImageObject\",\"inLanguage\":\"de\",\"@id\":\"https:\/\/www.nashira-hm.it\/#\/schema\/logo\/image\/\",\"url\":\"https:\/\/www.nashira-hm.it\/wp-content\/uploads\/2018\/01\/logo-nashira-positivo.png\",\"contentUrl\":\"https:\/\/www.nashira-hm.it\/wp-content\/uploads\/2018\/01\/logo-nashira-positivo.png\",\"width\":204,\"height\":70,\"caption\":\"Nashira Hardmetals\"},\"image\":{\"@id\":\"https:\/\/www.nashira-hm.it\/#\/schema\/logo\/image\/\"},\"sameAs\":[\"https:\/\/www.facebook.com\/NashiraHardmetals\/\",\"https:\/\/www.linkedin.com\/company\/nashira-hardmetals\/\"]}]}<\/script>\n<!-- \/ Yoast SEO Premium plugin. -->","yoast_head_json":{"title":"D\u00fcsen f\u00fcr Sandstrahler - Oberfl\u00e4chen NASHIRA HARDMETALS","description":"D\u00fcsen f\u00fcr Sandstrahler - Unsere speziellen Sorten von hochfestem Wolframkarbid sind ein Bezugspunkt in unserer Branche. Die Produktpalette reicht...","robots":{"index":"index","follow":"follow","max-snippet":"max-snippet:-1","max-image-preview":"max-image-preview:large","max-video-preview":"max-video-preview:-1"},"canonical":"https:\/\/www.nashira-hm.it\/de\/duesen-fuer-sandstrahler\/","og_locale":"de_DE","og_type":"article","og_title":"Oberfl\u00e4chen","og_description":"D\u00fcsen f\u00fcr Sandstrahler - Unsere speziellen Sorten von hochfestem Wolframkarbid sind ein Bezugspunkt in unserer Branche. Die Produktpalette reicht...","og_url":"https:\/\/www.nashira-hm.it\/de\/duesen-fuer-sandstrahler\/","og_site_name":"Nashira Hardmetals srl - Produttore Metallo Duro.","article_publisher":"https:\/\/www.facebook.com\/NashiraHardmetals\/","article_modified_time":"2020-04-03T13:39:18+00:00","og_image":[{"width":1024,"height":576,"url":"https:\/\/www.nashira-hm.it\/wp-content\/uploads\/2017\/08\/s11.jpg","type":"image\/jpeg"}],"twitter_card":"summary_large_image","twitter_misc":{"Gesch\u00e4tzte Lesezeit":"1\u00a0Minute"},"schema":{"@context":"https:\/\/schema.org","@graph":[{"@type":"WebPage","@id":"https:\/\/www.nashira-hm.it\/de\/duesen-fuer-sandstrahler\/","url":"https:\/\/www.nashira-hm.it\/de\/duesen-fuer-sandstrahler\/","name":"D\u00fcsen f\u00fcr Sandstrahler - Oberfl\u00e4chen NASHIRA HARDMETALS","isPartOf":{"@id":"https:\/\/www.nashira-hm.it\/#website"},"primaryImageOfPage":{"@id":"https:\/\/www.nashira-hm.it\/de\/duesen-fuer-sandstrahler\/#primaryimage"},"image":{"@id":"https:\/\/www.nashira-hm.it\/de\/duesen-fuer-sandstrahler\/#primaryimage"},"thumbnailUrl":"https:\/\/www.nashira-hm.it\/wp-content\/uploads\/2017\/08\/s11.jpg","datePublished":"2018-01-09T15:29:06+00:00","dateModified":"2020-04-03T13:39:18+00:00","description":"D\u00fcsen f\u00fcr Sandstrahler - Unsere speziellen Sorten von hochfestem Wolframkarbid sind ein Bezugspunkt in unserer Branche. Die Produktpalette reicht...","breadcrumb":{"@id":"https:\/\/www.nashira-hm.it\/de\/duesen-fuer-sandstrahler\/#breadcrumb"},"inLanguage":"de","potentialAction":[{"@type":"ReadAction","target":["https:\/\/www.nashira-hm.it\/de\/duesen-fuer-sandstrahler\/"]}]},{"@type":"ImageObject","inLanguage":"de","@id":"https:\/\/www.nashira-hm.it\/de\/duesen-fuer-sandstrahler\/#primaryimage","url":"https:\/\/www.nashira-hm.it\/wp-content\/uploads\/2017\/08\/s11.jpg","contentUrl":"https:\/\/www.nashira-hm.it\/wp-content\/uploads\/2017\/08\/s11.jpg","width":1024,"height":576,"caption":"D\u00fcse zum Sandstrahlen in Wolframcarbid"},{"@type":"BreadcrumbList","@id":"https:\/\/www.nashira-hm.it\/de\/duesen-fuer-sandstrahler\/#breadcrumb","itemListElement":[{"@type":"ListItem","position":1,"name":"Home","item":"https:\/\/www.nashira-hm.it\/de\/"},{"@type":"ListItem","position":2,"name":"Oberfl\u00e4chen"}]},{"@type":"WebSite","@id":"https:\/\/www.nashira-hm.it\/#website","url":"https:\/\/www.nashira-hm.it\/","name":"Nashira Hardmetals srl - Produttore Metallo Duro","description":"L&#039;arte del metallo duro","publisher":{"@id":"https:\/\/www.nashira-hm.it\/#organization"},"potentialAction":[{"@type":"SearchAction","target":{"@type":"EntryPoint","urlTemplate":"https:\/\/www.nashira-hm.it\/?s={search_term_string}"},"query-input":{"@type":"PropertyValueSpecification","valueRequired":true,"valueName":"search_term_string"}}],"inLanguage":"de"},{"@type":"Organization","@id":"https:\/\/www.nashira-hm.it\/#organization","name":"Nashira Hardmetals","url":"https:\/\/www.nashira-hm.it\/","logo":{"@type":"ImageObject","inLanguage":"de","@id":"https:\/\/www.nashira-hm.it\/#\/schema\/logo\/image\/","url":"https:\/\/www.nashira-hm.it\/wp-content\/uploads\/2018\/01\/logo-nashira-positivo.png","contentUrl":"https:\/\/www.nashira-hm.it\/wp-content\/uploads\/2018\/01\/logo-nashira-positivo.png","width":204,"height":70,"caption":"Nashira Hardmetals"},"image":{"@id":"https:\/\/www.nashira-hm.it\/#\/schema\/logo\/image\/"},"sameAs":["https:\/\/www.facebook.com\/NashiraHardmetals\/","https:\/\/www.linkedin.com\/company\/nashira-hardmetals\/"]}]}},"_links":{"self":[{"href":"https:\/\/www.nashira-hm.it\/de\/wp-json\/wp\/v2\/pages\/1285"}],"collection":[{"href":"https:\/\/www.nashira-hm.it\/de\/wp-json\/wp\/v2\/pages"}],"about":[{"href":"https:\/\/www.nashira-hm.it\/de\/wp-json\/wp\/v2\/types\/page"}],"author":[{"embeddable":true,"href":"https:\/\/www.nashira-hm.it\/de\/wp-json\/wp\/v2\/users\/2"}],"replies":[{"embeddable":true,"href":"https:\/\/www.nashira-hm.it\/de\/wp-json\/wp\/v2\/comments?post=1285"}],"version-history":[{"count":0,"href":"https:\/\/www.nashira-hm.it\/de\/wp-json\/wp\/v2\/pages\/1285\/revisions"}],"wp:featuredmedia":[{"embeddable":true,"href":"https:\/\/www.nashira-hm.it\/de\/wp-json\/wp\/v2\/media\/3373"}],"wp:attachment":[{"href":"https:\/\/www.nashira-hm.it\/de\/wp-json\/wp\/v2\/media?parent=1285"}],"curies":[{"name":"wp","href":"https:\/\/api.w.org\/{rel}","templated":true}]}}