{"id":1275,"date":"2017-08-07T12:09:41","date_gmt":"2017-08-07T10:09:41","guid":{"rendered":"https:\/\/www.nashirahardmetals.com\/?page_id=1275"},"modified":"2021-01-18T13:22:52","modified_gmt":"2021-01-18T12:22:52","slug":"technologie","status":"publish","type":"page","link":"https:\/\/www.nashira-hm.it\/de\/technologie\/","title":{"rendered":"Technologie"},"content":{"rendered":"<div class=\"wpb-content-wrapper\"><p>[vc_row][vc_column][vc_column_text]<\/p>\n<h1>[\/vc_column_text][\/vc_column][\/vc_row][vc_row el_id=&#8221;macchinari&#8221;][vc_column width=&#8221;5\/12&#8243;]            <div class=\"skill-text\">\n                <h2>Maschinen<\/h2>\n                <p><\/p>\n            <\/div>\n    [vc_empty_space][vc_column_text css_animation=&#8221;fadeIn&#8221;]<\/h1>\n<p class=\"p2\" style=\"text-align: justify;\"><strong>Nashira<\/strong> Hard Metals verwendet die neueste Generation <strong>computergesteuerter (CNC)<\/strong> Maschinen und <strong>eine CAD \/ CAM-Station<\/strong> f\u00fcr Maschinenprogrammierung und Kundenunterst\u00fctzung bei der Konstruktion von Teilen. Ein gut ausger\u00fcstetes Labor erm\u00f6glicht es uns, eine konstante Qualit\u00e4t und eine angemessene Kontrolle von Produkt und Prozess zu gew\u00e4hrleisten.<\/p>\n<p>[\/vc_column_text][\/vc_column][vc_column width=&#8221;2\/12&#8243;][\/vc_column][vc_column width=&#8221;5\/12&#8243; el_class=&#8221;video-area&#8221;]        <div class=\"video-area-text text-center wow bounceIn\">\n            <a href=\"https:\/\/www.nashira-hm.it\/wp-content\/uploads\/2017\/09\/Video-Nashira_def_1.mp4\" class=\"video-play mfp-iframe\">\n                <i class=\"fa fa-play\"><\/i>\n            <\/a>\n            <h2><\/h2>\n        <\/div>\n    [\/vc_column][\/vc_row][vc_row el_id=&#8221;innovazione&#8221;][vc_column]            <div class=\"skill-text\">\n                <h2>Innovation<\/h2>\n                <p><\/p>\n            <\/div>\n    [vc_empty_space][\/vc_column][\/vc_row][vc_row][vc_column width=&#8221;1\/2&#8243;][vc_column_text css_animation=&#8221;fadeIn&#8221;]Im Hinblick auf kontinuierliche Verbesserung verwendet Nashira die Qualit\u00e4tszertifizierung ISO 9000. Die Produktionsaktivit\u00e4ten werden durch eine fortschrittliche <strong>ERP-Software<\/strong> verwaltet und in den verschiedenen Abeilungen ist die <strong>5S-Metrologie<\/strong> implementiert.<\/p>\n<div style=\"text-align: justify;\"><\/div>\n<p>[\/vc_column_text][vc_column_text css_animation=&#8221;fadeIn&#8221;]<a href=\"https:\/\/www.nashira-hm.it\/wp-content\/uploads\/2018\/04\/metodologia5s-tedesco.pdf\" target=\"_blank\" rel=\"noopener\" download=\"Metodologia 5s\">Download Methodik 5s<\/a>[\/vc_column_text][\/vc_column][vc_column width=&#8221;1\/2&#8243;][vc_row_inner][vc_column_inner width=&#8221;1\/2&#8243;][vc_single_image image=&#8221;3289&#8243; img_size=&#8221;large&#8221; alignment=&#8221;right&#8221;][\/vc_column_inner][vc_column_inner width=&#8221;1\/2&#8243;][vc_single_image image=&#8221;3287&#8243; img_size=&#8221;large&#8221;][\/vc_column_inner][\/vc_row_inner][\/vc_column][\/vc_row][vc_row el_id=&#8221;ricercaesviluppo&#8221;][vc_column width=&#8221;1\/2&#8243;]            <div class=\"skill-text\">\n                <h2>Forschung und Entwicklung<\/h2>\n                <p><\/p>\n            <\/div>\n    [vc_empty_space][vc_column_text css_animation=&#8221;fadeIn&#8221;]Die <strong>Erforschung<\/strong> und Entwicklung neuer Produkte und Prozesse ist f\u00fcr uns heute ein Grundpfeiler unseres Unternehmens.<\/p>\n<p>Dank einer <strong>Partnerschaft<\/strong> mit der Fakult\u00e4t f\u00fcr <strong>Ingenieurwissenschaften<\/strong> haben wir junge Absolventen des <strong>Maschinenbaus<\/strong> miteinbezogen , die eine experimentelle Arbeit vorbereitet haben. Wir haben unser <strong>Know-how<\/strong> und unsere Labore zur Verf\u00fcgung gestellt und sie haben uns die Ergebnisse ihrer <strong>Experimente<\/strong> mitgeteilt.<\/p>\n<p class=\"p2\" style=\"text-align: justify;\">Dank einer dieser wertvollen <strong>Kollaborationen<\/strong> haben wir zum Beispiel eine <strong>neue<\/strong> Linie von <strong>verschlei\u00dffesteren<\/strong> <strong>Produkten<\/strong> eingefuehrt.<\/p>\n<p>[\/vc_column_text][\/vc_column][vc_column width=&#8221;1\/2&#8243;][vc_empty_space][vc_single_image image=&#8221;3293&#8243; img_size=&#8221;large&#8221; alignment=&#8221;center&#8221;][\/vc_column][\/vc_row]<\/p>\n<\/div>","protected":false},"excerpt":{"rendered":"<p>[vc_row][vc_column][vc_column_text] [\/vc_column_text][\/vc_column][\/vc_row][vc_row el_id=&#8221;macchinari&#8221;][vc_column width=&#8221;5\/12&#8243;][vc_empty_space][vc_column_text css_animation=&#8221;fadeIn&#8221;] Nashira Hard Metals verwendet die neueste Generation computergesteuerter (CNC) Maschinen und eine CAD \/ CAM-Station f\u00fcr Maschinenprogrammierung und Kundenunterst\u00fctzung bei der Konstruktion von Teilen. Ein gut ausger\u00fcstetes Labor erm\u00f6glicht es uns, eine konstante Qualit\u00e4t und eine angemessene Kontrolle von Produkt und Prozess zu gew\u00e4hrleisten. [\/vc_column_text][\/vc_column][vc_column width=&#8221;2\/12&#8243;][\/vc_column][vc_column width=&#8221;5\/12&#8243; el_class=&#8221;video-area&#8221;][\/vc_column][\/vc_row][vc_row el_id=&#8221;innovazione&#8221;][vc_column][vc_empty_space][\/vc_column][\/vc_row][vc_row][vc_column width=&#8221;1\/2&#8243;][vc_column_text [&hellip;]<\/p>\n","protected":false},"author":2,"featured_media":3465,"parent":0,"menu_order":0,"comment_status":"closed","ping_status":"closed","template":"Full-width.php","meta":{"footnotes":""},"yoast_head":"<!-- This site is optimized with the Yoast SEO Premium plugin v23.8 (Yoast SEO v24.5) - https:\/\/yoast.com\/wordpress\/plugins\/seo\/ -->\n<title>Technologie - Nashira Hardmetals srl - Produttore Metallo Duro.<\/title>\n<meta name=\"robots\" content=\"index, follow, max-snippet:-1, max-image-preview:large, max-video-preview:-1\" \/>\n<link rel=\"canonical\" href=\"https:\/\/www.nashira-hm.it\/de\/technologie\/\" \/>\n<meta property=\"og:locale\" content=\"de_DE\" \/>\n<meta property=\"og:type\" content=\"article\" \/>\n<meta property=\"og:title\" content=\"Technologie\" \/>\n<meta property=\"og:description\" content=\"[vc_row][vc_column][vc_column_text] [\/vc_column_text][\/vc_column][\/vc_row][vc_row el_id=&#8221;macchinari&#8221;][vc_column width=&#8221;5\/12&#8243;][vc_empty_space][vc_column_text css_animation=&#8221;fadeIn&#8221;] Nashira Hard Metals verwendet die neueste Generation computergesteuerter (CNC) Maschinen und eine CAD \/ CAM-Station f\u00fcr Maschinenprogrammierung und Kundenunterst\u00fctzung bei der Konstruktion von Teilen. Ein gut ausger\u00fcstetes Labor erm\u00f6glicht es uns, eine konstante Qualit\u00e4t und eine angemessene Kontrolle von Produkt und Prozess zu gew\u00e4hrleisten. [\/vc_column_text][\/vc_column][vc_column width=&#8221;2\/12&#8243;][\/vc_column][vc_column width=&#8221;5\/12&#8243; el_class=&#8221;video-area&#8221;][\/vc_column][\/vc_row][vc_row el_id=&#8221;innovazione&#8221;][vc_column][vc_empty_space][\/vc_column][\/vc_row][vc_row][vc_column width=&#8221;1\/2&#8243;][vc_column_text [&hellip;]\" \/>\n<meta property=\"og:url\" content=\"https:\/\/www.nashira-hm.it\/de\/technologie\/\" \/>\n<meta property=\"og:site_name\" content=\"Nashira Hardmetals srl - Produttore Metallo Duro.\" \/>\n<meta property=\"article:publisher\" content=\"https:\/\/www.facebook.com\/NashiraHardmetals\/\" \/>\n<meta property=\"article:modified_time\" content=\"2021-01-18T12:22:52+00:00\" \/>\n<meta name=\"twitter:card\" content=\"summary_large_image\" \/>\n<meta name=\"twitter:label1\" content=\"Gesch\u00e4tzte Lesezeit\" \/>\n\t<meta name=\"twitter:data1\" content=\"1\u00a0Minute\" \/>\n<script type=\"application\/ld+json\" class=\"yoast-schema-graph\">{\"@context\":\"https:\/\/schema.org\",\"@graph\":[{\"@type\":\"WebPage\",\"@id\":\"https:\/\/www.nashira-hm.it\/de\/technologie\/\",\"url\":\"https:\/\/www.nashira-hm.it\/de\/technologie\/\",\"name\":\"Technologie - Nashira Hardmetals srl - Produttore Metallo Duro.\",\"isPartOf\":{\"@id\":\"https:\/\/www.nashira-hm.it\/#website\"},\"primaryImageOfPage\":{\"@id\":\"https:\/\/www.nashira-hm.it\/de\/technologie\/#primaryimage\"},\"image\":{\"@id\":\"https:\/\/www.nashira-hm.it\/de\/technologie\/#primaryimage\"},\"thumbnailUrl\":\"https:\/\/www.nashira-hm.it\/wp-content\/uploads\/2017\/06\/forno-1.jpg\",\"datePublished\":\"2017-08-07T10:09:41+00:00\",\"dateModified\":\"2021-01-18T12:22:52+00:00\",\"breadcrumb\":{\"@id\":\"https:\/\/www.nashira-hm.it\/de\/technologie\/#breadcrumb\"},\"inLanguage\":\"de\",\"potentialAction\":[{\"@type\":\"ReadAction\",\"target\":[\"https:\/\/www.nashira-hm.it\/de\/technologie\/\"]}]},{\"@type\":\"ImageObject\",\"inLanguage\":\"de\",\"@id\":\"https:\/\/www.nashira-hm.it\/de\/technologie\/#primaryimage\",\"url\":\"https:\/\/www.nashira-hm.it\/wp-content\/uploads\/2017\/06\/forno-1.jpg\",\"contentUrl\":\"https:\/\/www.nashira-hm.it\/wp-content\/uploads\/2017\/06\/forno-1.jpg\",\"width\":1000,\"height\":667,\"caption\":\"Hochdrucksinterofen\"},{\"@type\":\"BreadcrumbList\",\"@id\":\"https:\/\/www.nashira-hm.it\/de\/technologie\/#breadcrumb\",\"itemListElement\":[{\"@type\":\"ListItem\",\"position\":1,\"name\":\"Home\",\"item\":\"https:\/\/www.nashira-hm.it\/de\/\"},{\"@type\":\"ListItem\",\"position\":2,\"name\":\"Technologie\"}]},{\"@type\":\"WebSite\",\"@id\":\"https:\/\/www.nashira-hm.it\/#website\",\"url\":\"https:\/\/www.nashira-hm.it\/\",\"name\":\"Nashira Hardmetals srl - Produttore Metallo Duro\",\"description\":\"L&#039;arte del metallo duro\",\"publisher\":{\"@id\":\"https:\/\/www.nashira-hm.it\/#organization\"},\"potentialAction\":[{\"@type\":\"SearchAction\",\"target\":{\"@type\":\"EntryPoint\",\"urlTemplate\":\"https:\/\/www.nashira-hm.it\/?s={search_term_string}\"},\"query-input\":{\"@type\":\"PropertyValueSpecification\",\"valueRequired\":true,\"valueName\":\"search_term_string\"}}],\"inLanguage\":\"de\"},{\"@type\":\"Organization\",\"@id\":\"https:\/\/www.nashira-hm.it\/#organization\",\"name\":\"Nashira Hardmetals\",\"url\":\"https:\/\/www.nashira-hm.it\/\",\"logo\":{\"@type\":\"ImageObject\",\"inLanguage\":\"de\",\"@id\":\"https:\/\/www.nashira-hm.it\/#\/schema\/logo\/image\/\",\"url\":\"https:\/\/www.nashira-hm.it\/wp-content\/uploads\/2018\/01\/logo-nashira-positivo.png\",\"contentUrl\":\"https:\/\/www.nashira-hm.it\/wp-content\/uploads\/2018\/01\/logo-nashira-positivo.png\",\"width\":204,\"height\":70,\"caption\":\"Nashira Hardmetals\"},\"image\":{\"@id\":\"https:\/\/www.nashira-hm.it\/#\/schema\/logo\/image\/\"},\"sameAs\":[\"https:\/\/www.facebook.com\/NashiraHardmetals\/\",\"https:\/\/www.linkedin.com\/company\/nashira-hardmetals\/\"]}]}<\/script>\n<!-- \/ Yoast SEO Premium plugin. -->","yoast_head_json":{"title":"Technologie - Nashira Hardmetals srl - Produttore Metallo Duro.","robots":{"index":"index","follow":"follow","max-snippet":"max-snippet:-1","max-image-preview":"max-image-preview:large","max-video-preview":"max-video-preview:-1"},"canonical":"https:\/\/www.nashira-hm.it\/de\/technologie\/","og_locale":"de_DE","og_type":"article","og_title":"Technologie","og_description":"[vc_row][vc_column][vc_column_text] [\/vc_column_text][\/vc_column][\/vc_row][vc_row el_id=&#8221;macchinari&#8221;][vc_column width=&#8221;5\/12&#8243;][vc_empty_space][vc_column_text css_animation=&#8221;fadeIn&#8221;] Nashira Hard Metals verwendet die neueste Generation computergesteuerter (CNC) Maschinen und eine CAD \/ CAM-Station f\u00fcr Maschinenprogrammierung und Kundenunterst\u00fctzung bei der Konstruktion von Teilen. Ein gut ausger\u00fcstetes Labor erm\u00f6glicht es uns, eine konstante Qualit\u00e4t und eine angemessene Kontrolle von Produkt und Prozess zu gew\u00e4hrleisten. [\/vc_column_text][\/vc_column][vc_column width=&#8221;2\/12&#8243;][\/vc_column][vc_column width=&#8221;5\/12&#8243; el_class=&#8221;video-area&#8221;][\/vc_column][\/vc_row][vc_row el_id=&#8221;innovazione&#8221;][vc_column][vc_empty_space][\/vc_column][\/vc_row][vc_row][vc_column width=&#8221;1\/2&#8243;][vc_column_text [&hellip;]","og_url":"https:\/\/www.nashira-hm.it\/de\/technologie\/","og_site_name":"Nashira Hardmetals srl - Produttore Metallo Duro.","article_publisher":"https:\/\/www.facebook.com\/NashiraHardmetals\/","article_modified_time":"2021-01-18T12:22:52+00:00","twitter_card":"summary_large_image","twitter_misc":{"Gesch\u00e4tzte Lesezeit":"1\u00a0Minute"},"schema":{"@context":"https:\/\/schema.org","@graph":[{"@type":"WebPage","@id":"https:\/\/www.nashira-hm.it\/de\/technologie\/","url":"https:\/\/www.nashira-hm.it\/de\/technologie\/","name":"Technologie - Nashira Hardmetals srl - Produttore Metallo Duro.","isPartOf":{"@id":"https:\/\/www.nashira-hm.it\/#website"},"primaryImageOfPage":{"@id":"https:\/\/www.nashira-hm.it\/de\/technologie\/#primaryimage"},"image":{"@id":"https:\/\/www.nashira-hm.it\/de\/technologie\/#primaryimage"},"thumbnailUrl":"https:\/\/www.nashira-hm.it\/wp-content\/uploads\/2017\/06\/forno-1.jpg","datePublished":"2017-08-07T10:09:41+00:00","dateModified":"2021-01-18T12:22:52+00:00","breadcrumb":{"@id":"https:\/\/www.nashira-hm.it\/de\/technologie\/#breadcrumb"},"inLanguage":"de","potentialAction":[{"@type":"ReadAction","target":["https:\/\/www.nashira-hm.it\/de\/technologie\/"]}]},{"@type":"ImageObject","inLanguage":"de","@id":"https:\/\/www.nashira-hm.it\/de\/technologie\/#primaryimage","url":"https:\/\/www.nashira-hm.it\/wp-content\/uploads\/2017\/06\/forno-1.jpg","contentUrl":"https:\/\/www.nashira-hm.it\/wp-content\/uploads\/2017\/06\/forno-1.jpg","width":1000,"height":667,"caption":"Hochdrucksinterofen"},{"@type":"BreadcrumbList","@id":"https:\/\/www.nashira-hm.it\/de\/technologie\/#breadcrumb","itemListElement":[{"@type":"ListItem","position":1,"name":"Home","item":"https:\/\/www.nashira-hm.it\/de\/"},{"@type":"ListItem","position":2,"name":"Technologie"}]},{"@type":"WebSite","@id":"https:\/\/www.nashira-hm.it\/#website","url":"https:\/\/www.nashira-hm.it\/","name":"Nashira Hardmetals srl - Produttore Metallo Duro","description":"L&#039;arte del metallo duro","publisher":{"@id":"https:\/\/www.nashira-hm.it\/#organization"},"potentialAction":[{"@type":"SearchAction","target":{"@type":"EntryPoint","urlTemplate":"https:\/\/www.nashira-hm.it\/?s={search_term_string}"},"query-input":{"@type":"PropertyValueSpecification","valueRequired":true,"valueName":"search_term_string"}}],"inLanguage":"de"},{"@type":"Organization","@id":"https:\/\/www.nashira-hm.it\/#organization","name":"Nashira Hardmetals","url":"https:\/\/www.nashira-hm.it\/","logo":{"@type":"ImageObject","inLanguage":"de","@id":"https:\/\/www.nashira-hm.it\/#\/schema\/logo\/image\/","url":"https:\/\/www.nashira-hm.it\/wp-content\/uploads\/2018\/01\/logo-nashira-positivo.png","contentUrl":"https:\/\/www.nashira-hm.it\/wp-content\/uploads\/2018\/01\/logo-nashira-positivo.png","width":204,"height":70,"caption":"Nashira Hardmetals"},"image":{"@id":"https:\/\/www.nashira-hm.it\/#\/schema\/logo\/image\/"},"sameAs":["https:\/\/www.facebook.com\/NashiraHardmetals\/","https:\/\/www.linkedin.com\/company\/nashira-hardmetals\/"]}]}},"_links":{"self":[{"href":"https:\/\/www.nashira-hm.it\/de\/wp-json\/wp\/v2\/pages\/1275"}],"collection":[{"href":"https:\/\/www.nashira-hm.it\/de\/wp-json\/wp\/v2\/pages"}],"about":[{"href":"https:\/\/www.nashira-hm.it\/de\/wp-json\/wp\/v2\/types\/page"}],"author":[{"embeddable":true,"href":"https:\/\/www.nashira-hm.it\/de\/wp-json\/wp\/v2\/users\/2"}],"replies":[{"embeddable":true,"href":"https:\/\/www.nashira-hm.it\/de\/wp-json\/wp\/v2\/comments?post=1275"}],"version-history":[{"count":2,"href":"https:\/\/www.nashira-hm.it\/de\/wp-json\/wp\/v2\/pages\/1275\/revisions"}],"predecessor-version":[{"id":10474,"href":"https:\/\/www.nashira-hm.it\/de\/wp-json\/wp\/v2\/pages\/1275\/revisions\/10474"}],"wp:featuredmedia":[{"embeddable":true,"href":"https:\/\/www.nashira-hm.it\/de\/wp-json\/wp\/v2\/media\/3465"}],"wp:attachment":[{"href":"https:\/\/www.nashira-hm.it\/de\/wp-json\/wp\/v2\/media?parent=1275"}],"curies":[{"name":"wp","href":"https:\/\/api.w.org\/{rel}","templated":true}]}}