{"id":10921,"date":"2017-08-07T12:10:02","date_gmt":"2017-08-07T10:10:02","guid":{"rendered":"https:\/\/www.nashira-hm.it\/products\/"},"modified":"2021-01-29T17:52:27","modified_gmt":"2021-01-29T16:52:27","slug":"produkte","status":"publish","type":"page","link":"https:\/\/www.nashira-hm.it\/de\/produkte\/","title":{"rendered":"Produkte"},"content":{"rendered":"<div class=\"wpb-content-wrapper\"><p>[vc_row el_id=&#8221;superfici&#8221;][vc_column][vc_empty_space height=&#8221;60px&#8221;]            <div class=\"skill-text\">\n                <h2>Oberfl\u00e4chen<\/h2>\n                <p><\/p>\n            <\/div>\n    [vc_column_text]Die Welt des <strong>Sandstrahlens und der Oberfl\u00e4chenbehandlung<\/strong> erfordert Produktivit\u00e4t und hohe Standards.[\/vc_column_text][vc_empty_space][\/vc_column][\/vc_row][vc_row][vc_column][vc_gallery interval=&#8221;3&#8243; images=&#8221;3361,2740,3363,3365,874,3367,3368,3369,3371,3373,3375,3377,3379,3381&#8243; img_size=&#8221;1024&#8243;][vc_column_text css_animation=&#8221;fadeIn&#8221;]Unsere Kunden wissen, dass sie sich bei der L\u00f6sung von Verschlei\u00dfproblemen auf Nashira-Hartmetalld\u00fcsen verlassen k\u00f6nnen.<br \/>\nUnsere speziellen hochfesten <strong>Hartmetall &#8211; Qualit\u00e4ten<\/strong> sind ein Benchmark in der Branche. Das Produktionsspektrum reicht von den g\u00e4ngigsten D\u00fcsen \u00fcber die Venturi-D\u00fcsen bis hin zu speziellen D\u00fcsen nach Kundenwunsch. Dar\u00fcber hinaus werden Platten und Verschlei\u00dfteile angeboten, um die Teile von Maschinen zu sch\u00fctzen, die einem Verschlei\u00df ausgesetzt sind.[\/vc_column_text][vc_btn title=&#8221;Anfrage Informationen&#8221; style=&#8221;custom&#8221; custom_background=&#8221;#f7a600&#8243; custom_text=&#8221;#ffffff&#8221; shape=&#8221;square&#8221; css_animation=&#8221;fadeIn&#8221; link=&#8221;url:https%3A%2F%2Fwww.nashira-hm.it%2Fde%2Fkontakt%2F|title:Contact&#8221;][\/vc_column][\/vc_row][vc_row el_id=&#8221;meccanica&#8221;][vc_column][vc_empty_space height=&#8221;60px&#8221;]            <div class=\"skill-text\">\n                <h2>Mechanik<\/h2>\n                <p><\/p>\n            <\/div>\n    [vc_column_text]In der\u00a0<strong>mechanischen Industrie\u00a0<\/strong><strong>w\u00e4chst<\/strong>\u00a0die Bedeutung von Hartmetallkomponenten\u00a0<strong>stetig<\/strong>\u00a0.<\/p>\n<p>Die Hauptanwendungen von Sinterbauteilen in Europa betreffen Bauteile im Automobilsektor.<\/p>\n<p><strong>Hartmetallkomponenten<\/strong>\u00a0zur\u00a0Verbesserung der Produktivit\u00e4t von Anwendungen f\u00fcr die\u00a0<strong>Metallzerspanung<\/strong>\u00a0,\u00a0<strong>Ger\u00e4te im\u00a0\u00a0<\/strong><strong>Bergbau, Mineral, Bauwesen, Landwirtschaft,\u00a0<\/strong><strong>Nahrungsmittelproduktion\u00a0, Textilindustrie<\/strong>\u00a0, um\u00a0nur einige zu nennen.[\/vc_column_text][vc_empty_space][\/vc_column][\/vc_row][vc_row][vc_column][vc_gallery interval=&#8221;3&#8243; images=&#8221;3331,3335,3337,3339,3341,3343,3345,3347,3349,3351,3353,3387,2668,3383,3385&#8243; img_size=&#8221;large&#8221;][vc_column_text css_animation=&#8221;fadeIn&#8221;]<\/p>\n<p class=\"p1\" align=\"justify\"><span class=\"s1\">Nashira Hard Metals ist dank einer sehr hochwertigen Produktion in der Lage, alle Probleme im Zusammenhang mit Verschlei\u00df und Best\u00e4ndigkeit kritischer Teile in Hartmetallwerkzeugen zu l\u00f6sen.\u00a0<\/span><br \/>\n<span class=\"s1\">Zu unseren meistverkauften Produkten geh\u00f6ren:<\/span><\/p>\n<ul>\n<li class=\"p1\"><span class=\"s1\">Karbid\u00a0<strong>Buchsen<\/strong>\u00a0und\u00a0<strong>Muttern<\/strong>\u00a0zum Verschrauben und Ziehen von Metallen mit Hartmetallqualit\u00e4ten;<\/span><\/li>\n<li class=\"p1\"><span class=\"s1\">Roh- und Boden\u00a0<strong>Hartmetallstangen<\/strong>\u00a0und\u00a0<strong>Zylinder<\/strong>\u00a0;<\/span><\/li>\n<li class=\"p1\"><span class=\"s1\"><strong>Rohlinge<\/strong>\u00a0f\u00fcr Hartmetallwerkzeuge und\u00a0<strong>Rohlingeins\u00e4tze<\/strong>\u00a0;<\/span><\/li>\n<li class=\"p1\"><span class=\"s1\"><strong>Widia-Eins\u00e4tze<\/strong>\u00a0\u00a0und\u00a0\u00a0<a href=\"https:\/\/ctuynli42z2i23vvxnc3nlgtfu--www-nashira-hm-it.translate.goog\/widia\"><strong>Widia-Platten<\/strong><\/a>\u00a0;<\/span><\/li>\n<li class=\"p1\"><span class=\"s1\"><strong>Hartmetallst\u00e4be<\/strong>\u00a0;<\/span><\/li>\n<li class=\"p1\"><span class=\"s1\"><strong>Scheiben<\/strong>\u00a0f\u00fcr Rundschneider;<\/span><\/li>\n<li class=\"p1\"><span class=\"s1\"><strong>Platten<\/strong>\u00a0f\u00fcr Reibahlen;<\/span><\/li>\n<li class=\"p1\"><span class=\"s1\">Hartmetalldrahtf\u00fchrungen;<\/span><\/li>\n<li class=\"p1\"><span class=\"s1\"><strong>Hartmetalleins\u00e4tze<\/strong>\u00a0;<\/span><\/li>\n<li class=\"p1\"><span class=\"s1\"><strong>Rollen<\/strong>\u00a0und\u00a0<strong>Ringe<\/strong>\u00a0.\u00a0<\/span><\/li>\n<\/ul>\n<p><span class=\"s1\">Dies sind nur einige Beispiele f\u00fcr unser breites Spektrum an Hartmetallproduktionen, die auf die spezifischen Bed\u00fcrfnisse unserer Kunden zugeschnitten sind.<\/span>[\/vc_column_text][vc_btn title=&#8221;Anfrage Informationen&#8221; style=&#8221;custom&#8221; custom_background=&#8221;#f7a600&#8243; custom_text=&#8221;#ffffff&#8221; shape=&#8221;square&#8221; css_animation=&#8221;fadeIn&#8221; link=&#8221;url:https%3A%2F%2Fwww.nashira-hm.it%2Fde%2Fkontakt%2F|title:Contact&#8221;][\/vc_column][\/vc_row][vc_row el_id=&#8221;pietra&#8221;][vc_column][vc_empty_space height=&#8221;60px&#8221;]            <div class=\"skill-text\">\n                <h2>Stein<\/h2>\n                <p><\/p>\n            <\/div>\n    [vc_column_text]<\/p>\n<h4>S<strong>ector Bergbau<\/strong><\/h4>\n<p>Im Bergbausektor macht Hartmetall den L\u00f6wenanteil aus. Alle Maschinen, die\u00a0<strong>Steine<\/strong>\u00a0graben\u00a0<strong>,<\/strong>\u00a0verwenden Hartmetall.\u00a0Die Tunnel sind mit Spikes aus diesem Material perforiert.\u00a0Zum Beispiel die Ausgrabung des Kanaltunnels zwischen Frankreich und England.[\/vc_column_text][vc_empty_space][\/vc_column][\/vc_row][vc_row][vc_column][vc_gallery interval=&#8221;3&#8243; images=&#8221;2974,2988,2986,2984,2982,2980,2978,2976,2990,2992,2972&#8243; img_size=&#8221;large&#8221;][vc_column_text css_animation=&#8221;fadeIn&#8221;]<\/p>\n<p class=\"p1\" align=\"justify\"><span class=\"s1\">Die im Laufe der Jahre im Bergbau- und Steinverarbeitungssektor gesammelten Erfahrungen haben es uns erm\u00f6glicht, bestimmte Hartmetallsorten zu entwickeln, mit denen wir verschiedene Arten der Verarbeitung\u00a0<strong>(Rotation<\/strong>\u00a0,\u00a0<strong>Percussion<\/strong>\u00a0,\u00a0<strong>Roto-Percussion<\/strong>\u00a0,\u00a0<strong>Abrieb<\/strong>\u00a0usw.\u00a0<strong>)<\/strong>\u00a0problemlos abdecken\u00a0k\u00f6nnen Gesteinsarten und B\u00f6den:\u00a0<strong>(Sandstein<\/strong>\u00a0,\u00a0<strong>Beton<\/strong>\u00a0,\u00a0<strong>Tuff<\/strong>\u00a0,\u00a0<strong>Quarzit,\u00a0<\/strong><strong>Porphyr<\/strong>\u00a0,\u00a0<a href=\"https:\/\/translate.google.com\/website?sl=it&amp;tl=de&amp;u=https:\/\/it.wikipedia.org\/wiki\/Basalto\"><strong>Lavastein<\/strong><\/a>\u00a0,\u00a0<strong>Marmor<\/strong>\u00a0usw.\u00a0<strong>)<\/strong>\u00a0.<\/span><\/p>\n<p class=\"p1\"><span class=\"s1\">Wir produzieren alle Arten von Widia-Platten sowohl zum L\u00f6ten als auch zur mechanischen Befestigung, wie zum Beispiel:<br \/>\n<\/span><\/p>\n<ul>\n<li class=\"p1\"><span class=\"s1\"><strong>Prismen<\/strong>\u00a0f\u00fcr Sondenkronen<\/span><\/li>\n<li class=\"p1\"><span class=\"s1\"><strong>Kn\u00f6pfe<\/strong>\u00a0und\u00a0<strong>Platten<\/strong>\u00a0zum Bohren von Werkzeugen<\/span><\/li>\n<li class=\"p1\"><span class=\"s1\"><strong>Eins\u00e4tze<\/strong>\u00a0f\u00fcr Kettens\u00e4gen<\/span><\/li>\n<li class=\"p1\"><span class=\"s1\"><strong>Z\u00e4hne<\/strong>\u00a0f\u00fcr Kreiss\u00e4gen<\/span><\/li>\n<li class=\"p1\"><span class=\"s1\"><strong>Details<\/strong>\u00a0zum Zeichnen etc.<\/span><\/li>\n<\/ul>\n<p>[\/vc_column_text][vc_btn title=&#8221;Anfrage Informationen&#8221; style=&#8221;custom&#8221; custom_background=&#8221;#f7a600&#8243; custom_text=&#8221;#ffffff&#8221; shape=&#8221;square&#8221; css_animation=&#8221;fadeIn&#8221; link=&#8221;url:https%3A%2F%2Fwww.nashira-hm.it%2Fde%2Fkontakt%2F|title:Contact&#8221;][\/vc_column][\/vc_row][vc_row el_id=&#8221;legno&#8221;][vc_column][vc_empty_space height=&#8221;60px&#8221;]            <div class=\"skill-text\">\n                <h2>Holz \/ Papier<\/h2>\n                <p><\/p>\n            <\/div>\n    [vc_column_text]<\/p>\n<div class=\"wpb_text_column wpb_content_element \">\n<div class=\"wpb_wrapper\">\n<p>Das\u00a0<strong>Hartmetall<\/strong>\u00a0bietet einen besseren Qualit\u00e4t Werkzeuge Hersteller ohne\u00a0<strong>Reduzierung<\/strong>\u00a0des\u00a0<strong>L\u00f6tens<\/strong>\u00a0und\u00a0<strong>Schleifeigenschaften<\/strong>.<\/p>\n<p>F\u00fcr den\u00a0<strong>Holzschneidebereich<\/strong>\u00a0wurden umfangreiche Untersuchungen zu den verschiedenen Eigenschaften von Kreiss\u00e4gen durchgef\u00fchrt.\u00a0Durch\u00a0<strong>die Einf\u00fchrung<\/strong>\u00a0von\u00a0<strong>Korrosionsschutz Substanzen , die\u00a0es<\/strong>\u00a0\u00a0m\u00f6glich war ,\u00a0zu schaffen\u00a0<strong>Materialien<\/strong>\u00a0mit\u00a0<strong>sehr hohen Leistung\u00a0<\/strong>\u00a0in jedem Zustand.<\/p>\n<\/div>\n<\/div>\n<p>[\/vc_column_text][vc_empty_space][\/vc_column][\/vc_row][vc_row][vc_column][vc_gallery interval=&#8221;3&#8243; images=&#8221;2952,2954,2956,2958,2962,2960,2964,2966,2968,3325,2970,2950&#8243; img_size=&#8221;large&#8221;][vc_column_text css_animation=&#8221;fadeIn&#8221;]<\/p>\n<p class=\"p2\"><span class=\"s1\">Die in diesem Bereich gesammelten Erfahrungen erm\u00f6glichen es uns, die\u00a0<\/span><span class=\"s1\">typischen\u00a0<\/span><span class=\"s1\">Probleme im\u00a0<\/span><span class=\"s1\">Zusammenhang mit Verschlei\u00df und Abriebfestigkeit\u00a0<\/span><span class=\"s1\">zu l\u00f6sen\u00a0\u00a0<\/span><span class=\"s1\">.\u00a0Im Bereich der Holzbearbeitung stellen wir Profiliermesser und Hobelmesser in verschiedenen Systemen her:<\/span><\/p>\n<ul>\n<li class=\"p2\"><span class=\"s1\"><strong>Tersa<\/strong>\u00a0;<\/span><\/li>\n<li class=\"p2\"><span class=\"s1\"><strong>Plannex<\/strong>;<\/span><\/li>\n<li class=\"p2\"><span class=\"s1\"><strong>Buldozer<\/strong>;<\/span><\/li>\n<li class=\"p2\"><span class=\"s1\"><strong>Variplan<\/strong>;<\/span><\/li>\n<li class=\"p2\"><span class=\"s1\">Spezielle\u00a0<strong>Z\u00e4hne<\/strong>\u00a0und\u00a0<strong>Platten<\/strong>\u00a0sowie\u00a0<strong>Zylinder<\/strong>\u00a0<\/span>\u00a0und<strong> Stangen<\/strong>.<\/li>\n<\/ul>\n<p><span class=\"s1\">Die f\u00fcr diese Anwendung angebotenen Hartmetallsorten reichen von\u00a0<strong>K05<\/strong>\u00a0bis\u00a0<strong>K30<\/strong>\u00a0<\/span>\u00a0und decken alle Arten der Bearbeitung f\u00fcr verschiedene H\u00f6lzer ab.[\/vc_column_text][vc_btn title=&#8221;Anfrage Informationen&#8221; style=&#8221;custom&#8221; custom_background=&#8221;#f7a600&#8243; custom_text=&#8221;#ffffff&#8221; shape=&#8221;square&#8221; css_animation=&#8221;fadeIn&#8221; link=&#8221;url:https%3A%2F%2Fwww.nashira-hm.it%2Fde%2Fkontakt%2F|title:Contact&#8221;][\/vc_column][\/vc_row][vc_row el_id=&#8221;prodottirettificati&#8221;][vc_column][vc_empty_space height=&#8221;60px&#8221;]            <div class=\"skill-text\">\n                <h2>Korrigierte Produkte<\/h2>\n                <p><\/p>\n            <\/div>\n    [vc_column_text css_animation=&#8221;fadeIn&#8221;]<\/p>\n<div class=\"wpb_text_column wpb_content_element wpb_animate_when_almost_visible wpb_fadeIn fadeIn wpb_start_animation animated\">\n<div class=\"wpb_wrapper\">\n<p>Das\u00a0<strong>Hartmetall<\/strong>\u00a0kann fertiggestellt werden, um die gew\u00fcnschte Form, Gr\u00f6\u00dfe und Oberfl\u00e4che durch\u00a0<strong>Schleifen mit Diamantscheiben<\/strong>\u00a0\u00a0zum\u00a0<strong>Schleifen<\/strong>\u00a0oder Diamantpasten zum Polieren zu erhalten.<\/p>\n<\/div>\n<\/div>\n<p>[\/vc_column_text][vc_empty_space][\/vc_column][\/vc_row][vc_row][vc_column][vc_gallery interval=&#8221;3&#8243; images=&#8221;3327,3329,3333,3355,3357,3359,3317,760&#8243; img_size=&#8221;large&#8221;][vc_column_text css_animation=&#8221;fadeIn&#8221;]<\/p>\n<p class=\"p2\">Nach angemessenen Investitionen in moderne Maschinen und qualifiziertes Personal bietet Nashira nun auch den Schleifservice von Hartmetall an, das sowohl rund als auch eben mit Toleranzen von\u00a0<strong>+\/- 0,005 mm hergestellt wird<\/strong>.<\/p>\n<p>[\/vc_column_text][vc_btn title=&#8221;Anfrage Informationen&#8221; style=&#8221;custom&#8221; custom_background=&#8221;#f7a600&#8243; custom_text=&#8221;#ffffff&#8221; shape=&#8221;square&#8221; css_animation=&#8221;fadeIn&#8221; link=&#8221;url:https%3A%2F%2Fwww.nashira-hm.it%2Fde%2Fkontakt%2F|title:Contact&#8221;][\/vc_column][\/vc_row]<\/p>\n<\/div>","protected":false},"excerpt":{"rendered":"<p>[vc_row el_id=&#8221;superfici&#8221;][vc_column][vc_empty_space height=&#8221;60px&#8221;][vc_column_text]Die Welt des Sandstrahlens und der Oberfl\u00e4chenbehandlung erfordert Produktivit\u00e4t und hohe Standards.[\/vc_column_text][vc_empty_space][\/vc_column][\/vc_row][vc_row][vc_column][vc_gallery interval=&#8221;3&#8243; images=&#8221;3361,2740,3363,3365,874,3367,3368,3369,3371,3373,3375,3377,3379,3381&#8243; img_size=&#8221;1024&#8243;][vc_column_text css_animation=&#8221;fadeIn&#8221;]Unsere Kunden wissen, dass sie sich bei der L\u00f6sung von Verschlei\u00dfproblemen auf Nashira-Hartmetalld\u00fcsen verlassen k\u00f6nnen. Unsere speziellen hochfesten Hartmetall &#8211; Qualit\u00e4ten sind ein Benchmark in der Branche. Das Produktionsspektrum reicht von den g\u00e4ngigsten D\u00fcsen \u00fcber die Venturi-D\u00fcsen bis [&hellip;]<\/p>\n","protected":false},"author":2,"featured_media":0,"parent":0,"menu_order":0,"comment_status":"closed","ping_status":"closed","template":"","meta":{"footnotes":""},"yoast_head":"<!-- This site is optimized with the Yoast SEO Premium plugin v23.8 (Yoast SEO v24.5) - https:\/\/yoast.com\/wordpress\/plugins\/seo\/ -->\n<title>Produkte - Nashira Hardmetals srl - Produttore Metallo Duro.<\/title>\n<meta name=\"description\" content=\"Prodotti - Produttore di metallo duro per i vari settori industriali: trattamento superfici, pietra e settore minerario, legno, lavorazioni meccanica, ecc.\" \/>\n<meta name=\"robots\" content=\"index, follow, max-snippet:-1, max-image-preview:large, max-video-preview:-1\" \/>\n<link rel=\"canonical\" href=\"https:\/\/www.nashira-hm.it\/de\/produkte\/\" \/>\n<meta property=\"og:locale\" content=\"de_DE\" \/>\n<meta property=\"og:type\" content=\"article\" \/>\n<meta property=\"og:title\" content=\"Produkte\" \/>\n<meta property=\"og:description\" content=\"Prodotti - Produttore di metallo duro per i vari settori industriali: trattamento superfici, pietra e settore minerario, legno, lavorazioni meccanica, ecc.\" \/>\n<meta property=\"og:url\" content=\"https:\/\/www.nashira-hm.it\/de\/produkte\/\" \/>\n<meta property=\"og:site_name\" content=\"Nashira Hardmetals srl - Produttore Metallo Duro.\" \/>\n<meta property=\"article:publisher\" content=\"https:\/\/www.facebook.com\/NashiraHardmetals\/\" \/>\n<meta property=\"article:modified_time\" content=\"2021-01-29T16:52:27+00:00\" \/>\n<meta name=\"twitter:card\" content=\"summary_large_image\" \/>\n<meta name=\"twitter:label1\" content=\"Gesch\u00e4tzte Lesezeit\" \/>\n\t<meta name=\"twitter:data1\" content=\"3\u00a0Minuten\" \/>\n<script type=\"application\/ld+json\" class=\"yoast-schema-graph\">{\"@context\":\"https:\/\/schema.org\",\"@graph\":[{\"@type\":\"WebPage\",\"@id\":\"https:\/\/www.nashira-hm.it\/de\/produkte\/\",\"url\":\"https:\/\/www.nashira-hm.it\/de\/produkte\/\",\"name\":\"Produkte - Nashira Hardmetals srl - Produttore Metallo Duro.\",\"isPartOf\":{\"@id\":\"https:\/\/www.nashira-hm.it\/#website\"},\"datePublished\":\"2017-08-07T10:10:02+00:00\",\"dateModified\":\"2021-01-29T16:52:27+00:00\",\"description\":\"Prodotti - Produttore di metallo duro per i vari settori industriali: trattamento superfici, pietra e settore minerario, legno, lavorazioni meccanica, ecc.\",\"breadcrumb\":{\"@id\":\"https:\/\/www.nashira-hm.it\/de\/produkte\/#breadcrumb\"},\"inLanguage\":\"de\",\"potentialAction\":[{\"@type\":\"ReadAction\",\"target\":[\"https:\/\/www.nashira-hm.it\/de\/produkte\/\"]}]},{\"@type\":\"BreadcrumbList\",\"@id\":\"https:\/\/www.nashira-hm.it\/de\/produkte\/#breadcrumb\",\"itemListElement\":[{\"@type\":\"ListItem\",\"position\":1,\"name\":\"Home\",\"item\":\"https:\/\/www.nashira-hm.it\/de\/\"},{\"@type\":\"ListItem\",\"position\":2,\"name\":\"Produkte\"}]},{\"@type\":\"WebSite\",\"@id\":\"https:\/\/www.nashira-hm.it\/#website\",\"url\":\"https:\/\/www.nashira-hm.it\/\",\"name\":\"Nashira Hardmetals srl - Produttore Metallo Duro\",\"description\":\"L&#039;arte del metallo duro\",\"publisher\":{\"@id\":\"https:\/\/www.nashira-hm.it\/#organization\"},\"potentialAction\":[{\"@type\":\"SearchAction\",\"target\":{\"@type\":\"EntryPoint\",\"urlTemplate\":\"https:\/\/www.nashira-hm.it\/?s={search_term_string}\"},\"query-input\":{\"@type\":\"PropertyValueSpecification\",\"valueRequired\":true,\"valueName\":\"search_term_string\"}}],\"inLanguage\":\"de\"},{\"@type\":\"Organization\",\"@id\":\"https:\/\/www.nashira-hm.it\/#organization\",\"name\":\"Nashira Hardmetals\",\"url\":\"https:\/\/www.nashira-hm.it\/\",\"logo\":{\"@type\":\"ImageObject\",\"inLanguage\":\"de\",\"@id\":\"https:\/\/www.nashira-hm.it\/#\/schema\/logo\/image\/\",\"url\":\"https:\/\/www.nashira-hm.it\/wp-content\/uploads\/2018\/01\/logo-nashira-positivo.png\",\"contentUrl\":\"https:\/\/www.nashira-hm.it\/wp-content\/uploads\/2018\/01\/logo-nashira-positivo.png\",\"width\":204,\"height\":70,\"caption\":\"Nashira Hardmetals\"},\"image\":{\"@id\":\"https:\/\/www.nashira-hm.it\/#\/schema\/logo\/image\/\"},\"sameAs\":[\"https:\/\/www.facebook.com\/NashiraHardmetals\/\",\"https:\/\/www.linkedin.com\/company\/nashira-hardmetals\/\"]}]}<\/script>\n<!-- \/ Yoast SEO Premium plugin. -->","yoast_head_json":{"title":"Produkte - Nashira Hardmetals srl - Produttore Metallo Duro.","description":"Prodotti - Produttore di metallo duro per i vari settori industriali: trattamento superfici, pietra e settore minerario, legno, lavorazioni meccanica, ecc.","robots":{"index":"index","follow":"follow","max-snippet":"max-snippet:-1","max-image-preview":"max-image-preview:large","max-video-preview":"max-video-preview:-1"},"canonical":"https:\/\/www.nashira-hm.it\/de\/produkte\/","og_locale":"de_DE","og_type":"article","og_title":"Produkte","og_description":"Prodotti - Produttore di metallo duro per i vari settori industriali: trattamento superfici, pietra e settore minerario, legno, lavorazioni meccanica, ecc.","og_url":"https:\/\/www.nashira-hm.it\/de\/produkte\/","og_site_name":"Nashira Hardmetals srl - Produttore Metallo Duro.","article_publisher":"https:\/\/www.facebook.com\/NashiraHardmetals\/","article_modified_time":"2021-01-29T16:52:27+00:00","twitter_card":"summary_large_image","twitter_misc":{"Gesch\u00e4tzte Lesezeit":"3\u00a0Minuten"},"schema":{"@context":"https:\/\/schema.org","@graph":[{"@type":"WebPage","@id":"https:\/\/www.nashira-hm.it\/de\/produkte\/","url":"https:\/\/www.nashira-hm.it\/de\/produkte\/","name":"Produkte - Nashira Hardmetals srl - Produttore Metallo Duro.","isPartOf":{"@id":"https:\/\/www.nashira-hm.it\/#website"},"datePublished":"2017-08-07T10:10:02+00:00","dateModified":"2021-01-29T16:52:27+00:00","description":"Prodotti - Produttore di metallo duro per i vari settori industriali: trattamento superfici, pietra e settore minerario, legno, lavorazioni meccanica, ecc.","breadcrumb":{"@id":"https:\/\/www.nashira-hm.it\/de\/produkte\/#breadcrumb"},"inLanguage":"de","potentialAction":[{"@type":"ReadAction","target":["https:\/\/www.nashira-hm.it\/de\/produkte\/"]}]},{"@type":"BreadcrumbList","@id":"https:\/\/www.nashira-hm.it\/de\/produkte\/#breadcrumb","itemListElement":[{"@type":"ListItem","position":1,"name":"Home","item":"https:\/\/www.nashira-hm.it\/de\/"},{"@type":"ListItem","position":2,"name":"Produkte"}]},{"@type":"WebSite","@id":"https:\/\/www.nashira-hm.it\/#website","url":"https:\/\/www.nashira-hm.it\/","name":"Nashira Hardmetals srl - Produttore Metallo Duro","description":"L&#039;arte del metallo duro","publisher":{"@id":"https:\/\/www.nashira-hm.it\/#organization"},"potentialAction":[{"@type":"SearchAction","target":{"@type":"EntryPoint","urlTemplate":"https:\/\/www.nashira-hm.it\/?s={search_term_string}"},"query-input":{"@type":"PropertyValueSpecification","valueRequired":true,"valueName":"search_term_string"}}],"inLanguage":"de"},{"@type":"Organization","@id":"https:\/\/www.nashira-hm.it\/#organization","name":"Nashira Hardmetals","url":"https:\/\/www.nashira-hm.it\/","logo":{"@type":"ImageObject","inLanguage":"de","@id":"https:\/\/www.nashira-hm.it\/#\/schema\/logo\/image\/","url":"https:\/\/www.nashira-hm.it\/wp-content\/uploads\/2018\/01\/logo-nashira-positivo.png","contentUrl":"https:\/\/www.nashira-hm.it\/wp-content\/uploads\/2018\/01\/logo-nashira-positivo.png","width":204,"height":70,"caption":"Nashira Hardmetals"},"image":{"@id":"https:\/\/www.nashira-hm.it\/#\/schema\/logo\/image\/"},"sameAs":["https:\/\/www.facebook.com\/NashiraHardmetals\/","https:\/\/www.linkedin.com\/company\/nashira-hardmetals\/"]}]}},"_links":{"self":[{"href":"https:\/\/www.nashira-hm.it\/de\/wp-json\/wp\/v2\/pages\/10921"}],"collection":[{"href":"https:\/\/www.nashira-hm.it\/de\/wp-json\/wp\/v2\/pages"}],"about":[{"href":"https:\/\/www.nashira-hm.it\/de\/wp-json\/wp\/v2\/types\/page"}],"author":[{"embeddable":true,"href":"https:\/\/www.nashira-hm.it\/de\/wp-json\/wp\/v2\/users\/2"}],"replies":[{"embeddable":true,"href":"https:\/\/www.nashira-hm.it\/de\/wp-json\/wp\/v2\/comments?post=10921"}],"version-history":[{"count":3,"href":"https:\/\/www.nashira-hm.it\/de\/wp-json\/wp\/v2\/pages\/10921\/revisions"}],"predecessor-version":[{"id":10926,"href":"https:\/\/www.nashira-hm.it\/de\/wp-json\/wp\/v2\/pages\/10921\/revisions\/10926"}],"wp:attachment":[{"href":"https:\/\/www.nashira-hm.it\/de\/wp-json\/wp\/v2\/media?parent=10921"}],"curies":[{"name":"wp","href":"https:\/\/api.w.org\/{rel}","templated":true}]}}