{"id":10907,"date":"2018-11-13T19:41:59","date_gmt":"2018-11-13T18:41:59","guid":{"rendered":"https:\/\/www.nashira-hm.it\/privacy-policy\/"},"modified":"2021-01-29T15:17:27","modified_gmt":"2021-01-29T14:17:27","slug":"datenschutz-bestimmungen","status":"publish","type":"page","link":"https:\/\/www.nashira-hm.it\/de\/datenschutz-bestimmungen\/","title":{"rendered":"Datenschutz-Bestimmungen"},"content":{"rendered":"<div class=\"wpb-content-wrapper\"><p>[vc_row][vc_column]            <div class=\"skill-text\">\n                <h2>Datenschutz-Bestimmungen<\/h2>\n                <p><\/p>\n            <\/div>\n    [vc_empty_space][\/vc_column][\/vc_row][vc_row][vc_column][vc_column_text css_animation=&#8221;fadeIn&#8221;]Dieses Dokument beschreibt die Verwaltung der Website www.nashira-hm.it (Site) unter Bezugnahme auf die Verarbeitung personenbezogener Daten von Benutzern (&#8220;Benutzer \/ Benutzer&#8221;), die sie konsultieren.<\/p>\n<p>Es handelt sich um eine Informationsmitteilung gem\u00e4\u00df Art.\u00a013 des Gesetzesdekrets Nr.\u00a0196\/2003, sogenannter Kodex zum Schutz personenbezogener Daten (&#8220;Datenschutzkodex&#8221;) und Artikel 13 ff.\u00a0der EU-Verordnung 679\/2016 (&#8220;DSGVO&#8221;) an alle, die die Website besuchen und \/ oder mit Nashira Hardmetals Srl kommunizieren, indem sie die entsprechenden Formulare f\u00fcr die Anforderung von Informationen ausf\u00fcllen, die auf der Website verf\u00fcgbar sind, oder indem sie eine E-Mail an die Website senden E-Mail-Adressen auf der Website.<\/p>\n<p>Die Informationen werden nur f\u00fcr die Website bereitgestellt und nicht f\u00fcr andere Websites, die vom Benutzer \u00fcber Links auf der Website aufgerufen werden k\u00f6nnen.<\/p>\n<p>&nbsp;<\/p>\n<h3><strong>1. Datencontroller<\/strong><\/h3>\n<p>Inhaber der Verarbeitung personenbezogener Daten ist NASHIRA HARDMETALS srl mit Sitz in Limatola (BN) \u00fcber Campitello 13 &#8211; Kappe 82030, Umsatzsteuer-Identifikationsnummer 01563180627 (&#8220;Eigent\u00fcmer&#8221;).<\/p>\n<p>&nbsp;<\/p>\n<h3><strong>2. Arten der verarbeiteten Daten<\/strong><\/h3>\n<h4><strong>2.1 Navigationsdaten<\/strong><\/h4>\n<p>Die zum Betrieb der Site verwendeten Computersysteme und Softwareverfahren erfassen w\u00e4hrend ihres normalen Betriebs einige personenbezogene Daten, deren \u00dcbertragung mit der Verwendung von Internetkommunikationsprotokollen verbunden ist.<\/p>\n<p>Hierbei handelt es sich um Informationen, die nicht gesammelt werden, um mit identifizierten Themen in Verbindung gebracht zu werden, die jedoch aufgrund ihrer Natur die Identifizierung von Benutzern erm\u00f6glichen k\u00f6nnten.<\/p>\n<p>Diese Datenkategorie umfasst (i) die IP-Adressen oder Dom\u00e4nennamen der Computer, die von Benutzern verwendet werden, die eine Verbindung zur Site herstellen, (ii) die URI-Adressen (Uniform Resource Identifier) \u200b\u200bder angeforderten Ressourcen, (iii) den Zeitpunkt von die Anforderung, (iv) die Methode zum Senden der Anforderung an den Server, (v) die Gr\u00f6\u00dfe der als Antwort erhaltenen Datei, (vi) den numerischen Code, der den Status der vom Server gegebenen Antwort angibt (erfolgreich, Fehler) und (vii) andere Parameter, die sich auf das Betriebssystem und die IT-Umgebung des Benutzers beziehen.\u00a0Diese Daten werden nur verwendet, um anonyme statistische Informationen \u00fcber die Nutzung der Website zu erhalten und deren ordnungsgem\u00e4\u00dfe Funktion zu \u00fcberpr\u00fcfen. Sie werden sofort nach der Verarbeitung gel\u00f6scht.<\/p>\n<p>&nbsp;<\/p>\n<h4><strong>2.2 Cookies<\/strong><\/h4>\n<p>F\u00fcr die Verarbeitung von Daten durch Cookies lesen Sie bitte die entsprechenden Richtlinien auf der Website.<\/p>\n<p>&nbsp;<\/p>\n<h4><strong>2.3 Vom Benutzer freiwillig zur Verf\u00fcgung gestellte Daten<\/strong><\/h4>\n<p>Das optionale, explizite und freiwillige Versenden von E-Mails an die auf der Website angegebenen E-Mail-Adressen und \/ oder Informationsanfragen, die \u00fcber die verschiedenen auf der Website selbst vorhandenen Formulare oder wiederum \u00fcber die \u00dcbermittlung ihrer Daten f\u00fcr gesendet werden Das Empfangen von Werbe- und \/ oder informativen Mitteilungsnachrichten oder das Senden Ihrer Bewerbung an offene Stellen umfasst die Erfassung und Verarbeitung dieser Daten und anderer in diesen Mitteilungen enthaltener Informationen durch den Datenverantwortlichen f\u00fcr die im folgenden Absatz angegebenen Zwecke.\u00a03.<\/p>\n<p>&nbsp;<\/p>\n<h3><strong>3. Zweck und Rechtsgrundlage der Verarbeitung<\/strong><\/h3>\n<p>Die Verarbeitung der personenbezogenen Daten des Nutzers durch den Datenverantwortlichen zielt ab auf:<\/p>\n<p>a) gem\u00e4\u00df art.\u00a06.1, lett.\u00a0f) der DSGVO, deren eigenes berechtigtes Interesse darin besteht, die Sicherheit der Website und der auf ihr ausgetauschten Informationen zu gew\u00e4hrleisten, d. h. die F\u00e4higkeit dieser Website, bei einem bestimmten Sicherheitsniveau unvorhergesehenen Ereignissen oder illegalen oder b\u00f6swilligen Handlungen zu widerstehen, die die Verf\u00fcgbarkeit, Authentizit\u00e4t, Integrit\u00e4t und Vertraulichkeit der gespeicherten oder \u00fcbertragenen personenbezogenen Daten sowie die Sicherheit der angebotenen oder zug\u00e4nglichen Dienste gef\u00e4hrden;<\/p>\n<p>b) mit Zustimmung des Nutzers gem\u00e4\u00df Art.\u00a06.1, lett.\u00a0a) der DSGVO Werbemitteilungen und \/ oder informative Newsletter per E-Mail \u00fcber Dienstleistungen in der Zone senden;<\/p>\n<p>c) dem Benutzer gestatten, Informationen \u00fcber die vom Datenverantwortlichen angebotenen Dienste anzufordern, seine Bewerbung f\u00fcr offene Stellen zu senden und den Benutzer gem\u00e4\u00df Art.\u00a06.1, lett.\u00a0b) der DSGVO, jedes angeforderte Feedback und \/ oder Angebot.<\/p>\n<h3><strong>4. Folgen einer m\u00f6glichen Verweigerung der Beantwortung<\/strong><\/h3>\n<p>Abgesehen von dem, was in Bezug auf Navigationsdaten angegeben ist, die erforderlich sind, um die korrekte Funktionalit\u00e4t der Website zu erm\u00f6glichen, auf Cookies, in Bezug auf die Sie bitte die entsprechenden Cookie-Richtlinien lesen, und auf die Daten, die in Informationsanfragen enthalten sind, Benutzer Es steht ihnen frei, ihre pers\u00f6nlichen Daten anzugeben:<\/p>\n<p>(i) per E-Mail Werbemitteilungen und \/ oder informative Newsletter zu Waren und \/ oder Dienstleistungen zu erhalten.<\/p>\n<p>Wenn solche Daten nicht angegeben werden, kann der Benutzer nicht \u00fcber Neuigkeiten und \/ oder Dienste auf dem Laufenden bleiben.<\/p>\n<p>In jedem Fall informiert der f\u00fcr die Verarbeitung Verantwortliche die Nutzer jederzeit \u00fcber das Bestehen des Rechts, die f\u00fcr die Verarbeitung der unter Buchstabe i genannten Daten erteilte Einwilligung zu widerrufen, unbeschadet der Rechtm\u00e4\u00dfigkeit der Verarbeitung aufgrund der Einwilligung vor dem Widerruf gegeben.<\/p>\n<p>&nbsp;<\/p>\n<h3><strong>5. Verarbeitungsmethoden<\/strong><\/h3>\n<p>Personenbezogene Daten werden mit manuellen, computergest\u00fctzten und automatisierten Systemen so lange verarbeitet, bis die Zwecke erreicht sind, f\u00fcr die sie erhoben werden.\u00a0Es wird insbesondere festgelegt, dass die personenbezogenen Daten des Benutzers von Personen verarbeitet werden, die ordnungsgem\u00e4\u00df zur Erf\u00fcllung dieser Aufgaben ernannt wurden, st\u00e4ndig identifiziert und \/ oder ernannt, angemessen geschult und auf die gesetzlich vorgeschriebenen Einschr\u00e4nkungen sowie durch die Verwendung von Personen aufmerksam gemacht werden Sicherheitsma\u00dfnahmen, um den Schutz Ihrer Privatsph\u00e4re zu gew\u00e4hrleisten und das Risiko des Verlusts oder der Zerst\u00f6rung, des unbefugten Zugriffs oder der Verarbeitung zu vermeiden, die nicht zul\u00e4ssig sind oder den oben genannten Zwecken nicht entsprechen.<\/p>\n<p>&nbsp;<\/p>\n<h3><strong>6. Kommunikation und Verbreitung von Daten<\/strong><\/h3>\n<p>Die auf der Website gesammelten personenbezogenen Daten werden nicht weitergegeben, verkauft oder an Dritte weitergegeben, es sei denn, dies ist gesetzlich vorgesehen.<\/p>\n<p>In jedem Fall die \u00dcbermittlung von Daten an Unternehmen, die ausdr\u00fccklich mit der Erbringung bestimmter Dienstleistungen im Rahmen der vom Datenverantwortlichen und \/ oder allgemein zu seinen Gunsten ausgef\u00fchrten T\u00e4tigkeiten beauftragt sind und als unabh\u00e4ngige Eigent\u00fcmer und \/ oder Datenverarbeiter fungieren sowie die \u00dcbermittlung und \/ oder Verbreitung von Daten, die gem\u00e4\u00df den gesetzlichen Bestimmungen von Polizeikr\u00e4ften, Justizbeh\u00f6rden, Informations- und Sicherheitsbeh\u00f6rden oder anderen \u00f6ffentlichen Einrichtungen zu Verteidigungs- oder Sicherheitszwecken des Staates oder zur Verh\u00fctung, Aufdeckung oder Unterdr\u00fcckung von Daten angefordert werden Verbrechen.<\/p>\n<p>&nbsp;<\/p>\n<h3><strong>7. Rechte des Interessenten<\/strong><\/h3>\n<p>Gem\u00e4\u00df der Kunst.\u00a07 des Datenschutzgesetzes und Art.\u00a015 und ss.\u00a0der DSGVO hat der Nutzer das Recht zu erhalten:<\/p>\n<p>1. Best\u00e4tigung des Vorhandenseins oder Nichtvorhandenseins personenbezogener Daten \u00fcber Sie, auch wenn diese noch nicht registriert sind, und deren \u00dcbermittlung in verst\u00e4ndlicher Form;<\/p>\n<p>2. eine Kopie Ihrer pers\u00f6nlichen Daten;<\/p>\n<p>3. die Korrektur Ihrer pers\u00f6nlichen Daten, die m\u00f6glicherweise ungenau sind;<\/p>\n<p>4. die L\u00f6schung Ihrer pers\u00f6nlichen Daten;<\/p>\n<p>5. die Einschr\u00e4nkung der Verarbeitung Ihrer pers\u00f6nlichen Daten;<\/p>\n<p>6. die Daten in einem strukturierten Format, das \u00fcblicherweise von einem automatischen Ger\u00e4t verwendet und gelesen werden kann<\/p>\n<p>personenbezogene Daten, die Sie uns zur Verf\u00fcgung gestellt haben oder die Sie selbst erstellt haben &#8211; mit Ausnahme der Meinungen, die vom f\u00fcr die Datenverarbeitung Verantwortlichen und \/ oder von den Verantwortlichen gem\u00e4\u00df Art.\u00a04 des Datenschutzgesetzes \/ von den Personen, die befugt sind, die Daten im Namen und im Namen des f\u00fcr die Verarbeitung Verantwortlichen gem\u00e4\u00df Art.\u00a04 der DSGVO &#8211; und diese direkt oder \u00fcber den Datencontroller an einen anderen Datencontroller zu \u00fcbertragen;<\/p>\n<p>7. die Anzeige:<\/p>\n<p>a) die Herkunft der personenbezogenen Daten;<\/p>\n<p>b) die Kategorien der verarbeiteten personenbezogenen Daten;<\/p>\n<p>c) der Zwecke und Methoden der Verarbeitung;<\/p>\n<p>d) der Logik, die bei einer Behandlung mit Hilfe elektronischer Instrumente angewendet wird;<\/p>\n<p>e) die Identit\u00e4t des Eigent\u00fcmers und etwaiger Manager;<\/p>\n<p>f) die Aufbewahrungsfrist Ihrer personenbezogenen Daten oder die Kriterien zur Bestimmung dieser Frist;<\/p>\n<p>g) die Subjekte oder Kategorien von Subjekten, denen die personenbezogenen Daten \u00fcbermittelt werden k\u00f6nnen oder die als ernannter Vertreter im Staat, Manager oder Vertreter gem\u00e4\u00df Art.\u00a04 des Datenschutzgesetzes \/ Personen, die befugt sind, Daten im Namen und im Auftrag des f\u00fcr die Verarbeitung Verantwortlichen gem\u00e4\u00df Art.\u00a04 der DSGVO;<\/p>\n<p>h) Aktualisierung, Berichtigung oder bei Interesse Integration von Daten;<\/p>\n<p>i) die Umwandlung in anonyme Form oder die Sperrung von Daten, die unter Versto\u00df gegen das Gesetz verarbeitet wurden, einschlie\u00dflich solcher, die nicht f\u00fcr die Zwecke aufbewahrt werden m\u00fcssen, f\u00fcr die die Daten gesammelt oder anschlie\u00dfend verarbeitet wurden;<\/p>\n<p>j) die Bescheinigung, dass die in den Buchstaben a) und b) genannten Vorg\u00e4nge auch inhaltlich denjenigen zur Kenntnis gebracht wurden, denen die Daten \u00fcbermittelt oder verbreitet wurden, au\u00dfer in dem Fall, in dem diese Erf\u00fcllung vorliegt erweist sich als unm\u00f6glich oder beinhaltet den Einsatz von Mitteln, die offensichtlich in keinem Verh\u00e4ltnis zum gesch\u00fctzten Recht stehen.<\/p>\n<p>8. Der Nutzer hat auch das Recht, ganz oder teilweise zu widersprechen:<\/p>\n<p>a) aus legitimen Gr\u00fcnden zur Verarbeitung personenbezogener Daten, die Sie betreffen, auch wenn dies f\u00fcr den Zweck der Erhebung relevant ist;<\/p>\n<p>b) zur Verarbeitung personenbezogener Daten, die Sie betreffen, zum Zwecke des Versands von Werbe- oder Direktvertriebsmaterial oder zur Durchf\u00fchrung von Marktforschungen oder kommerzieller Kommunikation.<\/p>\n<p>Um die oben genannten Rechte auszu\u00fcben, k\u00f6nnen Benutzer eine Mitteilung an die E-Mail-Adresse des Eigent\u00fcmers gem\u00e4\u00df dem Stand der Technik senden.\u00a01 mit der Angabe \u201eDatenschutz &#8211; Aus\u00fcbung von Rechten gem\u00e4\u00df Art.\u00a07 des Gesetzesdekrets 196\/2003 und gem\u00e4\u00df Art.\u00a015 und ss.\u00a0der DSGVO &#8220;.<\/p>\n<p>Schlie\u00dflich teilen wir Ihnen mit, dass Sie das Recht haben, eine Beschwerde beim Garanten zum Schutz personenbezogener Daten und \/ oder einer anderen zust\u00e4ndigen Aufsichtsbeh\u00f6rde einzureichen, wenn Sie der Ansicht sind, dass Ihre Rechte vom f\u00fcr die Verarbeitung Verantwortlichen und \/ oder einem Dritten verletzt wurden St\u00e4rke der DSGVO.<\/p>\n<p>&nbsp;<\/p>\n<h3><strong>8. Dauer der Verarbeitung und Speicherung personenbezogener Daten<\/strong><\/h3>\n<p>Die personenbezogenen Daten des Nutzers werden vom f\u00fcr die Verarbeitung Verantwortlichen nur f\u00fcr den Zeitraum verarbeitet, der zur Erreichung der im vorherigen Artikel 3 genannten Zwecke der Verarbeitung erforderlich ist. Danach werden sie nur noch zur Erf\u00fcllung der gesetzlichen Verpflichtungen aufbewahrt, die f\u00fcr den Gegenstand von Verwaltungs- und \/ oder Geltendmachung oder Verteidigung des eigenen Rechts bei Streitigkeiten und Rechtsstreitigkeiten. Die pers\u00f6nlichen Daten, die dem f\u00fcr die Verarbeitung Verantwortlichen durch Senden Ihres Lebenslaufs mitgeteilt werden, werden maximal 12 Monate lang gespeichert. Wenn die Bewerbung nach diesem Zeitraum nicht erfolgreich war, werden sie storniert. Die f\u00fcr den Versand von Newslettern verarbeiteten personenbezogenen Daten werden hingegen so lange verarbeitet, bis der f\u00fcr die Verarbeitung Verantwortliche den Widerruf der vom Benutzer erteilten Einwilligung erh\u00e4lt.<\/p>\n<p>Um die oben genannten Rechte auszu\u00fcben, k\u00f6nnen Sie sich unter den folgenden Adressen an den Datenverantwortlichen wenden: Tel. 0823487074- E-Mail:\u00a0\u00a0<a href=\"mailto:info@nashira-hm.it\">info@nashira-hm.it<\/a>[\/vc_column_text][\/vc_column][\/vc_row][vc_row][vc_column][vc_column_text]<\/p>\n<p class=\"p3\"><span class=\"s1\"><b>Gemeinsame Angebote mit anderen Unternehmen oder im Co-Branding<\/b><\/span><\/p>\n<p class=\"p1\"><span class=\"s1\">Von Zeit zu Zeit k\u00f6nnen wir Produkte und Dienstleistungen gemeinsam mit anderen Unternehmen oder im Rahmen von Co-Branding anbieten.<\/span><\/p>\n<p class=\"wp-block-code\"><code>Questo sito \u00e8 protetto da reCAPTCHA, il suo utilizzo \u00e8 soggetto alla<br \/>\n&lt;a rel=\"nofollow\" href=\"https:\/\/policies.google.com\/privacy\" target=\"_blank\"&gt;Privacy Policy&lt;\/a&gt; e ai<br \/>\n&lt;a rel=\"nofollow\" href=\"https:\/\/policies.google.com\/terms\" target=\"_blank\"&gt;termini di utilizzo&lt;\/a&gt; di Google.<\/code><\/p>\n<p>[\/vc_column_text][\/vc_column][\/vc_row]<\/p>\n<\/div>","protected":false},"excerpt":{"rendered":"<p>[vc_row][vc_column][vc_empty_space][\/vc_column][\/vc_row][vc_row][vc_column][vc_column_text css_animation=&#8221;fadeIn&#8221;]Dieses Dokument beschreibt die Verwaltung der Website www.nashira-hm.it (Site) unter Bezugnahme auf die Verarbeitung personenbezogener Daten von Benutzern (&#8220;Benutzer \/ Benutzer&#8221;), die sie konsultieren. Es handelt sich um eine Informationsmitteilung gem\u00e4\u00df Art.\u00a013 des Gesetzesdekrets Nr.\u00a0196\/2003, sogenannter Kodex zum Schutz personenbezogener Daten (&#8220;Datenschutzkodex&#8221;) und Artikel 13 ff.\u00a0der EU-Verordnung 679\/2016 (&#8220;DSGVO&#8221;) an alle, die die Website [&hellip;]<\/p>\n","protected":false},"author":2,"featured_media":0,"parent":0,"menu_order":0,"comment_status":"closed","ping_status":"closed","template":"","meta":{"footnotes":""},"yoast_head":"<!-- This site is optimized with the Yoast SEO Premium plugin v23.8 (Yoast SEO v24.5) - https:\/\/yoast.com\/wordpress\/plugins\/seo\/ -->\n<title>Datenschutz-Bestimmungen - Nashira Hardmetals srl - Produttore Metallo Duro.<\/title>\n<meta name=\"description\" content=\"Privacy - I sistemi informatici e le procedure software preposte al funzionamento del Sito acquisiscono, nel corso del loro normale esercizio...\" \/>\n<meta name=\"robots\" content=\"index, follow, max-snippet:-1, max-image-preview:large, max-video-preview:-1\" \/>\n<link rel=\"canonical\" href=\"https:\/\/www.nashira-hm.it\/de\/datenschutz-bestimmungen\/\" \/>\n<meta property=\"og:locale\" content=\"de_DE\" \/>\n<meta property=\"og:type\" content=\"article\" \/>\n<meta property=\"og:title\" content=\"Datenschutz-Bestimmungen\" \/>\n<meta property=\"og:description\" content=\"Privacy - I sistemi informatici e le procedure software preposte al funzionamento del Sito acquisiscono, nel corso del loro normale esercizio...\" \/>\n<meta property=\"og:url\" content=\"https:\/\/www.nashira-hm.it\/de\/datenschutz-bestimmungen\/\" \/>\n<meta property=\"og:site_name\" content=\"Nashira Hardmetals srl - Produttore Metallo Duro.\" \/>\n<meta property=\"article:publisher\" content=\"https:\/\/www.facebook.com\/NashiraHardmetals\/\" \/>\n<meta property=\"article:modified_time\" content=\"2021-01-29T14:17:27+00:00\" \/>\n<meta name=\"twitter:card\" content=\"summary_large_image\" \/>\n<meta name=\"twitter:label1\" content=\"Gesch\u00e4tzte Lesezeit\" \/>\n\t<meta name=\"twitter:data1\" content=\"8\u00a0Minuten\" \/>\n<script type=\"application\/ld+json\" class=\"yoast-schema-graph\">{\"@context\":\"https:\/\/schema.org\",\"@graph\":[{\"@type\":\"WebPage\",\"@id\":\"https:\/\/www.nashira-hm.it\/de\/datenschutz-bestimmungen\/\",\"url\":\"https:\/\/www.nashira-hm.it\/de\/datenschutz-bestimmungen\/\",\"name\":\"Datenschutz-Bestimmungen - Nashira Hardmetals srl - Produttore Metallo Duro.\",\"isPartOf\":{\"@id\":\"https:\/\/www.nashira-hm.it\/#website\"},\"datePublished\":\"2018-11-13T18:41:59+00:00\",\"dateModified\":\"2021-01-29T14:17:27+00:00\",\"description\":\"Privacy - I sistemi informatici e le procedure software preposte al funzionamento del Sito acquisiscono, nel corso del loro normale esercizio...\",\"breadcrumb\":{\"@id\":\"https:\/\/www.nashira-hm.it\/de\/datenschutz-bestimmungen\/#breadcrumb\"},\"inLanguage\":\"de\",\"potentialAction\":[{\"@type\":\"ReadAction\",\"target\":[\"https:\/\/www.nashira-hm.it\/de\/datenschutz-bestimmungen\/\"]}]},{\"@type\":\"BreadcrumbList\",\"@id\":\"https:\/\/www.nashira-hm.it\/de\/datenschutz-bestimmungen\/#breadcrumb\",\"itemListElement\":[{\"@type\":\"ListItem\",\"position\":1,\"name\":\"Home\",\"item\":\"https:\/\/www.nashira-hm.it\/de\/\"},{\"@type\":\"ListItem\",\"position\":2,\"name\":\"Datenschutz-Bestimmungen\"}]},{\"@type\":\"WebSite\",\"@id\":\"https:\/\/www.nashira-hm.it\/#website\",\"url\":\"https:\/\/www.nashira-hm.it\/\",\"name\":\"Nashira Hardmetals srl - Produttore Metallo Duro\",\"description\":\"L&#039;arte del metallo duro\",\"publisher\":{\"@id\":\"https:\/\/www.nashira-hm.it\/#organization\"},\"potentialAction\":[{\"@type\":\"SearchAction\",\"target\":{\"@type\":\"EntryPoint\",\"urlTemplate\":\"https:\/\/www.nashira-hm.it\/?s={search_term_string}\"},\"query-input\":{\"@type\":\"PropertyValueSpecification\",\"valueRequired\":true,\"valueName\":\"search_term_string\"}}],\"inLanguage\":\"de\"},{\"@type\":\"Organization\",\"@id\":\"https:\/\/www.nashira-hm.it\/#organization\",\"name\":\"Nashira Hardmetals\",\"url\":\"https:\/\/www.nashira-hm.it\/\",\"logo\":{\"@type\":\"ImageObject\",\"inLanguage\":\"de\",\"@id\":\"https:\/\/www.nashira-hm.it\/#\/schema\/logo\/image\/\",\"url\":\"https:\/\/www.nashira-hm.it\/wp-content\/uploads\/2018\/01\/logo-nashira-positivo.png\",\"contentUrl\":\"https:\/\/www.nashira-hm.it\/wp-content\/uploads\/2018\/01\/logo-nashira-positivo.png\",\"width\":204,\"height\":70,\"caption\":\"Nashira Hardmetals\"},\"image\":{\"@id\":\"https:\/\/www.nashira-hm.it\/#\/schema\/logo\/image\/\"},\"sameAs\":[\"https:\/\/www.facebook.com\/NashiraHardmetals\/\",\"https:\/\/www.linkedin.com\/company\/nashira-hardmetals\/\"]}]}<\/script>\n<!-- \/ Yoast SEO Premium plugin. -->","yoast_head_json":{"title":"Datenschutz-Bestimmungen - Nashira Hardmetals srl - Produttore Metallo Duro.","description":"Privacy - I sistemi informatici e le procedure software preposte al funzionamento del Sito acquisiscono, nel corso del loro normale esercizio...","robots":{"index":"index","follow":"follow","max-snippet":"max-snippet:-1","max-image-preview":"max-image-preview:large","max-video-preview":"max-video-preview:-1"},"canonical":"https:\/\/www.nashira-hm.it\/de\/datenschutz-bestimmungen\/","og_locale":"de_DE","og_type":"article","og_title":"Datenschutz-Bestimmungen","og_description":"Privacy - I sistemi informatici e le procedure software preposte al funzionamento del Sito acquisiscono, nel corso del loro normale esercizio...","og_url":"https:\/\/www.nashira-hm.it\/de\/datenschutz-bestimmungen\/","og_site_name":"Nashira Hardmetals srl - Produttore Metallo Duro.","article_publisher":"https:\/\/www.facebook.com\/NashiraHardmetals\/","article_modified_time":"2021-01-29T14:17:27+00:00","twitter_card":"summary_large_image","twitter_misc":{"Gesch\u00e4tzte Lesezeit":"8\u00a0Minuten"},"schema":{"@context":"https:\/\/schema.org","@graph":[{"@type":"WebPage","@id":"https:\/\/www.nashira-hm.it\/de\/datenschutz-bestimmungen\/","url":"https:\/\/www.nashira-hm.it\/de\/datenschutz-bestimmungen\/","name":"Datenschutz-Bestimmungen - Nashira Hardmetals srl - Produttore Metallo Duro.","isPartOf":{"@id":"https:\/\/www.nashira-hm.it\/#website"},"datePublished":"2018-11-13T18:41:59+00:00","dateModified":"2021-01-29T14:17:27+00:00","description":"Privacy - I sistemi informatici e le procedure software preposte al funzionamento del Sito acquisiscono, nel corso del loro normale esercizio...","breadcrumb":{"@id":"https:\/\/www.nashira-hm.it\/de\/datenschutz-bestimmungen\/#breadcrumb"},"inLanguage":"de","potentialAction":[{"@type":"ReadAction","target":["https:\/\/www.nashira-hm.it\/de\/datenschutz-bestimmungen\/"]}]},{"@type":"BreadcrumbList","@id":"https:\/\/www.nashira-hm.it\/de\/datenschutz-bestimmungen\/#breadcrumb","itemListElement":[{"@type":"ListItem","position":1,"name":"Home","item":"https:\/\/www.nashira-hm.it\/de\/"},{"@type":"ListItem","position":2,"name":"Datenschutz-Bestimmungen"}]},{"@type":"WebSite","@id":"https:\/\/www.nashira-hm.it\/#website","url":"https:\/\/www.nashira-hm.it\/","name":"Nashira Hardmetals srl - Produttore Metallo Duro","description":"L&#039;arte del metallo duro","publisher":{"@id":"https:\/\/www.nashira-hm.it\/#organization"},"potentialAction":[{"@type":"SearchAction","target":{"@type":"EntryPoint","urlTemplate":"https:\/\/www.nashira-hm.it\/?s={search_term_string}"},"query-input":{"@type":"PropertyValueSpecification","valueRequired":true,"valueName":"search_term_string"}}],"inLanguage":"de"},{"@type":"Organization","@id":"https:\/\/www.nashira-hm.it\/#organization","name":"Nashira Hardmetals","url":"https:\/\/www.nashira-hm.it\/","logo":{"@type":"ImageObject","inLanguage":"de","@id":"https:\/\/www.nashira-hm.it\/#\/schema\/logo\/image\/","url":"https:\/\/www.nashira-hm.it\/wp-content\/uploads\/2018\/01\/logo-nashira-positivo.png","contentUrl":"https:\/\/www.nashira-hm.it\/wp-content\/uploads\/2018\/01\/logo-nashira-positivo.png","width":204,"height":70,"caption":"Nashira Hardmetals"},"image":{"@id":"https:\/\/www.nashira-hm.it\/#\/schema\/logo\/image\/"},"sameAs":["https:\/\/www.facebook.com\/NashiraHardmetals\/","https:\/\/www.linkedin.com\/company\/nashira-hardmetals\/"]}]}},"_links":{"self":[{"href":"https:\/\/www.nashira-hm.it\/de\/wp-json\/wp\/v2\/pages\/10907"}],"collection":[{"href":"https:\/\/www.nashira-hm.it\/de\/wp-json\/wp\/v2\/pages"}],"about":[{"href":"https:\/\/www.nashira-hm.it\/de\/wp-json\/wp\/v2\/types\/page"}],"author":[{"embeddable":true,"href":"https:\/\/www.nashira-hm.it\/de\/wp-json\/wp\/v2\/users\/2"}],"replies":[{"embeddable":true,"href":"https:\/\/www.nashira-hm.it\/de\/wp-json\/wp\/v2\/comments?post=10907"}],"version-history":[{"count":3,"href":"https:\/\/www.nashira-hm.it\/de\/wp-json\/wp\/v2\/pages\/10907\/revisions"}],"predecessor-version":[{"id":10910,"href":"https:\/\/www.nashira-hm.it\/de\/wp-json\/wp\/v2\/pages\/10907\/revisions\/10910"}],"wp:attachment":[{"href":"https:\/\/www.nashira-hm.it\/de\/wp-json\/wp\/v2\/media?parent=10907"}],"curies":[{"name":"wp","href":"https:\/\/api.w.org\/{rel}","templated":true}]}}