{"id":10874,"date":"2018-09-25T17:17:56","date_gmt":"2018-09-25T15:17:56","guid":{"rendered":"https:\/\/www.nashira-hm.it\/work-with-us\/"},"modified":"2021-01-29T11:32:46","modified_gmt":"2021-01-29T10:32:46","slug":"arbeite-mit-uns","status":"publish","type":"page","link":"https:\/\/www.nashira-hm.it\/de\/arbeite-mit-uns\/","title":{"rendered":"Arbeite mit uns"},"content":{"rendered":"<div class=\"wpb-content-wrapper\"><p>[vc_row][vc_column][vc_column_text]<\/p>\n<h1>[\/vc_column_text][\/vc_column][\/vc_row][vc_row][vc_column]            <div class=\"skill-text\">\n                <h2>Offene Positionen<\/h2>\n                <p><\/p>\n            <\/div>\n    [vc_empty_space][\/vc_column][\/vc_row][vc_row el_id=&#8221;AddettoLaboratorioControlloQualit\u00e0&#8221;][vc_column][vc_column_text]<\/h1>\n<h1><strong>Mitarbeiter des Qualit\u00e4tskontrolllabors<\/strong><\/h1>\n<p>Wir sind ein Unternehmen, das eines der widerstandsf\u00e4higsten und h\u00e4rtesten Materialien der Welt herstellt, das in den Bereichen Automobil, Luftfahrt, Holzbearbeitung, Stein und in einer Vielzahl neuer Anwendungen eingesetzt wird.\u00a0Wir suchen gewissenhafte, leidenschaftliche und zukunftsorientierte Mitarbeiter, die unser Team integrieren und zu unserem Erfolg beitragen k\u00f6nnen.<\/p>\n<p>&nbsp;<\/p>\n<h3><strong>Profil &amp; Anforderungen<\/strong><\/h3>\n<ul>\n<li>Kurzer Abschluss in Maschinenbau<\/li>\n<li>Hervorragende Kenntnisse in Solidworks<\/li>\n<li>Gute Kenntnisse der englischen Sprache<\/li>\n<li>Analysef\u00e4higkeiten<\/li>\n<li>Innovationsgef\u00fchl, Geschwindigkeit, Interesse an technischen Aspekten<\/li>\n<li>Durchsetzungsverm\u00f6gen und F\u00e4higkeit, gute zwischenmenschliche Beziehungen aufzubauen<\/li>\n<li>Zuverl\u00e4ssigkeit und Zielorientierung.<\/li>\n<li>Wohnsitz in den Provinzen Caserta \/ Benevento<\/li>\n<\/ul>\n<h3><strong>Pflichten<\/strong><\/h3>\n<ul>\n<li>Labortests an Proben: H\u00e4rte, Dichte, Metallographie usw.<\/li>\n<li>Vorbereitung der Probek\u00f6rper<\/li>\n<li>Datenerfassung zur Unternehmensf\u00fchrung<\/li>\n<li>Produktqualit\u00e4tskontrolle<\/li>\n<li>Produktionsprozesskontrolle und Arbeit in der Prozessanalyse<\/li>\n<li>Technische 3D-Zeichnung<\/li>\n<\/ul>\n<h3><strong>Was wir anbieten<\/strong><\/h3>\n<ul>\n<li>12-monatiges Praktikum.<\/li>\n<li>Die Verg\u00fctung ist definitiv h\u00f6her als das gesetzliche Minimum<\/li>\n<li>Unbefristeter Vertrag nach dem Praktikum<\/li>\n<\/ul>\n<p><strong>Arbeitsort: Limatola (BN)<\/strong><\/p>\n<p><em>Die Forschung richtet sich an Kandidaten beiderlei Geschlechts (L.903 \/ 77), lesen Sie die Datenschutzrichtlinie (Artikel 13, Gesetzesdekret 196\/03)<\/em>[\/vc_column_text][\/vc_column][\/vc_row][vc_row][vc_column][vc_empty_space][\/vc_column][\/vc_row][vc_row][vc_column]            <div class=\"skill-text\">\n                <h2>Senden Sie Uns Ihren Lebenslauf<\/h2>\n                <p><\/p>\n            <\/div>\n    [vc_empty_space][\/vc_column][\/vc_row][vc_row][vc_column]\n<div class=\"wpcf7 no-js\" id=\"wpcf7-f10873-o1\" lang=\"it-IT\" dir=\"ltr\">\n<div class=\"screen-reader-response\"><p role=\"status\" aria-live=\"polite\" aria-atomic=\"true\"><\/p> <ul><\/ul><\/div>\n<form action=\"\/de\/wp-json\/wp\/v2\/pages\/10874#wpcf7-f10873-o1\" method=\"post\" class=\"wpcf7-form init\" aria-label=\"Modulo di contatto\" enctype=\"multipart\/form-data\" novalidate=\"novalidate\" data-status=\"init\">\n<div style=\"display: none;\">\n<input type=\"hidden\" name=\"_wpcf7\" value=\"10873\" \/>\n<input type=\"hidden\" name=\"_wpcf7_version\" value=\"5.9.8\" \/>\n<input type=\"hidden\" name=\"_wpcf7_locale\" value=\"it_IT\" \/>\n<input type=\"hidden\" name=\"_wpcf7_unit_tag\" value=\"wpcf7-f10873-o1\" \/>\n<input type=\"hidden\" name=\"_wpcf7_container_post\" value=\"0\" \/>\n<input type=\"hidden\" name=\"_wpcf7_posted_data_hash\" value=\"\" \/>\n<\/div>\n<p><label> Vorname *<br \/>\n<span class=\"wpcf7-form-control-wrap\" data-name=\"Nome\"><input size=\"40\" maxlength=\"400\" class=\"wpcf7-form-control wpcf7-text wpcf7-validates-as-required\" aria-required=\"true\" aria-invalid=\"false\" placeholder=\"Geben Sie Ihren Namen ein\" value=\"\" type=\"text\" name=\"Nome\" \/><\/span> <\/label>\n<\/p>\n<p><label> Nachname *<br \/>\n<span class=\"wpcf7-form-control-wrap\" data-name=\"Cognome\"><input size=\"40\" maxlength=\"400\" class=\"wpcf7-form-control wpcf7-text wpcf7-validates-as-required\" aria-required=\"true\" aria-invalid=\"false\" placeholder=\"Bitte geben Sie Ihren Nachnamen ein\" value=\"\" type=\"text\" name=\"Cognome\" \/><\/span> <\/label>\n<\/p>\n<p><label> E-mail *<br \/>\n<span class=\"wpcf7-form-control-wrap\" data-name=\"Email\"><input size=\"40\" maxlength=\"400\" class=\"wpcf7-form-control wpcf7-email wpcf7-validates-as-required wpcf7-text wpcf7-validates-as-email\" aria-required=\"true\" aria-invalid=\"false\" placeholder=\"Geben sie ihre E-Mail Adresse ein\" value=\"\" type=\"email\" name=\"Email\" \/><\/span> <\/label>\n<\/p>\n<p><label> Position *<br \/>\n<span class=\"wpcf7-form-control-wrap\" data-name=\"Oggetto\"><select class=\"wpcf7-form-control wpcf7-select wpcf7-validates-as-required\" aria-required=\"true\" aria-invalid=\"false\" name=\"Oggetto\"><option value=\"\">&#8212;Seleziona un&#039;opzione&#8212;<\/option><option value=\"Laborant\">Laborant<\/option><\/select><\/span> <\/label>\n<\/p>\n<p><label> Botschaft<br \/>\n<span class=\"wpcf7-form-control-wrap\" data-name=\"Messaggio\"><textarea cols=\"40\" rows=\"10\" maxlength=\"2000\" class=\"wpcf7-form-control wpcf7-textarea\" aria-invalid=\"false\" placeholder=\"Bitte gib deine Nachricht ein\" name=\"Messaggio\"><\/textarea><\/span><\/label>\n<\/p>\n<p><label> F\u00fcgen Sie Ihren Lebenslauf bei * (PDF)<br \/>\n<span class=\"wpcf7-form-control-wrap\" data-name=\"Allegato\"><input size=\"40\" class=\"wpcf7-form-control wpcf7-file wpcf7-validates-as-required\" accept=\".pdf\" aria-required=\"true\" aria-invalid=\"false\" type=\"file\" name=\"Allegato\" \/><\/span> <\/label>\n<\/p>\n<p><span class=\"wpcf7-form-control-wrap\" data-name=\"checkbox-518\"><span class=\"wpcf7-form-control wpcf7-checkbox wpcf7-validates-as-required\"><span class=\"wpcf7-list-item first last\"><input type=\"checkbox\" name=\"checkbox-518[]\" value=\"Ich erkl\u00e4re, dass ich die gem\u00e4\u00df Art. 13 EU-Verordnung 679\/2016 und ich genehmige die Verarbeitung meiner Daten.\" \/><span class=\"wpcf7-list-item-label\">Ich erkl\u00e4re, dass ich die gem\u00e4\u00df Art. 13 EU-Verordnung 679\/2016 und ich genehmige die Verarbeitung meiner Daten.<\/span><\/span><\/span><\/span><a href=\"https:\/\/www.nashira-hm.it\/privacy-policy\/\">Datenschutz-Bestimmungen<\/a>\n<\/p>\n<p><span class=\"wpcf7-form-control-wrap\" data-name=\"checkbox-519\"><span class=\"wpcf7-form-control wpcf7-checkbox\"><span class=\"wpcf7-list-item first last\"><input type=\"checkbox\" name=\"checkbox-519[]\" value=\"Ich erm\u00e4chtige Nashira Hardmetals Srl, mir kommerzielle Mitteilungen und \/ oder Newsletter zu senden\" \/><span class=\"wpcf7-list-item-label\">Ich erm\u00e4chtige Nashira Hardmetals Srl, mir kommerzielle Mitteilungen und \/ oder Newsletter zu senden<\/span><\/span><\/span><\/span>\n<\/p>\n<p><span class=\"wpcf7-form-control-wrap kc_captcha cf7ic-toggle\" data-name=\"kc_captcha\"><span class=\"wpcf7-form-control wpcf7-radio\"><span class=\"captcha-image\" style=\"display: none;\"><span class=\"cf7ic_instructions\">Dimostra di essere umano selezionando<span> albero<\/span>.<\/span><label><input aria-label=\"1\" type=\"radio\" name=\"kc_captcha\" value=\"bot\" \/><svg aria-hidden=\"true\" role=\"img\" xmlns=\"http:\/\/www.w3.org\/2000\/svg\" viewBox=\"0 0 576 512\"><path fill=\"currentColor\" d=\"M488 313v143c0 13-11 24-24 24H348c-7 0-12-5-12-12V356c0-7-5-12-12-12h-72c-7 0-12 5-12 12v112c0 7-5 12-12 12H112c-13 0-24-11-24-24V313c0-4 2-7 4-10l188-154c5-4 11-4 16 0l188 154c2 3 4 6 4 10zm84-61l-84-69V44c0-6-5-12-12-12h-56c-7 0-12 6-12 12v73l-89-74a48 48 0 00-61 0L4 252c-5 4-5 12-1 17l25 31c5 5 12 5 17 1l235-193c5-4 11-4 16 0l235 193c5 5 13 4 17-1l25-31c4-6 4-13-1-17z\"\/><\/svg><\/label><label><input aria-label=\"2\" type=\"radio\" name=\"kc_captcha\" value=\"bot\" \/><svg aria-hidden=\"true\" role=\"img\" xmlns=\"http:\/\/www.w3.org\/2000\/svg\" viewBox=\"0 0 512 512\"><path fill=\"currentColor\" d=\"M500 168h-55l-8-21a127 127 0 00-120-83H195a127 127 0 00-120 83l-8 21H12c-8 0-14 8-11 16l8 24a12 12 0 0011 8h29a64 64 0 00-33 56v48c0 16 6 31 16 42v62c0 13 11 24 24 24h48c13 0 24-11 24-24v-40h256v40c0 13 11 24 24 24h48c13 0 24-11 24-24v-62c10-11 16-26 16-42v-48c0-24-13-45-33-56h29a12 12 0 0011-8l8-24c3-8-3-16-11-16zm-365 2c9-25 33-42 60-42h122c27 0 51 17 60 42l15 38H120l15-38zM88 328a32 32 0 010-64c18 0 48 30 48 48s-30 16-48 16zm336 0c-18 0-48 2-48-16s30-48 48-48 32 14 32 32-14 32-32 32z\"\/><\/svg><\/label><label><input aria-label=\"3\" type=\"radio\" name=\"kc_captcha\" value=\"kc_human\" \/><svg aria-hidden=\"true\" role=\"img\" xmlns=\"http:\/\/www.w3.org\/2000\/svg\" viewBox=\"0 0 384 512\"><path fill=\"currentColor\" d=\"M377 375l-83-87h34c21 0 32-25 17-40l-82-88h33c21 0 32-25 18-40L210 8c-10-11-26-11-36 0L70 120c-14 15-3 40 18 40h33l-82 88c-15 15-4 40 17 40h34L7 375c-15 16-4 41 17 41h120c0 33-11 49-34 68-12 9-5 28 10 28h144c15 0 22-19 10-28-20-16-34-32-34-68h120c21 0 32-25 17-41z\"\/><\/svg><\/label>\r\n    <\/span>\r\n    <span style=\"display:none\">\r\n        <input type=\"text\" name=\"kc_honeypot\">\r\n    <\/span><\/span><\/span>\n<\/p>\n<p><label> <input class=\"wpcf7-form-control wpcf7-submit has-spinner\" type=\"submit\" value=\"Senden\" \/><\/label>\n<\/p><div class=\"wpcf7-response-output\" aria-hidden=\"true\"><\/div>\n<\/form>\n<\/div>\n[\/vc_column][\/vc_row]<\/p>\n<\/div>","protected":false},"excerpt":{"rendered":"<p>[vc_row][vc_column][vc_column_text] [\/vc_column_text][\/vc_column][\/vc_row][vc_row][vc_column][vc_empty_space][\/vc_column][\/vc_row][vc_row el_id=&#8221;AddettoLaboratorioControlloQualit\u00e0&#8221;][vc_column][vc_column_text] Mitarbeiter des Qualit\u00e4tskontrolllabors Wir sind ein Unternehmen, das eines der widerstandsf\u00e4higsten und h\u00e4rtesten Materialien der Welt herstellt, das in den Bereichen Automobil, Luftfahrt, Holzbearbeitung, Stein und in einer Vielzahl neuer Anwendungen eingesetzt wird.\u00a0Wir suchen gewissenhafte, leidenschaftliche und zukunftsorientierte Mitarbeiter, die unser Team integrieren und zu unserem Erfolg beitragen k\u00f6nnen. &nbsp; Profil &amp; [&hellip;]<\/p>\n","protected":false},"author":2,"featured_media":0,"parent":0,"menu_order":0,"comment_status":"closed","ping_status":"closed","template":"","meta":{"footnotes":""},"yoast_head":"<!-- This site is optimized with the Yoast SEO Premium plugin v23.8 (Yoast SEO v24.5) - https:\/\/yoast.com\/wordpress\/plugins\/seo\/ -->\n<title>Addetto Laboratorio Controllo Qualit\u00e0 - Nashira hardmetals srl<\/title>\n<meta name=\"description\" content=\"Lavora Con Noi, per potenziare il nostro reparto di miscelazione stiamo cercando un addetto con spiccato senso del dovere, disciplina e meticolosit\u00e0\" \/>\n<meta name=\"robots\" content=\"index, follow, max-snippet:-1, max-image-preview:large, max-video-preview:-1\" \/>\n<link rel=\"canonical\" href=\"https:\/\/www.nashira-hm.it\/de\/arbeite-mit-uns\/\" \/>\n<meta property=\"og:locale\" content=\"de_DE\" \/>\n<meta property=\"og:type\" content=\"article\" \/>\n<meta property=\"og:title\" content=\"Arbeite mit uns\" \/>\n<meta property=\"og:description\" content=\"Lavora Con Noi, per potenziare il nostro reparto di miscelazione stiamo cercando un addetto con spiccato senso del dovere, disciplina e meticolosit\u00e0\" \/>\n<meta property=\"og:url\" content=\"https:\/\/www.nashira-hm.it\/de\/arbeite-mit-uns\/\" \/>\n<meta property=\"og:site_name\" content=\"Nashira Hardmetals srl - Produttore Metallo Duro.\" \/>\n<meta property=\"article:publisher\" content=\"https:\/\/www.facebook.com\/NashiraHardmetals\/\" \/>\n<meta property=\"article:modified_time\" content=\"2021-01-29T10:32:46+00:00\" \/>\n<meta name=\"twitter:card\" content=\"summary_large_image\" \/>\n<meta name=\"twitter:label1\" content=\"Gesch\u00e4tzte Lesezeit\" \/>\n\t<meta name=\"twitter:data1\" content=\"1\u00a0Minute\" \/>\n<script type=\"application\/ld+json\" class=\"yoast-schema-graph\">{\"@context\":\"https:\/\/schema.org\",\"@graph\":[{\"@type\":\"WebPage\",\"@id\":\"https:\/\/www.nashira-hm.it\/de\/arbeite-mit-uns\/\",\"url\":\"https:\/\/www.nashira-hm.it\/de\/arbeite-mit-uns\/\",\"name\":\"Addetto Laboratorio Controllo Qualit\u00e0 - Nashira hardmetals srl\",\"isPartOf\":{\"@id\":\"https:\/\/www.nashira-hm.it\/#website\"},\"datePublished\":\"2018-09-25T15:17:56+00:00\",\"dateModified\":\"2021-01-29T10:32:46+00:00\",\"description\":\"Lavora Con Noi, per potenziare il nostro reparto di miscelazione stiamo cercando un addetto con spiccato senso del dovere, disciplina e meticolosit\u00e0\",\"breadcrumb\":{\"@id\":\"https:\/\/www.nashira-hm.it\/de\/arbeite-mit-uns\/#breadcrumb\"},\"inLanguage\":\"de\",\"potentialAction\":[{\"@type\":\"ReadAction\",\"target\":[\"https:\/\/www.nashira-hm.it\/de\/arbeite-mit-uns\/\"]}]},{\"@type\":\"BreadcrumbList\",\"@id\":\"https:\/\/www.nashira-hm.it\/de\/arbeite-mit-uns\/#breadcrumb\",\"itemListElement\":[{\"@type\":\"ListItem\",\"position\":1,\"name\":\"Home\",\"item\":\"https:\/\/www.nashira-hm.it\/de\/\"},{\"@type\":\"ListItem\",\"position\":2,\"name\":\"Arbeite mit uns\"}]},{\"@type\":\"WebSite\",\"@id\":\"https:\/\/www.nashira-hm.it\/#website\",\"url\":\"https:\/\/www.nashira-hm.it\/\",\"name\":\"Nashira Hardmetals srl - Produttore Metallo Duro\",\"description\":\"L&#039;arte del metallo duro\",\"publisher\":{\"@id\":\"https:\/\/www.nashira-hm.it\/#organization\"},\"potentialAction\":[{\"@type\":\"SearchAction\",\"target\":{\"@type\":\"EntryPoint\",\"urlTemplate\":\"https:\/\/www.nashira-hm.it\/?s={search_term_string}\"},\"query-input\":{\"@type\":\"PropertyValueSpecification\",\"valueRequired\":true,\"valueName\":\"search_term_string\"}}],\"inLanguage\":\"de\"},{\"@type\":\"Organization\",\"@id\":\"https:\/\/www.nashira-hm.it\/#organization\",\"name\":\"Nashira Hardmetals\",\"url\":\"https:\/\/www.nashira-hm.it\/\",\"logo\":{\"@type\":\"ImageObject\",\"inLanguage\":\"de\",\"@id\":\"https:\/\/www.nashira-hm.it\/#\/schema\/logo\/image\/\",\"url\":\"https:\/\/www.nashira-hm.it\/wp-content\/uploads\/2018\/01\/logo-nashira-positivo.png\",\"contentUrl\":\"https:\/\/www.nashira-hm.it\/wp-content\/uploads\/2018\/01\/logo-nashira-positivo.png\",\"width\":204,\"height\":70,\"caption\":\"Nashira Hardmetals\"},\"image\":{\"@id\":\"https:\/\/www.nashira-hm.it\/#\/schema\/logo\/image\/\"},\"sameAs\":[\"https:\/\/www.facebook.com\/NashiraHardmetals\/\",\"https:\/\/www.linkedin.com\/company\/nashira-hardmetals\/\"]}]}<\/script>\n<!-- \/ Yoast SEO Premium plugin. -->","yoast_head_json":{"title":"Addetto Laboratorio Controllo Qualit\u00e0 - Nashira hardmetals srl","description":"Lavora Con Noi, per potenziare il nostro reparto di miscelazione stiamo cercando un addetto con spiccato senso del dovere, disciplina e meticolosit\u00e0","robots":{"index":"index","follow":"follow","max-snippet":"max-snippet:-1","max-image-preview":"max-image-preview:large","max-video-preview":"max-video-preview:-1"},"canonical":"https:\/\/www.nashira-hm.it\/de\/arbeite-mit-uns\/","og_locale":"de_DE","og_type":"article","og_title":"Arbeite mit uns","og_description":"Lavora Con Noi, per potenziare il nostro reparto di miscelazione stiamo cercando un addetto con spiccato senso del dovere, disciplina e meticolosit\u00e0","og_url":"https:\/\/www.nashira-hm.it\/de\/arbeite-mit-uns\/","og_site_name":"Nashira Hardmetals srl - Produttore Metallo Duro.","article_publisher":"https:\/\/www.facebook.com\/NashiraHardmetals\/","article_modified_time":"2021-01-29T10:32:46+00:00","twitter_card":"summary_large_image","twitter_misc":{"Gesch\u00e4tzte Lesezeit":"1\u00a0Minute"},"schema":{"@context":"https:\/\/schema.org","@graph":[{"@type":"WebPage","@id":"https:\/\/www.nashira-hm.it\/de\/arbeite-mit-uns\/","url":"https:\/\/www.nashira-hm.it\/de\/arbeite-mit-uns\/","name":"Addetto Laboratorio Controllo Qualit\u00e0 - Nashira hardmetals srl","isPartOf":{"@id":"https:\/\/www.nashira-hm.it\/#website"},"datePublished":"2018-09-25T15:17:56+00:00","dateModified":"2021-01-29T10:32:46+00:00","description":"Lavora Con Noi, per potenziare il nostro reparto di miscelazione stiamo cercando un addetto con spiccato senso del dovere, disciplina e meticolosit\u00e0","breadcrumb":{"@id":"https:\/\/www.nashira-hm.it\/de\/arbeite-mit-uns\/#breadcrumb"},"inLanguage":"de","potentialAction":[{"@type":"ReadAction","target":["https:\/\/www.nashira-hm.it\/de\/arbeite-mit-uns\/"]}]},{"@type":"BreadcrumbList","@id":"https:\/\/www.nashira-hm.it\/de\/arbeite-mit-uns\/#breadcrumb","itemListElement":[{"@type":"ListItem","position":1,"name":"Home","item":"https:\/\/www.nashira-hm.it\/de\/"},{"@type":"ListItem","position":2,"name":"Arbeite mit uns"}]},{"@type":"WebSite","@id":"https:\/\/www.nashira-hm.it\/#website","url":"https:\/\/www.nashira-hm.it\/","name":"Nashira Hardmetals srl - Produttore Metallo Duro","description":"L&#039;arte del metallo duro","publisher":{"@id":"https:\/\/www.nashira-hm.it\/#organization"},"potentialAction":[{"@type":"SearchAction","target":{"@type":"EntryPoint","urlTemplate":"https:\/\/www.nashira-hm.it\/?s={search_term_string}"},"query-input":{"@type":"PropertyValueSpecification","valueRequired":true,"valueName":"search_term_string"}}],"inLanguage":"de"},{"@type":"Organization","@id":"https:\/\/www.nashira-hm.it\/#organization","name":"Nashira Hardmetals","url":"https:\/\/www.nashira-hm.it\/","logo":{"@type":"ImageObject","inLanguage":"de","@id":"https:\/\/www.nashira-hm.it\/#\/schema\/logo\/image\/","url":"https:\/\/www.nashira-hm.it\/wp-content\/uploads\/2018\/01\/logo-nashira-positivo.png","contentUrl":"https:\/\/www.nashira-hm.it\/wp-content\/uploads\/2018\/01\/logo-nashira-positivo.png","width":204,"height":70,"caption":"Nashira Hardmetals"},"image":{"@id":"https:\/\/www.nashira-hm.it\/#\/schema\/logo\/image\/"},"sameAs":["https:\/\/www.facebook.com\/NashiraHardmetals\/","https:\/\/www.linkedin.com\/company\/nashira-hardmetals\/"]}]}},"_links":{"self":[{"href":"https:\/\/www.nashira-hm.it\/de\/wp-json\/wp\/v2\/pages\/10874"}],"collection":[{"href":"https:\/\/www.nashira-hm.it\/de\/wp-json\/wp\/v2\/pages"}],"about":[{"href":"https:\/\/www.nashira-hm.it\/de\/wp-json\/wp\/v2\/types\/page"}],"author":[{"embeddable":true,"href":"https:\/\/www.nashira-hm.it\/de\/wp-json\/wp\/v2\/users\/2"}],"replies":[{"embeddable":true,"href":"https:\/\/www.nashira-hm.it\/de\/wp-json\/wp\/v2\/comments?post=10874"}],"version-history":[{"count":3,"href":"https:\/\/www.nashira-hm.it\/de\/wp-json\/wp\/v2\/pages\/10874\/revisions"}],"predecessor-version":[{"id":10877,"href":"https:\/\/www.nashira-hm.it\/de\/wp-json\/wp\/v2\/pages\/10874\/revisions\/10877"}],"wp:attachment":[{"href":"https:\/\/www.nashira-hm.it\/de\/wp-json\/wp\/v2\/media?parent=10874"}],"curies":[{"name":"wp","href":"https:\/\/api.w.org\/{rel}","templated":true}]}}