{"id":10832,"date":"2019-12-18T10:19:24","date_gmt":"2019-12-18T09:19:24","guid":{"rendered":"https:\/\/www.nashira-hm.it\/widia\/"},"modified":"2021-01-29T09:33:13","modified_gmt":"2021-01-29T08:33:13","slug":"widia","status":"publish","type":"page","link":"https:\/\/www.nashira-hm.it\/de\/widia\/","title":{"rendered":"Widia"},"content":{"rendered":"<div class=\"wpb-content-wrapper\"><p>[vc_row][vc_column][vc_column_text]<\/p>\r\n<h1 class=\"wp-block-heading\">Widia: Was ist das?<\/h1>\r\n<p>\u00a0<\/p><figure class=\"wp-block-image size-large\"><img loading=\"lazy\" decoding=\"async\" width=\"1024\" height=\"576\" class=\"wp-image-2668\" src=\"https:\/\/www.nashira-hm.it\/wp-content\/uploads\/2017\/08\/mecc1-1024x576.jpg\" alt=\"widia\" srcset=\"https:\/\/www.nashira-hm.it\/wp-content\/uploads\/2017\/08\/mecc1.jpg 1024w, https:\/\/www.nashira-hm.it\/wp-content\/uploads\/2017\/08\/mecc1-300x169.jpg 300w, https:\/\/www.nashira-hm.it\/wp-content\/uploads\/2017\/08\/mecc1-600x338.jpg 600w, https:\/\/www.nashira-hm.it\/wp-content\/uploads\/2017\/08\/mecc1-768x432.jpg 768w\" sizes=\"(max-width: 1024px) 100vw, 1024px\" \/><\/figure>\r\n<p>\u00a0<strong>Widia<\/strong>\u00a0ist ein Material mit einem\u00a0<strong>sehr hohen H\u00e4rtegrad<\/strong>.<\/p>\r\n<p>Auch bekannt als Sinterkarbid oder\u00a0 <a href=\"https:\/\/www.nashira-hm.it\/cose-il-metallo-duro\/\">Hartmetall<\/a>, wird es haupts\u00e4chlich in der mechanischen Bearbeitung eingesetzt.<\/p>\r\n<p>Der Begriff leitet sich aus dem Deutschen\u00a0 <em>wie Diamant<\/em> \u00a0oder \u201ehart wie Diamant\u201c ab. Tats\u00e4chlich ist es eine sehr harte Legierung, die durch Zugabe von Wolframcarbid zu einem Zementiermetall wie Kobalt gewonnen wird. Die deutsche Firma Krupp meldete den Handelsnamen Widia an und setzte das Material 1927 erstmals als Schneidwerkzeug ein.<\/p>\r\n<p>\u00a0<\/p><div class=\"wp-block-spacer\" style=\"height: 24px;\" aria-hidden=\"true\">\u00a0<\/div>\r\n<p>\u00a0<\/p><h2 class=\"wp-block-heading\">Eigenschaften von Widia<\/h2>\r\n<p>Die Eigenschaften von Widia sind H\u00e4rte und hohe Dichte.<\/p>\r\n<p>Mit anderen Worten ist das Material\u00a0<strong>best\u00e4ndig<\/strong>\u00a0gegen Abrieb, Druck und Verformung. Dar\u00fcber hinaus widersteht es Korrosion, Erosion, Metallfressen und hohen Temperaturen.<\/p>\r\n<p>Kurz gesagt, Komponenten und Werkzeuge aus Widia unterliegen keinem Verschlei\u00df. Sie sind h\u00e4rter als Stahl. Und sie halten den h\u00f6chsten Schnitttemperaturen stand.<\/p>\r\n<p>\u00a0<\/p><div class=\"wp-block-spacer\" style=\"height: 24px;\" aria-hidden=\"true\">\u00a0<\/div>\r\n<p>\u00a0<\/p><h2 class=\"wp-block-heading\">Herstellung<\/h2>\r\n<p>Der Herstellungsprozess von Widia wird als\u00a0<strong>Sintern<\/strong> bezeichnet.<\/p>\r\n<p>Worin besteht es?<\/p>\r\n<p>Zun\u00e4chst werden die Hartmetall-, Wolfram- und Kobaltpulver gemischt. Dann werden sie gepresst und hohen Temperaturen ausgesetzt.<\/p>\r\n<p>Dadurch werden die Wolframkarbidpartikel in eine Kobaltmetallmatrix eingebettet. Bis sie einen einzigen Block bilden.<\/p>\r\n<p>\u00a0<\/p><div class=\"wp-block-spacer\" style=\"height: 24px;\" aria-hidden=\"true\">\u00a0<\/div>\r\n<p>Mit Widia k\u00f6nnen Hersteller von Hartmetallen Folgendes herstellen:<\/p>\r\n<ul>\r\n<li>Exklusive Produkte wie Zahnr\u00e4der, Bearbeitungswerkzeuge oder mechanische Komponenten.<\/li>\r\n<li>Halbzeuge wie Widiast\u00e4be, Zylinder und Rohlinge, die dann zu Hartmetallwerkzeugen und -instrumenten weiterverarbeitet werden.<\/li>\r\n<\/ul>\r\n<p>Durch \u00a0<strong><a href=\"https:\/\/it.wikipedia.org\/wiki\/Rettifica_(lavorazioni_meccaniche)\">Schleifen<\/a><\/strong>\u00a0 mit Diamantscheiben oder Diamantschleifpasten wird das Hartmetall veredelt. So erh\u00e4lt es die gew\u00fcnschte Form, Gr\u00f6\u00dfe und Art der Oberfl\u00e4che.<\/p>\r\n<p>\u00a0<\/p><h2 class=\"wp-block-heading\">Anwendungsbereiche von Widia<\/h2>\r\n<p>Ein Material wie Widia ist widerstandsf\u00e4hig und von betr\u00e4chtlicher H\u00e4rte. Daher erf\u00fcllt es die Anforderungen vieler\u00a0<strong>industrieller Anwendungen<\/strong>.<\/p>\r\n<p>Es wird unter anderem in folgenden Industriebereichen eingesetzt:<\/p>\r\n<ul>\r\n<li>Metallurgie<\/li>\r\n<li>Mechanik<\/li>\r\n<li>Bergbau<\/li>\r\n<li>Luftfahrt<\/li>\r\n<li>Luft- und Raumfahrttechnik<\/li>\r\n<li>Landwirtschaft<\/li>\r\n<li>Lebensmittelindustrie<\/li>\r\n<li>Textilindustrie<\/li>\r\n<\/ul>\r\n<p>\u00a0<\/p><div class=\"wp-block-spacer\" style=\"height: 24px;\" aria-hidden=\"true\">\u00a0<\/div>\r\n<p>Es wird aber auch im Tiefbau eingesetzt. Und auch in verschiedenen anderen Branchen.<\/p>\r\n<p>Widia-Werkzeuge eignen sich aufgrund ihrer Eigenschaften zur Bearbeitung verschiedener Werkstoffe. Dazu geh\u00f6ren:<\/p>\r\n<ul>\r\n<li>Metalle<\/li>\r\n<li>Titan<\/li>\r\n<li>Stein<\/li>\r\n<li>Holz<\/li>\r\n<li>Glas<\/li>\r\n<\/ul>\r\n<p>\u00a0<\/p><div class=\"wp-block-spacer\" style=\"height: 24px;\" aria-hidden=\"true\">\u00a0<\/div>\r\n<p>\u00a0<\/p><h2 class=\"wp-block-heading\">Hersteller: Nashira Hardmetals<\/h2>\r\n<p><em>Hartmetallhersteller<\/em>\u00a0 wie\u00a0 <a href=\"https:\/\/www.nashira-hm.it\/\">Nashira<\/a> stellen Komponenten und Halbzeuge aus Widia und Hartmetallen her.<\/p>\r\n<p>Zweifellos gibt es viele Anwendungen. Diese sind:<\/p>\r\n<ul>\r\n<li>Komponenten f\u00fcr Motoren, Getriebe, Fahrwerke und anderes Fahrzeugzubeh\u00f6r<\/li>\r\n<li>Komponenten f\u00fcr Haushaltsger\u00e4te<\/li>\r\n<li>Tragkonstruktionen von Hubschraubern<\/li>\r\n<li>Komponenten f\u00fcr Benzinpumpen<\/li>\r\n<li>Rotierende Messer<\/li>\r\n<li>Eins\u00e4tze f\u00fcr die Holz-, Metall- und Glasbearbeitung<\/li>\r\n<li>Verschlei\u00dffeste Zahnr\u00e4der und Komponenten<\/li>\r\n<li>Ventile und Komponenten f\u00fcr \u00d6l- und Gasleitungen<\/li>\r\n<li>Werkzeuge zum Bohren von Leiterplatten<\/li>\r\n<li>Utensilien zum Auswellen<\/li>\r\n<li>Ersatzteile f\u00fcr Maschinen<\/li>\r\n<li>Komponenten f\u00fcr technologische Produkte<\/li>\r\n<li>Klingen f\u00fcr Goldschmiede und Uhrmacher<\/li>\r\n<li>Chirurgische Klemmen<\/li>\r\n<li>Kugelschreiberspitzen<\/li>\r\n<li>Spitzen f\u00fcr Gesteinsbohrmaschinen<\/li>\r\n<li>Stangen f\u00fcr die Kupferverarbeitung<\/li>\r\n<li>Dosenpr\u00e4gung<\/li>\r\n<li>Spitzen von Trekkingst\u00f6cken<\/li>\r\n<\/ul>\r\n<p>\u00a0<\/p><div class=\"wp-block-spacer\" style=\"height: 24px;\" aria-hidden=\"true\">\u00a0<\/div>\r\n<p>\u00a0<\/p><p class=\"P68B1DB1-Normale3\" style=\"margin-bottom: 7.5pt; line-height: 21.0pt; background: white;\">Aufgrund seiner H\u00e4rte und Festigkeit eignet sich Widia f\u00fcr unendlich Reihe von Anwendungen. Bei Nashira verf\u00fcgen wir \u00fcber ein internes Verfahren, mit dem komplexe Produkte von h\u00f6chster Qualit\u00e4t hergestellt werden k\u00f6nnen. Und das zu einem sehr g\u00fcnstigen Preis.<\/p>\r\n<p>\u00a0<\/p><div class=\"wp-block-spacer\" style=\"height: 24px;\" aria-hidden=\"true\">\u00a0<\/div>\r\n<p>[vc_btn title=&#8221;Informationen anfordern&#8221; style=&#8221;custom&#8221; custom_background=&#8221;#f7a600&#8243; custom_text=&#8221;#ffffff&#8221; shape=&#8221;square&#8221; css_animation=&#8221;fadeIn&#8221; link=&#8221;url:https%3A%2F%2Fwww.nashira-hm.it%2Fcontatti%2F|||&#8221;]<\/p>\r\n<p>[\/vc_column_text][\/vc_column][\/vc_row]<\/p><\/div>","protected":false},"excerpt":{"rendered":"<p>[vc_row][vc_column][vc_column_text] Widia: Was ist das? \u00a0 \u00a0Widia\u00a0ist ein Material mit einem\u00a0sehr hohen H\u00e4rtegrad. Auch bekannt als Sinterkarbid oder\u00a0 Hartmetall, wird es haupts\u00e4chlich in der mechanischen Bearbeitung eingesetzt. Der Begriff leitet sich aus dem Deutschen\u00a0 wie Diamant \u00a0oder \u201ehart wie Diamant\u201c ab. Tats\u00e4chlich ist es eine sehr harte Legierung, die durch Zugabe von Wolframcarbid zu einem [&hellip;]<\/p>\n","protected":false},"author":2,"featured_media":2668,"parent":0,"menu_order":0,"comment_status":"closed","ping_status":"closed","template":"","meta":{"footnotes":""},"yoast_head":"<!-- This site is optimized with the Yoast SEO Premium plugin v23.8 (Yoast SEO v24.5) - https:\/\/yoast.com\/wordpress\/plugins\/seo\/ -->\n<title>Widia: cos&#039;\u00e8, caratteristiche, produzione | Nashira Hardmetals<\/title>\n<meta name=\"description\" content=\"Widia deriva dal tedesco wie Diamant (duro come il diamante). \u00c8 una lega durissima che risponde alle esigenze di molteplici applicazioni industriali.\" \/>\n<meta name=\"robots\" content=\"index, follow, max-snippet:-1, max-image-preview:large, max-video-preview:-1\" \/>\n<link rel=\"canonical\" href=\"https:\/\/www.nashira-hm.it\/de\/widia\/\" \/>\n<meta property=\"og:locale\" content=\"de_DE\" \/>\n<meta property=\"og:type\" content=\"article\" \/>\n<meta property=\"og:title\" content=\"Widia\" \/>\n<meta property=\"og:description\" content=\"Widia deriva dal tedesco wie Diamant (duro come il diamante). \u00c8 una lega durissima che risponde alle esigenze di molteplici applicazioni industriali.\" \/>\n<meta property=\"og:url\" content=\"https:\/\/www.nashira-hm.it\/de\/widia\/\" \/>\n<meta property=\"og:site_name\" content=\"Nashira Hardmetals srl - Produttore Metallo Duro.\" \/>\n<meta property=\"article:publisher\" content=\"https:\/\/www.facebook.com\/NashiraHardmetals\/\" \/>\n<meta property=\"article:modified_time\" content=\"2021-01-29T08:33:13+00:00\" \/>\n<meta property=\"og:image\" content=\"https:\/\/www.nashira-hm.it\/wp-content\/uploads\/2017\/08\/mecc1.jpg\" \/>\n\t<meta property=\"og:image:width\" content=\"1024\" \/>\n\t<meta property=\"og:image:height\" content=\"576\" \/>\n\t<meta property=\"og:image:type\" content=\"image\/jpeg\" \/>\n<meta name=\"twitter:card\" content=\"summary_large_image\" \/>\n<meta name=\"twitter:label1\" content=\"Gesch\u00e4tzte Lesezeit\" \/>\n\t<meta name=\"twitter:data1\" content=\"3\u00a0Minuten\" \/>\n<script type=\"application\/ld+json\" class=\"yoast-schema-graph\">{\"@context\":\"https:\/\/schema.org\",\"@graph\":[{\"@type\":\"WebPage\",\"@id\":\"https:\/\/www.nashira-hm.it\/de\/widia\/\",\"url\":\"https:\/\/www.nashira-hm.it\/de\/widia\/\",\"name\":\"Widia: cos'\u00e8, caratteristiche, produzione | Nashira Hardmetals\",\"isPartOf\":{\"@id\":\"https:\/\/www.nashira-hm.it\/#website\"},\"primaryImageOfPage\":{\"@id\":\"https:\/\/www.nashira-hm.it\/de\/widia\/#primaryimage\"},\"image\":{\"@id\":\"https:\/\/www.nashira-hm.it\/de\/widia\/#primaryimage\"},\"thumbnailUrl\":\"https:\/\/www.nashira-hm.it\/wp-content\/uploads\/2017\/08\/mecc1.jpg\",\"datePublished\":\"2019-12-18T09:19:24+00:00\",\"dateModified\":\"2021-01-29T08:33:13+00:00\",\"description\":\"Widia deriva dal tedesco wie Diamant (duro come il diamante). \u00c8 una lega durissima che risponde alle esigenze di molteplici applicazioni industriali.\",\"breadcrumb\":{\"@id\":\"https:\/\/www.nashira-hm.it\/de\/widia\/#breadcrumb\"},\"inLanguage\":\"de\",\"potentialAction\":[{\"@type\":\"ReadAction\",\"target\":[\"https:\/\/www.nashira-hm.it\/de\/widia\/\"]}]},{\"@type\":\"ImageObject\",\"inLanguage\":\"de\",\"@id\":\"https:\/\/www.nashira-hm.it\/de\/widia\/#primaryimage\",\"url\":\"https:\/\/www.nashira-hm.it\/wp-content\/uploads\/2017\/08\/mecc1.jpg\",\"contentUrl\":\"https:\/\/www.nashira-hm.it\/wp-content\/uploads\/2017\/08\/mecc1.jpg\",\"width\":1024,\"height\":576,\"caption\":\"\u00dcbersicht der Rohsinter-T-Fr\u00e4ser\"},{\"@type\":\"BreadcrumbList\",\"@id\":\"https:\/\/www.nashira-hm.it\/de\/widia\/#breadcrumb\",\"itemListElement\":[{\"@type\":\"ListItem\",\"position\":1,\"name\":\"Home\",\"item\":\"https:\/\/www.nashira-hm.it\/de\/\"},{\"@type\":\"ListItem\",\"position\":2,\"name\":\"Widia\"}]},{\"@type\":\"WebSite\",\"@id\":\"https:\/\/www.nashira-hm.it\/#website\",\"url\":\"https:\/\/www.nashira-hm.it\/\",\"name\":\"Nashira Hardmetals srl - Produttore Metallo Duro\",\"description\":\"L&#039;arte del metallo duro\",\"publisher\":{\"@id\":\"https:\/\/www.nashira-hm.it\/#organization\"},\"potentialAction\":[{\"@type\":\"SearchAction\",\"target\":{\"@type\":\"EntryPoint\",\"urlTemplate\":\"https:\/\/www.nashira-hm.it\/?s={search_term_string}\"},\"query-input\":{\"@type\":\"PropertyValueSpecification\",\"valueRequired\":true,\"valueName\":\"search_term_string\"}}],\"inLanguage\":\"de\"},{\"@type\":\"Organization\",\"@id\":\"https:\/\/www.nashira-hm.it\/#organization\",\"name\":\"Nashira Hardmetals\",\"url\":\"https:\/\/www.nashira-hm.it\/\",\"logo\":{\"@type\":\"ImageObject\",\"inLanguage\":\"de\",\"@id\":\"https:\/\/www.nashira-hm.it\/#\/schema\/logo\/image\/\",\"url\":\"https:\/\/www.nashira-hm.it\/wp-content\/uploads\/2018\/01\/logo-nashira-positivo.png\",\"contentUrl\":\"https:\/\/www.nashira-hm.it\/wp-content\/uploads\/2018\/01\/logo-nashira-positivo.png\",\"width\":204,\"height\":70,\"caption\":\"Nashira Hardmetals\"},\"image\":{\"@id\":\"https:\/\/www.nashira-hm.it\/#\/schema\/logo\/image\/\"},\"sameAs\":[\"https:\/\/www.facebook.com\/NashiraHardmetals\/\",\"https:\/\/www.linkedin.com\/company\/nashira-hardmetals\/\"]}]}<\/script>\n<!-- \/ Yoast SEO Premium plugin. -->","yoast_head_json":{"title":"Widia: cos'\u00e8, caratteristiche, produzione | Nashira Hardmetals","description":"Widia deriva dal tedesco wie Diamant (duro come il diamante). \u00c8 una lega durissima che risponde alle esigenze di molteplici applicazioni industriali.","robots":{"index":"index","follow":"follow","max-snippet":"max-snippet:-1","max-image-preview":"max-image-preview:large","max-video-preview":"max-video-preview:-1"},"canonical":"https:\/\/www.nashira-hm.it\/de\/widia\/","og_locale":"de_DE","og_type":"article","og_title":"Widia","og_description":"Widia deriva dal tedesco wie Diamant (duro come il diamante). \u00c8 una lega durissima che risponde alle esigenze di molteplici applicazioni industriali.","og_url":"https:\/\/www.nashira-hm.it\/de\/widia\/","og_site_name":"Nashira Hardmetals srl - Produttore Metallo Duro.","article_publisher":"https:\/\/www.facebook.com\/NashiraHardmetals\/","article_modified_time":"2021-01-29T08:33:13+00:00","og_image":[{"width":1024,"height":576,"url":"https:\/\/www.nashira-hm.it\/wp-content\/uploads\/2017\/08\/mecc1.jpg","type":"image\/jpeg"}],"twitter_card":"summary_large_image","twitter_misc":{"Gesch\u00e4tzte Lesezeit":"3\u00a0Minuten"},"schema":{"@context":"https:\/\/schema.org","@graph":[{"@type":"WebPage","@id":"https:\/\/www.nashira-hm.it\/de\/widia\/","url":"https:\/\/www.nashira-hm.it\/de\/widia\/","name":"Widia: cos'\u00e8, caratteristiche, produzione | Nashira Hardmetals","isPartOf":{"@id":"https:\/\/www.nashira-hm.it\/#website"},"primaryImageOfPage":{"@id":"https:\/\/www.nashira-hm.it\/de\/widia\/#primaryimage"},"image":{"@id":"https:\/\/www.nashira-hm.it\/de\/widia\/#primaryimage"},"thumbnailUrl":"https:\/\/www.nashira-hm.it\/wp-content\/uploads\/2017\/08\/mecc1.jpg","datePublished":"2019-12-18T09:19:24+00:00","dateModified":"2021-01-29T08:33:13+00:00","description":"Widia deriva dal tedesco wie Diamant (duro come il diamante). \u00c8 una lega durissima che risponde alle esigenze di molteplici applicazioni industriali.","breadcrumb":{"@id":"https:\/\/www.nashira-hm.it\/de\/widia\/#breadcrumb"},"inLanguage":"de","potentialAction":[{"@type":"ReadAction","target":["https:\/\/www.nashira-hm.it\/de\/widia\/"]}]},{"@type":"ImageObject","inLanguage":"de","@id":"https:\/\/www.nashira-hm.it\/de\/widia\/#primaryimage","url":"https:\/\/www.nashira-hm.it\/wp-content\/uploads\/2017\/08\/mecc1.jpg","contentUrl":"https:\/\/www.nashira-hm.it\/wp-content\/uploads\/2017\/08\/mecc1.jpg","width":1024,"height":576,"caption":"\u00dcbersicht der Rohsinter-T-Fr\u00e4ser"},{"@type":"BreadcrumbList","@id":"https:\/\/www.nashira-hm.it\/de\/widia\/#breadcrumb","itemListElement":[{"@type":"ListItem","position":1,"name":"Home","item":"https:\/\/www.nashira-hm.it\/de\/"},{"@type":"ListItem","position":2,"name":"Widia"}]},{"@type":"WebSite","@id":"https:\/\/www.nashira-hm.it\/#website","url":"https:\/\/www.nashira-hm.it\/","name":"Nashira Hardmetals srl - Produttore Metallo Duro","description":"L&#039;arte del metallo duro","publisher":{"@id":"https:\/\/www.nashira-hm.it\/#organization"},"potentialAction":[{"@type":"SearchAction","target":{"@type":"EntryPoint","urlTemplate":"https:\/\/www.nashira-hm.it\/?s={search_term_string}"},"query-input":{"@type":"PropertyValueSpecification","valueRequired":true,"valueName":"search_term_string"}}],"inLanguage":"de"},{"@type":"Organization","@id":"https:\/\/www.nashira-hm.it\/#organization","name":"Nashira Hardmetals","url":"https:\/\/www.nashira-hm.it\/","logo":{"@type":"ImageObject","inLanguage":"de","@id":"https:\/\/www.nashira-hm.it\/#\/schema\/logo\/image\/","url":"https:\/\/www.nashira-hm.it\/wp-content\/uploads\/2018\/01\/logo-nashira-positivo.png","contentUrl":"https:\/\/www.nashira-hm.it\/wp-content\/uploads\/2018\/01\/logo-nashira-positivo.png","width":204,"height":70,"caption":"Nashira Hardmetals"},"image":{"@id":"https:\/\/www.nashira-hm.it\/#\/schema\/logo\/image\/"},"sameAs":["https:\/\/www.facebook.com\/NashiraHardmetals\/","https:\/\/www.linkedin.com\/company\/nashira-hardmetals\/"]}]}},"_links":{"self":[{"href":"https:\/\/www.nashira-hm.it\/de\/wp-json\/wp\/v2\/pages\/10832"}],"collection":[{"href":"https:\/\/www.nashira-hm.it\/de\/wp-json\/wp\/v2\/pages"}],"about":[{"href":"https:\/\/www.nashira-hm.it\/de\/wp-json\/wp\/v2\/types\/page"}],"author":[{"embeddable":true,"href":"https:\/\/www.nashira-hm.it\/de\/wp-json\/wp\/v2\/users\/2"}],"replies":[{"embeddable":true,"href":"https:\/\/www.nashira-hm.it\/de\/wp-json\/wp\/v2\/comments?post=10832"}],"version-history":[{"count":5,"href":"https:\/\/www.nashira-hm.it\/de\/wp-json\/wp\/v2\/pages\/10832\/revisions"}],"predecessor-version":[{"id":10837,"href":"https:\/\/www.nashira-hm.it\/de\/wp-json\/wp\/v2\/pages\/10832\/revisions\/10837"}],"wp:featuredmedia":[{"embeddable":true,"href":"https:\/\/www.nashira-hm.it\/de\/wp-json\/wp\/v2\/media\/2668"}],"wp:attachment":[{"href":"https:\/\/www.nashira-hm.it\/de\/wp-json\/wp\/v2\/media?parent=10832"}],"curies":[{"name":"wp","href":"https:\/\/api.w.org\/{rel}","templated":true}]}}