{"id":10811,"date":"2019-01-14T11:31:07","date_gmt":"2019-01-14T10:31:07","guid":{"rendered":"https:\/\/www.nashira-hm.it\/barrette-elicoidali\/"},"modified":"2021-01-28T18:27:14","modified_gmt":"2021-01-28T17:27:14","slug":"wendelstangen","status":"publish","type":"page","link":"https:\/\/www.nashira-hm.it\/de\/wendelstangen\/","title":{"rendered":"Wendelstangen"},"content":{"rendered":"<div class=\"wpb-content-wrapper\"><p>[vc_row][vc_column][vc_column_text]<\/p>\n<h1>[\/vc_column_text][\/vc_column][\/vc_row][vc_row][vc_column][vc_empty_space height=&#8221;60px&#8221;]            <div class=\"skill-text\">\n                <h2>Wendelstangen<\/h2>\n                <p><\/p>\n            <\/div>\n    [vc_column_text]<\/h1>\n<h2>Widia f\u00fcr hartgel\u00f6tete Messer<\/h2>\n<p>Hierbei handelt es sich um einen bestimmten Werkzeugtyp mit einer <strong>typischen 25<\/strong> \u00b0 -Spirale , der f\u00fcr die Konstruktion von Spiralfr\u00e4sern ausgehend von Spiralstangen verwendet wird.<\/p>\n<p>Die <strong>Widia-Spiralplatten<\/strong> liefern viel bessere Ergebnisse als die Endbearbeitungsschneider aus anderen Materialien. Mit spezifischen Tests \u00fcberpr\u00fcfen wir jedes einzelne St\u00fcck. Daher k\u00f6nnen wir eine hervorragende Kopplung mit dem Messerk\u00f6rper garantieren. Um das L\u00f6ten und die anschlie\u00dfenden Sch\u00e4rfzeiten zu reduzieren[\/vc_column_text][vc_empty_space][\/vc_column][\/vc_row][vc_row][vc_column][vc_empty_space][vc_column_text css_animation=&#8221;fadeIn&#8221;]<strong>Nashira Hardmetals<\/strong> produziert sie in hochwertigen Widia .<\/p>\n<p>Dank der Erfahrung, die Nashita Hardmetals in 20 Jahren T\u00e4tigkeit gesammelt hat, k\u00f6nnen wir den Kunden bei der Auswahl des Designs und der Auswahl der am besten geeigneten Hartmetallsorte unterst\u00fctzen.<\/p>\n<p>Wir sind in der Lage, jede erforderliche Gr\u00f6\u00dfe zu produzieren , von den am h\u00e4ufigsten verwendeten bis hin zu den von Kunden gew\u00fcnschten schlechten Spezifikationen und speziellen Formen.[\/vc_column_text][vc_btn title=&#8221;Anfrage Informationen&#8221; style=&#8221;custom&#8221; custom_background=&#8221;#f7a600&#8243; custom_text=&#8221;#ffffff&#8221; shape=&#8221;square&#8221; css_animation=&#8221;fadeIn&#8221; link=&#8221;url:https%3A%2F%2Fwww.nashira-hm.it%2Fde%2Fkontakt%2F|title:Kontakt&#8221;][\/vc_column][\/vc_row]<\/p>\n<\/div>","protected":false},"excerpt":{"rendered":"<p>[vc_row][vc_column][vc_column_text] [\/vc_column_text][\/vc_column][\/vc_row][vc_row][vc_column][vc_empty_space height=&#8221;60px&#8221;][vc_column_text] Widia f\u00fcr hartgel\u00f6tete Messer Hierbei handelt es sich um einen bestimmten Werkzeugtyp mit einer typischen 25 \u00b0 -Spirale , der f\u00fcr die Konstruktion von Spiralfr\u00e4sern ausgehend von Spiralstangen verwendet wird. Die Widia-Spiralplatten liefern viel bessere Ergebnisse als die Endbearbeitungsschneider aus anderen Materialien. Mit spezifischen Tests \u00fcberpr\u00fcfen wir jedes einzelne St\u00fcck. Daher k\u00f6nnen [&hellip;]<\/p>\n","protected":false},"author":2,"featured_media":3517,"parent":0,"menu_order":0,"comment_status":"closed","ping_status":"closed","template":"","meta":{"footnotes":""},"yoast_head":"<!-- This site is optimized with the Yoast SEO Premium plugin v23.8 (Yoast SEO v24.5) - https:\/\/yoast.com\/wordpress\/plugins\/seo\/ -->\n<title>Barrette elicoidali - Nashira Hardmetals - Produttore di metallo duro<\/title>\n<meta name=\"description\" content=\"Barrette elicoidali per la costruzione delle frese per finitura. In Nashira Hardmetals possiamo produrle in metallo duro di alta qualit\u00e0.\" \/>\n<meta name=\"robots\" content=\"index, follow, max-snippet:-1, max-image-preview:large, max-video-preview:-1\" \/>\n<link rel=\"canonical\" href=\"https:\/\/www.nashira-hm.it\/de\/wendelstangen\/\" \/>\n<meta property=\"og:locale\" content=\"de_DE\" \/>\n<meta property=\"og:type\" content=\"article\" \/>\n<meta property=\"og:title\" content=\"Wendelstangen\" \/>\n<meta property=\"og:description\" content=\"Barrette elicoidali per la costruzione delle frese per finitura. In Nashira Hardmetals possiamo produrle in metallo duro di alta qualit\u00e0.\" \/>\n<meta property=\"og:url\" content=\"https:\/\/www.nashira-hm.it\/de\/wendelstangen\/\" \/>\n<meta property=\"og:site_name\" content=\"Nashira Hardmetals srl - Produttore Metallo Duro.\" \/>\n<meta property=\"article:publisher\" content=\"https:\/\/www.facebook.com\/NashiraHardmetals\/\" \/>\n<meta property=\"article:modified_time\" content=\"2021-01-28T17:27:14+00:00\" \/>\n<meta property=\"og:image\" content=\"https:\/\/www.nashira-hm.it\/wp-content\/uploads\/2017\/08\/IGP9638.jpg\" \/>\n\t<meta property=\"og:image:width\" content=\"3872\" \/>\n\t<meta property=\"og:image:height\" content=\"2592\" \/>\n\t<meta property=\"og:image:type\" content=\"image\/jpeg\" \/>\n<meta name=\"twitter:card\" content=\"summary_large_image\" \/>\n<meta name=\"twitter:label1\" content=\"Gesch\u00e4tzte Lesezeit\" \/>\n\t<meta name=\"twitter:data1\" content=\"1\u00a0Minute\" \/>\n<script type=\"application\/ld+json\" class=\"yoast-schema-graph\">{\"@context\":\"https:\/\/schema.org\",\"@graph\":[{\"@type\":\"WebPage\",\"@id\":\"https:\/\/www.nashira-hm.it\/de\/wendelstangen\/\",\"url\":\"https:\/\/www.nashira-hm.it\/de\/wendelstangen\/\",\"name\":\"Barrette elicoidali - Nashira Hardmetals - Produttore di metallo duro\",\"isPartOf\":{\"@id\":\"https:\/\/www.nashira-hm.it\/#website\"},\"primaryImageOfPage\":{\"@id\":\"https:\/\/www.nashira-hm.it\/de\/wendelstangen\/#primaryimage\"},\"image\":{\"@id\":\"https:\/\/www.nashira-hm.it\/de\/wendelstangen\/#primaryimage\"},\"thumbnailUrl\":\"https:\/\/www.nashira-hm.it\/wp-content\/uploads\/2017\/08\/IGP9638-scaled.jpg\",\"datePublished\":\"2019-01-14T10:31:07+00:00\",\"dateModified\":\"2021-01-28T17:27:14+00:00\",\"description\":\"Barrette elicoidali per la costruzione delle frese per finitura. In Nashira Hardmetals possiamo produrle in metallo duro di alta qualit\u00e0.\",\"breadcrumb\":{\"@id\":\"https:\/\/www.nashira-hm.it\/de\/wendelstangen\/#breadcrumb\"},\"inLanguage\":\"de\",\"potentialAction\":[{\"@type\":\"ReadAction\",\"target\":[\"https:\/\/www.nashira-hm.it\/de\/wendelstangen\/\"]}]},{\"@type\":\"ImageObject\",\"inLanguage\":\"de\",\"@id\":\"https:\/\/www.nashira-hm.it\/de\/wendelstangen\/#primaryimage\",\"url\":\"https:\/\/www.nashira-hm.it\/wp-content\/uploads\/2017\/08\/IGP9638-scaled.jpg\",\"contentUrl\":\"https:\/\/www.nashira-hm.it\/wp-content\/uploads\/2017\/08\/IGP9638-scaled.jpg\",\"width\":2560,\"height\":1714,\"caption\":\"Barrette di forma elicoidale in metallo duro per frese di finitura\"},{\"@type\":\"BreadcrumbList\",\"@id\":\"https:\/\/www.nashira-hm.it\/de\/wendelstangen\/#breadcrumb\",\"itemListElement\":[{\"@type\":\"ListItem\",\"position\":1,\"name\":\"Home\",\"item\":\"https:\/\/www.nashira-hm.it\/de\/\"},{\"@type\":\"ListItem\",\"position\":2,\"name\":\"Wendelstangen\"}]},{\"@type\":\"WebSite\",\"@id\":\"https:\/\/www.nashira-hm.it\/#website\",\"url\":\"https:\/\/www.nashira-hm.it\/\",\"name\":\"Nashira Hardmetals srl - Produttore Metallo Duro\",\"description\":\"L&#039;arte del metallo duro\",\"publisher\":{\"@id\":\"https:\/\/www.nashira-hm.it\/#organization\"},\"potentialAction\":[{\"@type\":\"SearchAction\",\"target\":{\"@type\":\"EntryPoint\",\"urlTemplate\":\"https:\/\/www.nashira-hm.it\/?s={search_term_string}\"},\"query-input\":{\"@type\":\"PropertyValueSpecification\",\"valueRequired\":true,\"valueName\":\"search_term_string\"}}],\"inLanguage\":\"de\"},{\"@type\":\"Organization\",\"@id\":\"https:\/\/www.nashira-hm.it\/#organization\",\"name\":\"Nashira Hardmetals\",\"url\":\"https:\/\/www.nashira-hm.it\/\",\"logo\":{\"@type\":\"ImageObject\",\"inLanguage\":\"de\",\"@id\":\"https:\/\/www.nashira-hm.it\/#\/schema\/logo\/image\/\",\"url\":\"https:\/\/www.nashira-hm.it\/wp-content\/uploads\/2018\/01\/logo-nashira-positivo.png\",\"contentUrl\":\"https:\/\/www.nashira-hm.it\/wp-content\/uploads\/2018\/01\/logo-nashira-positivo.png\",\"width\":204,\"height\":70,\"caption\":\"Nashira Hardmetals\"},\"image\":{\"@id\":\"https:\/\/www.nashira-hm.it\/#\/schema\/logo\/image\/\"},\"sameAs\":[\"https:\/\/www.facebook.com\/NashiraHardmetals\/\",\"https:\/\/www.linkedin.com\/company\/nashira-hardmetals\/\"]}]}<\/script>\n<!-- \/ Yoast SEO Premium plugin. -->","yoast_head_json":{"title":"Barrette elicoidali - Nashira Hardmetals - Produttore di metallo duro","description":"Barrette elicoidali per la costruzione delle frese per finitura. In Nashira Hardmetals possiamo produrle in metallo duro di alta qualit\u00e0.","robots":{"index":"index","follow":"follow","max-snippet":"max-snippet:-1","max-image-preview":"max-image-preview:large","max-video-preview":"max-video-preview:-1"},"canonical":"https:\/\/www.nashira-hm.it\/de\/wendelstangen\/","og_locale":"de_DE","og_type":"article","og_title":"Wendelstangen","og_description":"Barrette elicoidali per la costruzione delle frese per finitura. In Nashira Hardmetals possiamo produrle in metallo duro di alta qualit\u00e0.","og_url":"https:\/\/www.nashira-hm.it\/de\/wendelstangen\/","og_site_name":"Nashira Hardmetals srl - Produttore Metallo Duro.","article_publisher":"https:\/\/www.facebook.com\/NashiraHardmetals\/","article_modified_time":"2021-01-28T17:27:14+00:00","og_image":[{"width":3872,"height":2592,"url":"https:\/\/www.nashira-hm.it\/wp-content\/uploads\/2017\/08\/IGP9638.jpg","type":"image\/jpeg"}],"twitter_card":"summary_large_image","twitter_misc":{"Gesch\u00e4tzte Lesezeit":"1\u00a0Minute"},"schema":{"@context":"https:\/\/schema.org","@graph":[{"@type":"WebPage","@id":"https:\/\/www.nashira-hm.it\/de\/wendelstangen\/","url":"https:\/\/www.nashira-hm.it\/de\/wendelstangen\/","name":"Barrette elicoidali - Nashira Hardmetals - Produttore di metallo duro","isPartOf":{"@id":"https:\/\/www.nashira-hm.it\/#website"},"primaryImageOfPage":{"@id":"https:\/\/www.nashira-hm.it\/de\/wendelstangen\/#primaryimage"},"image":{"@id":"https:\/\/www.nashira-hm.it\/de\/wendelstangen\/#primaryimage"},"thumbnailUrl":"https:\/\/www.nashira-hm.it\/wp-content\/uploads\/2017\/08\/IGP9638-scaled.jpg","datePublished":"2019-01-14T10:31:07+00:00","dateModified":"2021-01-28T17:27:14+00:00","description":"Barrette elicoidali per la costruzione delle frese per finitura. In Nashira Hardmetals possiamo produrle in metallo duro di alta qualit\u00e0.","breadcrumb":{"@id":"https:\/\/www.nashira-hm.it\/de\/wendelstangen\/#breadcrumb"},"inLanguage":"de","potentialAction":[{"@type":"ReadAction","target":["https:\/\/www.nashira-hm.it\/de\/wendelstangen\/"]}]},{"@type":"ImageObject","inLanguage":"de","@id":"https:\/\/www.nashira-hm.it\/de\/wendelstangen\/#primaryimage","url":"https:\/\/www.nashira-hm.it\/wp-content\/uploads\/2017\/08\/IGP9638-scaled.jpg","contentUrl":"https:\/\/www.nashira-hm.it\/wp-content\/uploads\/2017\/08\/IGP9638-scaled.jpg","width":2560,"height":1714,"caption":"Barrette di forma elicoidale in metallo duro per frese di finitura"},{"@type":"BreadcrumbList","@id":"https:\/\/www.nashira-hm.it\/de\/wendelstangen\/#breadcrumb","itemListElement":[{"@type":"ListItem","position":1,"name":"Home","item":"https:\/\/www.nashira-hm.it\/de\/"},{"@type":"ListItem","position":2,"name":"Wendelstangen"}]},{"@type":"WebSite","@id":"https:\/\/www.nashira-hm.it\/#website","url":"https:\/\/www.nashira-hm.it\/","name":"Nashira Hardmetals srl - Produttore Metallo Duro","description":"L&#039;arte del metallo duro","publisher":{"@id":"https:\/\/www.nashira-hm.it\/#organization"},"potentialAction":[{"@type":"SearchAction","target":{"@type":"EntryPoint","urlTemplate":"https:\/\/www.nashira-hm.it\/?s={search_term_string}"},"query-input":{"@type":"PropertyValueSpecification","valueRequired":true,"valueName":"search_term_string"}}],"inLanguage":"de"},{"@type":"Organization","@id":"https:\/\/www.nashira-hm.it\/#organization","name":"Nashira Hardmetals","url":"https:\/\/www.nashira-hm.it\/","logo":{"@type":"ImageObject","inLanguage":"de","@id":"https:\/\/www.nashira-hm.it\/#\/schema\/logo\/image\/","url":"https:\/\/www.nashira-hm.it\/wp-content\/uploads\/2018\/01\/logo-nashira-positivo.png","contentUrl":"https:\/\/www.nashira-hm.it\/wp-content\/uploads\/2018\/01\/logo-nashira-positivo.png","width":204,"height":70,"caption":"Nashira Hardmetals"},"image":{"@id":"https:\/\/www.nashira-hm.it\/#\/schema\/logo\/image\/"},"sameAs":["https:\/\/www.facebook.com\/NashiraHardmetals\/","https:\/\/www.linkedin.com\/company\/nashira-hardmetals\/"]}]}},"_links":{"self":[{"href":"https:\/\/www.nashira-hm.it\/de\/wp-json\/wp\/v2\/pages\/10811"}],"collection":[{"href":"https:\/\/www.nashira-hm.it\/de\/wp-json\/wp\/v2\/pages"}],"about":[{"href":"https:\/\/www.nashira-hm.it\/de\/wp-json\/wp\/v2\/types\/page"}],"author":[{"embeddable":true,"href":"https:\/\/www.nashira-hm.it\/de\/wp-json\/wp\/v2\/users\/2"}],"replies":[{"embeddable":true,"href":"https:\/\/www.nashira-hm.it\/de\/wp-json\/wp\/v2\/comments?post=10811"}],"version-history":[{"count":3,"href":"https:\/\/www.nashira-hm.it\/de\/wp-json\/wp\/v2\/pages\/10811\/revisions"}],"predecessor-version":[{"id":10815,"href":"https:\/\/www.nashira-hm.it\/de\/wp-json\/wp\/v2\/pages\/10811\/revisions\/10815"}],"wp:featuredmedia":[{"embeddable":true,"href":"https:\/\/www.nashira-hm.it\/de\/wp-json\/wp\/v2\/media\/3517"}],"wp:attachment":[{"href":"https:\/\/www.nashira-hm.it\/de\/wp-json\/wp\/v2\/media?parent=10811"}],"curies":[{"name":"wp","href":"https:\/\/api.w.org\/{rel}","templated":true}]}}